{"id":2766,"date":"2021-09-10T08:33:17","date_gmt":"2021-09-10T08:33:17","guid":{"rendered":"https:\/\/www.rmpercomunicare.it\/costruzione_siti\/arcobaleno\/trattamento-superficiale-metallo\/"},"modified":"2021-12-14T21:22:31","modified_gmt":"2021-12-14T21:22:31","slug":"oberflaechenbehandlung-von-metallen","status":"publish","type":"page","link":"https:\/\/www.arcobalenolamiere.com\/de\/oberflaechenbehandlung-von-metallen\/","title":{"rendered":"Veredelungen"},"content":{"rendered":"<h1><span class=\"uk-font-primary uk-heading-large\" style=\"color: #fff; text-align: center;\">Finish <br \/><\/span>Einzelanbieter f\u00fcr jede Oberfl\u00e4che<\/h1>\n<div>\n<p>Arcobaleno liefert das Blechteil fertig f\u00fcr Ihre Montage. Das bedeutet auch, sich um das Finish zu k\u00fcmmern, was viele Arten von Behandlungen umfasst. Um m\u00f6glichst umfassend auf die vielf\u00e4ltigen Bed\u00fcrfnisse der Industrie eingehen zu k\u00f6nnen, hat Arcobaleno starke Partnerschaften mit f\u00fchrenden Unternehmen aufgebaut, die sich auf die Oberfl\u00e4chenbehandlung von Metallen spezialisiert haben.<\/p>\n<p>Die Vorteile f\u00fcr unsere Kunden:<\/p>\n<ol>\n<li>Fertiges und komplettes Teil, bereit f\u00fcr Ihre Montage<\/li>\n<li>Verf\u00fcgbarkeit einer breiten Palette von Behandlungen<\/li>\n<li>Spezialisierung der Partner zur Gew\u00e4hrleistung eines Qualit\u00e4tsergebnisses<\/li>\n<li>Bequemlichkeit und Zeitersparnis, da nicht mehrere Lieferanten verwaltet und koordiniert werden m\u00fcssen<\/li>\n<li>Die Flexibilit\u00e4t in der Reaktion auf Ihre Anforderungen<\/li>\n<li>P\u00fcnktliche Lieferungen gem\u00e4\u00df Ihrem Arbeitsplan<\/li>\n<li>Optimierung Ihrer Produktionskosten<\/li>\n<\/ol>\n<\/div>\n<div>Oberfl\u00e4chen-Finish von Blechen auch mit Lieferanten auf Anfrage<\/div>\n<div>\n<p>Arcobaleno ist in der Lage, als Hauptauftragsnehmer auch f\u00fcr vom Kunden ausgew\u00e4hlte Lieferanten zu agieren.<\/p>\n<\/div>\n<p><img decoding=\"async\" src=\"\/wp-content\/uploads\/2021\/09\/trattamento-superficiale-metallo-finitura.jpg\" alt=\"Arcobaleno - trattamento superficiale metallo\"><\/p>\n<h2>Spezial-Finish der Metalle: kundenspezifisch und f\u00fcr alle Arten von Werkstoffen<\/h2>\n<hr>\n<div>Das Finish ist einer der letzten Schritte im Produktionsprozess, bevor das Endprodukt auf den Markt kommt, und erfordert daher gro\u00dfe Sorgfalt. Arcobaleno hat sich zum Ziel gesetzt, alle spezifischen Bed\u00fcrfnisse seiner Kunden zu befriedigen, um das Metall vor nat\u00fcrlichen Ph\u00e4nomenen wie der Oxidation zu sch\u00fctzen, es f\u00fcr die weitere Verarbeitung vorzubereiten oder ihm den gew\u00fcnschten Farbeffekt zu verleihen, und bietet daher eine breite Palette von Behandlungen an.<\/div>\n<h3>Die Lackierung ist eine grundlegende Bearbeitung von Blechen, da sie mehrere Funktionen erf\u00fcllt:<\/h3>\n<div>\n<ul>\n<li>\u00c4sthetische Aspekte(individuelle Farben und Effekte), besonders wichtig bei Einrichtungsgegenst\u00e4nden wie Klimaanlagen, Heizkesseln, Konvektoren usw.<\/li>\n<li>Schutzwirkung gegen nat\u00fcrliche Oxidation und Verformung von Materialien. \u00a0<\/li>\n<li>H\u00f6here Leistungsf\u00e4higkeit der Metalle, die gegen Witterungseinfl\u00fcsse und aggressive Stoffe best\u00e4ndig sind und daher l\u00e4nger halten.<\/li>\n<\/ul>\n<\/div>\n<div>\n<h4><span>Unter den angebotenen Arten der Blechlackierung<\/p>\n<p><\/span><\/h4>\n<p><strong>Pulverlackierung<\/strong><br \/>Beschichtung mit einem organischen Film, der eine ausgezeichnete mechanische Festigkeit gew\u00e4hrleistet.<br \/><strong>Fl\u00fcssiglack<\/strong><br \/>Glanz und die M\u00f6glichkeit, jede Art von Farbe und Textur auf dem Blech zu erhalten.<br \/><strong>Lackierung auf verzinktem Blech<\/strong><br \/>Vorgang, der technische F\u00e4higkeiten erfordert, um z.B. auf Stahl das Abl\u00f6sen des sp\u00e4ter aufgetragenen Lacks zu vermeiden. <br \/><strong>Antibakterielle Lackierung:<\/strong> <br \/>Speziell f\u00fcr bestimmte Bereiche wie die Biomedizin, da sie die Kontamination durch Mikroorganismen verhindert.<\/p>\n<\/div>\n<div>\n<h3>Verzinkung von Blechen<\/h3>\n<div>\n<p>Beim Verzinken von Blechen wird eine Zinkschicht auf das Metall aufgetragen, um es vor galvanischer Oxidation zu sch\u00fctzen.<\/p>\n<\/p>\n<p>Einige der vorgesehenen Verzinkungsarten<\/p>\n<p><strong>Hei\u00dfverzinkung:<\/strong> Baden des Stahls in geschmolzenem Zink bei einer Temperatur von etwa 450\u00b0.<\/p>\n<p><strong>Elektrolytische Verzinkung:<\/strong> Bad in einer elektrolytischen L\u00f6sung mit Zinksalzen, die zu einer d\u00fcnneren Schicht f\u00fchren als die Hei\u00dfverzinkung.<\/p>\n<p><strong>Kaltverzinkung:<\/strong> \u00c4hnlich wie die Lackierung in der Anwendung.<\/p>\n<\/div>\n<\/div>\n<div>\n<h3>Vernickelung<\/h3>\n<div>\n<p>Nickelbad, um die Best\u00e4ndigkeit des Metalls im Laufe der Zeit zu erh\u00f6hen und Korrosion zu verhindern.<\/p>\n<\/div>\n<\/div>\n<hr>\n<div>\n<h3>Verchromung<\/h3>\n<div>\n<p>Chrombad, um die Oberfl\u00e4chen mit einem Schutzfilm gegen nat\u00fcrliche Oxidation zu \u00fcberziehen und das Teil \u00e4sthetisch perfekt und gl\u00e4nzend zu machen.<\/p>\n<\/div>\n<\/div>\n<hr>\n<div>\n<h3>Siebdruck<\/h3>\n<div>\n<p>Mit Spezialfarben auf Metall gedruckt, dauerhaft.<\/p>\n<\/div>\n<\/div>\n<div>\n<h3>Kataphorese<\/h3>\n<div>\n<p>Ein Lackierverfahren unter Ausnutzung des elektrolytischen Prinzips, um den Korrosionsschutz erheblich zu verbessern. Auch Kataphorese auf verzinkten Blechen.<\/p>\n<\/div>\n<\/div>\n<hr>\n<div>\n<h3>Polieren<\/h3>\n<div>\n<p>Beseitigung von Spuren, die durch die vorherige Bearbeitung entstanden sind. Die Oberfl\u00e4che ist auf Hochglanz poliert.<\/p>\n<\/p>\n<\/div>\n<\/div>\n<div>W\u00fcnschen Sie weitere Informationen?<\/div>\n<p>\n    <a href=\"\/de\/kontakte\/\">Kontaktieren <br \/>Sie uns jetzt!<\/a>\n<\/p>\n<p><!--more--><br \/>\n<!-- {\"name\":\"lavorazione\",\"type\":\"layout\",\"children\":[{\"type\":\"section\",\"props\":{\"style\":\"default\",\"width\":\"\",\"vertical_align\":\"middle\",\"title_position\":\"top-left\",\"title_rotation\":\"left\",\"title_breakpoint\":\"xl\",\"image_position\":\"center-center\",\"image\":\"wp-content\\\/uploads\\\/2021\\\/10\\\/Trattamento-superficiale-metallo-testata.jpg\",\"padding\":\"large\",\"height\":\"percent\",\"text_color\":\"light\",\"attributes\":\"Alt='Trattamento superficiale del metallo'\"},\"children\":[{\"type\":\"row\",\"props\":{\"width\":\"default\"},\"children\":[{\"type\":\"column\",\"props\":{\"image_position\":\"center-center\",\"media_overlay_gradient\":\"\",\"width_medium\":\"\"},\"children\":[{\"type\":\"headline\",\"props\":{\"title_element\":\"h1\",\"content\":\"<span class=\\\"uk-font-primary uk-heading-large\\\" style=\\\"color: #fff; text-align: center;\\\">Finish <br \\\/><\\\/span>Einzelanbieter f\\u00fcr jede Oberfl\\u00e4che\",\"text_align\":\"center\",\"position_right\":\"-40\",\"class\":\"\",\"title_style\":\"h4\",\"title_font_family\":\"primary\",\"animation\":\"slide-bottom-medium\",\"block_align\":\"center\",\"css\":\".el-element{\\ncolor: white !important;\\ntext-shadow: 2px 2px 2px #000;\\n}\\n@media (max-width: 616px) { \\n.el-element {\\n    font-size: 1.4em;\\n    }\\n}\"},\"modified\":\"2021-10-14T06:47:41.000Z\",\"name\":\"headline tecnologia\"}]}]}]},{\"type\":\"section\",\"props\":{\"style\":\"default\",\"width\":\"default\",\"vertical_align\":\"middle\",\"title_position\":\"top-left\",\"title_rotation\":\"left\",\"title_breakpoint\":\"xl\",\"image_position\":\"center-center\",\"padding_remove_bottom\":true},\"children\":[{\"type\":\"row\",\"props\":{\"layout\":\"1-2,1-2\"},\"children\":[{\"type\":\"column\",\"props\":{\"image_position\":\"center-center\",\"media_overlay_gradient\":\"\",\"width_medium\":\"1-2\"},\"children\":[{\"type\":\"text\",\"props\":{\"margin\":\"default\",\"column_breakpoint\":\"m\",\"content\":\"\n\n<p>Arcobaleno liefert das Blechteil fertig f\\u00fcr Ihre Montage. Das bedeutet auch, sich um das Finish zu k\\u00fcmmern, was viele Arten von Behandlungen umfasst. Um m\\u00f6glichst umfassend auf die vielf\\u00e4ltigen Bed\\u00fcrfnisse der Industrie eingehen zu k\\u00f6nnen, hat Arcobaleno starke Partnerschaften mit f\\u00fchrenden Unternehmen aufgebaut, die sich auf die Oberfl\\u00e4chenbehandlung von Metallen spezialisiert haben.<\\\/p>\\n\n\n<p>Die Vorteile f\\u00fcr unsere Kunden:<\\\/p>\\n\n\n<ol>\\n\n\n<li>Fertiges und komplettes Teil, bereit f\\u00fcr Ihre Montage<\\\/li>\\n\n\n<li>Verf\\u00fcgbarkeit einer breiten Palette von Behandlungen<\\\/li>\\n\n\n<li>Spezialisierung der Partner zur Gew\\u00e4hrleistung eines Qualit\\u00e4tsergebnisses<\\\/li>\\n\n\n<li>Bequemlichkeit und Zeitersparnis, da nicht mehrere Lieferanten verwaltet und koordiniert werden m\\u00fcssen<\\\/li>\\n\n\n<li>Die Flexibilit\\u00e4t in der Reaktion auf Ihre Anforderungen<\\\/li>\\n\n\n<li>P\\u00fcnktliche Lieferungen gem\\u00e4\\u00df Ihrem Arbeitsplan<\\\/li>\\n\n\n<li>Optimierung Ihrer Produktionskosten<\\\/li>\\n<\\\/ol>\"}},{\"type\":\"headline\",\"props\":{\"title_element\":\"div\",\"content\":\"Oberfl\\u00e4chen-Finish von Blechen auch mit Lieferanten auf Anfrage\",\"title_style\":\"h4\"}},{\"type\":\"text\",\"props\":{\"margin\":\"default\",\"column_breakpoint\":\"m\",\"content\":\"\n\n<p>Arcobaleno ist in der Lage, als Hauptauftragsnehmer auch f\\u00fcr vom Kunden ausgew\\u00e4hlte Lieferanten zu agieren.<\\\/p>\"}}]},{\"type\":\"column\",\"props\":{\"image_position\":\"center-center\",\"media_overlay_gradient\":\"\",\"width_medium\":\"1-2\"},\"children\":[{\"type\":\"image\",\"props\":{\"margin\":\"default\",\"image_svg_color\":\"emphasis\",\"image\":\"wp-content\\\/uploads\\\/2021\\\/09\\\/trattamento-superficiale-metallo-finitura.jpg\",\"image_alt\":\"Arcobaleno - trattamento superficiale metallo\",\"position\":\"relative\",\"position_z_index\":\"1\",\"image_box_shadow\":\"large\",\"text_align\":\"left\",\"text_align_breakpoint\":\"m\",\"text_align_fallback\":\"center\"}}]}]}],\"name\":\"intro\"},{\"type\":\"section\",\"props\":{\"style\":\"default\",\"width\":\"default\",\"vertical_align\":\"middle\",\"title_position\":\"top-left\",\"title_rotation\":\"left\",\"title_breakpoint\":\"xl\",\"image_position\":\"center-center\",\"image\":\"wp-content\\\/uploads\\\/2021\\\/09\\\/trattamento-superficiale-metallo_middle-page.jpg\",\"attributes\":\"Alt=\\\"TRATTAMENTO SUPERFICIALE METALLO\\\"\",\"height\":\"percent\",\"media_overlay\":\"rgba(0, 0, 0, 0.57)\",\"text_color\":\"light\",\"image_size\":\"cover\",\"image_effect\":\"fixed\"},\"children\":[{\"type\":\"row\",\"children\":[{\"type\":\"column\",\"props\":{\"image_position\":\"center-center\",\"media_overlay_gradient\":\"\"},\"children\":[{\"type\":\"headline\",\"props\":{\"title_element\":\"h2\",\"title_font_family\":\"primary\",\"content\":\"Spezial-Finish der Metalle: kundenspezifisch und f\\u00fcr alle Arten von Werkstoffen\",\"class\":\"a-title\",\"text_align\":\"center\",\"title_style\":\"h2\",\"margin_remove_bottom\":true,\"text_align_breakpoint\":\"m\",\"text_align_fallback\":\"center\",\"css\":\"@media (max-width: 616px) { \\n.el-element {\\n    font-size: 1.2em;\\n    }\\n}\"}},{\"type\":\"divider\",\"props\":{\"divider_element\":\"hr\",\"divider_style\":\"small\",\"divider_align\":\"center\"}},{\"type\":\"text\",\"props\":{\"margin\":\"default\",\"column_breakpoint\":\"m\",\"content\":\"Das Finish ist einer der letzten Schritte im Produktionsprozess, bevor das Endprodukt auf den Markt kommt, und erfordert daher gro\\u00dfe Sorgfalt. Arcobaleno hat sich zum Ziel gesetzt, alle spezifischen Bed\\u00fcrfnisse seiner Kunden zu befriedigen, um das Metall vor nat\\u00fcrlichen Ph\\u00e4nomenen wie der Oxidation zu sch\\u00fctzen, es f\\u00fcr die weitere Verarbeitung vorzubereiten oder ihm den gew\\u00fcnschten Farbeffekt zu verleihen, und bietet daher eine breite Palette von Behandlungen an.\",\"text_align\":\"center\",\"maxwidth\":\"2xlarge\",\"block_align\":\"center\"}}]}]},{\"type\":\"row\",\"props\":{\"layout\":\"1-2,1-2\",\"divider\":true},\"children\":[{\"type\":\"column\",\"props\":{\"image_position\":\"center-center\",\"media_overlay_gradient\":\"\",\"width_medium\":\"1-2\"},\"children\":[{\"type\":\"headline\",\"props\":{\"title_element\":\"h3\",\"title_font_family\":\"primary\",\"content\":\"Die Lackierung ist eine grundlegende Bearbeitung von Blechen, da sie mehrere Funktionen erf\\u00fcllt:\",\"class\":\"a-title\",\"text_align\":\"left\",\"title_style\":\"h5\",\"margin_remove_bottom\":true,\"text_align_breakpoint\":\"m\",\"text_align_fallback\":\"center\"}},{\"type\":\"text\",\"props\":{\"margin\":\"default\",\"column_breakpoint\":\"m\",\"content\":\"\n\n<ul>\\n\n\n<li>\\u00c4sthetische Aspekte(individuelle Farben und Effekte), besonders wichtig bei Einrichtungsgegenst\\u00e4nden wie Klimaanlagen, Heizkesseln, Konvektoren usw.<\\\/li>\\n\n\n<li>Schutzwirkung gegen nat\\u00fcrliche Oxidation und Verformung von Materialien. \\u00a0<\\\/li>\\n\n\n<li>H\\u00f6here Leistungsf\\u00e4higkeit der Metalle, die gegen Witterungseinfl\\u00fcsse und aggressive Stoffe best\\u00e4ndig sind und daher l\\u00e4nger halten.<\\\/li>\\n<\\\/ul>\"}}]},{\"type\":\"column\",\"props\":{\"image_position\":\"center-center\",\"media_overlay_gradient\":\"\",\"width_medium\":\"1-2\"},\"children\":[{\"type\":\"text\",\"props\":{\"margin\":\"default\",\"column_breakpoint\":\"m\",\"content\":\"\n\n<h4><span>Unter den angebotenen Arten der Blechlackierung<br \\\/><br \\\/><\\\/span><\\\/h4>\\n\n\n<p><strong>Pulverlackierung<\\\/strong><br \\\/>Beschichtung mit einem organischen Film, der eine ausgezeichnete mechanische Festigkeit gew\\u00e4hrleistet.<br \\\/><strong>Fl\\u00fcssiglack<\\\/strong><br \\\/>Glanz und die M\\u00f6glichkeit, jede Art von Farbe und Textur auf dem Blech zu erhalten.<br \\\/><strong>Lackierung auf verzinktem Blech<\\\/strong><br \\\/>Vorgang, der technische F\\u00e4higkeiten erfordert, um z.B. auf Stahl das Abl\\u00f6sen des sp\\u00e4ter aufgetragenen Lacks zu vermeiden. <br \\\/><strong>Antibakterielle Lackierung:<\\\/strong> <br \\\/>Speziell f\\u00fcr bestimmte Bereiche wie die Biomedizin, da sie die Kontamination durch Mikroorganismen verhindert.<\\\/p>\",\"css\":\"@media (max-width: 616px) { \\nh4 {\\n    font-size: 1.2em;\\n    }\\n}\"}}]}]},{\"type\":\"row\",\"children\":[{\"type\":\"column\",\"props\":{\"image_position\":\"center-center\",\"media_overlay_gradient\":\"\",\"width_medium\":\"1-3\"},\"children\":[{\"type\":\"grid\",\"props\":{\"show_title\":true,\"show_meta\":true,\"show_content\":true,\"show_image\":true,\"show_link\":true,\"grid_default\":\"1\",\"grid_medium\":\"1\",\"filter_style\":\"tab\",\"filter_all\":true,\"filter_position\":\"top\",\"filter_align\":\"left\",\"filter_grid_width\":\"auto\",\"filter_grid_breakpoint\":\"m\",\"title_hover_style\":\"reset\",\"title_element\":\"h3\",\"title_align\":\"top\",\"title_grid_width\":\"1-2\",\"title_grid_breakpoint\":\"m\",\"meta_style\":\"meta\",\"meta_align\":\"below-title\",\"meta_element\":\"div\",\"content_column_breakpoint\":\"m\",\"icon_width\":80,\"image_align\":\"top\",\"image_grid_width\":\"1-2\",\"image_grid_breakpoint\":\"m\",\"image_svg_color\":\"emphasis\",\"link_text\":\"Read more\",\"link_style\":\"default\",\"margin\":\"default\",\"item_animation\":true,\"grid_divider\":true,\"title_style\":\"h5\",\"css\":\".el-title{\\nfont-weight: 600;\\n}\"},\"children\":[{\"type\":\"grid_item\",\"props\":{\"title\":\"Verzinkung von Blechen\",\"content\":\"\n\n<p>Beim Verzinken von Blechen wird eine Zinkschicht auf das Metall aufgetragen, um es vor galvanischer Oxidation zu sch\\u00fctzen.<\\\/p>\\n\n\n<p><\\\/p>\\n\n\n<p>Einige der vorgesehenen Verzinkungsarten<\\\/p>\\n\n\n<p><strong>Hei\\u00dfverzinkung:<\\\/strong> Baden des Stahls in geschmolzenem Zink bei einer Temperatur von etwa 450\\u00b0.<\\\/p>\\n\n\n<p><strong>Elektrolytische Verzinkung:<\\\/strong> Bad in einer elektrolytischen L\\u00f6sung mit Zinksalzen, die zu einer d\\u00fcnneren Schicht f\\u00fchren als die Hei\\u00dfverzinkung.<\\\/p>\\n\n\n<p><strong>Kaltverzinkung:<\\\/strong> \\u00c4hnlich wie die Lackierung in der Anwendung.<\\\/p>\"}}]}]},{\"type\":\"column\",\"props\":{\"image_position\":\"center-center\",\"media_overlay_gradient\":\"\",\"width_medium\":\"1-3\"},\"children\":[{\"type\":\"grid\",\"props\":{\"show_title\":true,\"show_meta\":true,\"show_content\":true,\"show_image\":true,\"show_link\":true,\"grid_default\":\"1\",\"grid_medium\":\"1\",\"filter_style\":\"tab\",\"filter_all\":true,\"filter_position\":\"top\",\"filter_align\":\"left\",\"filter_grid_width\":\"auto\",\"filter_grid_breakpoint\":\"m\",\"title_hover_style\":\"reset\",\"title_element\":\"h3\",\"title_align\":\"top\",\"title_grid_width\":\"1-2\",\"title_grid_breakpoint\":\"m\",\"meta_style\":\"meta\",\"meta_align\":\"below-title\",\"meta_element\":\"div\",\"content_column_breakpoint\":\"m\",\"icon_width\":80,\"image_align\":\"top\",\"image_grid_width\":\"1-2\",\"image_grid_breakpoint\":\"m\",\"image_svg_color\":\"emphasis\",\"link_text\":\"Read more\",\"link_style\":\"default\",\"margin\":\"default\",\"item_animation\":true,\"grid_divider\":true,\"title_style\":\"h5\",\"css\":\".el-title{\\nfont-weight: 600;\\n}\"},\"children\":[{\"type\":\"grid_item\",\"props\":{\"title\":\"Vernickelung\",\"content\":\"\n\n<p>Nickelbad, um die Best\\u00e4ndigkeit des Metalls im Laufe der Zeit zu erh\\u00f6hen und Korrosion zu verhindern.<\\\/p>\"}}]},{\"type\":\"divider\",\"props\":{\"divider_element\":\"hr\"}},{\"type\":\"grid\",\"props\":{\"show_title\":true,\"show_meta\":true,\"show_content\":true,\"show_image\":true,\"show_link\":true,\"grid_default\":\"1\",\"grid_medium\":\"1\",\"filter_style\":\"tab\",\"filter_all\":true,\"filter_position\":\"top\",\"filter_align\":\"left\",\"filter_grid_width\":\"auto\",\"filter_grid_breakpoint\":\"m\",\"title_hover_style\":\"reset\",\"title_element\":\"h3\",\"title_align\":\"top\",\"title_grid_width\":\"1-2\",\"title_grid_breakpoint\":\"m\",\"meta_style\":\"meta\",\"meta_align\":\"below-title\",\"meta_element\":\"div\",\"content_column_breakpoint\":\"m\",\"icon_width\":80,\"image_align\":\"top\",\"image_grid_width\":\"1-2\",\"image_grid_breakpoint\":\"m\",\"image_svg_color\":\"emphasis\",\"link_text\":\"Read more\",\"link_style\":\"default\",\"margin\":\"default\",\"item_animation\":true,\"grid_divider\":true,\"title_style\":\"h5\",\"css\":\".el-title{\\nfont-weight: 600;\\n}\"},\"children\":[{\"type\":\"grid_item\",\"props\":{\"title\":\"Verchromung\",\"content\":\"\n\n<p>Chrombad, um die Oberfl\\u00e4chen mit einem Schutzfilm gegen nat\\u00fcrliche Oxidation zu \\u00fcberziehen und das Teil \\u00e4sthetisch perfekt und gl\\u00e4nzend zu machen.<\\\/p>\"}}]},{\"type\":\"divider\",\"props\":{\"divider_element\":\"hr\"}},{\"type\":\"grid\",\"props\":{\"show_title\":true,\"show_meta\":true,\"show_content\":true,\"show_image\":true,\"show_link\":true,\"grid_default\":\"1\",\"grid_medium\":\"1\",\"filter_style\":\"tab\",\"filter_all\":true,\"filter_position\":\"top\",\"filter_align\":\"left\",\"filter_grid_width\":\"auto\",\"filter_grid_breakpoint\":\"m\",\"title_hover_style\":\"reset\",\"title_element\":\"h3\",\"title_align\":\"top\",\"title_grid_width\":\"1-2\",\"title_grid_breakpoint\":\"m\",\"meta_style\":\"meta\",\"meta_align\":\"below-title\",\"meta_element\":\"div\",\"content_column_breakpoint\":\"m\",\"icon_width\":80,\"image_align\":\"top\",\"image_grid_width\":\"1-2\",\"image_grid_breakpoint\":\"m\",\"image_svg_color\":\"emphasis\",\"link_text\":\"Read more\",\"link_style\":\"default\",\"margin\":\"default\",\"item_animation\":true,\"grid_divider\":true,\"title_style\":\"h5\",\"css\":\".el-title{\\nfont-weight: 600;\\n}\"},\"children\":[{\"type\":\"grid_item\",\"props\":{\"title\":\"Siebdruck\",\"content\":\"\n\n<p>Mit Spezialfarben auf Metall gedruckt, dauerhaft.<\\\/p>\"}}]}]},{\"type\":\"column\",\"props\":{\"image_position\":\"center-center\",\"media_overlay_gradient\":\"\",\"width_medium\":\"1-3\"},\"children\":[{\"type\":\"grid\",\"props\":{\"show_title\":true,\"show_meta\":true,\"show_content\":true,\"show_image\":true,\"show_link\":true,\"grid_default\":\"1\",\"grid_medium\":\"1\",\"filter_style\":\"tab\",\"filter_all\":true,\"filter_position\":\"top\",\"filter_align\":\"left\",\"filter_grid_width\":\"auto\",\"filter_grid_breakpoint\":\"m\",\"title_hover_style\":\"reset\",\"title_element\":\"h3\",\"title_align\":\"top\",\"title_grid_width\":\"1-2\",\"title_grid_breakpoint\":\"m\",\"meta_style\":\"meta\",\"meta_align\":\"below-title\",\"meta_element\":\"div\",\"content_column_breakpoint\":\"m\",\"icon_width\":80,\"image_align\":\"top\",\"image_grid_width\":\"1-2\",\"image_grid_breakpoint\":\"m\",\"image_svg_color\":\"emphasis\",\"link_text\":\"Read more\",\"link_style\":\"default\",\"margin\":\"default\",\"item_animation\":true,\"grid_divider\":true,\"title_style\":\"h5\",\"css\":\".el-title{\\nfont-weight: 600;\\n}\"},\"children\":[{\"type\":\"grid_item\",\"props\":{\"title\":\"Kataphorese\",\"content\":\"\n\n<p>Ein Lackierverfahren unter Ausnutzung des elektrolytischen Prinzips, um den Korrosionsschutz erheblich zu verbessern. Auch Kataphorese auf verzinkten Blechen.<\\\/p>\"}}]},{\"type\":\"divider\",\"props\":{\"divider_element\":\"hr\"}},{\"type\":\"grid\",\"props\":{\"show_title\":true,\"show_meta\":true,\"show_content\":true,\"show_image\":true,\"show_link\":true,\"grid_default\":\"1\",\"grid_medium\":\"1\",\"filter_style\":\"tab\",\"filter_all\":true,\"filter_position\":\"top\",\"filter_align\":\"left\",\"filter_grid_width\":\"auto\",\"filter_grid_breakpoint\":\"m\",\"title_hover_style\":\"reset\",\"title_element\":\"h3\",\"title_align\":\"top\",\"title_grid_width\":\"1-2\",\"title_grid_breakpoint\":\"m\",\"meta_style\":\"meta\",\"meta_align\":\"below-title\",\"meta_element\":\"div\",\"content_column_breakpoint\":\"m\",\"icon_width\":80,\"image_align\":\"top\",\"image_grid_width\":\"1-2\",\"image_grid_breakpoint\":\"m\",\"image_svg_color\":\"emphasis\",\"link_text\":\"Read more\",\"link_style\":\"default\",\"margin\":\"default\",\"item_animation\":true,\"grid_divider\":true,\"title_style\":\"h5\",\"css\":\".el-title{\\nfont-weight: 600;\\n}\"},\"children\":[{\"type\":\"grid_item\",\"props\":{\"title\":\"Polieren\",\"content\":\"\n\n<p>Beseitigung von Spuren, die durch die vorherige Bearbeitung entstanden sind. Die Oberfl\\u00e4che ist auf Hochglanz poliert.<\\\/p>\\n\n\n<p><\\\/p>\"}}]}]}],\"props\":{\"layout\":\"1-3,1-3,1-3\"}}]},{\"type\":\"section\",\"props\":{\"style\":\"default\",\"width\":\"default\",\"vertical_align\":\"middle\",\"title_position\":\"top-left\",\"title_rotation\":\"left\",\"title_breakpoint\":\"xl\",\"image_position\":\"center-center\",\"image\":\"wp-content\\\/uploads\\\/2021\\\/08\\\/ICONA_METALLO.jpg\",\"image_size\":\"cover\",\"media_overlay_gradient\":\"background: rgb(245,245,245); background: radial-gradient(circle, rgba(245,245,245,1) 0%, rgba(91,91,91,0.7875744047619048) 100%);\"},\"children\":[{\"type\":\"row\",\"props\":{\"layout\":\"2-3,1-3\"},\"children\":[{\"type\":\"column\",\"props\":{\"image_position\":\"center-center\",\"media_overlay_gradient\":\"\",\"width_medium\":\"2-3\"},\"children\":[{\"type\":\"headline\",\"props\":{\"title_element\":\"div\",\"content\":\"W\\u00fcnschen Sie weitere Informationen?\",\"title_style\":\"h1\"},\"modified\":\"2021-12-10T21:12:25.370Z\",\"name\":\"MAx info DE\"}]},{\"type\":\"column\",\"props\":{\"image_position\":\"center-center\",\"media_overlay_gradient\":\"\",\"width_medium\":\"1-3\",\"vertical_align\":\"middle\"},\"children\":[{\"type\":\"button\",\"props\":{\"grid_column_gap\":\"small\",\"grid_row_gap\":\"small\",\"margin\":\"default\",\"fullwidth\":true,\"button_size\":\"large\",\"css\":\".uk-button-large {\\n    padding: 10px 40px;\\n    line-height: 53px;\\n    font-size: 18px;\\n    line-height: 1.2em;\\n}\"},\"children\":[{\"type\":\"button_item\",\"props\":{\"button_style\":\"secondary\",\"icon_align\":\"left\",\"content\":\"Kontaktieren <br \\\/>Sie uns jetzt!\",\"link\":\"de\\\/kontakte\\\/\"}}],\"modified\":\"2021-12-09T14:15:46.735Z\",\"name\":\"kontact DE\"}]}]}]}],\"version\":\"2.5.10\",\"yooessentialsVersion\":\"1.5.8\"} --><\/p>\n","protected":false},"excerpt":{"rendered":"<p>Finish Einzelanbieter f\u00fcr jede Oberfl\u00e4che Arcobaleno liefert das Blechteil fertig f\u00fcr Ihre Montage. Das bedeutet auch, sich um das Finish zu k\u00fcmmern, was viele Arten von Behandlungen umfasst. Um m\u00f6glichst umfassend auf die vielf\u00e4ltigen Bed\u00fcrfnisse der Industrie eingehen zu k\u00f6nnen, hat Arcobaleno starke Partnerschaften mit f\u00fchrenden Unternehmen aufgebaut, die sich auf die Oberfl\u00e4chenbehandlung von Metallen [&hellip;]<\/p>\n","protected":false},"author":3,"featured_media":0,"parent":0,"menu_order":0,"comment_status":"closed","ping_status":"closed","template":"","meta":{"om_disable_all_campaigns":false,"inline_featured_image":false,"_monsterinsights_skip_tracking":false,"_monsterinsights_sitenote_active":false,"_monsterinsights_sitenote_note":"","_monsterinsights_sitenote_category":0,"footnotes":""},"class_list":["post-2766","page","type-page","status-publish","hentry"],"aioseo_notices":[],"_links":{"self":[{"href":"https:\/\/www.arcobalenolamiere.com\/de\/wp-json\/wp\/v2\/pages\/2766","targetHints":{"allow":["GET"]}}],"collection":[{"href":"https:\/\/www.arcobalenolamiere.com\/de\/wp-json\/wp\/v2\/pages"}],"about":[{"href":"https:\/\/www.arcobalenolamiere.com\/de\/wp-json\/wp\/v2\/types\/page"}],"author":[{"embeddable":true,"href":"https:\/\/www.arcobalenolamiere.com\/de\/wp-json\/wp\/v2\/users\/3"}],"replies":[{"embeddable":true,"href":"https:\/\/www.arcobalenolamiere.com\/de\/wp-json\/wp\/v2\/comments?post=2766"}],"version-history":[{"count":14,"href":"https:\/\/www.arcobalenolamiere.com\/de\/wp-json\/wp\/v2\/pages\/2766\/revisions"}],"predecessor-version":[{"id":3551,"href":"https:\/\/www.arcobalenolamiere.com\/de\/wp-json\/wp\/v2\/pages\/2766\/revisions\/3551"}],"wp:attachment":[{"href":"https:\/\/www.arcobalenolamiere.com\/de\/wp-json\/wp\/v2\/media?parent=2766"}],"curies":[{"name":"wp","href":"https:\/\/api.w.org\/{rel}","templated":true}]}}