{"id":2775,"date":"2021-09-13T08:16:58","date_gmt":"2021-09-13T08:16:58","guid":{"rendered":"https:\/\/www.rmpercomunicare.it\/costruzione_siti\/arcobaleno\/pannellatura\/"},"modified":"2021-12-14T21:26:49","modified_gmt":"2021-12-14T21:26:49","slug":"blechverkleidung","status":"publish","type":"page","link":"https:\/\/www.arcobalenolamiere.com\/de\/blechverkleidung\/","title":{"rendered":"Blechverkleidung"},"content":{"rendered":"<h1><span class=\"uk-font-primary uk-heading-large\">Blechverkleidung <\/span><br \/>Kratzfreie Radialbiegung mit Biegewangensystem<\/h1>\n<div>\n<p>Die <strong>\u00e4sthetische Qualit\u00e4t <\/strong>von Blechtafeln ist in vielen Industriesektoren eine grundlegende Voraussetzung f\u00fcr die Herstellung eines Endprodukts, das den Anforderungen des Marktes entspricht. Daher liefert Arcobaleno die \u00a0<strong>Blechverkleidung<\/strong>\u00a0 mit einem innovativen Biegewangensystem. Das Ergebnis ist ein Pr\u00e4zisionsbiegeteil, das wie vorgesehen gebogen wird und vor allem eine intakte Oberfl\u00e4che aufweist, da diese Art der<strong> Bearbeitung Kratzer oder Abrieb von <\/strong>Metallen vermeidet.<\/p>\n<p>Wie f\u00fchrt Arcobaleno die Blechverkleidung aus? Das Unternehmen verf\u00fcgt \u00fcber mehrere Biegezentren mit einem Biegeblatt, das sich um das zu biegende Blech dreht, um automatisch positive und negative Biegungen auszuf\u00fchren, ohne das Material zu zerkratzen.\u00a0 Dieses System garantiert dieselbe \u00a0<strong>Hochpr\u00e4zision<\/strong>\u00a0 f\u00fcr alle Arten von Teilen, von einfachen bis zu komplexen Bearbeitungen.<\/p>\n<p>Die von Arcobaleno gew\u00e4hlte Technologie gew\u00e4hrleistet auch eine hohe Biegegeschwindigkeit (von 0 bis 90 Grad in einer Sekunde) sowie die M\u00f6glichkeit, drei Bleche gleichzeitig w\u00e4hrend desselben Biegezyklus in der Maschine zu bearbeiten, wobei das automatische Be- und Entladen f\u00fcr zus\u00e4tzliche Effizienz sorgt.\u00a0 All dies erm\u00f6glicht es Ihnen, Ihre Zeit zu optimieren und die Produktivit\u00e4t erheblich zu steigern, w\u00e4hrend Sie gleichzeitig die h\u00f6chsten Qualit\u00e4tsstandards gew\u00e4hrleisten.\u00a0<\/p>\n<p>Die Konzentration auf Innovation und die rechtzeitige Organisation der Produktionsprozesse erm\u00f6glicht es<strong>, schnell auf Kundenw\u00fcnsche zu reagieren und p\u00fcnktlich zu liefern.<\/strong><\/p>\n<\/div>\n<p><img decoding=\"async\" src=\"\/wp-content\/uploads\/2021\/10\/pannellatura-lamiera.jpg\" alt=\"pannellatura lamiera\"><\/p>\n<h2>Blechverkleidung: Geschwindigkeit, Pr\u00e4zision und Wiederholgen<\/h2>\n<div>\n<p>Die technologische Ausr\u00fcstung f\u00fcr die Blechverkleidung hat im Unternehmen einen kurzen Lebenszyklus, da sie st\u00e4ndig <strong>aktualisiert <\/strong>\u00a0wird. Die st\u00e4ndige Einf\u00fchrung von Innovationen im Bereich der Blechbiegung ist eine der St\u00e4rken von Arcobaleno, um Qualit\u00e4tsprodukte zu liefern, die perfekt zu Ihren Produktionsstandards passen.<\/p>\n<p>Mit einem <strong>maximalen Arbeitsbereich von 4000 <\/strong>\u00a0kann Arcobaleno\u00a0 jedes Blech in jeglicher Abmessung bearbeiten.<\/p>\n<p>Die Maschinen sind au\u00dferdem mit automatischen Be- und Entladevorrichtungen ausgestattet, die eine hohe Ausbringung zugunsten der P\u00fcnktlichkeit erm\u00f6glichen. Die Automatisierung ist eine Garantie f\u00fcr die Wiederholgenauigkeit: Alle Teile entsprechen gleicherma\u00dfen dem Kundenprojekt.<\/p>\n<p>Im Lieferumfang:<\/p>\n<p>1 RAS MULTIBEND Biegezentrum mit doppeltem automatischen Be- und Entladesystem\u00a0<\/p>\n<p>1 halbautomatisches Biegezentrum\u00a0 XLT BEND mit einem maximalen Arbeitsbereich von 4000.<\/p>\n<\/div>\n<p><img decoding=\"async\" src=\"\/wp-content\/uploads\/2021\/10\/pannellatrice-ras.jpg\" alt=\"Pannellatrice Arcobaleno\"><\/p>\n<h2>Bleche: Werkstoffe und verarbeitete St\u00e4rken<\/h2>\n<div>\n<p>Arcobaleno biegt Bleche aus Legierungen, Karbonstahl, rostfreiem Stahl, Kupfer, Messing und Aluminium. Die bearbeiteten <strong>St\u00e4rken<\/strong> liegen zwischen 0,5 mm und 2 mm.<\/p>\n<p>Die Bleche werden in einer Vielzahl von Sektoren verwendet, vom Bauwesen (z. . Vorhangfassaden oder Ger\u00fcste) bis zu den Herstellern gro\u00dfer Haushaltsger\u00e4te (Waschmaschinen, Geschirrsp\u00fcler usw.), von Schutzr\u00e4umen bis zu Klimaanlagen, von Heizkesseln bis zu Industrieschr\u00e4nken.<\/p>\n<\/div>\n<div>W\u00fcnschen Sie weitere Informationen?<\/div>\n<p>\n    <a href=\"\/de\/kontakte\/\">Kontaktieren <br \/>Sie uns jetzt!<\/a>\n<\/p>\n<p><!--more--><br \/>\n<!-- {\"name\":\"lavorazione_head_ok\",\"type\":\"layout\",\"children\":[{\"type\":\"section\",\"props\":{\"style\":\"default\",\"width\":\"\",\"vertical_align\":\"middle\",\"title_position\":\"top-left\",\"title_rotation\":\"left\",\"title_breakpoint\":\"xl\",\"image_position\":\"center-center\",\"image\":\"\",\"padding\":\"large\",\"height\":\"percent\",\"text_color\":\"light\",\"attributes\":\"Alt='Pannellatura'\",\"video\":\"wp-content\\\/uploads\\\/2021\\\/10\\\/Pannellatura.mp4\"},\"children\":[{\"type\":\"row\",\"children\":[{\"type\":\"column\",\"props\":{\"image_position\":\"center-center\",\"media_overlay_gradient\":\"\",\"width_medium\":\"\"},\"children\":[{\"type\":\"headline\",\"props\":{\"title_element\":\"h1\",\"content\":\"<span class=\\\"uk-font-primary uk-heading-large\\\">Blechverkleidung <\\\/span><br \\\/>Kratzfreie Radialbiegung mit Biegewangensystem\",\"text_align\":\"center\",\"position_right\":\"-40\",\"class\":\"\",\"title_font_family\":\"tertiary\",\"animation\":\"slide-bottom-medium\",\"block_align\":\"center\",\"css\":\".el-element{\\ntext-shadow: 2px 2px 2px #000;\\n}\\n@media (max-width: 616px) { \\n.el-element {\\n    font-size: 1.2em;\\n    text-shadow: 2px 2px 2px #000;\\n    }\\n}\"},\"modified\":\"2021-09-28T09:26:00.220Z\",\"name\":\"headline over video\"}]}]}]},{\"type\":\"section\",\"props\":{\"style\":\"default\",\"width\":\"default\",\"vertical_align\":\"middle\",\"title_position\":\"top-left\",\"title_rotation\":\"left\",\"title_breakpoint\":\"xl\",\"image_position\":\"center-center\"},\"children\":[{\"type\":\"row\",\"props\":{\"layout\":\"1-2,1-2\"},\"children\":[{\"type\":\"column\",\"props\":{\"image_position\":\"center-center\",\"media_overlay_gradient\":\"\",\"width_medium\":\"1-2\"},\"children\":[{\"type\":\"text\",\"props\":{\"margin\":\"default\",\"column_breakpoint\":\"m\",\"content\":\"\n\n<p>Die <strong>\\u00e4sthetische Qualit\\u00e4t <\\\/strong>von Blechtafeln ist in vielen Industriesektoren eine grundlegende Voraussetzung f\\u00fcr die Herstellung eines Endprodukts, das den Anforderungen des Marktes entspricht. Daher liefert Arcobaleno die \\u00a0<strong>Blechverkleidung<\\\/strong>\\u00a0 mit einem innovativen Biegewangensystem. Das Ergebnis ist ein Pr\\u00e4zisionsbiegeteil, das wie vorgesehen gebogen wird und vor allem eine intakte Oberfl\\u00e4che aufweist, da diese Art der<strong> Bearbeitung Kratzer oder Abrieb von <\\\/strong>Metallen vermeidet.<\\\/p>\\n\n\n<p>Wie f\\u00fchrt Arcobaleno die Blechverkleidung aus? Das Unternehmen verf\\u00fcgt \\u00fcber mehrere Biegezentren mit einem Biegeblatt, das sich um das zu biegende Blech dreht, um automatisch positive und negative Biegungen auszuf\\u00fchren, ohne das Material zu zerkratzen.\\u00a0 Dieses System garantiert dieselbe \\u00a0<strong>Hochpr\\u00e4zision<\\\/strong>\\u00a0 f\\u00fcr alle Arten von Teilen, von einfachen bis zu komplexen Bearbeitungen.<\\\/p>\\n\n\n<p>Die von Arcobaleno gew\\u00e4hlte Technologie gew\\u00e4hrleistet auch eine hohe Biegegeschwindigkeit (von 0 bis 90 Grad in einer Sekunde) sowie die M\\u00f6glichkeit, drei Bleche gleichzeitig w\\u00e4hrend desselben Biegezyklus in der Maschine zu bearbeiten, wobei das automatische Be- und Entladen f\\u00fcr zus\\u00e4tzliche Effizienz sorgt.\\u00a0 All dies erm\\u00f6glicht es Ihnen, Ihre Zeit zu optimieren und die Produktivit\\u00e4t erheblich zu steigern, w\\u00e4hrend Sie gleichzeitig die h\\u00f6chsten Qualit\\u00e4tsstandards gew\\u00e4hrleisten.\\u00a0<\\\/p>\\n\n\n<p>Die Konzentration auf Innovation und die rechtzeitige Organisation der Produktionsprozesse erm\\u00f6glicht es<strong>, schnell auf Kundenw\\u00fcnsche zu reagieren und p\\u00fcnktlich zu liefern.<\\\/strong><\\\/p>\"}}]},{\"type\":\"column\",\"props\":{\"image_position\":\"center-center\",\"media_overlay_gradient\":\"\",\"width_medium\":\"1-2\"},\"children\":[{\"type\":\"image\",\"props\":{\"margin\":\"default\",\"image_svg_color\":\"emphasis\",\"image\":\"wp-content\\\/uploads\\\/2021\\\/10\\\/pannellatura-lamiera.jpg\",\"image_alt\":\"pannellatura lamiera\",\"position\":\"relative\",\"position_z_index\":\"1\",\"image_box_shadow\":\"large\",\"text_align\":\"left\",\"text_align_breakpoint\":\"m\",\"text_align_fallback\":\"center\"}}]}]}],\"name\":\"intro\"},{\"type\":\"section\",\"props\":{\"style\":\"secondary\",\"width\":\"default\",\"vertical_align\":\"middle\",\"title_position\":\"top-left\",\"title_rotation\":\"left\",\"title_breakpoint\":\"xl\",\"image_position\":\"center-center\"},\"children\":[{\"type\":\"row\",\"children\":[{\"type\":\"column\",\"props\":{\"image_position\":\"center-center\",\"media_overlay_gradient\":\"\",\"width_medium\":\"\"},\"children\":[{\"type\":\"headline\",\"props\":{\"title_element\":\"h2\",\"content\":\"Blechverkleidung: Geschwindigkeit, Pr\\u00e4zision und Wiederholgen\",\"css\":\"@media (max-width: 616px) { \\n.el-element {\\n    font-size: 1.1em;\\n    }\\n}\"}},{\"type\":\"text\",\"props\":{\"margin\":\"default\",\"column_breakpoint\":\"m\",\"content\":\"\n\n<p>Die technologische Ausr\\u00fcstung f\\u00fcr die Blechverkleidung hat im Unternehmen einen kurzen Lebenszyklus, da sie st\\u00e4ndig <strong>aktualisiert <\\\/strong>\\u00a0wird. Die st\\u00e4ndige Einf\\u00fchrung von Innovationen im Bereich der Blechbiegung ist eine der St\\u00e4rken von Arcobaleno, um Qualit\\u00e4tsprodukte zu liefern, die perfekt zu Ihren Produktionsstandards passen.<\\\/p>\\n\n\n<p>Mit einem <strong>maximalen Arbeitsbereich von 4000 <\\\/strong>\\u00a0kann Arcobaleno\\u00a0 jedes Blech in jeglicher Abmessung bearbeiten.<\\\/p>\\n\n\n<p>Die Maschinen sind au\\u00dferdem mit automatischen Be- und Entladevorrichtungen ausgestattet, die eine hohe Ausbringung zugunsten der P\\u00fcnktlichkeit erm\\u00f6glichen. Die Automatisierung ist eine Garantie f\\u00fcr die Wiederholgenauigkeit: Alle Teile entsprechen gleicherma\\u00dfen dem Kundenprojekt.<\\\/p>\\n\n\n<p>Im Lieferumfang:<\\\/p>\\n\n\n<p>1 RAS MULTIBEND Biegezentrum mit doppeltem automatischen Be- und Entladesystem\\u00a0<\\\/p>\\n\n\n<p>1 halbautomatisches Biegezentrum\\u00a0 XLT BEND mit einem maximalen Arbeitsbereich von 4000.<\\\/p>\"}},{\"type\":\"image\",\"props\":{\"margin\":\"default\",\"image_svg_color\":\"emphasis\",\"image\":\"wp-content\\\/uploads\\\/2021\\\/10\\\/pannellatrice-ras.jpg\",\"image_alt\":\"Pannellatrice Arcobaleno\"}}]}]}]},{\"type\":\"section\",\"props\":{\"style\":\"default\",\"width\":\"default\",\"vertical_align\":\"middle\",\"title_position\":\"top-left\",\"title_rotation\":\"left\",\"title_breakpoint\":\"xl\",\"image_position\":\"center-center\",\"padding\":\"small\"},\"children\":[{\"type\":\"row\",\"children\":[{\"type\":\"column\",\"props\":{\"image_position\":\"center-center\",\"media_overlay_gradient\":\"\"},\"children\":[{\"type\":\"headline\",\"props\":{\"title_element\":\"h2\",\"content\":\"Bleche: Werkstoffe und verarbeitete St\\u00e4rken\",\"text_align\":\"left\",\"css\":\"@media (max-width: 616px) { \\n.el-element {\\n    font-size: 1.1em;\\n    }\\n}\"}},{\"type\":\"text\",\"props\":{\"margin\":\"default\",\"column_breakpoint\":\"m\",\"content\":\"\n\n<p>Arcobaleno biegt Bleche aus Legierungen, Karbonstahl, rostfreiem Stahl, Kupfer, Messing und Aluminium. Die bearbeiteten <strong>St\\u00e4rken<\\\/strong> liegen zwischen 0,5 mm und 2 mm.<\\\/p>\\n\n\n<p>Die Bleche werden in einer Vielzahl von Sektoren verwendet, vom Bauwesen (z. . Vorhangfassaden oder Ger\\u00fcste) bis zu den Herstellern gro\\u00dfer Haushaltsger\\u00e4te (Waschmaschinen, Geschirrsp\\u00fcler usw.), von Schutzr\\u00e4umen bis zu Klimaanlagen, von Heizkesseln bis zu Industrieschr\\u00e4nken.<\\\/p>\"}}]}]}]},{\"type\":\"section\",\"props\":{\"style\":\"default\",\"width\":\"default\",\"vertical_align\":\"middle\",\"title_position\":\"top-left\",\"title_rotation\":\"left\",\"title_breakpoint\":\"xl\",\"image_position\":\"center-center\",\"image\":\"wp-content\\\/uploads\\\/2021\\\/08\\\/ICONA_METALLO.jpg\",\"image_size\":\"cover\",\"media_overlay_gradient\":\"background: rgb(245,245,245); background: radial-gradient(circle, rgba(245,245,245,1) 0%, rgba(91,91,91,0.7875744047619048) 100%);\"},\"children\":[{\"type\":\"row\",\"props\":{\"layout\":\"2-3,1-3\"},\"children\":[{\"type\":\"column\",\"props\":{\"image_position\":\"center-center\",\"media_overlay_gradient\":\"\",\"width_medium\":\"2-3\"},\"children\":[{\"type\":\"headline\",\"props\":{\"title_element\":\"div\",\"content\":\"W\\u00fcnschen Sie weitere Informationen?\",\"title_style\":\"h1\"},\"modified\":\"2021-12-10T21:12:25.370Z\",\"name\":\"MAx info DE\"}]},{\"type\":\"column\",\"props\":{\"image_position\":\"center-center\",\"media_overlay_gradient\":\"\",\"width_medium\":\"1-3\",\"vertical_align\":\"middle\"},\"children\":[{\"type\":\"button\",\"props\":{\"grid_column_gap\":\"small\",\"grid_row_gap\":\"small\",\"margin\":\"default\",\"fullwidth\":true,\"button_size\":\"large\",\"css\":\".uk-button-large {\\n    padding: 10px 40px;\\n    line-height: 53px;\\n    font-size: 18px;\\n    line-height: 1.2em;\\n}\"},\"children\":[{\"type\":\"button_item\",\"props\":{\"button_style\":\"secondary\",\"icon_align\":\"left\",\"content\":\"Kontaktieren <br \\\/>Sie uns jetzt!\",\"link\":\"de\\\/kontakte\\\/\"}}],\"modified\":\"2021-12-09T14:15:46.735Z\",\"name\":\"kontact DE\"}]}]}]}],\"version\":\"2.5.10\",\"yooessentialsVersion\":\"1.5.8\"} --><\/p>\n","protected":false},"excerpt":{"rendered":"<p>Blechverkleidung Kratzfreie Radialbiegung mit Biegewangensystem Die \u00e4sthetische Qualit\u00e4t von Blechtafeln ist in vielen Industriesektoren eine grundlegende Voraussetzung f\u00fcr die Herstellung eines Endprodukts, das den Anforderungen des Marktes entspricht. Daher liefert Arcobaleno die \u00a0Blechverkleidung\u00a0 mit einem innovativen Biegewangensystem. Das Ergebnis ist ein Pr\u00e4zisionsbiegeteil, das wie vorgesehen gebogen wird und vor allem eine intakte Oberfl\u00e4che aufweist, da [&hellip;]<\/p>\n","protected":false},"author":3,"featured_media":0,"parent":0,"menu_order":0,"comment_status":"closed","ping_status":"closed","template":"","meta":{"om_disable_all_campaigns":false,"inline_featured_image":false,"_monsterinsights_skip_tracking":false,"_monsterinsights_sitenote_active":false,"_monsterinsights_sitenote_note":"","_monsterinsights_sitenote_category":0,"footnotes":""},"class_list":["post-2775","page","type-page","status-publish","hentry"],"aioseo_notices":[],"_links":{"self":[{"href":"https:\/\/www.arcobalenolamiere.com\/de\/wp-json\/wp\/v2\/pages\/2775","targetHints":{"allow":["GET"]}}],"collection":[{"href":"https:\/\/www.arcobalenolamiere.com\/de\/wp-json\/wp\/v2\/pages"}],"about":[{"href":"https:\/\/www.arcobalenolamiere.com\/de\/wp-json\/wp\/v2\/types\/page"}],"author":[{"embeddable":true,"href":"https:\/\/www.arcobalenolamiere.com\/de\/wp-json\/wp\/v2\/users\/3"}],"replies":[{"embeddable":true,"href":"https:\/\/www.arcobalenolamiere.com\/de\/wp-json\/wp\/v2\/comments?post=2775"}],"version-history":[{"count":11,"href":"https:\/\/www.arcobalenolamiere.com\/de\/wp-json\/wp\/v2\/pages\/2775\/revisions"}],"predecessor-version":[{"id":3511,"href":"https:\/\/www.arcobalenolamiere.com\/de\/wp-json\/wp\/v2\/pages\/2775\/revisions\/3511"}],"wp:attachment":[{"href":"https:\/\/www.arcobalenolamiere.com\/de\/wp-json\/wp\/v2\/media?parent=2775"}],"curies":[{"name":"wp","href":"https:\/\/api.w.org\/{rel}","templated":true}]}}