{"id":2780,"date":"2021-09-13T08:49:45","date_gmt":"2021-09-13T08:49:45","guid":{"rendered":"https:\/\/www.rmpercomunicare.it\/costruzione_siti\/arcobaleno\/piegatura-lamiera\/"},"modified":"2021-12-14T21:28:29","modified_gmt":"2021-12-14T21:28:29","slug":"blechbiegung","status":"publish","type":"page","link":"https:\/\/www.arcobalenolamiere.com\/de\/blechbiegung\/","title":{"rendered":"Blechbiegung"},"content":{"rendered":"<div>\n<p>    <img decoding=\"async\" src=\"\/wp-content\/uploads\/2021\/10\/arcobaleno_piegatura_robotizzata_rev3.jpg\" alt=\"Blechbiegung \"><\/p>\n<h1><span class=\"uk-font-primary uk-heading-large\" style=\"color: white;\">Blechbiegung <\/span><br \/>Schnelle Antworten ohne Abstriche bei der Qualit\u00e4t <\/h1>\n<\/div>\n<div>\n<p>Im Rahmen eines Prozesses auf h\u00f6chster Qualit\u00e4tsstufe\u00a0 vervollst\u00e4ndigt Arcobaleno die Umwandlung der geschnittenen und gestanzten Teile im Unternehmen mit einer exzellenten Dienstleistung: dem Biegen von Blechen.<br \/>Schnelligkeit in der Ausf\u00fchrung, Materialkenntnis und Pr\u00e4zision sind die St\u00e4rken des Unternehmens.<br \/><em>Keine Maschinenstandzeiten, keine nachzubestellenden Teile, keine Sorgen! <\/em><\/p>\n<p>Die Biegezyklen werden ausgef\u00fchrt mit:<\/p>\n<ul>\n<li>manuellen Biegepressen, die von erfahrenem und qualifiziertem Personal bedient werden<\/li>\n<li>robotergesteuerten automatischen Biegepressen.<\/li>\n<\/ul>\n<p>Arcobaleno biegt Bleche aus Legierungen, Karbonstahl, rostfreiem Stahl, Kupfer, Messing und Aluminium.<\/p>\n<\/div>\n<p><img decoding=\"async\" src=\"\/wp-content\/uploads\/2021\/10\/braccio_robotico.jpg\" alt=\"piegatura robotizzata\"><\/p>\n<h2>Biegebearbeitung und Entwicklungsberechnung: die Pr\u00e4zision unseres Teams<\/h2>\n<div>\n<p>Das <strong>\u00a0Blechbiegen<\/strong>\u00a0 erm\u00f6glicht die Herstellung von Halbfertigprodukten und einfachen oder komplexen Formen, die in der Fertigung weit verbreitet sind.\u00a0<br \/>Die Kante ist das Ergebnis einer Biegung oder Verformung des Blechs, die durch den Sto\u00df des Stempels in eine Matrize hervorgerufen wird und je nach ihrer Amplitude den Biegeradius mitbestimmt.<\/p>\n<p>Die Kenntnis von Techniken, Metallen und Prozessen ist unabdingbar, und Arcobaleno verf\u00fcgt \u00fcber ein <strong>qualifiziertes Team<\/strong>, angefangen von der <strong>Technikabteilung<\/strong>, wo das Projekt in die korrekte Programmierung der automatischen Abkantpresse umgesetzt wird, bis hin zum <strong>Bediener, der die Bleche aufgrund seiner Erfahrung manuell <\/strong>biegt.<br \/>Das Biegen birgt n\u00e4mlich eine ganze Reihe von Problemen, die mit den im Inneren der Metalle entstehenden Spannungen zusammenh\u00e4ngen, allen voran die R\u00fcckfederung.<\/p>\n<p>Innerhalb jeder Platine befindet sich eine &#8222;neutrale Faser&#8220;, die sich verformt, aber nicht dehnt oder zusammenzieht. Beim Biegen dehnen sich die \u00e4u\u00dferen Fasern, w\u00e4hrend sich die inneren Fasern zusammendr\u00fccken und auf die neutrale Faser einwirken und sie nach innen dr\u00fccken. Nach Beendigung der Belastungsphase folgt die Entlastungsphase, in der das Ph\u00e4nomen der R\u00fcckfederung auftritt, d.h. die partielle R\u00fcckformung des Blechs, das dazu neigt, in seinen urspr\u00fcnglichen Zustand zur\u00fcckzukehren. Nach der R\u00fcckfederung kommt es zu einer dauerhaften Verformung\/Biegung.<\/p>\n<\/div>\n<h2>Zur Vertiefung: <span class=\"uk-h2\">Unterschiede zwischen automatischen und bemannten Biegemaschinen.<\/span><\/h2>\n<div>\n<p>Arcobaleno investiert st\u00e4ndig in Technologie, um eine einwandfreie Bearbeitung zu garantieren, ohne dabei die Erfahrung des Menschen zu vergessen, die beim manuellen Biegen von grundlegender Bedeutung ist.<\/p>\n<p>Die Entscheidung f\u00fcr ein bestimmtes Biegesystem h\u00e4ngt von der jeweiligen Aufgabe ab. Ziel ist es, Blechteile innerhalb des vereinbarten Zeitrahmens zu liefern.<\/p>\n<\/div>\n<ul>\n<li>\n<p>        <img decoding=\"async\" src=\"\/wp-content\/uploads\/2021\/10\/piegatura_automatica.jpg\" alt=\"piegatura automatica\"><\/p>\n<h3>Robotisierter Bereich f\u00fcr automatische Blechbiegung: schnell bei gro\u00dfen Chargen <\/h3>\n<div>\n<p>Im Unternehmen gibt es Inseln mit Roboter-Abkantpressen <strong>mit automatischer Werkzeugbest\u00fcckung sowie Be-\/Entladung,<\/strong>, die Tag und Nacht autonom arbeiten<strong>, <\/strong>auch \u00fcber l\u00e4ngere Zeitr\u00e4ume.\u00a0<br \/>Der automatische Werkzeugwechsler l\u00e4uft komplett<strong> zum Vorteil der Bearbeitungsgeschwindigkeit <\/strong>. Das Ausw\u00e4hlen, Finden und Zusammenstellen der richtigen Werkzeuge nimmt Zeit in Anspruch, sogar mehr Zeit als der Biegeprozess, und ist mit einer k\u00f6rperlichen Anstrengung verbunden, die den Produktionsrhythmus w\u00e4hrend des Tages beeintr\u00e4chtigen kann.<\/p>\n<p>Die von Arcobaleno ausgew\u00e4hlten Biegeautomaten garantieren <strong>Pr\u00e4zision <\/strong>bis auf ein Zehntel und eine Standardisierung der Produktion dank der pr\u00e4zisen <strong>Wiederholgenauigkeit der <\/strong>Teile, die dem Design des Kunden entsprechen.<\/p>\n<p>Ideal f\u00fcr die Produktion von Gro\u00dfserien, aber auch flexibel f\u00fcr Kleinserien.<\/p>\n<\/div>\n<\/li>\n<li>\n<p>        <img decoding=\"async\" src=\"\/wp-content\/uploads\/2021\/10\/piegatura_manuale.jpg\" alt=\"piegatura manuale\"><\/p>\n<h3>Manuelles Biegen mit Bediener: Kombination von Erfahrung und Technologie<\/h3>\n<div>\n<p>Die Qualit\u00e4t des Biegens wird qualifizierten Biegern anvertraut, die \u00fcber langj\u00e4hrige Erfahrung in diesem Bereich und eine hochspezialisierte Ausbildung verf\u00fcgen. In der Tat ist der Bediener f\u00fcr die Pr\u00e4zision verantwortlich, indem er die Bewegung des Werkst\u00fccks durch die Maschine begleitet, um das nat\u00fcrliche Verrutschen des Blechs zu vermeiden.\u00a0<br \/>Und nicht nur das. Die besonderen F\u00e4higkeiten des Teams werden durch die von Arcobaleno gew\u00e4hlte Technologie unterst\u00fctzt, die es erm\u00f6glicht, den einfachsten und schnellsten Biegezyklus zugunsten der Produktivit\u00e4t zu konzipieren.<\/p>\n<p>Das Unternehmen verf\u00fcgt \u00fcber 30 elektrische Abkantpressen mit einem maximalen Arbeitsbereich von 4000 mm , um Bleche ohne Gr\u00f6\u00dfenprobleme zu bearbeiten, von kleinen bis zu gro\u00dfen Teilen.<\/p>\n<p>Ideal f\u00fcr die Produktion von Kleinserien.<\/p>\n<\/div>\n<\/li>\n<\/ul>\n<h2>Profilbiegen mit kleinem Radius: am besten im Multibend-Center<\/h2>\n<div>\n<p>Das Biegen von laminierten Materialien ist ein unverzichtbarer Bearbeitungsschritt bei der Herstellung einer Vielzahl von Produkten in vielen Bereichen, vom Bauwesen bis zu den gro\u00dfen Haushaltsger\u00e4ten. In bestimmten Bereichen, wie z. B. bei Produkten zum Heizen oder K\u00fchlen von R\u00e4umen, in denen das Objekt m\u00f6bliert ist, tragen <strong>die \u00e4sthetische Pflege der Au\u00dfenblenden und die Pr\u00e4zision des (im Allgemeinen kleinen) Biegewinkels <\/strong>zur Endqualit\u00e4t des Produkts bei.\u00a0<br \/>Wenn ein solcher Auftrag eingeht, verarbeitet Arcobaleno die Bleche mit einer speziellen Maschine: dem Biegezentrum<\/p>\n<p>Die Herstellung von Blechen mit R\u00e4ndern, die einem minimalen Biegeradius aufweisen, hat sogar einen eigenen Namen: Blechverkleidung. Biegezentren sind die ideale L\u00f6sung f\u00fcr die Herstellung von Blechverkleidungen f\u00fcr die Wei\u00dfwarenindustrie, Heizkessel, Klimaanlagen, M\u00f6bel (Regale, Arbeitsplatten, Gastronomiem\u00f6bel), Industrieschr\u00e4nke, Vorhangw\u00e4nde usw.<\/p>\n<\/div>\n<div>W\u00fcnschen Sie weitere Informationen?<\/div>\n<p>\n    <a href=\"\/de\/kontakte\/\">Kontaktieren <br \/>Sie uns jetzt!<\/a>\n<\/p>\n<p><!--more--><br \/>\n<!-- {\"name\":\"Piegatura con pi\\u00f9 testo\",\"type\":\"layout\",\"children\":[{\"type\":\"section\",\"props\":{\"style\":\"default\",\"width\":\"\",\"vertical_align\":\"\",\"title_position\":\"top-left\",\"title_rotation\":\"left\",\"title_breakpoint\":\"xl\",\"image_position\":\"center-center\",\"image\":\"\",\"padding\":\"none\",\"text_color\":\"light\",\"attributes\":\"\",\"header_transparent\":\"light\",\"header_transparent_noplaceholder\":true},\"children\":[{\"type\":\"row\",\"children\":[{\"type\":\"column\",\"props\":{\"image_position\":\"center-center\",\"media_overlay_gradient\":\"\",\"width_medium\":\"\"},\"children\":[{\"type\":\"slideshow\",\"props\":{\"show_title\":true,\"show_meta\":false,\"show_content\":false,\"show_link\":false,\"show_thumbnail\":false,\"slideshow_min_height\":300,\"slideshow_autoplay_pause\":true,\"nav\":\"dotnav\",\"nav_position\":\"bottom-center\",\"nav_position_margin\":\"medium\",\"nav_align\":\"center\",\"nav_breakpoint\":\"s\",\"thumbnav_width\":\"100\",\"thumbnav_height\":\"75\",\"thumbnav_svg_color\":\"emphasis\",\"slidenav\":\"\",\"slidenav_margin\":\"\",\"slidenav_breakpoint\":\"\",\"slidenav_outside_breakpoint\":\"xl\",\"overlay_position\":\"center\",\"overlay_animation\":\"parallax\",\"title_element\":\"h1\",\"meta_style\":\"meta\",\"meta_align\":\"below-title\",\"meta_element\":\"div\",\"link_text\":\"Read more\",\"link_style\":\"default\",\"margin\":\"default\",\"slideshow_ratio\":\"16:8\",\"slideshow_kenburns\":\"center-left\",\"css\":\".el-element{\\nbackground: linear-gradient(rgba(0,0,0,1) 0%, rgba(0,0,0,0) 50%);\\n}\\n.el-title{\\ncolor: white !important;\\ntext-shadow: 2px 2px 2px #000;\\n}\",\"title_style\":\"h4\",\"text_align\":\"center\",\"text_color\":\"light\",\"overlay_margin\":\"none\"},\"children\":[{\"type\":\"slideshow_item\",\"props\":{\"image\":\"wp-content\\\/uploads\\\/2021\\\/10\\\/arcobaleno_piegatura_robotizzata_rev3.jpg\",\"content\":\"\",\"title\":\"<span class=\\\"uk-font-primary uk-heading-large\\\" style=\\\"color: white;\\\">Blechbiegung <\\\/span><br \\\/>Schnelle Antworten ohne Abstriche bei der Qualit\\u00e4t \",\"image_alt\":\"Blechbiegung \"}}],\"modified\":\"2021-10-16T06:31:56.726Z\",\"name\":\"Slide testata\"}]}]}]},{\"type\":\"section\",\"props\":{\"style\":\"default\",\"width\":\"default\",\"vertical_align\":\"middle\",\"title_position\":\"top-left\",\"title_rotation\":\"left\",\"title_breakpoint\":\"xl\",\"image_position\":\"center-center\"},\"children\":[{\"type\":\"row\",\"children\":[{\"type\":\"column\",\"props\":{\"image_position\":\"center-center\",\"media_overlay_gradient\":\"\",\"width_medium\":\"\"},\"children\":[{\"type\":\"text\",\"props\":{\"margin\":\"default\",\"column_breakpoint\":\"m\",\"content\":\"\n\n<p>Im Rahmen eines Prozesses auf h\\u00f6chster Qualit\\u00e4tsstufe\\u00a0 vervollst\\u00e4ndigt Arcobaleno die Umwandlung der geschnittenen und gestanzten Teile im Unternehmen mit einer exzellenten Dienstleistung: dem Biegen von Blechen.<br \\\/>Schnelligkeit in der Ausf\\u00fchrung, Materialkenntnis und Pr\\u00e4zision sind die St\\u00e4rken des Unternehmens.<br \\\/><em>Keine Maschinenstandzeiten, keine nachzubestellenden Teile, keine Sorgen! <\\\/em><\\\/p>\\n\n\n<p>Die Biegezyklen werden ausgef\\u00fchrt mit:<\\\/p>\\n\n\n<ul>\\n\n\n<li>manuellen Biegepressen, die von erfahrenem und qualifiziertem Personal bedient werden<\\\/li>\\n\n\n<li>robotergesteuerten automatischen Biegepressen.<\\\/li>\\n<\\\/ul>\\n\n\n<p>Arcobaleno biegt Bleche aus Legierungen, Karbonstahl, rostfreiem Stahl, Kupfer, Messing und Aluminium.<\\\/p>\",\"column\":\"1-2\",\"column_divider\":true}}]}]}],\"name\":\"intro\"},{\"type\":\"section\",\"props\":{\"style\":\"secondary\",\"width\":\"default\",\"vertical_align\":\"middle\",\"title_position\":\"top-left\",\"title_rotation\":\"left\",\"title_breakpoint\":\"xl\",\"image_position\":\"center-center\"},\"children\":[{\"type\":\"row\",\"props\":{\"layout\":\"2-5,3-5\",\"divider\":true,\"margin\":\"medium\"},\"children\":[{\"type\":\"column\",\"props\":{\"image_position\":\"center-center\",\"media_overlay_gradient\":\"\",\"width_medium\":\"2-5\"},\"children\":[{\"type\":\"image\",\"props\":{\"margin\":\"default\",\"image_svg_color\":\"emphasis\",\"image\":\"wp-content\\\/uploads\\\/2021\\\/10\\\/braccio_robotico.jpg\",\"image_alt\":\"piegatura robotizzata\"}}]},{\"type\":\"column\",\"props\":{\"image_position\":\"center-center\",\"media_overlay_gradient\":\"\",\"width_medium\":\"3-5\"},\"children\":[{\"type\":\"headline\",\"props\":{\"title_element\":\"h2\",\"title_font_family\":\"primary\",\"content\":\"Biegebearbeitung und Entwicklungsberechnung: die Pr\\u00e4zision unseres Teams\",\"class\":\"a-title\",\"text_align\":\"left\",\"margin_remove_bottom\":true,\"text_align_breakpoint\":\"m\",\"text_align_fallback\":\"center\",\"css\":\"@media (max-width: 616px) { \\n.el-element {\\n    font-size: 0.8em;\\n    }\\n}\"}},{\"type\":\"text\",\"props\":{\"margin\":\"default\",\"column_breakpoint\":\"m\",\"content\":\"\n\n<p>Das <strong>\\u00a0Blechbiegen<\\\/strong>\\u00a0 erm\\u00f6glicht die Herstellung von Halbfertigprodukten und einfachen oder komplexen Formen, die in der Fertigung weit verbreitet sind.\\u00a0<br \\\/>Die Kante ist das Ergebnis einer Biegung oder Verformung des Blechs, die durch den Sto\\u00df des Stempels in eine Matrize hervorgerufen wird und je nach ihrer Amplitude den Biegeradius mitbestimmt.<\\\/p>\\n\n\n<p>Die Kenntnis von Techniken, Metallen und Prozessen ist unabdingbar, und Arcobaleno verf\\u00fcgt \\u00fcber ein <strong>qualifiziertes Team<\\\/strong>, angefangen von der <strong>Technikabteilung<\\\/strong>, wo das Projekt in die korrekte Programmierung der automatischen Abkantpresse umgesetzt wird, bis hin zum <strong>Bediener, der die Bleche aufgrund seiner Erfahrung manuell <\\\/strong>biegt.<br \\\/>Das Biegen birgt n\\u00e4mlich eine ganze Reihe von Problemen, die mit den im Inneren der Metalle entstehenden Spannungen zusammenh\\u00e4ngen, allen voran die R\\u00fcckfederung.<\\\/p>\\n\n\n<p>Innerhalb jeder Platine befindet sich eine \\\"neutrale Faser\\\", die sich verformt, aber nicht dehnt oder zusammenzieht. Beim Biegen dehnen sich die \\u00e4u\\u00dferen Fasern, w\\u00e4hrend sich die inneren Fasern zusammendr\\u00fccken und auf die neutrale Faser einwirken und sie nach innen dr\\u00fccken. Nach Beendigung der Belastungsphase folgt die Entlastungsphase, in der das Ph\\u00e4nomen der R\\u00fcckfederung auftritt, d.h. die partielle R\\u00fcckformung des Blechs, das dazu neigt, in seinen urspr\\u00fcnglichen Zustand zur\\u00fcckzukehren. Nach der R\\u00fcckfederung kommt es zu einer dauerhaften Verformung\\\/Biegung.<\\\/p>\"}}]}]}],\"name\":\"certificazioni\"},{\"type\":\"section\",\"props\":{\"style\":\"secondary\",\"width\":\"default\",\"vertical_align\":\"middle\",\"title_position\":\"top-left\",\"title_rotation\":\"left\",\"title_breakpoint\":\"xl\",\"image_position\":\"center-center\"},\"children\":[{\"type\":\"row\",\"props\":{\"layout\":\"1-2,1-2\",\"column_gap\":\"small\",\"divider\":true},\"children\":[{\"type\":\"column\",\"props\":{\"image_position\":\"center-center\",\"media_overlay_gradient\":\"\",\"width_medium\":\"1-3\"},\"children\":[{\"type\":\"headline\",\"props\":{\"title_element\":\"h2\",\"title_font_family\":\"primary\",\"content\":\"Zur Vertiefung: <span class=\\\"uk-h2\\\">Unterschiede zwischen automatischen und bemannten Biegemaschinen.<\\\/span>\",\"class\":\"\",\"text_align\":\"left\",\"text_align_breakpoint\":\"m\",\"text_align_fallback\":\"center\",\"title_style\":\"h3\",\"css\":\"@media (max-width: 616px) { \\n.el-element, .uk-h2 {\\n    font-size: 0.9em;\\n    }\\n}\"},\"modified\":\"2021-09-16T09:59:40.073Z\",\"name\":\"titolo approfondimento\"}]},{\"type\":\"column\",\"props\":{\"image_position\":\"center-center\",\"media_overlay_gradient\":\"\",\"width_medium\":\"1-2\"},\"children\":[{\"type\":\"text\",\"props\":{\"margin\":\"default\",\"column_breakpoint\":\"m\",\"content\":\"\n\n<p>Arcobaleno investiert st\\u00e4ndig in Technologie, um eine einwandfreie Bearbeitung zu garantieren, ohne dabei die Erfahrung des Menschen zu vergessen, die beim manuellen Biegen von grundlegender Bedeutung ist.<\\\/p>\\n\n\n<p>Die Entscheidung f\\u00fcr ein bestimmtes Biegesystem h\\u00e4ngt von der jeweiligen Aufgabe ab. Ziel ist es, Blechteile innerhalb des vereinbarten Zeitrahmens zu liefern.<\\\/p>\"}}]}]},{\"type\":\"row\",\"children\":[{\"type\":\"column\",\"props\":{\"image_position\":\"center-center\",\"media_overlay_gradient\":\"\"},\"children\":[{\"type\":\"grid\",\"props\":{\"show_title\":true,\"show_meta\":true,\"show_content\":true,\"show_image\":true,\"show_link\":true,\"grid_default\":\"1\",\"grid_medium\":\"2\",\"filter_style\":\"tab\",\"filter_all\":true,\"filter_position\":\"top\",\"filter_align\":\"left\",\"filter_grid_width\":\"auto\",\"filter_grid_breakpoint\":\"m\",\"title_hover_style\":\"reset\",\"title_element\":\"h3\",\"title_align\":\"top\",\"title_grid_width\":\"1-2\",\"title_grid_breakpoint\":\"m\",\"meta_style\":\"meta\",\"meta_align\":\"below-title\",\"meta_element\":\"div\",\"content_column_breakpoint\":\"m\",\"icon_width\":80,\"image_align\":\"top\",\"image_grid_width\":\"1-2\",\"image_grid_breakpoint\":\"m\",\"image_svg_color\":\"emphasis\",\"link_text\":\"Read more\",\"link_style\":\"default\",\"margin\":\"default\",\"item_animation\":true,\"panel_style\":\"card-default\",\"title_style\":\"h4\",\"css\":\".el-title{\\ncolor: #000;\\n}\\n\\n@media (max-width: 616px) { \\n.el-title {\\n    font-size: 0.9em;\\n    }\\n}\"},\"children\":[{\"type\":\"grid_item\",\"props\":{\"title\":\"Robotisierter Bereich f\\u00fcr automatische Blechbiegung: schnell bei gro\\u00dfen Chargen \",\"content\":\"\n\n<p>Im Unternehmen gibt es Inseln mit Roboter-Abkantpressen <strong>mit automatischer Werkzeugbest\\u00fcckung sowie Be-\\\/Entladung,<\\\/strong>, die Tag und Nacht autonom arbeiten<strong>, <\\\/strong>auch \\u00fcber l\\u00e4ngere Zeitr\\u00e4ume.\\u00a0<br \\\/>Der automatische Werkzeugwechsler l\\u00e4uft komplett<strong> zum Vorteil der Bearbeitungsgeschwindigkeit <\\\/strong>. Das Ausw\\u00e4hlen, Finden und Zusammenstellen der richtigen Werkzeuge nimmt Zeit in Anspruch, sogar mehr Zeit als der Biegeprozess, und ist mit einer k\\u00f6rperlichen Anstrengung verbunden, die den Produktionsrhythmus w\\u00e4hrend des Tages beeintr\\u00e4chtigen kann.<\\\/p>\\n\n\n<p>Die von Arcobaleno ausgew\\u00e4hlten Biegeautomaten garantieren <strong>Pr\\u00e4zision <\\\/strong>bis auf ein Zehntel und eine Standardisierung der Produktion dank der pr\\u00e4zisen <strong>Wiederholgenauigkeit der <\\\/strong>Teile, die dem Design des Kunden entsprechen.<\\\/p>\\n\n\n<p>Ideal f\\u00fcr die Produktion von Gro\\u00dfserien, aber auch flexibel f\\u00fcr Kleinserien.<\\\/p>\",\"image\":\"wp-content\\\/uploads\\\/2021\\\/10\\\/piegatura_automatica.jpg\",\"image_alt\":\"piegatura automatica\"}},{\"type\":\"grid_item\",\"props\":{\"title\":\"Manuelles Biegen mit Bediener: Kombination von Erfahrung und Technologie\",\"content\":\"\n\n<p>Die Qualit\\u00e4t des Biegens wird qualifizierten Biegern anvertraut, die \\u00fcber langj\\u00e4hrige Erfahrung in diesem Bereich und eine hochspezialisierte Ausbildung verf\\u00fcgen. In der Tat ist der Bediener f\\u00fcr die Pr\\u00e4zision verantwortlich, indem er die Bewegung des Werkst\\u00fccks durch die Maschine begleitet, um das nat\\u00fcrliche Verrutschen des Blechs zu vermeiden.\\u00a0<br \\\/>Und nicht nur das. Die besonderen F\\u00e4higkeiten des Teams werden durch die von Arcobaleno gew\\u00e4hlte Technologie unterst\\u00fctzt, die es erm\\u00f6glicht, den einfachsten und schnellsten Biegezyklus zugunsten der Produktivit\\u00e4t zu konzipieren.<\\\/p>\\n\n\n<p>Das Unternehmen verf\\u00fcgt \\u00fcber 30 elektrische Abkantpressen mit einem maximalen Arbeitsbereich von 4000 mm , um Bleche ohne Gr\\u00f6\\u00dfenprobleme zu bearbeiten, von kleinen bis zu gro\\u00dfen Teilen.<\\\/p>\\n\n\n<p>Ideal f\\u00fcr die Produktion von Kleinserien.<\\\/p>\",\"image\":\"wp-content\\\/uploads\\\/2021\\\/10\\\/piegatura_manuale.jpg\",\"image_alt\":\"piegatura manuale\"}}]}]}]}]},{\"type\":\"section\",\"props\":{\"style\":\"default\",\"width\":\"default\",\"vertical_align\":\"middle\",\"title_position\":\"top-left\",\"title_rotation\":\"left\",\"title_breakpoint\":\"xl\",\"image_position\":\"center-center\"},\"children\":[{\"type\":\"row\",\"children\":[{\"type\":\"column\",\"props\":{\"image_position\":\"center-center\",\"media_overlay_gradient\":\"\"},\"children\":[{\"type\":\"headline\",\"props\":{\"title_element\":\"h2\",\"title_font_family\":\"primary\",\"content\":\"Profilbiegen mit kleinem Radius: am besten im Multibend-Center\",\"class\":\"a-title\",\"text_align\":\"center\",\"title_style\":\"h2\",\"margin_remove_bottom\":true,\"text_align_breakpoint\":\"m\",\"text_align_fallback\":\"center\",\"css\":\"@media (max-width: 616px) { \\n.el-element {\\n    font-size: 1.2em;\\n    }\\n}\"}},{\"type\":\"text\",\"props\":{\"margin\":\"default\",\"column_breakpoint\":\"m\",\"content\":\"\n\n<p>Das Biegen von laminierten Materialien ist ein unverzichtbarer Bearbeitungsschritt bei der Herstellung einer Vielzahl von Produkten in vielen Bereichen, vom Bauwesen bis zu den gro\\u00dfen Haushaltsger\\u00e4ten. In bestimmten Bereichen, wie z. B. bei Produkten zum Heizen oder K\\u00fchlen von R\\u00e4umen, in denen das Objekt m\\u00f6bliert ist, tragen <strong>die \\u00e4sthetische Pflege der Au\\u00dfenblenden und die Pr\\u00e4zision des (im Allgemeinen kleinen) Biegewinkels <\\\/strong>zur Endqualit\\u00e4t des Produkts bei.\\u00a0<br \\\/>Wenn ein solcher Auftrag eingeht, verarbeitet Arcobaleno die Bleche mit einer speziellen Maschine: dem Biegezentrum<\\\/p>\\n\n\n<p>Die Herstellung von Blechen mit R\\u00e4ndern, die einem minimalen Biegeradius aufweisen, hat sogar einen eigenen Namen: Blechverkleidung. Biegezentren sind die ideale L\\u00f6sung f\\u00fcr die Herstellung von Blechverkleidungen f\\u00fcr die Wei\\u00dfwarenindustrie, Heizkessel, Klimaanlagen, M\\u00f6bel (Regale, Arbeitsplatten, Gastronomiem\\u00f6bel), Industrieschr\\u00e4nke, Vorhangw\\u00e4nde usw.<\\\/p>\",\"column\":\"1-2\"}}]}]}]},{\"type\":\"section\",\"props\":{\"style\":\"default\",\"width\":\"default\",\"vertical_align\":\"middle\",\"title_position\":\"top-left\",\"title_rotation\":\"left\",\"title_breakpoint\":\"xl\",\"image_position\":\"center-center\",\"image\":\"wp-content\\\/uploads\\\/2021\\\/08\\\/ICONA_METALLO.jpg\",\"image_size\":\"cover\",\"media_overlay_gradient\":\"background: rgb(245,245,245); background: radial-gradient(circle, rgba(245,245,245,1) 0%, rgba(91,91,91,0.7875744047619048) 100%);\"},\"children\":[{\"type\":\"row\",\"props\":{\"layout\":\"2-3,1-3\"},\"children\":[{\"type\":\"column\",\"props\":{\"image_position\":\"center-center\",\"media_overlay_gradient\":\"\",\"width_medium\":\"2-3\"},\"children\":[{\"type\":\"headline\",\"props\":{\"title_element\":\"div\",\"content\":\"W\\u00fcnschen Sie weitere Informationen?\",\"title_style\":\"h1\"},\"modified\":\"2021-12-10T21:12:25.370Z\",\"name\":\"MAx info DE\"}]},{\"type\":\"column\",\"props\":{\"image_position\":\"center-center\",\"media_overlay_gradient\":\"\",\"width_medium\":\"1-3\",\"vertical_align\":\"middle\"},\"children\":[{\"type\":\"button\",\"props\":{\"grid_column_gap\":\"small\",\"grid_row_gap\":\"small\",\"margin\":\"default\",\"fullwidth\":true,\"button_size\":\"large\",\"css\":\".uk-button-large {\\n    padding: 10px 40px;\\n    line-height: 53px;\\n    font-size: 18px;\\n    line-height: 1.2em;\\n}\"},\"children\":[{\"type\":\"button_item\",\"props\":{\"button_style\":\"secondary\",\"icon_align\":\"left\",\"content\":\"Kontaktieren <br \\\/>Sie uns jetzt!\",\"link\":\"de\\\/kontakte\\\/\"}}],\"modified\":\"2021-12-09T14:15:46.735Z\",\"name\":\"kontact DE\"}]}]}]}],\"version\":\"2.5.10\",\"yooessentialsVersion\":\"1.5.8\"} --><\/p>\n","protected":false},"excerpt":{"rendered":"<p>Blechbiegung Schnelle Antworten ohne Abstriche bei der Qualit\u00e4t Im Rahmen eines Prozesses auf h\u00f6chster Qualit\u00e4tsstufe\u00a0 vervollst\u00e4ndigt Arcobaleno die Umwandlung der geschnittenen und gestanzten Teile im Unternehmen mit einer exzellenten Dienstleistung: dem Biegen von Blechen.Schnelligkeit in der Ausf\u00fchrung, Materialkenntnis und Pr\u00e4zision sind die St\u00e4rken des Unternehmens.Keine Maschinenstandzeiten, keine nachzubestellenden Teile, keine Sorgen! Die Biegezyklen werden ausgef\u00fchrt [&hellip;]<\/p>\n","protected":false},"author":3,"featured_media":0,"parent":0,"menu_order":0,"comment_status":"closed","ping_status":"closed","template":"","meta":{"om_disable_all_campaigns":false,"inline_featured_image":false,"_monsterinsights_skip_tracking":false,"_monsterinsights_sitenote_active":false,"_monsterinsights_sitenote_note":"","_monsterinsights_sitenote_category":0,"footnotes":""},"class_list":["post-2780","page","type-page","status-publish","hentry"],"aioseo_notices":[],"_links":{"self":[{"href":"https:\/\/www.arcobalenolamiere.com\/de\/wp-json\/wp\/v2\/pages\/2780","targetHints":{"allow":["GET"]}}],"collection":[{"href":"https:\/\/www.arcobalenolamiere.com\/de\/wp-json\/wp\/v2\/pages"}],"about":[{"href":"https:\/\/www.arcobalenolamiere.com\/de\/wp-json\/wp\/v2\/types\/page"}],"author":[{"embeddable":true,"href":"https:\/\/www.arcobalenolamiere.com\/de\/wp-json\/wp\/v2\/users\/3"}],"replies":[{"embeddable":true,"href":"https:\/\/www.arcobalenolamiere.com\/de\/wp-json\/wp\/v2\/comments?post=2780"}],"version-history":[{"count":7,"href":"https:\/\/www.arcobalenolamiere.com\/de\/wp-json\/wp\/v2\/pages\/2780\/revisions"}],"predecessor-version":[{"id":3512,"href":"https:\/\/www.arcobalenolamiere.com\/de\/wp-json\/wp\/v2\/pages\/2780\/revisions\/3512"}],"wp:attachment":[{"href":"https:\/\/www.arcobalenolamiere.com\/de\/wp-json\/wp\/v2\/media?parent=2780"}],"curies":[{"name":"wp","href":"https:\/\/api.w.org\/{rel}","templated":true}]}}