{"id":2788,"date":"2021-09-13T09:10:35","date_gmt":"2021-09-13T09:10:35","guid":{"rendered":"https:\/\/www.rmpercomunicare.it\/costruzione_siti\/arcobaleno\/saldatura-lamiera\/"},"modified":"2021-12-14T21:31:51","modified_gmt":"2021-12-14T21:31:51","slug":"schweissen-von-blechen","status":"publish","type":"page","link":"https:\/\/www.arcobalenolamiere.com\/de\/schweissen-von-blechen\/","title":{"rendered":"Schwei\u00dfen von Blechen"},"content":{"rendered":"<div>\n<p>    <img decoding=\"async\" src=\"\/wp-content\/uploads\/2021\/10\/saldatura-lamiera.jpg\" alt=\"Schwei\u00dfen von Blechen\"><\/p>\n<h1><span class=\"uk-font-primary uk-heading-large\">Schwei\u00dfen <br \/> von Blechen<\/span><br \/>Keine Einschr\u00e4nkung der zu schwei\u00dfenden Metalle, auch Aluminium<\/h1>\n<\/div>\n<div>\n<p><strong>Blechschwei\u00dfen <\/strong>ohne Grenzen! Alle Materialien, die Arcobaleno schneidet (Karbonstahl, Edelstahl, legierte Bleche, Messing, Kupfer und Aluminium), werden in den entsprechenden Stationen des Werks auch durch Schwei\u00dfen verarbeitet.\u00a0<\/p>\n<p>Arcobaleno verarbeitet zum Beispiel auch Aluminiumbleche, ein Material, das aufgrund seiner Vielseitigkeit und Formbarkeit in der Industrie immer h\u00e4ufiger eingesetzt wird. Das\u00a0<strong>Schwei\u00dfen von Aluminium<\/strong>\u00a0 kann jedoch kompliziert sein, insbesondere bei geringen St\u00e4rken. Um eine saubere und dauerhafte Schwei\u00dfnaht zu erzielen, ist neben Erfahrung auch die richtige Technologie erforderlich. Arcobaleno verf\u00fcgt \u00fcber eine WIG-Schwei\u00dfstation, die ideal f\u00fcr das Schwei\u00dfen von d\u00fcnnen Blechen mit Pr\u00e4zision und ohne Material\u00fcberschuss ist.\u00a0<\/p>\n<\/div>\n<p><img decoding=\"async\" src=\"\/wp-content\/uploads\/2021\/10\/testata_saldatura.jpg\" alt=\"puntatura lamiera\"><\/p>\n<h2>Saubere und pr\u00e4zise Schwei\u00dfn\u00e4hte f\u00fcr ein hochwertiges \u00e4sthetisches Ergebnis<\/h2>\n<div>\n<p>Worin besteht Blechschwei\u00dfen? Beim Schwei\u00dfen werden zwei Metallteile ohne \u00e4u\u00dfere Krafteinwirkung miteinander verbunden, indem die nahe beieinander liegenden Kanten der zu verbindenden Teile mit oder ohne Zusatzwerkstoff zusammengeschwei\u00dft werden.<\/p>\n<p>Arcobaleno ist in der Lage, qualitativ hochwertiges geschwei\u00dftes Material zu liefern durch den Einsatz von<\/p>\n<ul>\n<li>Drahtschwei\u00dfern<\/li>\n<li>robotisierten Schwei\u00dfinseln<\/li>\n<li>WIG-Schwei\u00dfern<\/li>\n<li>mit kapazitiver Entladung.<\/li>\n<\/ul>\n<\/div>\n<h2>WIG-Schwei\u00dfbereich f\u00fcr Bleche<\/h2>\n<div>\n<p>Eine der St\u00e4rken von Arcobaleno ist ein Bereich mit \u00a0<strong>WIG-Schwei\u00dfger\u00e4ten<\/strong>\u00a0, die das Werkst\u00fcck mit Hilfe eines Roboters laden und mit \u00e4u\u00dferster Pr\u00e4zision und Sauberkeit schwei\u00dfen. Es ist nicht notwendig, die Schwei\u00dfnaht nach der Bearbeitung zu schleifen. Deshalb ist es die beste L\u00f6sung, um schnell eine Schwei\u00dfnaht von hoher \u00e4sthetischer Qualit\u00e4t zu erhalten, auch an den R\u00e4ndern.<\/p>\n<\/div>\n<h2>Heftschwei\u00dfen und Schwei\u00dfen: Jede Wahl wird von der Erfahrung bestimmt<\/h2>\n<div>\n<p>\u00a0<strong>Vertikales Elektroschwei\u00dfen<\/strong>\u00a0, auch bekannt als Elektroschwei\u00dfen\/N\u00e4hen, ist ein Schwei\u00dfverfahren, bei dem elektrische Energie verwendet wird, um Metallteile miteinander zu verbinden. Die beiden Blechteile werden aneinandergelegt, und die Elektrode erzeugt einen Lichtbogen, der das Material zum Schmelzen bringt und verbindet.<\/p>\n<p><strong>Heftschwei\u00dfen <\/strong>ist die optimale L\u00f6sung f\u00fcr die Schwei\u00dfung von Bauteilen, die mechanisch nicht stark beansprucht werden oder bei denen eine dichte Verbindung nicht erforderlich ist. Arcobaleno ist in der Lage, heftgeschwei\u00dftes Material unter Einsatz vertikaler Heftschwei\u00dfer zu liefern.<\/p>\n<\/div>\n<h2>Qualifiziertes Team mit Schwei\u00dferschein<\/h2>\n<div>\n<p>Die Schwei\u00dfabteilung verf\u00fcgt nicht nur \u00fcber modernste Technik, sondern auch \u00fcber ein qualifiziertes Team mit einer Lizenz. Diese Zertifizierung garantiert die F\u00e4higkeit, gem\u00e4\u00df den Qualit\u00e4tsanforderungen der wichtigsten europ\u00e4ischen Normen zu schwei\u00dfen.<\/p>\n<p>Unterst\u00fctzt von einem kompetenten Team f\u00fchrt Arcobaleno<\/p>\n<ul>\n<li>Qualit\u00e4tsschwei\u00dfungen (auch bei Aluminium und d\u00fcnnen Wandst\u00e4rken) aus, die nicht nachbearbeitet werden m\u00fcssen, und<\/li>\n<li>entspricht den Sicherheitsanforderungen<\/li>\n<li>minimiert Abweichungen<\/li>\n<li>standardisiert den Schwei\u00dfprozess und sorgt f\u00fcr eine gleichm\u00e4\u00dfige Verarbeitung aller Teile;<\/li>\n<li>erh\u00f6ht die Produktivit\u00e4t.<\/li>\n<\/ul>\n<\/div>\n<div>W\u00fcnschen Sie weitere Informationen?<\/div>\n<p>\n    <a href=\"\/de\/kontakte\/\">Kontaktieren <br \/>Sie uns jetzt!<\/a>\n<\/p>\n<p><!--more--><br \/>\n<!-- {\"name\":\"lavorazione_head_ok\",\"type\":\"layout\",\"children\":[{\"type\":\"section\",\"props\":{\"style\":\"default\",\"width\":\"\",\"vertical_align\":\"middle\",\"title_position\":\"top-left\",\"title_rotation\":\"left\",\"title_breakpoint\":\"xl\",\"image_position\":\"center-center\",\"image\":\"\",\"image_size\":\"cover\",\"padding\":\"none\",\"header_transparent\":\"dark\",\"header_transparent_noplaceholder\":true},\"children\":[{\"type\":\"row\",\"children\":[{\"type\":\"column\",\"props\":{\"image_position\":\"center-center\",\"media_overlay_gradient\":\"\",\"text_color\":\"light\"},\"children\":[{\"type\":\"slideshow\",\"props\":{\"show_title\":true,\"show_meta\":true,\"show_content\":true,\"show_link\":true,\"show_thumbnail\":true,\"slideshow_min_height\":300,\"slideshow_autoplay_pause\":true,\"nav\":\"\",\"nav_position\":\"bottom-center\",\"nav_position_margin\":\"medium\",\"nav_align\":\"center\",\"nav_breakpoint\":\"s\",\"thumbnav_width\":\"100\",\"thumbnav_height\":\"75\",\"thumbnav_svg_color\":\"emphasis\",\"slidenav\":\"default\",\"slidenav_margin\":\"medium\",\"slidenav_breakpoint\":\"s\",\"slidenav_outside_breakpoint\":\"xl\",\"overlay_position\":\"center\",\"overlay_animation\":\"parallax\",\"title_element\":\"h1\",\"meta_style\":\"meta\",\"meta_align\":\"below-title\",\"meta_element\":\"div\",\"link_text\":\"Read more\",\"link_style\":\"default\",\"margin\":\"default\",\"slideshow_ratio\":\"16:8\",\"slideshow_kenburns\":\"top-left\",\"css\":\".el-title{\\ncolor: white !important;\\ntext-shadow: 2px 2px 2px #000;\\n\\n}\",\"title_style\":\"h4\",\"text_align\":\"center\"},\"children\":[{\"type\":\"slideshow_item\",\"props\":{\"image\":\"wp-content\\\/uploads\\\/2021\\\/10\\\/saldatura-lamiera.jpg\",\"content\":\"\",\"title\":\"<span class=\\\"uk-font-primary uk-heading-large\\\">Schwei\\u00dfen <br \/> von Blechen<\\\/span><br \\\/>Keine Einschr\\u00e4nkung der zu schwei\\u00dfenden Metalle, auch Aluminium\",\"image_alt\":\"Schwei\\u00dfen von Blechen\"}}],\"modified\":\"2021-09-28T07:49:49.866Z\",\"name\":\"Slider testata home\"}]}]}]},{\"type\":\"section\",\"props\":{\"style\":\"default\",\"width\":\"default\",\"vertical_align\":\"middle\",\"title_position\":\"top-left\",\"title_rotation\":\"left\",\"title_breakpoint\":\"xl\",\"image_position\":\"center-center\"},\"children\":[{\"type\":\"row\",\"props\":{\"layout\":\"1-2,1-2\"},\"children\":[{\"type\":\"column\",\"props\":{\"image_position\":\"center-center\",\"media_overlay_gradient\":\"\",\"width_medium\":\"1-2\"},\"children\":[{\"type\":\"text\",\"props\":{\"margin\":\"default\",\"column_breakpoint\":\"m\",\"content\":\"\n\n<p><strong>Blechschwei\\u00dfen <\\\/strong>ohne Grenzen! Alle Materialien, die Arcobaleno schneidet (Karbonstahl, Edelstahl, legierte Bleche, Messing, Kupfer und Aluminium), werden in den entsprechenden Stationen des Werks auch durch Schwei\\u00dfen verarbeitet.\\u00a0<\\\/p>\\n\n\n<p>Arcobaleno verarbeitet zum Beispiel auch Aluminiumbleche, ein Material, das aufgrund seiner Vielseitigkeit und Formbarkeit in der Industrie immer h\\u00e4ufiger eingesetzt wird. Das\\u00a0<strong>Schwei\\u00dfen von Aluminium<\\\/strong>\\u00a0 kann jedoch kompliziert sein, insbesondere bei geringen St\\u00e4rken. Um eine saubere und dauerhafte Schwei\\u00dfnaht zu erzielen, ist neben Erfahrung auch die richtige Technologie erforderlich. Arcobaleno verf\\u00fcgt \\u00fcber eine WIG-Schwei\\u00dfstation, die ideal f\\u00fcr das Schwei\\u00dfen von d\\u00fcnnen Blechen mit Pr\\u00e4zision und ohne Material\\u00fcberschuss ist.\\u00a0<\\\/p>\"}}]},{\"type\":\"column\",\"props\":{\"image_position\":\"center-center\",\"media_overlay_gradient\":\"\",\"width_medium\":\"1-2\"},\"children\":[{\"type\":\"image\",\"props\":{\"margin\":\"default\",\"image_svg_color\":\"emphasis\",\"image\":\"wp-content\\\/uploads\\\/2021\\\/10\\\/testata_saldatura.jpg\",\"image_alt\":\"puntatura lamiera\",\"position\":\"relative\",\"position_z_index\":\"1\",\"image_box_shadow\":\"large\",\"text_align\":\"left\",\"text_align_breakpoint\":\"m\",\"text_align_fallback\":\"center\"}}]}]},{\"type\":\"row\",\"props\":{\"layout\":\"1-2,1-2\"},\"children\":[{\"type\":\"column\",\"props\":{\"image_position\":\"center-center\",\"media_overlay_gradient\":\"\",\"width_medium\":\"1-2\"},\"children\":[{\"type\":\"headline\",\"props\":{\"title_element\":\"h2\",\"title_font_family\":\"primary\",\"content\":\"Saubere und pr\\u00e4zise Schwei\\u00dfn\\u00e4hte f\\u00fcr ein hochwertiges \\u00e4sthetisches Ergebnis\",\"class\":\"a-title\",\"text_align\":\"left\",\"title_style\":\"h1\",\"margin_remove_bottom\":true,\"text_align_breakpoint\":\"m\",\"text_align_fallback\":\"center\"}}]},{\"type\":\"column\",\"props\":{\"image_position\":\"center-center\",\"media_overlay_gradient\":\"\",\"width_medium\":\"1-2\",\"order_first\":\"\",\"style\":\"secondary\"},\"children\":[{\"type\":\"text\",\"props\":{\"margin\":\"default\",\"column_breakpoint\":\"m\",\"content\":\"\n\n<p>Worin besteht Blechschwei\\u00dfen? Beim Schwei\\u00dfen werden zwei Metallteile ohne \\u00e4u\\u00dfere Krafteinwirkung miteinander verbunden, indem die nahe beieinander liegenden Kanten der zu verbindenden Teile mit oder ohne Zusatzwerkstoff zusammengeschwei\\u00dft werden.<\\\/p>\\n\n\n<p>Arcobaleno ist in der Lage, qualitativ hochwertiges geschwei\\u00dftes Material zu liefern durch den Einsatz von<\\\/p>\\n\n\n<ul>\\n\n\n<li>Drahtschwei\\u00dfern<\\\/li>\\n\n\n<li>robotisierten Schwei\\u00dfinseln<\\\/li>\\n\n\n<li>WIG-Schwei\\u00dfern<\\\/li>\\n\n\n<li>mit kapazitiver Entladung.<\\\/li>\\n<\\\/ul>\"}}]}]}],\"name\":\"intro\"},{\"type\":\"section\",\"props\":{\"style\":\"secondary\",\"width\":\"default\",\"vertical_align\":\"middle\",\"title_position\":\"top-left\",\"title_rotation\":\"left\",\"title_breakpoint\":\"xl\",\"image_position\":\"center-center\"},\"children\":[{\"type\":\"row\",\"children\":[{\"type\":\"column\",\"props\":{\"image_position\":\"center-center\",\"media_overlay_gradient\":\"\",\"width_medium\":\"1-3\"},\"children\":[{\"type\":\"headline\",\"props\":{\"title_element\":\"h2\",\"title_font_family\":\"secondary\",\"content\":\"WIG-Schwei\\u00dfbereich f\\u00fcr Bleche\",\"class\":\"a-title\",\"text_align\":\"left\",\"title_style\":\"h1\",\"margin_remove_bottom\":true,\"text_align_breakpoint\":\"m\",\"text_align_fallback\":\"center\",\"css\":\".el-element{\\nletter-spacing: -1px;\\n}\"}},{\"type\":\"text\",\"props\":{\"margin\":\"default\",\"column_breakpoint\":\"m\",\"content\":\"\n\n<p>Eine der St\\u00e4rken von Arcobaleno ist ein Bereich mit \\u00a0<strong>WIG-Schwei\\u00dfger\\u00e4ten<\\\/strong>\\u00a0, die das Werkst\\u00fcck mit Hilfe eines Roboters laden und mit \\u00e4u\\u00dferster Pr\\u00e4zision und Sauberkeit schwei\\u00dfen. Es ist nicht notwendig, die Schwei\\u00dfnaht nach der Bearbeitung zu schleifen. Deshalb ist es die beste L\\u00f6sung, um schnell eine Schwei\\u00dfnaht von hoher \\u00e4sthetischer Qualit\\u00e4t zu erhalten, auch an den R\\u00e4ndern.<\\\/p>\"}}]},{\"type\":\"column\",\"props\":{\"image_position\":\"center-center\",\"media_overlay_gradient\":\"\",\"width_medium\":\"1-3\"},\"children\":[{\"type\":\"headline\",\"props\":{\"title_element\":\"h2\",\"title_font_family\":\"secondary\",\"content\":\"Heftschwei\\u00dfen und Schwei\\u00dfen: Jede Wahl wird von der Erfahrung bestimmt\",\"class\":\"a-title\",\"text_align\":\"left\",\"title_style\":\"h1\",\"margin_remove_bottom\":true,\"text_align_breakpoint\":\"m\",\"text_align_fallback\":\"center\"}},{\"type\":\"text\",\"props\":{\"margin\":\"default\",\"column_breakpoint\":\"m\",\"content\":\"\n\n<p>\\u00a0<strong>Vertikales Elektroschwei\\u00dfen<\\\/strong>\\u00a0, auch bekannt als Elektroschwei\\u00dfen\\\/N\\u00e4hen, ist ein Schwei\\u00dfverfahren, bei dem elektrische Energie verwendet wird, um Metallteile miteinander zu verbinden. Die beiden Blechteile werden aneinandergelegt, und die Elektrode erzeugt einen Lichtbogen, der das Material zum Schmelzen bringt und verbindet.<\\\/p>\\n\n\n<p><strong>Heftschwei\\u00dfen <\\\/strong>ist die optimale L\\u00f6sung f\\u00fcr die Schwei\\u00dfung von Bauteilen, die mechanisch nicht stark beansprucht werden oder bei denen eine dichte Verbindung nicht erforderlich ist. Arcobaleno ist in der Lage, heftgeschwei\\u00dftes Material unter Einsatz vertikaler Heftschwei\\u00dfer zu liefern.<\\\/p>\"}}]},{\"type\":\"column\",\"props\":{\"image_position\":\"center-center\",\"media_overlay_gradient\":\"\",\"width_medium\":\"1-3\"},\"children\":[{\"type\":\"headline\",\"props\":{\"title_element\":\"h2\",\"title_font_family\":\"secondary\",\"content\":\"Qualifiziertes Team mit Schwei\\u00dferschein\",\"class\":\"a-title\",\"text_align\":\"left\",\"title_style\":\"h1\",\"margin_remove_bottom\":true,\"text_align_breakpoint\":\"m\",\"text_align_fallback\":\"center\"}},{\"type\":\"text\",\"props\":{\"margin\":\"default\",\"column_breakpoint\":\"m\",\"content\":\"\n\n<p>Die Schwei\\u00dfabteilung verf\\u00fcgt nicht nur \\u00fcber modernste Technik, sondern auch \\u00fcber ein qualifiziertes Team mit einer Lizenz. Diese Zertifizierung garantiert die F\\u00e4higkeit, gem\\u00e4\\u00df den Qualit\\u00e4tsanforderungen der wichtigsten europ\\u00e4ischen Normen zu schwei\\u00dfen.<\\\/p>\\n\n\n<p>Unterst\\u00fctzt von einem kompetenten Team f\\u00fchrt Arcobaleno<\\\/p>\\n\n\n<ul>\\n\n\n<li>Qualit\\u00e4tsschwei\\u00dfungen (auch bei Aluminium und d\\u00fcnnen Wandst\\u00e4rken) aus, die nicht nachbearbeitet werden m\\u00fcssen, und<\\\/li>\\n\n\n<li>entspricht den Sicherheitsanforderungen<\\\/li>\\n\n\n<li>minimiert Abweichungen<\\\/li>\\n\n\n<li>standardisiert den Schwei\\u00dfprozess und sorgt f\\u00fcr eine gleichm\\u00e4\\u00dfige Verarbeitung aller Teile;<\\\/li>\\n\n\n<li>erh\\u00f6ht die Produktivit\\u00e4t.<\\\/li>\\n<\\\/ul>\"}}]}],\"props\":{\"layout\":\"1-3,1-3,1-3\",\"divider\":true}}],\"name\":\"certificazioni\"},{\"type\":\"section\",\"props\":{\"style\":\"default\",\"width\":\"default\",\"vertical_align\":\"middle\",\"title_position\":\"top-left\",\"title_rotation\":\"left\",\"title_breakpoint\":\"xl\",\"image_position\":\"center-center\",\"image\":\"wp-content\\\/uploads\\\/2021\\\/08\\\/ICONA_METALLO.jpg\",\"image_size\":\"cover\",\"media_overlay_gradient\":\"background: rgb(245,245,245); background: radial-gradient(circle, rgba(245,245,245,1) 0%, rgba(91,91,91,0.7875744047619048) 100%);\"},\"children\":[{\"type\":\"row\",\"props\":{\"layout\":\"2-3,1-3\"},\"children\":[{\"type\":\"column\",\"props\":{\"image_position\":\"center-center\",\"media_overlay_gradient\":\"\",\"width_medium\":\"2-3\"},\"children\":[{\"type\":\"headline\",\"props\":{\"title_element\":\"div\",\"content\":\"W\\u00fcnschen Sie weitere Informationen?\",\"title_style\":\"h1\"},\"modified\":\"2021-12-10T21:12:25.370Z\",\"name\":\"MAx info DE\"}]},{\"type\":\"column\",\"props\":{\"image_position\":\"center-center\",\"media_overlay_gradient\":\"\",\"width_medium\":\"1-3\",\"vertical_align\":\"middle\"},\"children\":[{\"type\":\"button\",\"props\":{\"grid_column_gap\":\"small\",\"grid_row_gap\":\"small\",\"margin\":\"default\",\"fullwidth\":true,\"button_size\":\"large\",\"css\":\".uk-button-large {\\n    padding: 10px 40px;\\n    line-height: 53px;\\n    font-size: 18px;\\n    line-height: 1.2em;\\n}\"},\"children\":[{\"type\":\"button_item\",\"props\":{\"button_style\":\"secondary\",\"icon_align\":\"left\",\"content\":\"Kontaktieren <br \\\/>Sie uns jetzt!\",\"link\":\"de\\\/kontakte\\\/\"}}],\"modified\":\"2021-12-09T14:15:46.735Z\",\"name\":\"kontact DE\"}]}]}]}],\"version\":\"2.5.10\",\"yooessentialsVersion\":\"1.5.8\"} --><\/p>\n","protected":false},"excerpt":{"rendered":"<p>Schwei\u00dfen von BlechenKeine Einschr\u00e4nkung der zu schwei\u00dfenden Metalle, auch Aluminium Blechschwei\u00dfen ohne Grenzen! Alle Materialien, die Arcobaleno schneidet (Karbonstahl, Edelstahl, legierte Bleche, Messing, Kupfer und Aluminium), werden in den entsprechenden Stationen des Werks auch durch Schwei\u00dfen verarbeitet.\u00a0 Arcobaleno verarbeitet zum Beispiel auch Aluminiumbleche, ein Material, das aufgrund seiner Vielseitigkeit und Formbarkeit in der Industrie immer [&hellip;]<\/p>\n","protected":false},"author":3,"featured_media":0,"parent":0,"menu_order":0,"comment_status":"closed","ping_status":"closed","template":"","meta":{"om_disable_all_campaigns":false,"inline_featured_image":false,"_monsterinsights_skip_tracking":false,"_monsterinsights_sitenote_active":false,"_monsterinsights_sitenote_note":"","_monsterinsights_sitenote_category":0,"footnotes":""},"class_list":["post-2788","page","type-page","status-publish","hentry"],"aioseo_notices":[],"_links":{"self":[{"href":"https:\/\/www.arcobalenolamiere.com\/de\/wp-json\/wp\/v2\/pages\/2788","targetHints":{"allow":["GET"]}}],"collection":[{"href":"https:\/\/www.arcobalenolamiere.com\/de\/wp-json\/wp\/v2\/pages"}],"about":[{"href":"https:\/\/www.arcobalenolamiere.com\/de\/wp-json\/wp\/v2\/types\/page"}],"author":[{"embeddable":true,"href":"https:\/\/www.arcobalenolamiere.com\/de\/wp-json\/wp\/v2\/users\/3"}],"replies":[{"embeddable":true,"href":"https:\/\/www.arcobalenolamiere.com\/de\/wp-json\/wp\/v2\/comments?post=2788"}],"version-history":[{"count":5,"href":"https:\/\/www.arcobalenolamiere.com\/de\/wp-json\/wp\/v2\/pages\/2788\/revisions"}],"predecessor-version":[{"id":3514,"href":"https:\/\/www.arcobalenolamiere.com\/de\/wp-json\/wp\/v2\/pages\/2788\/revisions\/3514"}],"wp:attachment":[{"href":"https:\/\/www.arcobalenolamiere.com\/de\/wp-json\/wp\/v2\/media?parent=2788"}],"curies":[{"name":"wp","href":"https:\/\/api.w.org\/{rel}","templated":true}]}}