{"id":2797,"date":"2021-09-16T10:06:04","date_gmt":"2021-09-16T10:06:04","guid":{"rendered":"https:\/\/www.rmpercomunicare.it\/costruzione_siti\/arcobaleno\/settori\/"},"modified":"2021-12-15T15:54:53","modified_gmt":"2021-12-15T15:54:53","slug":"sektoren","status":"publish","type":"page","link":"https:\/\/www.arcobalenolamiere.com\/de\/sektoren\/","title":{"rendered":"Sektoren"},"content":{"rendered":"<div>\n<p>    <img decoding=\"async\" src=\"\/wp-content\/uploads\/2021\/12\/Testata-settori.jpg\" alt=\"Settori\"><\/p>\n<h1><span class=\"uk-font-primary uk-heading-large\" style=\"color: #fff; text-align: center;\">ARCOBALENO SEKTOREN<br \/><\/span><\/h1>\n<\/div>\n<ul>\n<li>\n<p>        <img decoding=\"async\" src=\"\/wp-content\/uploads\/2021\/10\/condizionatore_icona_settori.svg\" alt=\"KLIMAANLAGEN\"><\/p>\n<h3>KLIMAANLAGEN<\/h3>\n<\/li>\n<li>\n<p>        <img decoding=\"async\" src=\"\/wp-content\/uploads\/2021\/10\/elettrodomestici_icona_settori.svg\" alt=\"HAUSHALTSGER\u00c4TE\"><\/p>\n<h3>HAUSHALTSGER\u00c4TE<\/h3>\n<\/li>\n<li>\n<p>        <img decoding=\"async\" src=\"\/wp-content\/uploads\/2021\/10\/vending_icona_settori.svg\" alt=\"VERKAUFSAUTOMATEN\"><\/p>\n<h3>VERKAUFSAUTOMATEN<\/h3>\n<\/li>\n<li>\n<p>        <img decoding=\"async\" src=\"\/wp-content\/uploads\/2021\/10\/riscaldamento_icona_settori.svg\" alt=\"HEIZUNGEN\"><\/p>\n<h3>HEIZUNGEN<\/h3>\n<\/li>\n<li>\n<p>        <img decoding=\"async\" src=\"\/wp-content\/uploads\/2021\/10\/facciate_icona_settori.svg\" alt=\"AUSSENFASSADEN VON GEB\u00c4UDEN\"><\/p>\n<h3>AUSSENFASSADEN VON GEB\u00c4UDEN<\/h3>\n<\/li>\n<li>\n<p>        <img decoding=\"async\" src=\"\/wp-content\/uploads\/2021\/10\/tessile_icona_settori.svg\" alt=\"TEXTILINDUSTRUE\"><\/p>\n<h3>TEXTILINDUSTRUE<\/h3>\n<\/li>\n<li>\n<p>        <img decoding=\"async\" src=\"\/wp-content\/uploads\/2021\/10\/rerail_icona_settori.svg\" alt=\"EINZELHANDEL\"><\/p>\n<h3>EINZELHANDEL<\/h3>\n<\/li>\n<li>\n<p>        <img decoding=\"async\" src=\"\/wp-content\/uploads\/2021\/10\/architettura_icona_settori.svg\" alt=\"ARCHITEKTUR\"><\/p>\n<h3>ARCHITEKTUR<\/h3>\n<\/li>\n<li>\n<p>        <img decoding=\"async\" src=\"\/wp-content\/uploads\/2021\/10\/distribuzione_icona_settori.svg\" alt=\"EINRICHTUNGEN F\u00dcRSUPERMARKTKETTEN \"><\/p>\n<h3>EINRICHTUNGEN F\u00dcRSUPERMARKTKETTEN <\/h3>\n<\/li>\n<li>\n<p>        <img decoding=\"async\" src=\"\/wp-content\/uploads\/2021\/10\/arredo_icona_settori.svg\" alt=\"M\u00d6BEL\"><\/p>\n<h3>M\u00d6BEL<\/h3>\n<\/li>\n<li>\n<p>        <img decoding=\"async\" src=\"\/wp-content\/uploads\/2021\/10\/macchine-ascensori_icona_settori.svg\" alt=\"MASCHINEN UND AUFZ\u00dcGE\"><\/p>\n<h3>MASCHINEN UND AUFZ\u00dcGE<\/h3>\n<\/li>\n<li>\n<p>        <img decoding=\"async\" src=\"\/wp-content\/uploads\/2021\/10\/movimento_terra_icona_settori.svg\" alt=\"ERDBEWEGUNGSMASCHINEN\"><\/p>\n<h3>ERDBEWEGUNGSMASCHINEN<\/h3>\n<\/li>\n<li>\n<p>        <img decoding=\"async\" src=\"\/wp-content\/uploads\/2021\/10\/elettrico_icona_settori.svg\" alt=\"ELEKTRISCHE ANLAGEN\"><\/p>\n<h3>ELEKTRISCHE ANLAGEN<\/h3>\n<\/li>\n<li>\n<p>        <img decoding=\"async\" src=\"\/wp-content\/uploads\/2021\/10\/areonautica_icona_settori.svg\" alt=\"LUFTFAHRTTECHNIK\"><\/p>\n<h3>LUFTFAHRTTECHNIK<\/h3>\n<\/li>\n<li>\n<p>        <img decoding=\"async\" src=\"\/wp-content\/uploads\/2021\/10\/navale_icona_settori.svg\" alt=\"SCHIFFAHRT\"><\/p>\n<h3>SCHIFFAHRT<\/h3>\n<\/li>\n<li>\n<p>        <img decoding=\"async\" src=\"\/wp-content\/uploads\/2021\/10\/strada_icona_settori.svg\" alt=\"STRASSENBAU\"><\/p>\n<h3>STRASSENBAU<\/h3>\n<\/li>\n<li>\n<p>        <img decoding=\"async\" src=\"\/wp-content\/uploads\/2021\/10\/automotive_icona_settori.svg\" alt=\"AUTOMOBILINDUSTRIE\"><\/p>\n<h3>AUTOMOBILINDUSTRIE<\/h3>\n<\/li>\n<li>\n<p>        <img decoding=\"async\" src=\"\/wp-content\/uploads\/2021\/10\/illuminazione_icona_settori.svg\" alt=\"BELEUCHTUNG\"><\/p>\n<h3>BELEUCHTUNG<\/h3>\n<\/li>\n<\/ul>\n<div>W\u00fcnschen Sie weitere Informationen?<\/div>\n<p>\n    <a href=\"\/de\/kontakte\/\">Kontaktieren <br \/>Sie uns jetzt!<\/a>\n<\/p>\n<p><!--more--><br \/>\n<!-- {\"name\":\"new_lavorazioni\",\"type\":\"layout\",\"children\":[{\"name\":\"Hero\",\"type\":\"section\",\"props\":{\"style\":\"default\",\"width\":\"\",\"vertical_align\":\"\",\"title_position\":\"top-left\",\"title_rotation\":\"left\",\"title_breakpoint\":\"xl\",\"image_position\":\"center-center\",\"padding\":\"none\",\"header_transparent\":\"light\",\"image\":\"\",\"image_size\":\"cover\",\"image_effect\":\"parallax\",\"image_width\":\"2560\",\"image_parallax_breakpoint\":\"m\",\"image_parallax_bgy_end\":\"-100\",\"media_overlay_gradient\":\"linear-gradient(rgba(255,255,255,0) 65%, rgba(255,255,255,1) 100%)\",\"header_transparent_noplaceholder\":true,\"animation\":\"fade\"},\"children\":[{\"name\":\"\",\"type\":\"row\",\"children\":[{\"name\":\"\",\"type\":\"column\",\"props\":{\"image_position\":\"center-center\",\"width_medium\":\"1-1\",\"media_overlay_gradient\":\"\"},\"children\":[{\"type\":\"slideshow\",\"props\":{\"show_title\":true,\"show_meta\":true,\"show_content\":true,\"show_link\":true,\"show_thumbnail\":true,\"slideshow_min_height\":300,\"slideshow_autoplay_pause\":true,\"nav\":\"dotnav\",\"nav_position\":\"bottom-center\",\"nav_position_margin\":\"medium\",\"nav_align\":\"center\",\"nav_breakpoint\":\"s\",\"thumbnav_width\":\"100\",\"thumbnav_height\":\"75\",\"thumbnav_svg_color\":\"emphasis\",\"slidenav\":\"default\",\"slidenav_margin\":\"medium\",\"slidenav_breakpoint\":\"s\",\"slidenav_outside_breakpoint\":\"xl\",\"overlay_position\":\"center\",\"overlay_animation\":\"parallax\",\"title_element\":\"h1\",\"meta_style\":\"meta\",\"meta_align\":\"below-title\",\"meta_element\":\"div\",\"link_text\":\"Read more\",\"link_style\":\"default\",\"margin\":\"default\",\"slideshow_ratio\":\"16:8\",\"slideshow_kenburns\":\"center-left\",\"css\":\".el-title{\\ncolor: white !important;\\n    text-shadow: 2px 2px 2px #000;\\n}\",\"title_style\":\"h4\",\"text_align\":\"center\"},\"children\":[{\"type\":\"slideshow_item\",\"props\":{\"image\":\"wp-content\\\/uploads\\\/2021\\\/12\\\/Testata-settori.jpg\",\"content\":\"\",\"title\":\"<span class=\\\"uk-font-primary uk-heading-large\\\" style=\\\"color: #fff; text-align: center;\\\">ARCOBALENO SEKTOREN<br \\\/><\\\/span>\",\"image_alt\":\"Settori\"}}]}]}]}]},{\"type\":\"section\",\"props\":{\"style\":\"default\",\"width\":\"default\",\"vertical_align\":\"middle\",\"title_position\":\"top-left\",\"title_rotation\":\"left\",\"title_breakpoint\":\"xl\",\"image_position\":\"center-center\"},\"children\":[{\"type\":\"row\",\"children\":[{\"type\":\"column\",\"props\":{\"image_position\":\"center-center\",\"media_overlay_gradient\":\"\"},\"children\":[{\"type\":\"grid\",\"props\":{\"show_title\":true,\"show_meta\":true,\"show_content\":true,\"show_image\":true,\"show_link\":true,\"grid_default\":\"1\",\"grid_medium\":\"3\",\"filter_style\":\"tab\",\"filter_all\":true,\"filter_position\":\"top\",\"filter_align\":\"left\",\"filter_grid_width\":\"auto\",\"filter_grid_breakpoint\":\"m\",\"title_hover_style\":\"reset\",\"title_element\":\"h3\",\"title_align\":\"top\",\"title_grid_width\":\"1-2\",\"title_grid_breakpoint\":\"m\",\"meta_style\":\"meta\",\"meta_align\":\"below-title\",\"meta_element\":\"div\",\"content_column_breakpoint\":\"m\",\"icon_width\":\"80\",\"image_align\":\"top\",\"image_grid_width\":\"1-2\",\"image_grid_breakpoint\":\"m\",\"image_svg_color\":\"emphasis\",\"link_text\":\"Read more\",\"link_style\":\"default\",\"margin\":\"default\",\"item_animation\":true,\"panel_style\":\"card-secondary\",\"text_align\":\"center\",\"css\":\".el-image{\\nwidth: 60%; height: auto;\\n}\\n.el-title{\\nfont-size: 1.3rem;\\nfont-weight: 600;\\n}\\n@media (max-width: 616px) { \\n.el-title {\\n    font-size: 0.7em;\\n    }\\n}\",\"title_style\":\"h5\"},\"children\":[{\"type\":\"grid_item\",\"props\":{\"title\":\"KLIMAANLAGEN\",\"content\":\"\",\"image\":\"wp-content\\\/uploads\\\/2021\\\/10\\\/condizionatore_icona_settori.svg\",\"image_alt\":\"KLIMAANLAGEN\"}},{\"type\":\"grid_item\",\"props\":{\"title\":\"HAUSHALTSGER\\u00c4TE\",\"content\":\"\",\"image\":\"wp-content\\\/uploads\\\/2021\\\/10\\\/elettrodomestici_icona_settori.svg\",\"image_alt\":\"HAUSHALTSGER\\u00c4TE\"}},{\"type\":\"grid_item\",\"props\":{\"title\":\"VERKAUFSAUTOMATEN\",\"content\":\"\",\"image\":\"wp-content\\\/uploads\\\/2021\\\/10\\\/vending_icona_settori.svg\",\"image_alt\":\"VERKAUFSAUTOMATEN\"}},{\"type\":\"grid_item\",\"props\":{\"title\":\"HEIZUNGEN\",\"content\":\"\",\"image\":\"wp-content\\\/uploads\\\/2021\\\/10\\\/riscaldamento_icona_settori.svg\",\"image_alt\":\"HEIZUNGEN\"}},{\"type\":\"grid_item\",\"props\":{\"title\":\"AUSSENFASSADEN VON GEB\\u00c4UDEN\",\"content\":\"\",\"image\":\"wp-content\\\/uploads\\\/2021\\\/10\\\/facciate_icona_settori.svg\",\"image_alt\":\"AUSSENFASSADEN VON GEB\\u00c4UDEN\"}},{\"type\":\"grid_item\",\"props\":{\"title\":\"TEXTILINDUSTRUE\",\"content\":\"\",\"image\":\"wp-content\\\/uploads\\\/2021\\\/10\\\/tessile_icona_settori.svg\",\"image_alt\":\"TEXTILINDUSTRUE\"}},{\"type\":\"grid_item\",\"props\":{\"title\":\"EINZELHANDEL\",\"content\":\"\",\"image\":\"wp-content\\\/uploads\\\/2021\\\/10\\\/rerail_icona_settori.svg\",\"image_alt\":\"EINZELHANDEL\"}},{\"type\":\"grid_item\",\"props\":{\"title\":\"ARCHITEKTUR\",\"content\":\"\",\"image\":\"wp-content\\\/uploads\\\/2021\\\/10\\\/architettura_icona_settori.svg\",\"image_alt\":\"ARCHITEKTUR\"}},{\"type\":\"grid_item\",\"props\":{\"title\":\"EINRICHTUNGEN F\\u00dcRSUPERMARKTKETTEN \",\"content\":\"\",\"image\":\"wp-content\\\/uploads\\\/2021\\\/10\\\/distribuzione_icona_settori.svg\",\"image_alt\":\"EINRICHTUNGEN F\\u00dcRSUPERMARKTKETTEN \"}},{\"type\":\"grid_item\",\"props\":{\"title\":\"M\\u00d6BEL\",\"content\":\"\",\"image\":\"wp-content\\\/uploads\\\/2021\\\/10\\\/arredo_icona_settori.svg\",\"image_alt\":\"M\\u00d6BEL\"}},{\"type\":\"grid_item\",\"props\":{\"title\":\"MASCHINEN UND AUFZ\\u00dcGE\",\"content\":\"\",\"image\":\"wp-content\\\/uploads\\\/2021\\\/10\\\/macchine-ascensori_icona_settori.svg\",\"image_alt\":\"MASCHINEN UND AUFZ\\u00dcGE\"}},{\"type\":\"grid_item\",\"props\":{\"title\":\"ERDBEWEGUNGSMASCHINEN\",\"content\":\"\",\"image\":\"wp-content\\\/uploads\\\/2021\\\/10\\\/movimento_terra_icona_settori.svg\",\"image_alt\":\"ERDBEWEGUNGSMASCHINEN\"}},{\"type\":\"grid_item\",\"props\":{\"title\":\"ELEKTRISCHE ANLAGEN\",\"content\":\"\",\"image\":\"wp-content\\\/uploads\\\/2021\\\/10\\\/elettrico_icona_settori.svg\",\"image_alt\":\"ELEKTRISCHE ANLAGEN\"}},{\"type\":\"grid_item\",\"props\":{\"title\":\"LUFTFAHRTTECHNIK\",\"content\":\"\",\"image\":\"wp-content\\\/uploads\\\/2021\\\/10\\\/areonautica_icona_settori.svg\",\"image_alt\":\"LUFTFAHRTTECHNIK\"}},{\"type\":\"grid_item\",\"props\":{\"title\":\"SCHIFFAHRT\",\"content\":\"\",\"image\":\"wp-content\\\/uploads\\\/2021\\\/10\\\/navale_icona_settori.svg\",\"image_alt\":\"SCHIFFAHRT\"}},{\"type\":\"grid_item\",\"props\":{\"title\":\"STRASSENBAU\",\"content\":\"\",\"image\":\"wp-content\\\/uploads\\\/2021\\\/10\\\/strada_icona_settori.svg\",\"image_alt\":\"STRASSENBAU\"}},{\"type\":\"grid_item\",\"props\":{\"title\":\"AUTOMOBILINDUSTRIE\",\"content\":\"\",\"image\":\"wp-content\\\/uploads\\\/2021\\\/10\\\/automotive_icona_settori.svg\",\"image_alt\":\"AUTOMOBILINDUSTRIE\"}},{\"type\":\"grid_item\",\"props\":{\"title\":\"BELEUCHTUNG\",\"content\":\"\",\"image\":\"wp-content\\\/uploads\\\/2021\\\/10\\\/illuminazione_icona_settori.svg\",\"image_alt\":\"BELEUCHTUNG\"}}]}]}]}]},{\"type\":\"section\",\"props\":{\"style\":\"default\",\"width\":\"default\",\"vertical_align\":\"middle\",\"title_position\":\"top-left\",\"title_rotation\":\"left\",\"title_breakpoint\":\"xl\",\"image_position\":\"center-center\",\"image\":\"wp-content\\\/uploads\\\/2021\\\/08\\\/ICONA_METALLO.jpg\",\"image_size\":\"cover\",\"media_overlay_gradient\":\"background: rgb(245,245,245); background: radial-gradient(circle, rgba(245,245,245,1) 0%, rgba(91,91,91,0.7875744047619048) 100%);\"},\"children\":[{\"type\":\"row\",\"props\":{\"layout\":\"2-3,1-3\"},\"children\":[{\"type\":\"column\",\"props\":{\"image_position\":\"center-center\",\"media_overlay_gradient\":\"\",\"width_medium\":\"2-3\"},\"children\":[{\"type\":\"headline\",\"props\":{\"title_element\":\"div\",\"content\":\"W\\u00fcnschen Sie weitere Informationen?\",\"title_style\":\"h1\"},\"modified\":\"2021-10-15T08:14:19.512Z\",\"name\":\"max info?\"}]},{\"type\":\"column\",\"props\":{\"image_position\":\"center-center\",\"media_overlay_gradient\":\"\",\"width_medium\":\"1-3\",\"vertical_align\":\"middle\"},\"children\":[{\"type\":\"button\",\"props\":{\"grid_column_gap\":\"small\",\"grid_row_gap\":\"small\",\"margin\":\"default\",\"fullwidth\":true,\"button_size\":\"large\",\"css\":\".uk-button-large {\\n    padding: 10px 40px;\\n    line-height: 53px;\\n    font-size: 18px;\\n    line-height: 1.2em;\\n}\"},\"children\":[{\"type\":\"button_item\",\"props\":{\"button_style\":\"secondary\",\"icon_align\":\"left\",\"content\":\"Kontaktieren <br \\\/>Sie uns jetzt!\",\"link\":\"de\\\/kontakte\\\/\"}}],\"modified\":\"2021-12-09T14:15:46.735Z\",\"name\":\"kontact DE\"}]}]}]}],\"version\":\"2.5.10\",\"yooessentialsVersion\":\"1.5.8\"} --><\/p>\n","protected":false},"excerpt":{"rendered":"<p>ARCOBALENO SEKTOREN KLIMAANLAGEN HAUSHALTSGER\u00c4TE VERKAUFSAUTOMATEN HEIZUNGEN AUSSENFASSADEN VON GEB\u00c4UDEN TEXTILINDUSTRUE EINZELHANDEL ARCHITEKTUR EINRICHTUNGEN F\u00dcRSUPERMARKTKETTEN M\u00d6BEL MASCHINEN UND AUFZ\u00dcGE ERDBEWEGUNGSMASCHINEN ELEKTRISCHE ANLAGEN LUFTFAHRTTECHNIK SCHIFFAHRT STRASSENBAU AUTOMOBILINDUSTRIE BELEUCHTUNG W\u00fcnschen Sie weitere Informationen? Kontaktieren Sie uns jetzt!<\/p>\n","protected":false},"author":3,"featured_media":0,"parent":0,"menu_order":0,"comment_status":"closed","ping_status":"closed","template":"","meta":{"om_disable_all_campaigns":false,"inline_featured_image":false,"_monsterinsights_skip_tracking":false,"_monsterinsights_sitenote_active":false,"_monsterinsights_sitenote_note":"","_monsterinsights_sitenote_category":0,"footnotes":""},"class_list":["post-2797","page","type-page","status-publish","hentry"],"aioseo_notices":[],"_links":{"self":[{"href":"https:\/\/www.arcobalenolamiere.com\/de\/wp-json\/wp\/v2\/pages\/2797","targetHints":{"allow":["GET"]}}],"collection":[{"href":"https:\/\/www.arcobalenolamiere.com\/de\/wp-json\/wp\/v2\/pages"}],"about":[{"href":"https:\/\/www.arcobalenolamiere.com\/de\/wp-json\/wp\/v2\/types\/page"}],"author":[{"embeddable":true,"href":"https:\/\/www.arcobalenolamiere.com\/de\/wp-json\/wp\/v2\/users\/3"}],"replies":[{"embeddable":true,"href":"https:\/\/www.arcobalenolamiere.com\/de\/wp-json\/wp\/v2\/comments?post=2797"}],"version-history":[{"count":11,"href":"https:\/\/www.arcobalenolamiere.com\/de\/wp-json\/wp\/v2\/pages\/2797\/revisions"}],"predecessor-version":[{"id":3843,"href":"https:\/\/www.arcobalenolamiere.com\/de\/wp-json\/wp\/v2\/pages\/2797\/revisions\/3843"}],"wp:attachment":[{"href":"https:\/\/www.arcobalenolamiere.com\/de\/wp-json\/wp\/v2\/media?parent=2797"}],"curies":[{"name":"wp","href":"https:\/\/api.w.org\/{rel}","templated":true}]}}