{"id":2803,"date":"2021-09-10T07:44:54","date_gmt":"2021-09-10T07:44:54","guid":{"rendered":"https:\/\/www.rmpercomunicare.it\/costruzione_siti\/arcobaleno\/taglio-laser\/"},"modified":"2021-12-14T21:35:59","modified_gmt":"2021-12-14T21:35:59","slug":"laserschnitt","status":"publish","type":"page","link":"https:\/\/www.arcobalenolamiere.com\/de\/laserschnitt\/","title":{"rendered":"Laserschnitt"},"content":{"rendered":"<h1><span class=\"uk-font-primary uk-heading-large\">Laserschnitt <\/span><br \/>Vermeiden Sie Ausfallzeiten mit unseren Laserbearbeitungen<\/h1>\n<div>\n<p>Arcobaleno reagiert auf Unternehmen, die eine hohe Anzahl von Teilen ben\u00f6tigen, mit einem Maschinenpark f\u00fcr den Laserschnitt, <strong>einzigartig in der Branche in Bezug auf die Bandbreite und die Fortschrittlichkeit<\/strong>. Die Ausstattung umfasst Werkzeugmaschinen mit Optikfaser-Laserschnitt und CO2-Laserschnitt, die durch unterschiedliche Arbeitsbereiche charakterisiert sind, um die Bearbeitung jedes Werkst\u00fccks<strong>ohne Probleme in Form und Gr\u00f6\u00dfe <\/strong>zu bew\u00e4ltigen.<\/p>\n<p>Die breite Verf\u00fcgbarkeit der <strong>Maschinen erm\u00f6glicht es<\/strong>, vielseitig zu produzieren und p\u00fcnktlich zu liefern, da sie in der Lage sind, auch gro\u00dfe Chargen in kurzer Zeit zu schneiden und dabei sowohl die Pr\u00e4zision der Ausf\u00fchrung als auch die Qualit\u00e4t der bearbeiteten Bleche zu erhalten.<\/p>\n<p>Die technologische Ausstattung ist nicht nur umfangreich, sondern wird auch st\u00e4ndig aktualisiert, um mit der Entwicklung des Laserschnitts Schritt zu halten. Die letzten Neuheiten im Hinblick auf die B\u00fcndeldichte und die Schnittenergie werden eingef\u00fchrt, um die Produktivit\u00e4t und damit die Geschwindigkeit und die Stabilit\u00e4t w\u00e4hrend der Bearbeitung zu erh\u00f6hen.<\/p>\n<p>Die Leidenschaft f\u00fcr Innovation zeichnet Arcobaleno seit jeher aus und bildet die Grundlage f\u00fcr die F\u00e4higkeit des Unternehmens, sich allen m\u00f6glichen Herausforderungen zu stellen, wie zum Beispiel dem Laserschnitt von Aluminium, das seit \u00fcber 15 Jahren im Unternehmen durchgef\u00fchrt wird, als dies noch eine Bearbeitung f\u00fcr wenige war.<\/p>\n<\/div>\n<p><img decoding=\"async\" src=\"\/wp-content\/uploads\/2021\/10\/taglio-laser_700.jpg\" alt=\"taglio laser lamiera\"><\/p>\n<hr>\n<div>P\u00fcnktliche Lieferungen in \u00dcbereinstimmung mit Ihren Qualit\u00e4tsstandards<\/div>\n<hr>\n<p><img decoding=\"async\" src=\"\/wp-content\/uploads\/2021\/10\/impianto-taglio-laser.jpg\" alt=\"taglio laser lamiera\"><\/p>\n<h2>Grundlage f\u00fcr die P\u00fcnktlichkeit bei der Laserbearbeitung<\/h2>\n<ul>\n<li>\n<div>\n<p>Gro\u00dfe Verf\u00fcgbarkeit von <strong>Laserschneidmaschinen;<\/strong><\/p>\n<\/div>\n<\/li>\n<li>\n<div>\n<p>St\u00e4ndige Einf\u00fchrung der neuesten Technologien im Bereich <strong>Laserschnitt;<\/strong><\/p>\n<\/div>\n<\/li>\n<li>\n<div>\n<p>Verf\u00fcgbarkeit von Maschinen mit ineinandergreifenden Einrichtungen wie<strong> Betriebsk\u00f6pfen f\u00fcr die automatische Be- und Entladung <\/strong>der Bleche, die eine kontinuierliche 24\/24-Bearbeitung erm\u00f6glichen;<\/p>\n<\/div>\n<\/li>\n<li>\n<div>\n<p>Produktionsmanagement, unterst\u00fctzt durch Software der letzten Generation.\u00a0<\/p>\n<\/div>\n<\/li>\n<\/ul>\n<ul>\n<li>\n<h3>Aluminium-Laserschnitt und d\u00fcnne Wandst\u00e4rken: schnell mit Optikfaser<\/h3>\n<div>\n<p>Arcobaleno hat f\u00fcr jede Art von Arbeit die richtige Ausr\u00fcstung. \u00a0<strong>Optikfaser-Laserschnitt-Maschinen<\/strong>\u00a0 eignen sich f\u00fcr die Herstellung gro\u00dfer Mengen von Teilen aus beliebigen Materialien (einschlie\u00dflich Aluminium) und Dicken (auch geringen) bei hoher Geschwindigkeit.<\/p>\n<p>Schnelligkeit ist grundlegend, um die Lieferfristen einzuhalten und sich so erfolgreich in die Produktionsorganisation des Partners zu integrieren.<\/p>\n<\/div>\n<\/li>\n<li>\n<h3>Laserschnitt von Edelstahl: Spitzenleistungen im CO2-Laserschnitt<\/h3>\n<div>\n<p>Bei der Verarbeitung von gro\u00dfen, teuren Materialien ist die Schnittpr\u00e4zision entscheidend, um zus\u00e4tzliche Bearbeitungsarbeiten zu vermeiden. Arcobaleno verwendet zum Schneiden von Stahl (insbesondere Edelstahl) die\u00a0<strong> CO2-Lasertechnologie<\/strong>, die sich ideal f\u00fcr saubere, pr\u00e4zise Schnitte und damit f\u00fcr die Herstellung hochwertiger Teile eignet.<\/p>\n<\/div>\n<\/li>\n<li>\n<h3>Laserschneiden von Blechen: mehr Metalle und St\u00e4rken<\/h3>\n<div>\n<p>Arcobaleno erf\u00fcllt die Anforderungen zahlreicher Sektoren, da es \u00fcber die notwendige Technologie verf\u00fcgt, um die in der Fertigung am h\u00e4ufigsten verwendeten Materialien wie legierte Bleche, Kohlenstoffstahl, Edelstahl, Aluminium, Messing und Kupfer zu schneiden. Je nach Art des Materials variiert die M\u00f6glichkeit des Schneidens.<\/p>\n<p>Arcobaleno f\u00fchrt den Laserschnitt f\u00fcr die folgenden St\u00e4rken durch:<\/p>\n<ul>\n<li>Eisen bis 25 mm<\/li>\n<li>Rostfreier Stahl bis 20 mm<\/li>\n<li>Aluminium bis 20 mm<\/li>\n<li>Messing bis 8 mm<\/li>\n<li>\u00a0Kupfer bis 6 mm<\/li>\n<\/ul>\n<\/div>\n<\/li>\n<\/ul>\n<div>W\u00fcnschen Sie weitere Informationen?<\/div>\n<p>\n    <a href=\"\/de\/kontakte\/\">Kontaktieren <br \/>Sie uns jetzt!<\/a>\n<\/p>\n<h2><span class=\"uk-h1\">Zur Vertiefung: Unterschiede zwischen Optikfaser- und CO2-Laserschnitt<\/span><\/h2>\n<div>\n<p>Jedes Blech erfordert einen eigenen Zuschnitt nach St\u00e4rke oder Art des Materials. Arcobaleno verf\u00fcgt \u00fcber die Technologie zum Schneiden der in der Fertigung am h\u00e4ufigsten verwendeten Metalle. Doch nach welchen Kriterien entscheidet man sich f\u00fcr eine bestimmte Schnitttechnik und nicht f\u00fcr eine andere?<\/p>\n<p>Beide Laser arbeiten im Infrarotbereich, wirken aber unterschiedlich. Der <strong>CO2-Laser<\/strong>\u00a0verwendet ein elektrisch geladenes Gasgemisch aus Kohlendioxid, Helium und Stickstoff zur Erzeugung des Strahls.<br \/>Der <strong>Optikfaser-Laser<\/strong>\u00a0erzeugt den Strahl durch Faserkabel und Dioden und ist einfacher zu leiten. Au\u00dferdem hat er eine k\u00fcrzere Wellenl\u00e4nge, und das Lichtb\u00fcndel ist konzentrierter, was den Laser sehr scharf macht.\u00a0<\/p>\n<h3><strong>Die Vorteile des CO2-Lasers<\/strong><\/h3>\n<ul>\n<li>Hohe Effizienz auch bei dicken Blechen.<\/li>\n<li>Pr\u00e4ziser und sauberer Schnitt: Wo das Metall geschnitten wird, ist die Oberfl\u00e4che glatt.<\/li>\n<li>Ideal zum Schneiden von legierten St\u00e4hlen.<\/li>\n<li>Schnelligkeit und Pr\u00e4zision bei geraden Schnitten.<\/li>\n<li>Der Schnitt beh\u00e4lt bei allen Materialien die gleiche Qualit\u00e4t.<\/li>\n<li>Gute Stabilit\u00e4t der Schneidquelle.<\/li>\n<\/ul>\n<h3><strong>Die Vorteile des <\/strong><strong>Optikfaser-Lasers<\/strong>\u00a0<\/h3>\n<ul>\n<li>Hohe Leistung f\u00fcr d\u00fcnne Bleche.<\/li>\n<li>Ideal zum Schneiden von Aluminium und nichtleitenden Metallen wie Messing und Kupfer;<\/li>\n<li>Geschwindigkeit und Schneidleistung dank der Konzentration der Energie im Strahl.<\/li>\n<li>Lange Lebensdauer des Lasers.<\/li>\n<li>Geringerer Energieverbrauch.<\/li>\n<\/ul>\n<p><strong>Doch ein schneller Laserschnitt allein reicht nicht aus.<\/strong> In der Tat ist Arcobaleno so strukturiert, dass der gesamte Produktionszyklus schnell und flexibel ist, um von der Auftragsannahme bis zur Auslieferung der Teile zeitnah reagieren zu k\u00f6nnen.<\/p>\n<\/div>\n<p><!--more--><br \/>\n<!-- {\"name\":\"lavorazione\",\"type\":\"layout\",\"children\":[{\"type\":\"section\",\"props\":{\"style\":\"default\",\"width\":\"\",\"vertical_align\":\"middle\",\"title_position\":\"top-left\",\"title_rotation\":\"left\",\"title_breakpoint\":\"xl\",\"image_position\":\"center-center\",\"image\":\"\",\"padding\":\"xlarge\",\"height\":\"percent\",\"text_color\":\"light\",\"attributes\":\"Alt='Taglio laser lamiere'\",\"video\":\"wp-content\\\/uploads\\\/2021\\\/10\\\/clip_taglio_laser_arcobaleno.mp4\"},\"children\":[{\"type\":\"row\",\"props\":{\"width\":\"default\"},\"children\":[{\"type\":\"column\",\"props\":{\"image_position\":\"center-center\",\"media_overlay_gradient\":\"\",\"width_medium\":\"\"},\"children\":[{\"type\":\"headline\",\"props\":{\"title_element\":\"h1\",\"content\":\"<span class=\\\"uk-font-primary uk-heading-large\\\">Laserschnitt <\\\/span><br \\\/>Vermeiden Sie Ausfallzeiten mit unseren Laserbearbeitungen\",\"text_align\":\"center\",\"class\":\"\",\"title_style\":\"h1\",\"title_font_family\":\"tertiary\",\"animation\":\"slide-bottom-medium\",\"block_align\":\"center\",\"css\":\".el-element{\\ncolor: white !important;\\ntext-shadow: 2px 2px 2px #000;\\n}\\n@media (max-width: 616px) { \\n.el-element {\\n    font-size: 1.3em;\\n    }\\n}\"},\"modified\":\"2021-09-28T09:26:00.220Z\",\"name\":\"headline over video\"}]}]}]},{\"type\":\"section\",\"props\":{\"style\":\"default\",\"width\":\"default\",\"vertical_align\":\"middle\",\"title_position\":\"top-left\",\"title_rotation\":\"left\",\"title_breakpoint\":\"xl\",\"image_position\":\"center-center\"},\"children\":[{\"type\":\"row\",\"props\":{\"layout\":\"1-2,1-2\"},\"children\":[{\"type\":\"column\",\"props\":{\"image_position\":\"center-center\",\"media_overlay_gradient\":\"\",\"width_medium\":\"1-2\"},\"children\":[{\"type\":\"text\",\"props\":{\"margin\":\"default\",\"column_breakpoint\":\"m\",\"content\":\"\n\n<p>Arcobaleno reagiert auf Unternehmen, die eine hohe Anzahl von Teilen ben\\u00f6tigen, mit einem Maschinenpark f\\u00fcr den Laserschnitt, <strong>einzigartig in der Branche in Bezug auf die Bandbreite und die Fortschrittlichkeit<\\\/strong>. Die Ausstattung umfasst Werkzeugmaschinen mit Optikfaser-Laserschnitt und CO2-Laserschnitt, die durch unterschiedliche Arbeitsbereiche charakterisiert sind, um die Bearbeitung jedes Werkst\\u00fccks<strong>ohne Probleme in Form und Gr\\u00f6\\u00dfe <\\\/strong>zu bew\\u00e4ltigen.<\\\/p>\\n\n\n<p>Die breite Verf\\u00fcgbarkeit der <strong>Maschinen erm\\u00f6glicht es<\\\/strong>, vielseitig zu produzieren und p\\u00fcnktlich zu liefern, da sie in der Lage sind, auch gro\\u00dfe Chargen in kurzer Zeit zu schneiden und dabei sowohl die Pr\\u00e4zision der Ausf\\u00fchrung als auch die Qualit\\u00e4t der bearbeiteten Bleche zu erhalten.<\\\/p>\\n\n\n<p>Die technologische Ausstattung ist nicht nur umfangreich, sondern wird auch st\\u00e4ndig aktualisiert, um mit der Entwicklung des Laserschnitts Schritt zu halten. Die letzten Neuheiten im Hinblick auf die B\\u00fcndeldichte und die Schnittenergie werden eingef\\u00fchrt, um die Produktivit\\u00e4t und damit die Geschwindigkeit und die Stabilit\\u00e4t w\\u00e4hrend der Bearbeitung zu erh\\u00f6hen.<\\\/p>\\n\n\n<p>Die Leidenschaft f\\u00fcr Innovation zeichnet Arcobaleno seit jeher aus und bildet die Grundlage f\\u00fcr die F\\u00e4higkeit des Unternehmens, sich allen m\\u00f6glichen Herausforderungen zu stellen, wie zum Beispiel dem Laserschnitt von Aluminium, das seit \\u00fcber 15 Jahren im Unternehmen durchgef\\u00fchrt wird, als dies noch eine Bearbeitung f\\u00fcr wenige war.<\\\/p>\",\"text_align\":\"justify\"}}]},{\"type\":\"column\",\"props\":{\"image_position\":\"center-center\",\"media_overlay_gradient\":\"\",\"width_medium\":\"1-2\"},\"children\":[{\"type\":\"image\",\"props\":{\"margin\":\"default\",\"image_svg_color\":\"emphasis\",\"image\":\"wp-content\\\/uploads\\\/2021\\\/10\\\/taglio-laser_700.jpg\",\"image_alt\":\"taglio laser lamiera\",\"position\":\"relative\",\"position_z_index\":\"1\",\"image_box_shadow\":\"large\",\"text_align\":\"left\",\"text_align_breakpoint\":\"m\",\"text_align_fallback\":\"center\",\"image_height\":\"700\"}}]}]}],\"name\":\"intro\"},{\"type\":\"section\",\"props\":{\"style\":\"default\",\"width\":\"default\",\"vertical_align\":\"middle\",\"title_position\":\"top-left\",\"title_rotation\":\"left\",\"title_breakpoint\":\"xl\",\"image_position\":\"center-center\"},\"children\":[{\"type\":\"row\",\"children\":[{\"type\":\"column\",\"props\":{\"image_position\":\"center-center\",\"media_overlay_gradient\":\"\"},\"children\":[{\"type\":\"divider\",\"props\":{\"divider_element\":\"hr\"}},{\"type\":\"headline\",\"props\":{\"title_element\":\"div\",\"title_font_family\":\"primary\",\"content\":\"P\\u00fcnktliche Lieferungen in \\u00dcbereinstimmung mit Ihren Qualit\\u00e4tsstandards\",\"class\":\"a-title\",\"text_align\":\"center\",\"title_style\":\"h2\",\"css\":\"@media (max-width: 616px) { \\n.el-element {\\n    font-size: 1.1em;\\n    color: black;\\n    }\\n}\"},\"modified\":\"2021-08-27T16:10:39.123Z\",\"name\":\"tITOLO ARCOBALENO\"},{\"type\":\"divider\",\"props\":{\"divider_element\":\"hr\"}}]}]}]},{\"type\":\"section\",\"props\":{\"style\":\"default\",\"width\":\"\",\"vertical_align\":\"middle\",\"title_position\":\"top-left\",\"title_rotation\":\"left\",\"title_breakpoint\":\"xl\",\"image_position\":\"center-center\",\"image\":\"\",\"padding\":\"none\",\"image_size\":\"cover\"},\"children\":[{\"type\":\"row\",\"children\":[{\"type\":\"column\",\"props\":{\"image_position\":\"center-center\",\"media_overlay_gradient\":\"\"},\"children\":[{\"type\":\"image\",\"props\":{\"margin\":\"default\",\"image_svg_color\":\"emphasis\",\"image\":\"wp-content\\\/uploads\\\/2021\\\/10\\\/impianto-taglio-laser.jpg\",\"image_alt\":\"taglio laser lamiera\"}}]}],\"props\":{\"width\":\"default\"}}]},{\"type\":\"section\",\"props\":{\"style\":\"default\",\"width\":\"default\",\"vertical_align\":\"middle\",\"title_position\":\"top-left\",\"title_rotation\":\"left\",\"title_breakpoint\":\"xl\",\"image_position\":\"center-center\"},\"children\":[{\"type\":\"row\",\"children\":[{\"type\":\"column\",\"props\":{\"image_position\":\"center-center\",\"media_overlay_gradient\":\"\"},\"children\":[{\"type\":\"headline\",\"props\":{\"title_element\":\"h2\",\"title_font_family\":\"primary\",\"content\":\"Grundlage f\\u00fcr die P\\u00fcnktlichkeit bei der Laserbearbeitung\",\"class\":\"a-title\",\"text_align\":\"center\",\"css\":\"@media (max-width: 616px) { \\n.el-element {\\n    font-size: 1.1em;\\n    }\\n}\"},\"modified\":\"2021-08-27T16:10:39.123Z\",\"name\":\"tITOLO ARCOBALENO\"},{\"type\":\"list\",\"props\":{\"show_image\":true,\"show_link\":true,\"list_element\":\"ul\",\"column_breakpoint\":\"m\",\"image_svg_color\":\"emphasis\",\"image_align\":\"left\",\"image_vertical_align\":true,\"list_marker_color\":\"secondary\",\"list_marker\":\"disc\",\"column\":\"1-2\"},\"children\":[{\"type\":\"list_item\",\"props\":{\"content\":\"\n\n<p>Gro\\u00dfe Verf\\u00fcgbarkeit von <strong>Laserschneidmaschinen;<\\\/strong><\\\/p>\"}},{\"type\":\"list_item\",\"props\":{\"content\":\"\n\n<p>St\\u00e4ndige Einf\\u00fchrung der neuesten Technologien im Bereich <strong>Laserschnitt;<\\\/strong><\\\/p>\"}},{\"type\":\"list_item\",\"props\":{\"content\":\"\n\n<p>Verf\\u00fcgbarkeit von Maschinen mit ineinandergreifenden Einrichtungen wie<strong> Betriebsk\\u00f6pfen f\\u00fcr die automatische Be- und Entladung <\\\/strong>der Bleche, die eine kontinuierliche 24\\\/24-Bearbeitung erm\\u00f6glichen;<\\\/p>\"}},{\"type\":\"list_item\",\"props\":{\"content\":\"\n\n<p>Produktionsmanagement, unterst\\u00fctzt durch Software der letzten Generation.\\u00a0<\\\/p>\"}}]},{\"type\":\"grid\",\"props\":{\"show_title\":true,\"show_meta\":true,\"show_content\":true,\"show_image\":true,\"show_link\":true,\"grid_default\":\"1\",\"grid_medium\":\"3\",\"filter_style\":\"tab\",\"filter_all\":true,\"filter_position\":\"top\",\"filter_align\":\"left\",\"filter_grid_width\":\"auto\",\"filter_grid_breakpoint\":\"m\",\"title_hover_style\":\"reset\",\"title_element\":\"h3\",\"title_align\":\"top\",\"title_grid_width\":\"1-2\",\"title_grid_breakpoint\":\"m\",\"meta_style\":\"meta\",\"meta_align\":\"below-title\",\"meta_element\":\"div\",\"content_column_breakpoint\":\"m\",\"icon_width\":80,\"image_align\":\"top\",\"image_grid_width\":\"1-2\",\"image_grid_breakpoint\":\"m\",\"image_svg_color\":\"emphasis\",\"link_text\":\"Read more\",\"link_style\":\"default\",\"margin\":\"default\",\"item_animation\":false,\"panel_style\":\"card-default\",\"title_style\":\"h4\",\"css\":\"@media (max-width: 616px) { \\n.el-title {\\n    font-size: 1em;\\n    }\\n}\"},\"children\":[{\"type\":\"grid_item\",\"props\":{\"title\":\"Aluminium-Laserschnitt und d\\u00fcnne Wandst\\u00e4rken: schnell mit Optikfaser\",\"content\":\"\n\n<p>Arcobaleno hat f\\u00fcr jede Art von Arbeit die richtige Ausr\\u00fcstung. \\u00a0<strong>Optikfaser-Laserschnitt-Maschinen<\\\/strong>\\u00a0 eignen sich f\\u00fcr die Herstellung gro\\u00dfer Mengen von Teilen aus beliebigen Materialien (einschlie\\u00dflich Aluminium) und Dicken (auch geringen) bei hoher Geschwindigkeit.<\\\/p>\\n\n\n<p>Schnelligkeit ist grundlegend, um die Lieferfristen einzuhalten und sich so erfolgreich in die Produktionsorganisation des Partners zu integrieren.<\\\/p>\"}},{\"type\":\"grid_item\",\"props\":{\"title\":\"Laserschnitt von Edelstahl: Spitzenleistungen im CO2-Laserschnitt\",\"content\":\"\n\n<p>Bei der Verarbeitung von gro\\u00dfen, teuren Materialien ist die Schnittpr\\u00e4zision entscheidend, um zus\\u00e4tzliche Bearbeitungsarbeiten zu vermeiden. Arcobaleno verwendet zum Schneiden von Stahl (insbesondere Edelstahl) die\\u00a0<strong> CO2-Lasertechnologie<\\\/strong>, die sich ideal f\\u00fcr saubere, pr\\u00e4zise Schnitte und damit f\\u00fcr die Herstellung hochwertiger Teile eignet.<\\\/p>\"}},{\"type\":\"grid_item\",\"props\":{\"title\":\"Laserschneiden von Blechen: mehr Metalle und St\\u00e4rken\",\"content\":\"\n\n<p>Arcobaleno erf\\u00fcllt die Anforderungen zahlreicher Sektoren, da es \\u00fcber die notwendige Technologie verf\\u00fcgt, um die in der Fertigung am h\\u00e4ufigsten verwendeten Materialien wie legierte Bleche, Kohlenstoffstahl, Edelstahl, Aluminium, Messing und Kupfer zu schneiden. Je nach Art des Materials variiert die M\\u00f6glichkeit des Schneidens.<\\\/p>\\n\n\n<p>Arcobaleno f\\u00fchrt den Laserschnitt f\\u00fcr die folgenden St\\u00e4rken durch:<\\\/p>\\n\n\n<ul>\\n\n\n<li>Eisen bis 25 mm<\\\/li>\\n\n\n<li>Rostfreier Stahl bis 20 mm<\\\/li>\\n\n\n<li>Aluminium bis 20 mm<\\\/li>\\n\n\n<li>Messing bis 8 mm<\\\/li>\\n\n\n<li>\\u00a0Kupfer bis 6 mm<\\\/li>\\n<\\\/ul>\"}}]}]}]}]},{\"type\":\"section\",\"props\":{\"style\":\"default\",\"width\":\"default\",\"vertical_align\":\"middle\",\"title_position\":\"top-left\",\"title_rotation\":\"left\",\"title_breakpoint\":\"xl\",\"image_position\":\"center-center\",\"image\":\"wp-content\\\/uploads\\\/2021\\\/08\\\/ICONA_METALLO.jpg\",\"image_size\":\"cover\",\"media_overlay_gradient\":\"background: rgb(245,245,245); background: radial-gradient(circle, rgba(245,245,245,1) 0%, rgba(91,91,91,0.7875744047619048) 100%);\"},\"children\":[{\"type\":\"row\",\"props\":{\"layout\":\"2-3,1-3\",\"column_gap\":\"collapse\"},\"children\":[{\"type\":\"column\",\"props\":{\"image_position\":\"center-center\",\"media_overlay_gradient\":\"\",\"width_medium\":\"2-3\"},\"children\":[{\"type\":\"headline\",\"props\":{\"title_element\":\"div\",\"content\":\"W\\u00fcnschen Sie weitere Informationen?\",\"title_style\":\"h1\"},\"modified\":\"2021-10-15T08:14:19.512Z\",\"name\":\"max info?\"}]},{\"type\":\"column\",\"props\":{\"image_position\":\"center-center\",\"media_overlay_gradient\":\"\",\"width_medium\":\"1-3\",\"vertical_align\":\"middle\"},\"children\":[{\"type\":\"button\",\"props\":{\"grid_column_gap\":\"small\",\"grid_row_gap\":\"small\",\"margin\":\"default\",\"fullwidth\":true,\"button_size\":\"large\",\"css\":\".uk-button-large {\\n    padding: 10px 40px;\\n    line-height: 53px;\\n    font-size: 18px;\\n    line-height: 1.2em;\\n}\"},\"children\":[{\"type\":\"button_item\",\"props\":{\"button_style\":\"secondary\",\"icon_align\":\"left\",\"content\":\"Kontaktieren <br \\\/>Sie uns jetzt!\",\"link\":\"de\\\/kontakte\\\/\"}}],\"modified\":\"2021-12-09T14:15:46.735Z\",\"name\":\"kontact DE\"}]}]}]},{\"type\":\"section\",\"props\":{\"style\":\"secondary\",\"width\":\"default\",\"vertical_align\":\"middle\",\"title_position\":\"top-left\",\"title_rotation\":\"left\",\"title_breakpoint\":\"xl\",\"image_position\":\"center-center\"},\"children\":[{\"type\":\"row\",\"props\":{\"layout\":\"2-5,3-5\",\"divider\":true},\"children\":[{\"type\":\"column\",\"props\":{\"image_position\":\"center-center\",\"media_overlay_gradient\":\"\",\"width_medium\":\"2-5\"},\"children\":[{\"type\":\"headline\",\"props\":{\"title_element\":\"h2\",\"title_font_family\":\"primary\",\"content\":\"<span class=\\\"uk-h1\\\">Zur Vertiefung: Unterschiede zwischen Optikfaser- und CO2-Laserschnitt<\\\/span>\",\"class\":\"a-title\",\"text_align\":\"left\",\"text_align_breakpoint\":\"m\",\"text_align_fallback\":\"center\",\"title_style\":\"h3\",\"css\":\"@media (max-width: 640px){\\n.el-element{\\n    font-size: 0.9em;\\n    }\\n}\"},\"modified\":\"2021-08-27T16:10:39.123Z\",\"name\":\"tITOLO ARCOBALENO\"}]},{\"type\":\"column\",\"props\":{\"image_position\":\"center-center\",\"media_overlay_gradient\":\"\",\"width_medium\":\"3-5\"},\"children\":[{\"type\":\"text\",\"props\":{\"margin\":\"default\",\"column_breakpoint\":\"m\",\"content\":\"\n\n<p>Jedes Blech erfordert einen eigenen Zuschnitt nach St\\u00e4rke oder Art des Materials. Arcobaleno verf\\u00fcgt \\u00fcber die Technologie zum Schneiden der in der Fertigung am h\\u00e4ufigsten verwendeten Metalle. Doch nach welchen Kriterien entscheidet man sich f\\u00fcr eine bestimmte Schnitttechnik und nicht f\\u00fcr eine andere?<\\\/p>\\n\n\n<p>Beide Laser arbeiten im Infrarotbereich, wirken aber unterschiedlich. Der <strong>CO2-Laser<\\\/strong>\\u00a0verwendet ein elektrisch geladenes Gasgemisch aus Kohlendioxid, Helium und Stickstoff zur Erzeugung des Strahls.<br \\\/>Der <strong>Optikfaser-Laser<\\\/strong>\\u00a0erzeugt den Strahl durch Faserkabel und Dioden und ist einfacher zu leiten. Au\\u00dferdem hat er eine k\\u00fcrzere Wellenl\\u00e4nge, und das Lichtb\\u00fcndel ist konzentrierter, was den Laser sehr scharf macht.\\u00a0<\\\/p>\\n\n\n<h3><strong>Die Vorteile des CO2-Lasers<\\\/strong><\\\/h3>\\n\n\n<ul>\\n\n\n<li>Hohe Effizienz auch bei dicken Blechen.<\\\/li>\\n\n\n<li>Pr\\u00e4ziser und sauberer Schnitt: Wo das Metall geschnitten wird, ist die Oberfl\\u00e4che glatt.<\\\/li>\\n\n\n<li>Ideal zum Schneiden von legierten St\\u00e4hlen.<\\\/li>\\n\n\n<li>Schnelligkeit und Pr\\u00e4zision bei geraden Schnitten.<\\\/li>\\n\n\n<li>Der Schnitt beh\\u00e4lt bei allen Materialien die gleiche Qualit\\u00e4t.<\\\/li>\\n\n\n<li>Gute Stabilit\\u00e4t der Schneidquelle.<\\\/li>\\n<\\\/ul>\\n\n\n<h3><strong>Die Vorteile des <\\\/strong><strong>Optikfaser-Lasers<\\\/strong>\\u00a0<\\\/h3>\\n\n\n<ul>\\n\n\n<li>Hohe Leistung f\\u00fcr d\\u00fcnne Bleche.<\\\/li>\\n\n\n<li>Ideal zum Schneiden von Aluminium und nichtleitenden Metallen wie Messing und Kupfer;<\\\/li>\\n\n\n<li>Geschwindigkeit und Schneidleistung dank der Konzentration der Energie im Strahl.<\\\/li>\\n\n\n<li>Lange Lebensdauer des Lasers.<\\\/li>\\n\n\n<li>Geringerer Energieverbrauch.<\\\/li>\\n<\\\/ul>\\n\n\n<p><strong>Doch ein schneller Laserschnitt allein reicht nicht aus.<\\\/strong> In der Tat ist Arcobaleno so strukturiert, dass der gesamte Produktionszyklus schnell und flexibel ist, um von der Auftragsannahme bis zur Auslieferung der Teile zeitnah reagieren zu k\\u00f6nnen.<\\\/p>\"}}]}]}]}],\"version\":\"2.5.10\",\"yooessentialsVersion\":\"1.5.8\"} --><\/p>\n","protected":false},"excerpt":{"rendered":"<p>Laserschnitt Vermeiden Sie Ausfallzeiten mit unseren Laserbearbeitungen Arcobaleno reagiert auf Unternehmen, die eine hohe Anzahl von Teilen ben\u00f6tigen, mit einem Maschinenpark f\u00fcr den Laserschnitt, einzigartig in der Branche in Bezug auf die Bandbreite und die Fortschrittlichkeit. Die Ausstattung umfasst Werkzeugmaschinen mit Optikfaser-Laserschnitt und CO2-Laserschnitt, die durch unterschiedliche Arbeitsbereiche charakterisiert sind, um die Bearbeitung jedes Werkst\u00fccksohne [&hellip;]<\/p>\n","protected":false},"author":3,"featured_media":0,"parent":0,"menu_order":0,"comment_status":"closed","ping_status":"closed","template":"","meta":{"om_disable_all_campaigns":false,"inline_featured_image":false,"_monsterinsights_skip_tracking":false,"_monsterinsights_sitenote_active":false,"_monsterinsights_sitenote_note":"","_monsterinsights_sitenote_category":0,"footnotes":""},"class_list":["post-2803","page","type-page","status-publish","hentry"],"aioseo_notices":[],"_links":{"self":[{"href":"https:\/\/www.arcobalenolamiere.com\/de\/wp-json\/wp\/v2\/pages\/2803","targetHints":{"allow":["GET"]}}],"collection":[{"href":"https:\/\/www.arcobalenolamiere.com\/de\/wp-json\/wp\/v2\/pages"}],"about":[{"href":"https:\/\/www.arcobalenolamiere.com\/de\/wp-json\/wp\/v2\/types\/page"}],"author":[{"embeddable":true,"href":"https:\/\/www.arcobalenolamiere.com\/de\/wp-json\/wp\/v2\/users\/3"}],"replies":[{"embeddable":true,"href":"https:\/\/www.arcobalenolamiere.com\/de\/wp-json\/wp\/v2\/comments?post=2803"}],"version-history":[{"count":9,"href":"https:\/\/www.arcobalenolamiere.com\/de\/wp-json\/wp\/v2\/pages\/2803\/revisions"}],"predecessor-version":[{"id":3383,"href":"https:\/\/www.arcobalenolamiere.com\/de\/wp-json\/wp\/v2\/pages\/2803\/revisions\/3383"}],"wp:attachment":[{"href":"https:\/\/www.arcobalenolamiere.com\/de\/wp-json\/wp\/v2\/media?parent=2803"}],"curies":[{"name":"wp","href":"https:\/\/api.w.org\/{rel}","templated":true}]}}