{"id":3764,"date":"2021-12-14T21:15:08","date_gmt":"2021-12-14T21:15:08","guid":{"rendered":"https:\/\/www.rmpercomunicare.it\/costruzione_siti\/arcobaleno\/?page_id=3764"},"modified":"2021-12-14T21:15:08","modified_gmt":"2021-12-14T21:15:08","slug":"blechmontage","status":"publish","type":"page","link":"https:\/\/www.arcobalenolamiere.com\/de\/blechmontage\/","title":{"rendered":"Blechmontage"},"content":{"rendered":"<div>\n<p>    <img decoding=\"async\" src=\"\/wp-content\/uploads\/2021\/09\/saldatura-lamiera.jpg\" alt=\"Blechmontage\"><\/p>\n<h1><span class=\"uk-font-primary uk-heading-large\" style=\"color: #fff; text-align: center;\">Blechmontage <br \/><\/span>Das Endprodukt, wie Sie es brauchen <\/h1>\n<\/div>\n<div>\n<p>Von der industriellen Fertigung des Teils bis zur Montage der Metallkomponenten \u00fcbernimmt Arcobaleno den gesamten Blechbearbeitungszyklus bis zum Endprodukt. Die <strong>Montage des<\/strong> Blechs ist der letzte Bearbeitungsschritt vor dem Finish und der Auslieferung an den Kunden (oder der vorletzte, wenn das Finish sp\u00e4ter geplant ist).<\/p>\n<p>Arcobaleno besch\u00e4ftigt f\u00fcr die Montage der Komponenten qualifiziertes eigenes Personal und verf\u00fcgt \u00fcber eine langj\u00e4hrige Erfahrung in diesem Bereich, um eine fachgerechte und den Kundenanforderungen entsprechende Arbeit zu leisten. Das Unternehmen ist in der Lage, je nach Bedarf <strong>verschiedene Montagearten<\/strong>anzubieten, die <strong>spezielle Verfahren wie Silikonbeschichtung, Anbringen von Isolierungen oder Einsetzen von Spezialschrauben<\/strong>umfassen k\u00f6nnen.<\/p>\n<p>Das Teil wird auch mit vom Kunden geliefertem Material montiert.<\/p>\n<p>Arcobaleno ist spezialisiert auf die Lieferung von montiertem<strong>-Material, genietet, mit montierten Eins\u00e4tzen, Auslass- und Pressbolzen, Bolzen, Buchsen und verschiedenem <\/strong>Zubeh\u00f6r.\u00a0<\/p>\n<\/div>\n<p><img decoding=\"async\" src=\"\/wp-content\/uploads\/2021\/08\/lavorazione-laimera.jpg\" alt=\"Lavorazione della lamiera\"><br \/>\n<img decoding=\"async\" src=\"\/wp-content\/uploads\/2021\/10\/assemblaggio-lamiera01.jpg\" alt=\"Assemblaggio lamiera\"><br \/>\n<img decoding=\"async\" src=\"\/wp-content\/uploads\/2021\/10\/assemblaggio-lamiera.jpg\" alt=\"Assemblaggio lamiera\"><\/p>\n<h2>Die starken Seiten der Montage<\/h2>\n<div>\n<p>Arcobaleno bietet seinen Firmenkunden alle M\u00f6glichkeiten der Montage.\u00a0<\/p>\n<\/p>\n<ol>\n<li>Als Spezialist f\u00fcr Blechbearbeitung bietet das Unternehmen eine breite Palette von Montagearten an.<\/li>\n<li>Technische Unterst\u00fctzung bei der industriellen Fertigung der einzelnen Komponenten, um die perfekte Passform der Teile und damit die bestm\u00f6gliche Montage zu erreichen.<\/li>\n<li>Eine p\u00fcnktliche Lieferung kommt auch Ihrer Produktionsorganisation zugute.<\/li>\n<li>Lieferung des Endprodukts, dem in einigen F\u00e4llen nur noch die elektronischen Bauteile hinzugef\u00fcgt werden.<\/li>\n<li>Qualit\u00e4t und Pr\u00e4zision garantiert durch qualifiziertes Personal.<\/li>\n<li>Unterst\u00fctzung bei Produktionsspitzen.<\/li>\n<li>Sie sparen Zeit, denn Arcobaleno k\u00fcmmert sich um die Beschaffung des Materials, das nicht vom Kunden geliefert wurde, aber f\u00fcr den Zusammenbau des fertigen Teils ben\u00f6tigt wird.<\/li>\n<\/ol>\n<\/div>\n<div>W\u00fcnschen Sie weitere Informationen?<\/div>\n<p>\n    <a href=\"\/de\/kontakte\/\">Kontaktieren <br \/>Sie uns jetzt!<\/a>\n<\/p>\n<p><!--more--><br \/>\n<!-- {\"name\":\"Blechmontage -Assemblaggio DE\",\"type\":\"layout\",\"children\":[{\"type\":\"section\",\"props\":{\"style\":\"default\",\"width\":\"\",\"vertical_align\":\"\",\"title_position\":\"top-left\",\"title_rotation\":\"left\",\"title_breakpoint\":\"xl\",\"image_position\":\"center-center\",\"image\":\"\",\"padding\":\"none\",\"text_color\":\"light\",\"attributes\":\"Alt='ASSEMBLAGGIO LAMIERA'\",\"header_transparent\":\"light\",\"header_transparent_noplaceholder\":true},\"children\":[{\"type\":\"row\",\"children\":[{\"type\":\"column\",\"props\":{\"image_position\":\"center-center\",\"media_overlay_gradient\":\"\",\"width_medium\":\"\"},\"children\":[{\"type\":\"slideshow\",\"props\":{\"show_title\":true,\"show_meta\":true,\"show_content\":true,\"show_link\":true,\"show_thumbnail\":true,\"slideshow_min_height\":300,\"slideshow_autoplay_pause\":true,\"nav\":\"\",\"nav_position\":\"bottom-center\",\"nav_position_margin\":\"medium\",\"nav_align\":\"center\",\"nav_breakpoint\":\"s\",\"thumbnav_width\":\"100\",\"thumbnav_height\":\"75\",\"thumbnav_svg_color\":\"emphasis\",\"slidenav\":\"\",\"slidenav_margin\":\"medium\",\"slidenav_breakpoint\":\"s\",\"slidenav_outside_breakpoint\":\"xl\",\"overlay_position\":\"center\",\"overlay_animation\":\"parallax\",\"title_element\":\"h1\",\"meta_style\":\"meta\",\"meta_align\":\"below-title\",\"meta_element\":\"div\",\"link_text\":\"Read more\",\"link_style\":\"default\",\"margin\":\"default\",\"slideshow_ratio\":\"16:7\",\"slideshow_kenburns\":\"center-right\",\"css\":\".el-title{\\ncolor: white !important;\\n    text-shadow: 2px 2px 4px #000;\\n}\\n@media (max-width: 616px)  { \\n.el-title {\\n    font-size: 1.3em;\\n    color: black;\\n    }\\n}\\n\",\"title_style\":\"h4\",\"text_align\":\"center\",\"title_margin\":\"remove\"},\"children\":[{\"type\":\"slideshow_item\",\"props\":{\"image\":\"wp-content\\\/uploads\\\/2021\\\/09\\\/saldatura-lamiera.jpg\",\"content\":\"\",\"title\":\"<span class=\\\"uk-font-primary uk-heading-large\\\" style=\\\"color: #fff; text-align: center;\\\">Blechmontage <br \\\/><\\\/span>Das Endprodukt, wie Sie es brauchen \",\"image_alt\":\"Blechmontage\"}}],\"modified\":\"2021-09-28T08:11:44.306Z\",\"name\":\"slideshow lavorazione\"}]}]},{\"type\":\"row\",\"children\":[{\"type\":\"column\",\"props\":{\"image_position\":\"bottom-center\",\"media_overlay_gradient\":\"\",\"width_medium\":\"\",\"image\":\"wp-content\\\/uploads\\\/gear-products-bg.jpg\",\"image_size\":\"cover\",\"media_overlay\":\"rgba(255, 255, 255, 0.6)\"},\"children\":[{\"type\":\"text\",\"props\":{\"margin\":\"default\",\"column_breakpoint\":\"m\",\"content\":\"\n\n<p>Von der industriellen Fertigung des Teils bis zur Montage der Metallkomponenten \\u00fcbernimmt Arcobaleno den gesamten Blechbearbeitungszyklus bis zum Endprodukt. Die <strong>Montage des<\\\/strong> Blechs ist der letzte Bearbeitungsschritt vor dem Finish und der Auslieferung an den Kunden (oder der vorletzte, wenn das Finish sp\\u00e4ter geplant ist).<\\\/p>\\n\n\n<p>Arcobaleno besch\\u00e4ftigt f\\u00fcr die Montage der Komponenten qualifiziertes eigenes Personal und verf\\u00fcgt \\u00fcber eine langj\\u00e4hrige Erfahrung in diesem Bereich, um eine fachgerechte und den Kundenanforderungen entsprechende Arbeit zu leisten. Das Unternehmen ist in der Lage, je nach Bedarf <strong>verschiedene Montagearten<\\\/strong>anzubieten, die <strong>spezielle Verfahren wie Silikonbeschichtung, Anbringen von Isolierungen oder Einsetzen von Spezialschrauben<\\\/strong>umfassen k\\u00f6nnen.<\\\/p>\\n\n\n<p>Das Teil wird auch mit vom Kunden geliefertem Material montiert.<\\\/p>\\n\n\n<p>Arcobaleno ist spezialisiert auf die Lieferung von montiertem<strong>-Material, genietet, mit montierten Eins\\u00e4tzen, Auslass- und Pressbolzen, Bolzen, Buchsen und verschiedenem <\\\/strong>Zubeh\\u00f6r.\\u00a0<\\\/p>\"}}]}]}]},{\"type\":\"section\",\"props\":{\"style\":\"default\",\"width\":\"default\",\"vertical_align\":\"middle\",\"title_position\":\"top-left\",\"title_rotation\":\"left\",\"title_breakpoint\":\"xl\",\"image_position\":\"center-center\"},\"children\":[{\"type\":\"row\",\"props\":{\"layout\":\"2-5,3-5\"},\"children\":[{\"type\":\"column\",\"props\":{\"image_position\":\"center-left\",\"media_overlay_gradient\":\"\",\"width_medium\":\"2-5\",\"image\":\"wp-content\\\/uploads\\\/gear-products-bg.jpg\",\"image_size\":\"width-1-1\",\"media_overlay\":\"rgba(255, 255, 255, 0.6)\"},\"children\":[{\"type\":\"image\",\"props\":{\"margin\":\"default\",\"image_svg_color\":\"emphasis\",\"image\":\"wp-content\\\/uploads\\\/2021\\\/08\\\/lavorazione-laimera.jpg\",\"image_alt\":\"Lavorazione della lamiera\",\"image_width\":\"500\",\"position\":\"relative\",\"position_z_index\":\"1\",\"image_box_shadow\":\"large\"}},{\"type\":\"image\",\"props\":{\"margin\":\"default\",\"image_svg_color\":\"emphasis\",\"image\":\"wp-content\\\/uploads\\\/2021\\\/10\\\/assemblaggio-lamiera01.jpg\",\"image_alt\":\"Assemblaggio lamiera\",\"image_width\":\"500\",\"position\":\"relative\",\"position_z_index\":\"1\",\"image_box_shadow\":\"large\"}},{\"type\":\"image\",\"props\":{\"margin\":\"default\",\"image_svg_color\":\"emphasis\",\"image\":\"wp-content\\\/uploads\\\/2021\\\/10\\\/assemblaggio-lamiera.jpg\",\"image_alt\":\"Assemblaggio lamiera\",\"image_width\":\"500\",\"position\":\"relative\",\"position_z_index\":\"1\",\"image_box_shadow\":\"large\"}}]},{\"type\":\"column\",\"props\":{\"image_position\":\"center-center\",\"media_overlay_gradient\":\"\",\"width_medium\":\"3-5\"},\"children\":[{\"type\":\"headline\",\"props\":{\"title_element\":\"h2\",\"title_font_family\":\"primary\",\"content\":\"Die starken Seiten der Montage\",\"class\":\"a-title\",\"text_align\":\"left\",\"title_style\":\"heading-small\",\"margin_remove_bottom\":true,\"text_align_breakpoint\":\"m\",\"text_align_fallback\":\"center\"}},{\"type\":\"text\",\"props\":{\"margin\":\"default\",\"column_breakpoint\":\"m\",\"content\":\"\n\n<p>Arcobaleno bietet seinen Firmenkunden alle M\\u00f6glichkeiten der Montage.\\u00a0<\\\/p>\\n\n\n<p><\\\/p>\\n\n\n<ol>\\n\n\n<li>Als Spezialist f\\u00fcr Blechbearbeitung bietet das Unternehmen eine breite Palette von Montagearten an.<\\\/li>\\n\n\n<li>Technische Unterst\\u00fctzung bei der industriellen Fertigung der einzelnen Komponenten, um die perfekte Passform der Teile und damit die bestm\\u00f6gliche Montage zu erreichen.<\\\/li>\\n\n\n<li>Eine p\\u00fcnktliche Lieferung kommt auch Ihrer Produktionsorganisation zugute.<\\\/li>\\n\n\n<li>Lieferung des Endprodukts, dem in einigen F\\u00e4llen nur noch die elektronischen Bauteile hinzugef\\u00fcgt werden.<\\\/li>\\n\n\n<li>Qualit\\u00e4t und Pr\\u00e4zision garantiert durch qualifiziertes Personal.<\\\/li>\\n\n\n<li>Unterst\\u00fctzung bei Produktionsspitzen.<\\\/li>\\n\n\n<li>Sie sparen Zeit, denn Arcobaleno k\\u00fcmmert sich um die Beschaffung des Materials, das nicht vom Kunden geliefert wurde, aber f\\u00fcr den Zusammenbau des fertigen Teils ben\\u00f6tigt wird.<\\\/li>\\n<\\\/ol>\\n\n\n<p><\\\/p>\"}}]}]}],\"name\":\"intro\"},{\"type\":\"section\",\"props\":{\"style\":\"default\",\"width\":\"default\",\"vertical_align\":\"middle\",\"title_position\":\"top-left\",\"title_rotation\":\"left\",\"title_breakpoint\":\"xl\",\"image_position\":\"center-center\",\"image\":\"wp-content\\\/uploads\\\/2021\\\/08\\\/ICONA_METALLO.jpg\",\"image_size\":\"cover\",\"media_overlay_gradient\":\"background: rgb(245,245,245); background: radial-gradient(circle, rgba(245,245,245,1) 0%, rgba(91,91,91,0.7875744047619048) 100%);\"},\"children\":[{\"type\":\"row\",\"props\":{\"layout\":\"2-3,1-3\"},\"children\":[{\"type\":\"column\",\"props\":{\"image_position\":\"center-center\",\"media_overlay_gradient\":\"\",\"width_medium\":\"2-3\"},\"children\":[{\"type\":\"headline\",\"props\":{\"title_element\":\"div\",\"content\":\"W\\u00fcnschen Sie weitere Informationen?\",\"title_style\":\"h1\"},\"modified\":\"2021-12-10T21:12:25.370Z\",\"name\":\"MAx info DE\"}]},{\"type\":\"column\",\"props\":{\"image_position\":\"center-center\",\"media_overlay_gradient\":\"\",\"width_medium\":\"1-3\",\"vertical_align\":\"middle\"},\"children\":[{\"type\":\"button\",\"props\":{\"grid_column_gap\":\"small\",\"grid_row_gap\":\"small\",\"margin\":\"default\",\"fullwidth\":true,\"button_size\":\"large\",\"css\":\".uk-button-large {\\n    padding: 10px 40px;\\n    line-height: 53px;\\n    font-size: 18px;\\n    line-height: 1.2em;\\n}\"},\"children\":[{\"type\":\"button_item\",\"props\":{\"button_style\":\"secondary\",\"icon_align\":\"left\",\"content\":\"Kontaktieren <br \\\/>Sie uns jetzt!\",\"link\":\"de\\\/kontakte\\\/\"}}],\"modified\":\"2021-12-09T14:15:46.735Z\",\"name\":\"kontact DE\"}]}]}]}],\"version\":\"2.5.10\",\"yooessentialsVersion\":\"1.5.8\"} --><\/p>\n","protected":false},"excerpt":{"rendered":"<p>Blechmontage Das Endprodukt, wie Sie es brauchen Von der industriellen Fertigung des Teils bis zur Montage der Metallkomponenten \u00fcbernimmt Arcobaleno den gesamten Blechbearbeitungszyklus bis zum Endprodukt. Die Montage des Blechs ist der letzte Bearbeitungsschritt vor dem Finish und der Auslieferung an den Kunden (oder der vorletzte, wenn das Finish sp\u00e4ter geplant ist). Arcobaleno besch\u00e4ftigt f\u00fcr [&hellip;]<\/p>\n","protected":false},"author":3,"featured_media":0,"parent":0,"menu_order":0,"comment_status":"closed","ping_status":"closed","template":"","meta":{"om_disable_all_campaigns":false,"inline_featured_image":false,"_monsterinsights_skip_tracking":false,"_monsterinsights_sitenote_active":false,"_monsterinsights_sitenote_note":"","_monsterinsights_sitenote_category":0,"footnotes":""},"class_list":["post-3764","page","type-page","status-publish","hentry"],"aioseo_notices":[],"_links":{"self":[{"href":"https:\/\/www.arcobalenolamiere.com\/de\/wp-json\/wp\/v2\/pages\/3764","targetHints":{"allow":["GET"]}}],"collection":[{"href":"https:\/\/www.arcobalenolamiere.com\/de\/wp-json\/wp\/v2\/pages"}],"about":[{"href":"https:\/\/www.arcobalenolamiere.com\/de\/wp-json\/wp\/v2\/types\/page"}],"author":[{"embeddable":true,"href":"https:\/\/www.arcobalenolamiere.com\/de\/wp-json\/wp\/v2\/users\/3"}],"replies":[{"embeddable":true,"href":"https:\/\/www.arcobalenolamiere.com\/de\/wp-json\/wp\/v2\/comments?post=3764"}],"version-history":[{"count":2,"href":"https:\/\/www.arcobalenolamiere.com\/de\/wp-json\/wp\/v2\/pages\/3764\/revisions"}],"predecessor-version":[{"id":3766,"href":"https:\/\/www.arcobalenolamiere.com\/de\/wp-json\/wp\/v2\/pages\/3764\/revisions\/3766"}],"wp:attachment":[{"href":"https:\/\/www.arcobalenolamiere.com\/de\/wp-json\/wp\/v2\/media?parent=3764"}],"curies":[{"name":"wp","href":"https:\/\/api.w.org\/{rel}","templated":true}]}}