{"id":4505,"date":"2022-02-04T08:06:25","date_gmt":"2022-02-04T08:06:25","guid":{"rendered":"https:\/\/www.arcobalenolamiere.com\/?page_id=4505"},"modified":"2022-02-04T08:13:19","modified_gmt":"2022-02-04T08:13:19","slug":"nah-an-den-familien-unseres-gebiets-helfen","status":"publish","type":"page","link":"https:\/\/www.arcobalenolamiere.com\/de\/nah-an-den-familien-unseres-gebiets-helfen\/","title":{"rendered":"NAH AN DEN FAMILIEN UNSERES GEBIETS HELFEN"},"content":{"rendered":"<p>\n    <a href=\"\/de\/ueber-das-blech\/\">Zur\u00fcck<\/a>\n<\/p>\n<hr>\n<h1>NAH AN DEN FAMILIEN UNSERES GEBIETS HELFEN<\/h1>\n<div>\n<p>Wir unterst\u00fctzen die Realit\u00e4t, in der wir t\u00e4tig sind, in der \u00dcberzeugung, dass wir mit Solidarit\u00e4t einen wichtigen Beitrag zu unserem Territorium leisten k\u00f6nnen. Aus diesem Grund unterst\u00fctzen wir seit einigen Jahren <a href=\"http:\/\/www.cooperativabucaneve.it\/\">Bucaneve Onlus<\/a>, das Bildungs- und Gesundheitsdienste zur Unterst\u00fctzung von Gebrechlichkeit und Behinderung organisiert.<\/p>\n<p>Famili\u00e4re Werte haben unser Unternehmen schon immer geleitet. Wir haben immer an den Wert der Familie geglaubt.<\/p>\n<\/div>\n<p><img decoding=\"async\" src=\"\/wp-content\/uploads\/2022\/01\/bucaneve.jpg\" alt=\"solidariet\u00e0\"><\/p>\n<hr>\n<p>\n    <a href=\"\/de\/ueber-das-blech\/\">Zur\u00fcck<\/a>\n<\/p>\n<p><!--more--><br \/>\n<!-- {\"type\":\"layout\",\"children\":[{\"type\":\"section\",\"props\":{\"style\":\"default\",\"width\":\"default\",\"vertical_align\":\"middle\",\"title_position\":\"top-left\",\"title_rotation\":\"left\",\"title_breakpoint\":\"xl\",\"image_position\":\"center-center\"},\"children\":[{\"type\":\"row\",\"children\":[{\"type\":\"column\",\"props\":{\"position_sticky_breakpoint\":\"m\",\"image_position\":\"center-center\",\"media_overlay_gradient\":\"\"},\"children\":[{\"type\":\"button\",\"props\":{\"grid_column_gap\":\"small\",\"grid_row_gap\":\"small\",\"margin\":\"default\",\"text_align\":\"center\"},\"children\":[{\"type\":\"button_item\",\"props\":{\"button_style\":\"default\",\"icon_align\":\"left\",\"content\":\"Zur\\u00fcck\",\"link\":\"de\\\/ueber-das-blech\\\/\"}}]},{\"type\":\"divider\",\"props\":{\"divider_element\":\"hr\"}},{\"type\":\"headline\",\"props\":{\"title_element\":\"h1\",\"content\":\"NAH AN DEN FAMILIEN UNSERES GEBIETS HELFEN\",\"text_align\":\"center\"}}]}]},{\"type\":\"row\",\"props\":{\"layout\":\"2-3,1-3\",\"width\":\"xlarge\"},\"children\":[{\"type\":\"column\",\"props\":{\"position_sticky_breakpoint\":\"m\",\"image_position\":\"center-center\",\"media_overlay_gradient\":\"\",\"width_medium\":\"2-3\"},\"children\":[{\"type\":\"text\",\"props\":{\"margin\":\"default\",\"column_breakpoint\":\"m\",\"content\":\"\n\n<p>Wir unterst\\u00fctzen die Realit\\u00e4t, in der wir t\\u00e4tig sind, in der \\u00dcberzeugung, dass wir mit Solidarit\\u00e4t einen wichtigen Beitrag zu unserem Territorium leisten k\\u00f6nnen. Aus diesem Grund unterst\\u00fctzen wir seit einigen Jahren <a href=\\\"http:\\\/\\\/www.cooperativabucaneve.it\\\/\\\">Bucaneve Onlus<\\\/a>, das Bildungs- und Gesundheitsdienste zur Unterst\\u00fctzung von Gebrechlichkeit und Behinderung organisiert.<br \\\/><br \\\/>Famili\\u00e4re Werte haben unser Unternehmen schon immer geleitet. Wir haben immer an den Wert der Familie geglaubt.<\\\/p>\"}}]},{\"type\":\"column\",\"props\":{\"position_sticky_breakpoint\":\"m\",\"image_position\":\"center-center\",\"media_overlay_gradient\":\"\",\"width_medium\":\"1-3\"},\"children\":[{\"type\":\"image\",\"props\":{\"margin\":\"default\",\"image_svg_color\":\"emphasis\",\"image\":\"wp-content\\\/uploads\\\/2022\\\/01\\\/bucaneve.jpg\",\"image_alt\":\"solidariet\\u00e0\"}}]}]},{\"type\":\"row\",\"children\":[{\"type\":\"column\",\"props\":{\"position_sticky_breakpoint\":\"m\",\"image_position\":\"center-center\",\"media_overlay_gradient\":\"\"},\"children\":[{\"type\":\"divider\",\"props\":{\"divider_element\":\"hr\"}},{\"type\":\"button\",\"props\":{\"grid_column_gap\":\"small\",\"grid_row_gap\":\"small\",\"margin\":\"default\",\"text_align\":\"center\"},\"children\":[{\"type\":\"button_item\",\"props\":{\"button_style\":\"default\",\"icon_align\":\"left\",\"content\":\"Zur\\u00fcck\",\"link\":\"de\\\/ueber-das-blech\\\/\"}}]}]}]}]}],\"version\":\"2.7.14\",\"yooessentialsVersion\":\"1.5.9\"} --><\/p>\n","protected":false},"excerpt":{"rendered":"<p>Zur\u00fcck NAH AN DEN FAMILIEN UNSERES GEBIETS HELFEN Wir unterst\u00fctzen die Realit\u00e4t, in der wir t\u00e4tig sind, in der \u00dcberzeugung, dass wir mit Solidarit\u00e4t einen wichtigen Beitrag zu unserem Territorium leisten k\u00f6nnen. Aus diesem Grund unterst\u00fctzen wir seit einigen Jahren Bucaneve Onlus, das Bildungs- und Gesundheitsdienste zur Unterst\u00fctzung von Gebrechlichkeit und Behinderung organisiert. Famili\u00e4re Werte [&hellip;]<\/p>\n","protected":false},"author":3,"featured_media":0,"parent":0,"menu_order":0,"comment_status":"closed","ping_status":"closed","template":"","meta":{"om_disable_all_campaigns":false,"inline_featured_image":false,"_monsterinsights_skip_tracking":false,"_monsterinsights_sitenote_active":false,"_monsterinsights_sitenote_note":"","_monsterinsights_sitenote_category":0,"footnotes":""},"class_list":["post-4505","page","type-page","status-publish","hentry"],"aioseo_notices":[],"_links":{"self":[{"href":"https:\/\/www.arcobalenolamiere.com\/de\/wp-json\/wp\/v2\/pages\/4505","targetHints":{"allow":["GET"]}}],"collection":[{"href":"https:\/\/www.arcobalenolamiere.com\/de\/wp-json\/wp\/v2\/pages"}],"about":[{"href":"https:\/\/www.arcobalenolamiere.com\/de\/wp-json\/wp\/v2\/types\/page"}],"author":[{"embeddable":true,"href":"https:\/\/www.arcobalenolamiere.com\/de\/wp-json\/wp\/v2\/users\/3"}],"replies":[{"embeddable":true,"href":"https:\/\/www.arcobalenolamiere.com\/de\/wp-json\/wp\/v2\/comments?post=4505"}],"version-history":[{"count":7,"href":"https:\/\/www.arcobalenolamiere.com\/de\/wp-json\/wp\/v2\/pages\/4505\/revisions"}],"predecessor-version":[{"id":4513,"href":"https:\/\/www.arcobalenolamiere.com\/de\/wp-json\/wp\/v2\/pages\/4505\/revisions\/4513"}],"wp:attachment":[{"href":"https:\/\/www.arcobalenolamiere.com\/de\/wp-json\/wp\/v2\/media?parent=4505"}],"curies":[{"name":"wp","href":"https:\/\/api.w.org\/{rel}","templated":true}]}}