{"id":4514,"date":"2022-02-04T08:14:06","date_gmt":"2022-02-04T08:14:06","guid":{"rendered":"https:\/\/www.arcobalenolamiere.com\/?page_id=4514"},"modified":"2022-02-04T08:17:22","modified_gmt":"2022-02-04T08:17:22","slug":"wettbewerb-und-oeko-nachhaltigkeit","status":"publish","type":"page","link":"https:\/\/www.arcobalenolamiere.com\/de\/wettbewerb-und-oeko-nachhaltigkeit\/","title":{"rendered":"WETTBEWERB UND \u00d6KO-NACHHALTIGKEIT"},"content":{"rendered":"<p>\n    <a href=\"\/de\/ueber-das-blech\/\">zur\u00fcck<\/a>\n<\/p>\n<hr>\n<h1>WETTBEWERB UND <br \/>\u00d6KO-NACHHALTIGKEIT<\/h1>\n<div>Wir teilen den Wettbewerbsgeist des Sports als Antrieb, uns st\u00e4ndig zu verbessern.<br \/>\nAus diesem Grund haben wir uns mit Begeisterung dem Kommunikationsprojekt des V-Action Racing Teams angeschlossen und sind Sponsor seiner beiden Autos f\u00fcr die erste italienische Marken-Meisterschaft der BMW M2 CS-Fahrzeuge geworden.<br \/>\n<br \/>\nNicht nur Wettbewerb, sondern auch \u00f6kologische Nachhaltigkeit.<br \/>\nWir unterst\u00fctzen die Teilnahme des V-Action Racing Teams an der ersten Weltmeisterschaft vollelektrischer Autos mit dem Tesla Model3 Performance Dual Motor.<br \/>\nEin innovatives Projekt, das das wichtige Thema der \u00f6kologischen Nachhaltigkeit im Motorsport einf\u00fchrt.<\/p>\n<\/div>\n<h2>BMW M2 CS Racing Cup Italy 2021 <br \/> <span class=\"uk-h6\">2. Absolute platz des v-action racing teams mit dem professional rider Luigi Ferrara<\/span><\/h2>\n<ul>\n<li>\n<p>        <img decoding=\"async\" src=\"\/wp-content\/uploads\/2022\/01\/MIRK1040.jpg\" alt=\"BMW M2 CS Racing Cup Italy 2021\"><\/p>\n<\/li>\n<li>\n<p>        <img decoding=\"async\" src=\"\/wp-content\/uploads\/2022\/01\/MIRK1034.jpg\" alt=\"BMW M2 CS Racing Cup Italy 2021\"><\/p>\n<\/li>\n<li>\n<p>        <img decoding=\"async\" src=\"\/wp-content\/uploads\/2022\/01\/MB1_2148.jpg\" alt=\"BMW M2 CS Racing Cup Italy 2021\"><\/p>\n<\/li>\n<li>\n<p>        <img decoding=\"async\" src=\"\/wp-content\/uploads\/2022\/01\/MB1_0120.jpg\" alt=\"BMW M2 CS Racing Cup Italy 2021\"><\/p>\n<\/li>\n<li>\n<p>        <img decoding=\"async\" src=\"\/wp-content\/uploads\/2022\/01\/MA3_2946.jpg\" alt=\"BMW M2 CS Racing Cup Italy 2021\"><\/p>\n<\/li>\n<li>\n<p>        <img decoding=\"async\" src=\"\/wp-content\/uploads\/2022\/01\/IMG_2476.jpg\" alt=\"BMW M2 CS Racing Cup Italy 2021\"><\/p>\n<\/li>\n<li>\n<p>        <img decoding=\"async\" src=\"\/wp-content\/uploads\/2022\/01\/GHEN8373.jpg\" alt=\"BMW M2 CS Racing Cup Italy 2021\"><\/p>\n<\/li>\n<li>\n<p>        <img decoding=\"async\" src=\"\/wp-content\/uploads\/2022\/01\/GH2_6297.jpg\" alt=\"BMW M2 CS Racing Cup Italy 2021\"><\/p>\n<\/li>\n<li>\n<p>        <img decoding=\"async\" src=\"\/wp-content\/uploads\/2022\/01\/AR5D4657.jpg\" alt=\"BMW M2 CS Racing Cup Italy 2021\"><\/p>\n<\/li>\n<li>\n<p>        <img decoding=\"async\" src=\"\/wp-content\/uploads\/2022\/01\/AR1D7139.jpg\" alt=\"BMW M2 CS Racing Cup Italy 2021\"><\/p>\n<\/li>\n<li>\n<p>        <img decoding=\"async\" src=\"\/wp-content\/uploads\/2022\/01\/9c72931d-a76c-473d-84dc-61fbb39bb235.jpg\" alt=\"BMW M2 CS Racing Cup Italy 2021\"><\/p>\n<\/li>\n<li>\n<p>        <img decoding=\"async\" src=\"\/wp-content\/uploads\/2022\/01\/MR59491.jpg\" alt=\"BMW M2 CS Racing Cup Italy 2021\"><\/p>\n<\/li>\n<li>\n<p>        <img decoding=\"async\" src=\"\/wp-content\/uploads\/2022\/01\/MR58996.jpg\" alt=\"BMW M2 CS Racing Cup Italy 2021\"><\/p>\n<\/li>\n<li>\n<p>        <img decoding=\"async\" src=\"\/wp-content\/uploads\/2022\/01\/MR58987.jpg\" alt=\"BMW M2 CS Racing Cup Italy 2021\"><\/p>\n<\/li>\n<li>\n<p>        <img decoding=\"async\" src=\"\/wp-content\/uploads\/2022\/01\/IGL6621.jpg\" alt=\"BMW M2 CS Racing Cup Italy 2021\"><\/p>\n<\/li>\n<li>\n<p>        <img decoding=\"async\" src=\"\/wp-content\/uploads\/2022\/01\/IGL6409.jpg\" alt=\"BMW M2 CS Racing Cup Italy 2021\"><\/p>\n<\/li>\n<li>\n<p>        <img decoding=\"async\" src=\"\/wp-content\/uploads\/2022\/01\/IGL4935.jpg\" alt=\"BMW M2 CS Racing Cup Italy 2021\"><\/p>\n<\/li>\n<li>\n<p>        <img decoding=\"async\" src=\"\/wp-content\/uploads\/2022\/01\/HRM8862.jpg\" alt=\"BMW M2 CS Racing Cup Italy 2021\"><\/p>\n<\/li>\n<li>\n<p>        <img decoding=\"async\" src=\"\/wp-content\/uploads\/2022\/01\/HRM2653.jpg\" alt=\"BMW M2 CS Racing Cup Italy 2021\"><\/p>\n<\/li>\n<li>\n<p>        <img decoding=\"async\" src=\"\/wp-content\/uploads\/2022\/01\/AU_7535.jpg\" alt=\"BMW M2 CS Racing Cup Italy 2021\"><\/p>\n<\/li>\n<li>\n<p>        <img decoding=\"async\" src=\"\/wp-content\/uploads\/2022\/01\/AU_0898.jpg\" alt=\"BMW M2 CS Racing Cup Italy 2021\"><\/p>\n<\/li>\n<li>\n<p>        <img decoding=\"async\" src=\"\/wp-content\/uploads\/2022\/01\/AU_0790.jpg\" alt=\"BMW M2 CS Racing Cup Italy 2021\"><\/p>\n<\/li>\n<li>\n<p>        <img decoding=\"async\" src=\"\/wp-content\/uploads\/2022\/01\/AU_0734.jpg\" alt=\"BMW M2 CS Racing Cup Italy 2021\"><\/p>\n<\/li>\n<\/ul>\n<hr>\n<h2>E-STC Series 2021 <\/h2>\n<ul>\n<li>\n<p>        <img decoding=\"async\" src=\"\/wp-content\/uploads\/2022\/01\/500_0335.jpg\" alt=\"\"><\/p>\n<\/li>\n<li>\n<p>        <img decoding=\"async\" src=\"\/wp-content\/uploads\/2022\/01\/500_0369.jpg\" alt=\"E-STC Series 2021 \"><\/p>\n<\/li>\n<li>\n<p>        <img decoding=\"async\" src=\"\/wp-content\/uploads\/2022\/01\/500_1705.jpg\" alt=\"E-STC Series 2021 \"><\/p>\n<\/li>\n<li>\n<p>        <img decoding=\"async\" src=\"\/wp-content\/uploads\/2022\/01\/500_1838.jpg\" alt=\"E-STC Series 2021 \"><\/p>\n<\/li>\n<li>\n<p>        <img decoding=\"async\" src=\"\/wp-content\/uploads\/2022\/01\/500_2279.jpg\" alt=\"E-STC Series 2021 \"><\/p>\n<\/li>\n<li>\n<p>        <img decoding=\"async\" src=\"\/wp-content\/uploads\/2022\/01\/500_4054.jpg\" alt=\"E-STC Series 2021 \"><\/p>\n<\/li>\n<li>\n<p>        <img decoding=\"async\" src=\"\/wp-content\/uploads\/2022\/01\/500_4100.jpg\" alt=\"E-STC Series 2021 \"><\/p>\n<\/li>\n<li>\n<p>        <img decoding=\"async\" src=\"\/wp-content\/uploads\/2022\/01\/500_4101.jpg\" alt=\"E-STC Series 2021 \"><\/p>\n<\/li>\n<li>\n<p>        <img decoding=\"async\" src=\"\/wp-content\/uploads\/2022\/01\/500_4115.jpg\" alt=\"E-STC Series 2021 \"><\/p>\n<\/li>\n<li>\n<p>        <img decoding=\"async\" src=\"\/wp-content\/uploads\/2022\/01\/500_5982.jpg\" alt=\"E-STC Series 2021 \"><\/p>\n<\/li>\n<li>\n<p>        <img decoding=\"async\" src=\"\/wp-content\/uploads\/2022\/01\/500_5988.jpg\" alt=\"E-STC Series 2021 \"><\/p>\n<\/li>\n<li>\n<p>        <img decoding=\"async\" src=\"\/wp-content\/uploads\/2022\/01\/CSZ_0540.jpg\" alt=\"E-STC Series 2021 \"><\/p>\n<\/li>\n<\/ul>\n<hr>\n<p>\n    <a href=\"\/de\/ueber-das-blech\/\">zur\u00fcck<\/a>\n<\/p>\n<p><!--more--><br \/>\n<!-- {\"type\":\"layout\",\"children\":[{\"type\":\"section\",\"props\":{\"style\":\"default\",\"width\":\"default\",\"vertical_align\":\"middle\",\"title_position\":\"top-left\",\"title_rotation\":\"left\",\"title_breakpoint\":\"xl\",\"image_position\":\"center-center\"},\"children\":[{\"type\":\"row\",\"children\":[{\"type\":\"column\",\"props\":{\"position_sticky_breakpoint\":\"m\",\"image_position\":\"center-center\",\"media_overlay_gradient\":\"\"},\"children\":[{\"type\":\"button\",\"props\":{\"grid_column_gap\":\"small\",\"grid_row_gap\":\"small\",\"margin\":\"default\",\"text_align\":\"center\"},\"children\":[{\"type\":\"button_item\",\"props\":{\"button_style\":\"default\",\"icon_align\":\"left\",\"content\":\"zur\\u00fcck\",\"link\":\"de\\\/ueber-das-blech\\\/\"}}]},{\"type\":\"divider\",\"props\":{\"divider_element\":\"hr\"}},{\"type\":\"headline\",\"props\":{\"title_element\":\"h1\",\"content\":\"WETTBEWERB UND <br\\\/>\\u00d6KO-NACHHALTIGKEIT\",\"title_style\":\"h1\",\"text_align\":\"center\",\"css\":\"@media (max-width: 616px) { \\n.el-element {\\n    font-size: 1.2em;\\n    color: black;\\n    }\\n}\"}}]}]},{\"type\":\"row\",\"children\":[{\"type\":\"column\",\"props\":{\"position_sticky_breakpoint\":\"m\",\"image_position\":\"center-center\",\"media_overlay_gradient\":\"\"},\"children\":[{\"type\":\"text\",\"props\":{\"margin\":\"default\",\"column_breakpoint\":\"m\",\"content\":\"Wir teilen den Wettbewerbsgeist des Sports als Antrieb, uns st\\u00e4ndig zu verbessern.\\nAus diesem Grund haben wir uns mit Begeisterung dem Kommunikationsprojekt des V-Action Racing Teams angeschlossen und sind Sponsor seiner beiden Autos f\\u00fcr die erste italienische Marken-Meisterschaft der BMW M2 CS-Fahrzeuge geworden.\\n<br \\\/>\\nNicht nur Wettbewerb, sondern auch \\u00f6kologische Nachhaltigkeit.\\nWir unterst\\u00fctzen die Teilnahme des V-Action Racing Teams an der ersten Weltmeisterschaft vollelektrischer Autos mit dem Tesla Model3 Performance Dual Motor.\\nEin innovatives Projekt, das das wichtige Thema der \\u00f6kologischen Nachhaltigkeit im Motorsport einf\\u00fchrt.\\n\\n\\n\",\"column\":\"1-2\",\"column_divider\":true}}]}]}]},{\"type\":\"section\",\"props\":{\"style\":\"default\",\"width\":\"default\",\"vertical_align\":\"middle\",\"title_position\":\"top-left\",\"title_rotation\":\"left\",\"title_breakpoint\":\"xl\",\"image_position\":\"center-center\"},\"children\":[{\"type\":\"row\",\"children\":[{\"type\":\"column\",\"props\":{\"position_sticky_breakpoint\":\"m\",\"image_position\":\"center-center\",\"media_overlay_gradient\":\"\"},\"children\":[{\"type\":\"headline\",\"props\":{\"title_element\":\"h2\",\"content\":\"BMW M2 CS Racing Cup Italy 2021 <br \\\/> <span class=\\\"uk-h6\\\">2. Absolute platz des v-action racing teams mit dem professional rider Luigi Ferrara<\\\/span>\",\"text_align\":\"center\",\"title_style\":\"h2\",\"title_decoration\":\"line\",\"css\":\"@media (max-width: 616px) { \\n.el-element {\\n    font-size: 1.2em;\\n    color: black;\\n    }\\n}\"}},{\"type\":\"gallery\",\"props\":{\"show_title\":true,\"show_meta\":true,\"show_content\":true,\"show_link\":true,\"show_hover_image\":true,\"grid_default\":\"1\",\"grid_medium\":\"3\",\"filter_style\":\"tab\",\"filter_all\":true,\"filter_position\":\"top\",\"filter_align\":\"left\",\"filter_grid_width\":\"auto\",\"filter_grid_breakpoint\":\"m\",\"overlay_mode\":\"cover\",\"overlay_hover\":false,\"overlay_style\":\"\",\"text_color\":\"light\",\"overlay_position\":\"center\",\"overlay_transition\":\"fade\",\"title_hover_style\":\"reset\",\"title_element\":\"h3\",\"meta_style\":\"meta\",\"meta_align\":\"below-title\",\"meta_element\":\"div\",\"link_text\":\"\",\"link_style\":\"default\",\"text_align\":\"center\",\"margin\":\"default\",\"item_animation\":true,\"lightbox\":true,\"title_display\":\"lightbox\",\"overlay_link\":true,\"image_box_shadow\":\"small\",\"image_hover_box_shadow\":\"large\"},\"children\":[{\"type\":\"gallery_item\",\"props\":{\"title\":\"\",\"image\":\"wp-content\\\/uploads\\\/2022\\\/01\\\/MIRK1040.jpg\",\"image_alt\":\"BMW M2 CS Racing Cup Italy 2021\"}},{\"type\":\"gallery_item\",\"props\":{\"title\":\"\",\"image\":\"wp-content\\\/uploads\\\/2022\\\/01\\\/MIRK1034.jpg\",\"image_alt\":\"BMW M2 CS Racing Cup Italy 2021\"}},{\"type\":\"gallery_item\",\"props\":{\"title\":\"\",\"image\":\"wp-content\\\/uploads\\\/2022\\\/01\\\/MB1_2148.jpg\",\"image_alt\":\"BMW M2 CS Racing Cup Italy 2021\"}},{\"type\":\"gallery_item\",\"props\":{\"title\":\"\",\"image\":\"wp-content\\\/uploads\\\/2022\\\/01\\\/MB1_0120.jpg\",\"image_alt\":\"BMW M2 CS Racing Cup Italy 2021\"}},{\"type\":\"gallery_item\",\"props\":{\"title\":\"\",\"image\":\"wp-content\\\/uploads\\\/2022\\\/01\\\/MA3_2946.jpg\",\"image_alt\":\"BMW M2 CS Racing Cup Italy 2021\"}},{\"type\":\"gallery_item\",\"props\":{\"title\":\"\",\"image\":\"wp-content\\\/uploads\\\/2022\\\/01\\\/IMG_2476.jpg\",\"image_alt\":\"BMW M2 CS Racing Cup Italy 2021\"}},{\"type\":\"gallery_item\",\"props\":{\"title\":\"\",\"image\":\"wp-content\\\/uploads\\\/2022\\\/01\\\/GHEN8373.jpg\",\"image_alt\":\"BMW M2 CS Racing Cup Italy 2021\"}},{\"type\":\"gallery_item\",\"props\":{\"title\":\"\",\"image\":\"wp-content\\\/uploads\\\/2022\\\/01\\\/GH2_6297.jpg\",\"image_alt\":\"BMW M2 CS Racing Cup Italy 2021\"}},{\"type\":\"gallery_item\",\"props\":{\"title\":\"\",\"image\":\"wp-content\\\/uploads\\\/2022\\\/01\\\/AR5D4657.jpg\",\"image_alt\":\"BMW M2 CS Racing Cup Italy 2021\"}},{\"type\":\"gallery_item\",\"props\":{\"title\":\"\",\"image\":\"wp-content\\\/uploads\\\/2022\\\/01\\\/AR1D7139.jpg\",\"image_alt\":\"BMW M2 CS Racing Cup Italy 2021\"}},{\"type\":\"gallery_item\",\"props\":{\"title\":\"\",\"image\":\"wp-content\\\/uploads\\\/2022\\\/01\\\/9c72931d-a76c-473d-84dc-61fbb39bb235.jpg\",\"image_alt\":\"BMW M2 CS Racing Cup Italy 2021\"}},{\"type\":\"gallery_item\",\"props\":{\"title\":\"\",\"image\":\"wp-content\\\/uploads\\\/2022\\\/01\\\/MR59491.jpg\",\"image_alt\":\"BMW M2 CS Racing Cup Italy 2021\"}},{\"type\":\"gallery_item\",\"props\":{\"title\":\"\",\"image\":\"wp-content\\\/uploads\\\/2022\\\/01\\\/MR58996.jpg\",\"image_alt\":\"BMW M2 CS Racing Cup Italy 2021\"}},{\"type\":\"gallery_item\",\"props\":{\"title\":\"\",\"image\":\"wp-content\\\/uploads\\\/2022\\\/01\\\/MR58987.jpg\",\"image_alt\":\"BMW M2 CS Racing Cup Italy 2021\"}},{\"type\":\"gallery_item\",\"props\":{\"title\":\"\",\"image\":\"wp-content\\\/uploads\\\/2022\\\/01\\\/IGL6621.jpg\",\"image_alt\":\"BMW M2 CS Racing Cup Italy 2021\"}},{\"type\":\"gallery_item\",\"props\":{\"title\":\"\",\"image\":\"wp-content\\\/uploads\\\/2022\\\/01\\\/IGL6409.jpg\",\"image_alt\":\"BMW M2 CS Racing Cup Italy 2021\"}},{\"type\":\"gallery_item\",\"props\":{\"title\":\"\",\"image\":\"wp-content\\\/uploads\\\/2022\\\/01\\\/IGL4935.jpg\",\"image_alt\":\"BMW M2 CS Racing Cup Italy 2021\"}},{\"type\":\"gallery_item\",\"props\":{\"title\":\"\",\"image\":\"wp-content\\\/uploads\\\/2022\\\/01\\\/HRM8862.jpg\",\"image_alt\":\"BMW M2 CS Racing Cup Italy 2021\"}},{\"type\":\"gallery_item\",\"props\":{\"title\":\"\",\"image\":\"wp-content\\\/uploads\\\/2022\\\/01\\\/HRM2653.jpg\",\"image_alt\":\"BMW M2 CS Racing Cup Italy 2021\"}},{\"type\":\"gallery_item\",\"props\":{\"title\":\"\",\"image\":\"wp-content\\\/uploads\\\/2022\\\/01\\\/AU_7535.jpg\",\"image_alt\":\"BMW M2 CS Racing Cup Italy 2021\"}},{\"type\":\"gallery_item\",\"props\":{\"title\":\"\",\"image\":\"wp-content\\\/uploads\\\/2022\\\/01\\\/AU_0898.jpg\",\"image_alt\":\"BMW M2 CS Racing Cup Italy 2021\"}},{\"type\":\"gallery_item\",\"props\":{\"title\":\"\",\"image\":\"wp-content\\\/uploads\\\/2022\\\/01\\\/AU_0790.jpg\",\"image_alt\":\"BMW M2 CS Racing Cup Italy 2021\"}},{\"type\":\"gallery_item\",\"props\":{\"title\":\"\",\"image\":\"wp-content\\\/uploads\\\/2022\\\/01\\\/AU_0734.jpg\",\"image_alt\":\"BMW M2 CS Racing Cup Italy 2021\"}}]}]}]},{\"type\":\"row\",\"children\":[{\"type\":\"column\",\"props\":{\"position_sticky_breakpoint\":\"m\",\"image_position\":\"center-center\",\"media_overlay_gradient\":\"\"},\"children\":[{\"type\":\"divider\",\"props\":{\"divider_element\":\"hr\"}}]}]},{\"type\":\"row\",\"children\":[{\"type\":\"column\",\"props\":{\"position_sticky_breakpoint\":\"m\",\"image_position\":\"center-center\",\"media_overlay_gradient\":\"\"},\"children\":[{\"type\":\"headline\",\"props\":{\"title_element\":\"h2\",\"content\":\"E-STC Series 2021 \",\"text_align\":\"center\",\"title_style\":\"h2\",\"title_decoration\":\"line\",\"css\":\"@media (max-width: 616px) { \\n.el-element {\\n    font-size: 1.2em;\\n    color: black;\\n    }\\n}\"}},{\"type\":\"gallery\",\"props\":{\"show_title\":true,\"show_meta\":true,\"show_content\":true,\"show_link\":true,\"show_hover_image\":true,\"grid_default\":\"1\",\"grid_medium\":\"3\",\"filter_style\":\"tab\",\"filter_all\":true,\"filter_position\":\"top\",\"filter_align\":\"left\",\"filter_grid_width\":\"auto\",\"filter_grid_breakpoint\":\"m\",\"overlay_mode\":\"cover\",\"overlay_hover\":false,\"overlay_style\":\"\",\"text_color\":\"light\",\"overlay_position\":\"center\",\"overlay_transition\":\"fade\",\"title_hover_style\":\"reset\",\"title_element\":\"h3\",\"meta_style\":\"meta\",\"meta_align\":\"below-title\",\"meta_element\":\"div\",\"link_text\":\"\",\"link_style\":\"default\",\"text_align\":\"center\",\"margin\":\"default\",\"item_animation\":true,\"lightbox\":true,\"title_display\":\"lightbox\",\"overlay_link\":true,\"image_box_shadow\":\"small\",\"image_hover_box_shadow\":\"large\"},\"children\":[{\"type\":\"gallery_item\",\"props\":{\"title\":\"\",\"image\":\"wp-content\\\/uploads\\\/2022\\\/01\\\/500_0335.jpg\"}},{\"type\":\"gallery_item\",\"props\":{\"title\":\"\",\"image\":\"wp-content\\\/uploads\\\/2022\\\/01\\\/500_0369.jpg\",\"image_alt\":\"E-STC Series 2021 \"}},{\"type\":\"gallery_item\",\"props\":{\"title\":\"\",\"image\":\"wp-content\\\/uploads\\\/2022\\\/01\\\/500_1705.jpg\",\"image_alt\":\"E-STC Series 2021 \"}},{\"type\":\"gallery_item\",\"props\":{\"title\":\"\",\"image\":\"wp-content\\\/uploads\\\/2022\\\/01\\\/500_1838.jpg\",\"image_alt\":\"E-STC Series 2021 \"}},{\"type\":\"gallery_item\",\"props\":{\"title\":\"\",\"image\":\"wp-content\\\/uploads\\\/2022\\\/01\\\/500_2279.jpg\",\"image_alt\":\"E-STC Series 2021 \"}},{\"type\":\"gallery_item\",\"props\":{\"title\":\"\",\"image\":\"wp-content\\\/uploads\\\/2022\\\/01\\\/500_4054.jpg\",\"image_alt\":\"E-STC Series 2021 \"}},{\"type\":\"gallery_item\",\"props\":{\"title\":\"\",\"image\":\"wp-content\\\/uploads\\\/2022\\\/01\\\/500_4100.jpg\",\"image_alt\":\"E-STC Series 2021 \"}},{\"type\":\"gallery_item\",\"props\":{\"title\":\"\",\"image\":\"wp-content\\\/uploads\\\/2022\\\/01\\\/500_4101.jpg\",\"image_alt\":\"E-STC Series 2021 \"}},{\"type\":\"gallery_item\",\"props\":{\"title\":\"\",\"image\":\"wp-content\\\/uploads\\\/2022\\\/01\\\/500_4115.jpg\",\"image_alt\":\"E-STC Series 2021 \"}},{\"type\":\"gallery_item\",\"props\":{\"title\":\"\",\"image\":\"wp-content\\\/uploads\\\/2022\\\/01\\\/500_5982.jpg\",\"image_alt\":\"E-STC Series 2021 \"}},{\"type\":\"gallery_item\",\"props\":{\"title\":\"\",\"image\":\"wp-content\\\/uploads\\\/2022\\\/01\\\/500_5988.jpg\",\"image_alt\":\"E-STC Series 2021 \"}},{\"type\":\"gallery_item\",\"props\":{\"title\":\"\",\"image\":\"wp-content\\\/uploads\\\/2022\\\/01\\\/CSZ_0540.jpg\",\"image_alt\":\"E-STC Series 2021 \"}}]},{\"type\":\"divider\",\"props\":{\"divider_element\":\"hr\"}},{\"type\":\"button\",\"props\":{\"grid_column_gap\":\"small\",\"grid_row_gap\":\"small\",\"margin\":\"default\",\"text_align\":\"center\"},\"children\":[{\"type\":\"button_item\",\"props\":{\"button_style\":\"default\",\"icon_align\":\"left\",\"content\":\"zur\\u00fcck\",\"link\":\"de\\\/ueber-das-blech\\\/\"}}]}]}]}]}],\"version\":\"2.7.14\",\"yooessentialsVersion\":\"1.5.9\"} --><\/p>\n","protected":false},"excerpt":{"rendered":"<p>zur\u00fcck WETTBEWERB UND \u00d6KO-NACHHALTIGKEIT Wir teilen den Wettbewerbsgeist des Sports als Antrieb, uns st\u00e4ndig zu verbessern. Aus diesem Grund haben wir uns mit Begeisterung dem Kommunikationsprojekt des V-Action Racing Teams angeschlossen und sind Sponsor seiner beiden Autos f\u00fcr die erste italienische Marken-Meisterschaft der BMW M2 CS-Fahrzeuge geworden. Nicht nur Wettbewerb, sondern auch \u00f6kologische Nachhaltigkeit. Wir [&hellip;]<\/p>\n","protected":false},"author":3,"featured_media":0,"parent":0,"menu_order":0,"comment_status":"closed","ping_status":"closed","template":"","meta":{"om_disable_all_campaigns":false,"inline_featured_image":false,"_monsterinsights_skip_tracking":false,"_monsterinsights_sitenote_active":false,"_monsterinsights_sitenote_note":"","_monsterinsights_sitenote_category":0,"footnotes":""},"class_list":["post-4514","page","type-page","status-publish","hentry"],"aioseo_notices":[],"_links":{"self":[{"href":"https:\/\/www.arcobalenolamiere.com\/de\/wp-json\/wp\/v2\/pages\/4514","targetHints":{"allow":["GET"]}}],"collection":[{"href":"https:\/\/www.arcobalenolamiere.com\/de\/wp-json\/wp\/v2\/pages"}],"about":[{"href":"https:\/\/www.arcobalenolamiere.com\/de\/wp-json\/wp\/v2\/types\/page"}],"author":[{"embeddable":true,"href":"https:\/\/www.arcobalenolamiere.com\/de\/wp-json\/wp\/v2\/users\/3"}],"replies":[{"embeddable":true,"href":"https:\/\/www.arcobalenolamiere.com\/de\/wp-json\/wp\/v2\/comments?post=4514"}],"version-history":[{"count":7,"href":"https:\/\/www.arcobalenolamiere.com\/de\/wp-json\/wp\/v2\/pages\/4514\/revisions"}],"predecessor-version":[{"id":4523,"href":"https:\/\/www.arcobalenolamiere.com\/de\/wp-json\/wp\/v2\/pages\/4514\/revisions\/4523"}],"wp:attachment":[{"href":"https:\/\/www.arcobalenolamiere.com\/de\/wp-json\/wp\/v2\/media?parent=4514"}],"curies":[{"name":"wp","href":"https:\/\/api.w.org\/{rel}","templated":true}]}}