{"id":2546,"date":"2021-11-30T14:42:02","date_gmt":"2021-11-30T14:42:02","guid":{"rendered":"https:\/\/www.rmpercomunicare.it\/costruzione_siti\/arcobaleno\/?page_id=2546"},"modified":"2021-12-14T21:04:07","modified_gmt":"2021-12-14T21:04:07","slug":"assemblage-de-tole","status":"publish","type":"page","link":"https:\/\/www.arcobalenolamiere.com\/fr\/assemblage-de-tole\/","title":{"rendered":"Assemblage de t\u00f4le"},"content":{"rendered":"<div>\n<p>    <img decoding=\"async\" src=\"\/wp-content\/uploads\/2021\/09\/saldatura-lamiera.jpg\" alt=\"Saldatura lamiera\"><\/p>\n<h1><span class=\"uk-font-primary uk-heading-large\" style=\"color: #fff; text-align: center;\">Assemblage <br \/>de t\u00f4le <br \/><\/span>Le produit fini tel que vous le souhaitez <\/h1>\n<\/div>\n<div>\n<p>De l&rsquo;industrialisation de la pi\u00e8ce \u00e0 l&rsquo;assemblage des composants m\u00e9talliques, Arcobaleno prend en charge l&rsquo;ensemble du cycle de transformation de la t\u00f4le jusqu&rsquo;au produit fini. <strong>L&rsquo;assemblage de la t\u00f4le<\/strong> est la derni\u00e8re \u00e9tape avant la finition et la livraison au client (ou l&rsquo;avant-derni\u00e8re \u00e9tape si la finition est pr\u00e9vue plus tard).<\/p>\n<p>Arcobaleno fait appel \u00e0 des employ\u00e9s internes qualifi\u00e9s pour l&rsquo;assemblage de ses composants\u00a0; ainsi, gr\u00e2ce \u00e0 une longue exp\u00e9rience de terrain, le travail est r\u00e9alis\u00e9 de mani\u00e8re artisanale en accord parfait avec la demande du client. En effet, l&rsquo;entreprise est en mesure de proposer <strong>diff\u00e9rents types d&rsquo;assemblage<\/strong>, en fonction des besoins\u00a0: cela va du <strong>processus sp\u00e9cial comme le siliconage<\/strong> \u00e0 <strong>l&rsquo;application d&rsquo;un isolant<\/strong> en passant par <strong>la pose de vis sp\u00e9ciales<\/strong>.<\/p>\n<p>La pi\u00e8ce peut \u00e9galement \u00eatre assembl\u00e9e avec le mat\u00e9riel fourni par l\u2019entreprise cliente.<\/p>\n<p>Arcobaleno est sp\u00e9cialis\u00e9e dans la fourniture de mat\u00e9riel <strong>assembl\u00e9, rivet\u00e9, avec montage d&rsquo;inserts, vannes de d\u00e9charge et de pression, goujons, douilles et encore bien d\u2019autres accessoires<\/strong>.<\/p>\n<\/div>\n<p><img decoding=\"async\" src=\"\/wp-content\/uploads\/2021\/08\/lavorazione-laimera.jpg\" alt=\"Lavorazione della lamiera\"><br \/>\n<img decoding=\"async\" src=\"\/wp-content\/uploads\/2021\/10\/assemblaggio-lamiera01.jpg\" alt=\"Assemblaggio lamiera\"><br \/>\n<img decoding=\"async\" src=\"\/wp-content\/uploads\/2021\/10\/assemblaggio-lamiera.jpg\" alt=\"Assemblaggio lamiera\"><\/p>\n<h2>Les points forts <br \/>de l\u2019assemblage<\/h2>\n<div>Arcobaleno offre \u00e0 ses clients toutes les possibilit\u00e9s d&rsquo;assemblage. <\/p>\n<p>1. En tant que sp\u00e9cialiste de la t\u00f4lerie, nous proposons un large \u00e9ventail de types d&rsquo;assemblage.<\/p>\n<p>2. Assistance technique pour industrialiser chaque composant, afin d&rsquo;obtenir l&rsquo;ajustement parfait des pi\u00e8ces et donc le meilleur assemblage possible.<\/p>\n<p>3. Grande ponctualit\u00e9 dans les livraisons au profit de votre organisation de production.<\/p>\n<p>4. Fourniture du produit fini auquel, dans certains cas, il suffit d\u2019int\u00e9grer les composants \u00e9lectroniques.<\/p>\n<p>5. Qualit\u00e9 et pr\u00e9cision garanties par un personnel qualifi\u00e9.<\/p>\n<p>6. Assistance en cas de pics de production.<\/p>\n<p>7. Gain de temps car Arcobaleno se charge de trouver le mat\u00e9riel non fourni par le client mais n\u00e9cessaire \u00e0 l&rsquo;assemblage de la pi\u00e8ce finie.<\/p>\n<\/div>\n<div>Vous voulez plus d&rsquo;informations?\n<\/div>\n<p>\n    <a href=\"\/fr\/contacts\/\">Contactez-nous!<\/a>\n<\/p>\n<p><!--more--><br \/>\n<!-- {\"name\":\"azienda\",\"type\":\"layout\",\"children\":[{\"type\":\"section\",\"props\":{\"style\":\"default\",\"width\":\"\",\"vertical_align\":\"\",\"title_position\":\"top-left\",\"title_rotation\":\"left\",\"title_breakpoint\":\"xl\",\"image_position\":\"center-center\",\"image\":\"\",\"padding\":\"none\",\"text_color\":\"light\",\"attributes\":\"Alt='ASSEMBLAGGIO LAMIERA'\",\"header_transparent\":\"light\",\"header_transparent_noplaceholder\":true},\"children\":[{\"type\":\"row\",\"children\":[{\"type\":\"column\",\"props\":{\"image_position\":\"center-center\",\"media_overlay_gradient\":\"\",\"width_medium\":\"\"},\"children\":[{\"type\":\"slideshow\",\"props\":{\"show_title\":true,\"show_meta\":true,\"show_content\":true,\"show_link\":true,\"show_thumbnail\":true,\"slideshow_min_height\":300,\"slideshow_autoplay_pause\":true,\"nav\":\"\",\"nav_position\":\"bottom-center\",\"nav_position_margin\":\"medium\",\"nav_align\":\"center\",\"nav_breakpoint\":\"s\",\"thumbnav_width\":\"100\",\"thumbnav_height\":\"75\",\"thumbnav_svg_color\":\"emphasis\",\"slidenav\":\"\",\"slidenav_margin\":\"medium\",\"slidenav_breakpoint\":\"s\",\"slidenav_outside_breakpoint\":\"xl\",\"overlay_position\":\"center\",\"overlay_animation\":\"parallax\",\"title_element\":\"h1\",\"meta_style\":\"meta\",\"meta_align\":\"below-title\",\"meta_element\":\"div\",\"link_text\":\"Read more\",\"link_style\":\"default\",\"margin\":\"default\",\"slideshow_ratio\":\"16:7\",\"slideshow_kenburns\":\"center-right\",\"css\":\".el-title{\\ncolor: white !important;\\n    text-shadow: 2px 2px 4px #000;\\n}\",\"title_style\":\"h4\",\"text_align\":\"center\",\"title_margin\":\"remove\"},\"children\":[{\"type\":\"slideshow_item\",\"props\":{\"image\":\"wp-content\\\/uploads\\\/2021\\\/09\\\/saldatura-lamiera.jpg\",\"content\":\"\",\"title\":\"<span class=\\\"uk-font-primary uk-heading-large\\\" style=\\\"color: #fff; text-align: center;\\\">Assemblage <br \\\/>de t\\u00f4le <br \\\/><\\\/span>Le produit fini tel que vous le souhaitez \",\"image_alt\":\"Saldatura lamiera\"}}],\"modified\":\"2021-09-28T08:11:44.306Z\",\"name\":\"slideshow lavorazione\"}]}]},{\"type\":\"row\",\"children\":[{\"type\":\"column\",\"props\":{\"image_position\":\"bottom-center\",\"media_overlay_gradient\":\"\",\"width_medium\":\"\",\"image\":\"wp-content\\\/uploads\\\/gear-products-bg.jpg\",\"image_size\":\"cover\",\"media_overlay\":\"rgba(255, 255, 255, 0.6)\"},\"children\":[{\"type\":\"text\",\"props\":{\"margin\":\"default\",\"column_breakpoint\":\"m\",\"content\":\"\n\n<p>De l'industrialisation de la pi\\u00e8ce \\u00e0 l'assemblage des composants m\\u00e9talliques, Arcobaleno prend en charge l'ensemble du cycle de transformation de la t\\u00f4le jusqu'au produit fini. <strong>L'assemblage de la t\\u00f4le<\\\/strong> est la derni\\u00e8re \\u00e9tape avant la finition et la livraison au client (ou l'avant-derni\\u00e8re \\u00e9tape si la finition est pr\\u00e9vue plus tard).<\\\/p>\\n\n\n<p>Arcobaleno fait appel \\u00e0 des employ\\u00e9s internes qualifi\\u00e9s pour l'assemblage de ses composants\\u00a0; ainsi, gr\\u00e2ce \\u00e0 une longue exp\\u00e9rience de terrain, le travail est r\\u00e9alis\\u00e9 de mani\\u00e8re artisanale en accord parfait avec la demande du client. En effet, l'entreprise est en mesure de proposer <strong>diff\\u00e9rents types d'assemblage<\\\/strong>, en fonction des besoins\\u00a0: cela va du <strong>processus sp\\u00e9cial comme le siliconage<\\\/strong> \\u00e0 <strong>l'application d'un isolant<\\\/strong> en passant par <strong>la pose de vis sp\\u00e9ciales<\\\/strong>.<\\\/p>\\n\n\n<p>La pi\\u00e8ce peut \\u00e9galement \\u00eatre assembl\\u00e9e avec le mat\\u00e9riel fourni par l\\u2019entreprise cliente.<\\\/p>\\n\n\n<p>Arcobaleno est sp\\u00e9cialis\\u00e9e dans la fourniture de mat\\u00e9riel <strong>assembl\\u00e9, rivet\\u00e9, avec montage d'inserts, vannes de d\\u00e9charge et de pression, goujons, douilles et encore bien d\\u2019autres accessoires<\\\/strong>.<\\\/p>\"}}]}]}]},{\"type\":\"section\",\"props\":{\"style\":\"default\",\"width\":\"default\",\"vertical_align\":\"middle\",\"title_position\":\"top-left\",\"title_rotation\":\"left\",\"title_breakpoint\":\"xl\",\"image_position\":\"center-center\"},\"children\":[{\"type\":\"row\",\"props\":{\"layout\":\"2-5,3-5\"},\"children\":[{\"type\":\"column\",\"props\":{\"image_position\":\"center-left\",\"media_overlay_gradient\":\"\",\"width_medium\":\"2-5\",\"image\":\"wp-content\\\/uploads\\\/gear-products-bg.jpg\",\"image_size\":\"width-1-1\",\"media_overlay\":\"rgba(255, 255, 255, 0.6)\"},\"children\":[{\"type\":\"image\",\"props\":{\"margin\":\"default\",\"image_svg_color\":\"emphasis\",\"image\":\"wp-content\\\/uploads\\\/2021\\\/08\\\/lavorazione-laimera.jpg\",\"image_alt\":\"Lavorazione della lamiera\",\"image_width\":\"500\",\"position\":\"relative\",\"position_z_index\":\"1\",\"image_box_shadow\":\"large\"}},{\"type\":\"image\",\"props\":{\"margin\":\"default\",\"image_svg_color\":\"emphasis\",\"image\":\"wp-content\\\/uploads\\\/2021\\\/10\\\/assemblaggio-lamiera01.jpg\",\"image_alt\":\"Assemblaggio lamiera\",\"image_width\":\"500\",\"position\":\"relative\",\"position_z_index\":\"1\",\"image_box_shadow\":\"large\"}},{\"type\":\"image\",\"props\":{\"margin\":\"default\",\"image_svg_color\":\"emphasis\",\"image\":\"wp-content\\\/uploads\\\/2021\\\/10\\\/assemblaggio-lamiera.jpg\",\"image_alt\":\"Assemblaggio lamiera\",\"image_width\":\"500\",\"position\":\"relative\",\"position_z_index\":\"1\",\"image_box_shadow\":\"large\"}}]},{\"type\":\"column\",\"props\":{\"image_position\":\"center-center\",\"media_overlay_gradient\":\"\",\"width_medium\":\"3-5\"},\"children\":[{\"type\":\"headline\",\"props\":{\"title_element\":\"h2\",\"title_font_family\":\"primary\",\"content\":\"Les points forts <br \\\/>de l\\u2019assemblage\",\"class\":\"\",\"text_align\":\"left\",\"title_style\":\"h1\",\"margin_remove_bottom\":true,\"text_align_breakpoint\":\"m\",\"text_align_fallback\":\"center\"}},{\"type\":\"text\",\"props\":{\"margin\":\"default\",\"column_breakpoint\":\"m\",\"content\":\"Arcobaleno offre \\u00e0 ses clients toutes les possibilit\\u00e9s d'assemblage. <br \\\/>\\n\n\n<p>1. En tant que sp\\u00e9cialiste de la t\\u00f4lerie, nous proposons un large \\u00e9ventail de types d'assemblage.<\\\/p>\\n\n\n<p>2. Assistance technique pour industrialiser chaque composant, afin d'obtenir l'ajustement parfait des pi\\u00e8ces et donc le meilleur assemblage possible.<\\\/p>\\n\n\n<p>3. Grande ponctualit\\u00e9 dans les livraisons au profit de votre organisation de production.<\\\/p>\\n\n\n<p>4. Fourniture du produit fini auquel, dans certains cas, il suffit d\\u2019int\\u00e9grer les composants \\u00e9lectroniques.<\\\/p>\\n\n\n<p>5. Qualit\\u00e9 et pr\\u00e9cision garanties par un personnel qualifi\\u00e9.<\\\/p>\\n\n\n<p>6. Assistance en cas de pics de production.<\\\/p>\\n\n\n<p>7. Gain de temps car Arcobaleno se charge de trouver le mat\\u00e9riel non fourni par le client mais n\\u00e9cessaire \\u00e0 l'assemblage de la pi\\u00e8ce finie.<\\\/p>\"}}]}]}],\"name\":\"intro\"},{\"type\":\"section\",\"props\":{\"style\":\"default\",\"width\":\"default\",\"vertical_align\":\"middle\",\"title_position\":\"top-left\",\"title_rotation\":\"left\",\"title_breakpoint\":\"xl\",\"image_position\":\"center-center\",\"image\":\"wp-content\\\/uploads\\\/2021\\\/08\\\/ICONA_METALLO.jpg\",\"image_size\":\"cover\",\"media_overlay_gradient\":\"background: rgb(245,245,245); background: radial-gradient(circle, rgba(245,245,245,1) 0%, rgba(91,91,91,0.7875744047619048) 100%);\"},\"children\":[{\"type\":\"row\",\"props\":{\"layout\":\"2-3,1-3\"},\"children\":[{\"type\":\"column\",\"props\":{\"image_position\":\"center-center\",\"media_overlay_gradient\":\"\",\"width_medium\":\"2-3\"},\"children\":[{\"type\":\"headline\",\"props\":{\"title_element\":\"div\",\"content\":\"Vous voulez plus d'informations?\\n\",\"title_style\":\"h1\"},\"modified\":\"2021-12-10T21:03:10.149Z\",\"name\":\"plus informations?\"}]},{\"type\":\"column\",\"props\":{\"image_position\":\"center-center\",\"media_overlay_gradient\":\"\",\"width_medium\":\"1-3\",\"vertical_align\":\"middle\"},\"children\":[{\"type\":\"button\",\"props\":{\"grid_column_gap\":\"small\",\"grid_row_gap\":\"small\",\"margin\":\"default\",\"fullwidth\":true,\"button_size\":\"large\"},\"children\":[{\"type\":\"button_item\",\"props\":{\"button_style\":\"secondary\",\"icon_align\":\"left\",\"content\":\"Contactez-nous!\",\"link\":\"fr\\\/contacts\\\/\"}}],\"modified\":\"2021-12-10T21:03:25.608Z\",\"name\":\"contactez-nous\"}]}]}]}],\"version\":\"2.5.10\",\"yooessentialsVersion\":\"1.5.8\"} --><\/p>\n","protected":false},"excerpt":{"rendered":"<p>Assemblage de t\u00f4le Le produit fini tel que vous le souhaitez De l&rsquo;industrialisation de la pi\u00e8ce \u00e0 l&rsquo;assemblage des composants m\u00e9talliques, Arcobaleno prend en charge l&rsquo;ensemble du cycle de transformation de la t\u00f4le jusqu&rsquo;au produit fini. L&rsquo;assemblage de la t\u00f4le est la derni\u00e8re \u00e9tape avant la finition et la livraison au client (ou l&rsquo;avant-derni\u00e8re \u00e9tape [&hellip;]<\/p>\n","protected":false},"author":3,"featured_media":0,"parent":0,"menu_order":0,"comment_status":"closed","ping_status":"closed","template":"","meta":{"om_disable_all_campaigns":false,"inline_featured_image":false,"_monsterinsights_skip_tracking":false,"_monsterinsights_sitenote_active":false,"_monsterinsights_sitenote_note":"","_monsterinsights_sitenote_category":0,"footnotes":""},"class_list":["post-2546","page","type-page","status-publish","hentry"],"aioseo_notices":[],"_links":{"self":[{"href":"https:\/\/www.arcobalenolamiere.com\/fr\/wp-json\/wp\/v2\/pages\/2546","targetHints":{"allow":["GET"]}}],"collection":[{"href":"https:\/\/www.arcobalenolamiere.com\/fr\/wp-json\/wp\/v2\/pages"}],"about":[{"href":"https:\/\/www.arcobalenolamiere.com\/fr\/wp-json\/wp\/v2\/types\/page"}],"author":[{"embeddable":true,"href":"https:\/\/www.arcobalenolamiere.com\/fr\/wp-json\/wp\/v2\/users\/3"}],"replies":[{"embeddable":true,"href":"https:\/\/www.arcobalenolamiere.com\/fr\/wp-json\/wp\/v2\/comments?post=2546"}],"version-history":[{"count":10,"href":"https:\/\/www.arcobalenolamiere.com\/fr\/wp-json\/wp\/v2\/pages\/2546\/revisions"}],"predecessor-version":[{"id":3735,"href":"https:\/\/www.arcobalenolamiere.com\/fr\/wp-json\/wp\/v2\/pages\/2546\/revisions\/3735"}],"wp:attachment":[{"href":"https:\/\/www.arcobalenolamiere.com\/fr\/wp-json\/wp\/v2\/media?parent=2546"}],"curies":[{"name":"wp","href":"https:\/\/api.w.org\/{rel}","templated":true}]}}