{"id":2610,"date":"2021-11-30T22:07:21","date_gmt":"2021-11-30T22:07:21","guid":{"rendered":"https:\/\/www.rmpercomunicare.it\/costruzione_siti\/arcobaleno\/?page_id=2610"},"modified":"2022-03-01T08:23:04","modified_gmt":"2022-03-01T08:23:04","slug":"secteurs","status":"publish","type":"page","link":"https:\/\/www.arcobalenolamiere.com\/fr\/secteurs\/","title":{"rendered":"Secteurs"},"content":{"rendered":"<div>\n<p>    <img decoding=\"async\" src=\"\/wp-content\/uploads\/2021\/12\/Testata-settori.jpg\" alt=\"Settori\"><\/p>\n<h1><span class=\"uk-font-primary uk-heading-large\" style=\"color: #fff; text-align: center;\">ARCOBALENO <br \/>SECTEURS <br \/><\/span><\/h1>\n<\/div>\n<ul>\n<li>\n<p>        <img decoding=\"async\" src=\"\/wp-content\/uploads\/2021\/10\/condizionatore_icona_settori.svg\" alt=\"pannelli condizionatori\"><\/p>\n<h3>CLIMATISATION<\/h3>\n<\/li>\n<li>\n<p>        <img decoding=\"async\" src=\"\/wp-content\/uploads\/2021\/10\/elettrodomestici_icona_settori.svg\" alt=\"Lamiere per elettrodomestici\"><\/p>\n<h3>\u00c9LECTROM\u00c9NAGER<\/h3>\n<\/li>\n<li>\n<p>        <img decoding=\"async\" src=\"\/wp-content\/uploads\/2021\/10\/vending_icona_settori.svg\" alt=\"Lamiera per macchine vending\"><\/p>\n<h3>DISTRIBUTEURS AUTOMATIQUES<\/h3>\n<\/li>\n<li>\n<p>        <img decoding=\"async\" src=\"\/wp-content\/uploads\/2021\/10\/riscaldamento_icona_settori.svg\" alt=\"Lamiera per settore riscaldamento e caldaie\"><\/p>\n<h3>CHAUFFAGE<\/h3>\n<\/li>\n<li>\n<p>        <img decoding=\"async\" src=\"\/wp-content\/uploads\/2021\/10\/facciate_icona_settori.svg\" alt=\"Rivestimenti facciate\"><\/p>\n<h3>FA\u00c7ADES EXT\u00c9RIEURES POUR LA CONSTRUCTION<\/h3>\n<\/li>\n<li>\n<p>        <img decoding=\"async\" src=\"\/wp-content\/uploads\/2021\/10\/tessile_icona_settori.svg\" alt=\"settore tessile\"><\/p>\n<h3>TEXTILE<\/h3>\n<\/li>\n<li>\n<p>        <img decoding=\"async\" src=\"\/wp-content\/uploads\/2021\/10\/rerail_icona_settori.svg\" alt=\"lamiera settore retail\"><\/p>\n<h3>VENTE AU D\u00c9TAIL<\/h3>\n<\/li>\n<li>\n<p>        <img decoding=\"async\" src=\"\/wp-content\/uploads\/2021\/10\/architettura_icona_settori.svg\" alt=\"Lamiera per settore Architettura\"><\/p>\n<h3>ARCHITECTURE<\/h3>\n<\/li>\n<li>\n<p>        <img decoding=\"async\" src=\"\/wp-content\/uploads\/2021\/10\/distribuzione_icona_settori.svg\" alt=\"Lamiere per la GDO\"><\/p>\n<h3>\u00c9QUIPEMENTS POUR LA GRANDE DISTRIBUTION<\/h3>\n<\/li>\n<li>\n<p>        <img decoding=\"async\" src=\"\/wp-content\/uploads\/2021\/10\/arredo_icona_settori.svg\" alt=\"lamiera per arredamento\"><\/p>\n<h3>MEUBLES ET D\u00c9CORATION<\/h3>\n<\/li>\n<li>\n<p>        <img decoding=\"async\" src=\"\/wp-content\/uploads\/2021\/10\/macchine-ascensori_icona_settori.svg\" alt=\"lamiere per macchine e ascensori\"><\/p>\n<h3>MACHINES ET ASCENSEURS<\/h3>\n<\/li>\n<li>\n<p>        <img decoding=\"async\" src=\"\/wp-content\/uploads\/2021\/10\/movimento_terra_icona_settori.svg\" alt=\"lamiera per macchine movimento terra\"><\/p>\n<h3>ENGINS DE TERRASSEMENT<\/h3>\n<\/li>\n<li>\n<p>        <img decoding=\"async\" src=\"\/wp-content\/uploads\/2021\/10\/elettrico_icona_settori.svg\" alt=\"impianti elettrici\"><\/p>\n<h3>INSTALLATIONS \u00c9LECTRIQUES<\/h3>\n<\/li>\n<li>\n<p>        <img decoding=\"async\" src=\"\/wp-content\/uploads\/2021\/10\/areonautica_icona_settori.svg\" alt=\"Lamiera per settore areonautico\"><\/p>\n<h3>A\u00c9RONAUTIQUE<\/h3>\n<\/li>\n<li>\n<p>        <img decoding=\"async\" src=\"\/wp-content\/uploads\/2021\/10\/navale_icona_settori.svg\" alt=\"Lamiera per settore navale\"><\/p>\n<h3>SECTEUR NAVAL<\/h3>\n<\/li>\n<li>\n<p>        <img decoding=\"async\" src=\"\/wp-content\/uploads\/2021\/10\/strada_icona_settori.svg\" alt=\"Lamiera per settore stradale\"><\/p>\n<h3>SECTEUR ROUTIER<\/h3>\n<\/li>\n<li>\n<p>        <img decoding=\"async\" src=\"\/wp-content\/uploads\/2021\/10\/automotive_icona_settori.svg\" alt=\"Lavorazione lamiere per automotive\"><\/p>\n<h3>AUTOMOBILE<\/h3>\n<\/li>\n<li>\n<p>        <img decoding=\"async\" src=\"\/wp-content\/uploads\/2021\/10\/illuminazione_icona_settori.svg\" alt=\"illuminazione settori\"><\/p>\n<h3>\u00c9CLAIRAGE<\/h3>\n<\/li>\n<\/ul>\n<div>VOULEZ-VOUS UN DEVIS? REMPLISSEZ LE FORMULAIRE!<\/div>\n<p>    <input type=\"yooessentials_form_input_text\" value=\"\"\/><br \/>\n    <input type=\"yooessentials_form_input_text\" value=\"\"\/><br \/>\n    <input type=\"yooessentials_form_input_text\" value=\"\"\/><br \/>\n    <input type=\"yooessentials_form_input_text\" value=\"\"\/><br \/>\n<textarea><\/textarea><br \/>\n    <label><input type=\"checkbox\" value=\"En utilisant cette formulaire vous acceptez le stockage et le traitement de vos donn\u00e9es via ce site.\"> <\/label><\/p>\n<p>\n    <button type=\"submit\">Envoie<\/button>\n<\/p>\n<p><!--more--><br \/>\n<!-- {\"name\":\"Settori\",\"type\":\"layout\",\"children\":[{\"name\":\"Hero\",\"type\":\"section\",\"props\":{\"style\":\"default\",\"width\":\"\",\"vertical_align\":\"\",\"title_position\":\"top-left\",\"title_rotation\":\"left\",\"title_breakpoint\":\"xl\",\"image_position\":\"center-center\",\"padding\":\"none\",\"header_transparent\":\"light\",\"image\":\"\",\"image_size\":\"cover\",\"image_effect\":\"parallax\",\"image_width\":\"2560\",\"image_parallax_breakpoint\":\"m\",\"image_parallax_bgy_end\":\"-100\",\"media_overlay_gradient\":\"linear-gradient(rgba(255,255,255,0) 65%, rgba(255,255,255,1) 100%)\",\"header_transparent_noplaceholder\":true,\"animation\":\"fade\"},\"children\":[{\"name\":\"\",\"type\":\"row\",\"children\":[{\"name\":\"\",\"type\":\"column\",\"props\":{\"image_position\":\"center-center\",\"width_medium\":\"1-1\",\"media_overlay_gradient\":\"\",\"position_sticky_breakpoint\":\"m\"},\"children\":[{\"type\":\"slideshow\",\"props\":{\"show_title\":true,\"show_meta\":true,\"show_content\":true,\"show_link\":true,\"show_thumbnail\":true,\"slideshow_min_height\":300,\"slideshow_autoplay_pause\":true,\"nav\":\"dotnav\",\"nav_position\":\"bottom-center\",\"nav_position_margin\":\"medium\",\"nav_align\":\"center\",\"nav_breakpoint\":\"s\",\"thumbnav_width\":\"100\",\"thumbnav_height\":\"75\",\"thumbnav_svg_color\":\"emphasis\",\"slidenav\":\"default\",\"slidenav_margin\":\"medium\",\"slidenav_breakpoint\":\"s\",\"slidenav_outside_breakpoint\":\"xl\",\"overlay_position\":\"center\",\"overlay_animation\":\"parallax\",\"title_element\":\"h1\",\"meta_style\":\"meta\",\"meta_align\":\"below-title\",\"meta_element\":\"div\",\"link_text\":\"Read more\",\"link_style\":\"default\",\"margin\":\"default\",\"slideshow_ratio\":\"16:8\",\"slideshow_kenburns\":\"center-left\",\"css\":\".el-title{\\ncolor: white !important;\\ntext-shadow: 2px 2px 2px #000;\\n}\",\"title_style\":\"h4\",\"text_align\":\"center\"},\"children\":[{\"type\":\"slideshow_item\",\"props\":{\"image\":\"wp-content\\\/uploads\\\/2021\\\/12\\\/Testata-settori.jpg\",\"content\":\"\",\"title\":\"<span class=\\\"uk-font-primary uk-heading-large\\\" style=\\\"color: #fff; text-align: center;\\\">ARCOBALENO <br \\\/>SECTEURS <br \\\/><\\\/span>\",\"image_alt\":\"Settori\"}}]}]}]}]},{\"type\":\"section\",\"props\":{\"style\":\"default\",\"width\":\"default\",\"vertical_align\":\"middle\",\"title_position\":\"top-left\",\"title_rotation\":\"left\",\"title_breakpoint\":\"xl\",\"image_position\":\"center-center\"},\"children\":[{\"type\":\"row\",\"children\":[{\"type\":\"column\",\"props\":{\"image_position\":\"center-center\",\"media_overlay_gradient\":\"\",\"position_sticky_breakpoint\":\"m\"},\"children\":[{\"type\":\"grid\",\"props\":{\"show_title\":true,\"show_meta\":true,\"show_content\":true,\"show_image\":true,\"show_link\":true,\"grid_default\":\"1\",\"grid_medium\":\"3\",\"filter_style\":\"tab\",\"filter_all\":true,\"filter_position\":\"top\",\"filter_align\":\"left\",\"filter_grid_width\":\"auto\",\"filter_grid_breakpoint\":\"m\",\"title_hover_style\":\"reset\",\"title_element\":\"h3\",\"title_align\":\"top\",\"title_grid_width\":\"1-2\",\"title_grid_breakpoint\":\"m\",\"meta_style\":\"meta\",\"meta_align\":\"below-title\",\"meta_element\":\"div\",\"content_column_breakpoint\":\"m\",\"icon_width\":\"80\",\"image_align\":\"top\",\"image_grid_width\":\"1-2\",\"image_grid_breakpoint\":\"m\",\"image_svg_color\":\"emphasis\",\"link_text\":\"Read more\",\"link_style\":\"default\",\"margin\":\"default\",\"item_animation\":true,\"panel_style\":\"card-secondary\",\"text_align\":\"center\",\"css\":\".el-image{\\nwidth: 60%; height: auto;\\n}\\n.el-title{\\nfont-size: 1.3rem;\\nfont-weight: 600;\\n}\",\"title_style\":\"h5\",\"panel_padding\":\"default\"},\"children\":[{\"type\":\"grid_item\",\"props\":{\"title\":\"CLIMATISATION\",\"content\":\"\",\"image\":\"wp-content\\\/uploads\\\/2021\\\/10\\\/condizionatore_icona_settori.svg\",\"image_alt\":\"pannelli condizionatori\"}},{\"type\":\"grid_item\",\"props\":{\"title\":\"\\u00c9LECTROM\\u00c9NAGER\",\"content\":\"\",\"image\":\"wp-content\\\/uploads\\\/2021\\\/10\\\/elettrodomestici_icona_settori.svg\",\"image_alt\":\"Lamiere per elettrodomestici\"}},{\"type\":\"grid_item\",\"props\":{\"title\":\"DISTRIBUTEURS AUTOMATIQUES\",\"content\":\"\",\"image\":\"wp-content\\\/uploads\\\/2021\\\/10\\\/vending_icona_settori.svg\",\"image_alt\":\"Lamiera per macchine vending\"}},{\"type\":\"grid_item\",\"props\":{\"title\":\"CHAUFFAGE\",\"content\":\"\",\"image\":\"wp-content\\\/uploads\\\/2021\\\/10\\\/riscaldamento_icona_settori.svg\",\"image_alt\":\"Lamiera per settore riscaldamento e caldaie\"}},{\"type\":\"grid_item\",\"props\":{\"title\":\"FA\\u00c7ADES EXT\\u00c9RIEURES POUR LA CONSTRUCTION\",\"content\":\"\",\"image\":\"wp-content\\\/uploads\\\/2021\\\/10\\\/facciate_icona_settori.svg\",\"image_alt\":\"Rivestimenti facciate\"}},{\"type\":\"grid_item\",\"props\":{\"title\":\"TEXTILE\",\"content\":\"\",\"image\":\"wp-content\\\/uploads\\\/2021\\\/10\\\/tessile_icona_settori.svg\",\"image_alt\":\"settore tessile\"}},{\"type\":\"grid_item\",\"props\":{\"title\":\"VENTE AU D\\u00c9TAIL\",\"content\":\"\",\"image\":\"wp-content\\\/uploads\\\/2021\\\/10\\\/rerail_icona_settori.svg\",\"image_alt\":\"lamiera settore retail\"}},{\"type\":\"grid_item\",\"props\":{\"title\":\"ARCHITECTURE\",\"content\":\"\",\"image\":\"wp-content\\\/uploads\\\/2021\\\/10\\\/architettura_icona_settori.svg\",\"image_alt\":\"Lamiera per settore Architettura\"}},{\"type\":\"grid_item\",\"props\":{\"title\":\"\\u00c9QUIPEMENTS POUR LA GRANDE DISTRIBUTION\",\"content\":\"\",\"image\":\"wp-content\\\/uploads\\\/2021\\\/10\\\/distribuzione_icona_settori.svg\",\"image_alt\":\"Lamiere per la GDO\"}},{\"type\":\"grid_item\",\"props\":{\"title\":\"MEUBLES ET D\\u00c9CORATION\",\"content\":\"\",\"image\":\"wp-content\\\/uploads\\\/2021\\\/10\\\/arredo_icona_settori.svg\",\"image_alt\":\"lamiera per arredamento\"}},{\"type\":\"grid_item\",\"props\":{\"title\":\"MACHINES ET ASCENSEURS\",\"content\":\"\",\"image\":\"wp-content\\\/uploads\\\/2021\\\/10\\\/macchine-ascensori_icona_settori.svg\",\"image_alt\":\"lamiere per macchine e ascensori\"}},{\"type\":\"grid_item\",\"props\":{\"title\":\"ENGINS DE TERRASSEMENT\",\"content\":\"\",\"image\":\"wp-content\\\/uploads\\\/2021\\\/10\\\/movimento_terra_icona_settori.svg\",\"image_alt\":\"lamiera per macchine movimento terra\"}},{\"type\":\"grid_item\",\"props\":{\"title\":\"INSTALLATIONS \\u00c9LECTRIQUES\",\"content\":\"\",\"image\":\"wp-content\\\/uploads\\\/2021\\\/10\\\/elettrico_icona_settori.svg\",\"image_alt\":\"impianti elettrici\"}},{\"type\":\"grid_item\",\"props\":{\"title\":\"A\\u00c9RONAUTIQUE\",\"content\":\"\",\"image\":\"wp-content\\\/uploads\\\/2021\\\/10\\\/areonautica_icona_settori.svg\",\"image_alt\":\"Lamiera per settore areonautico\"}},{\"type\":\"grid_item\",\"props\":{\"title\":\"SECTEUR NAVAL\",\"content\":\"\",\"image\":\"wp-content\\\/uploads\\\/2021\\\/10\\\/navale_icona_settori.svg\",\"image_alt\":\"Lamiera per settore navale\"}},{\"type\":\"grid_item\",\"props\":{\"title\":\"SECTEUR ROUTIER\",\"content\":\"\",\"image\":\"wp-content\\\/uploads\\\/2021\\\/10\\\/strada_icona_settori.svg\",\"image_alt\":\"Lamiera per settore stradale\"}},{\"type\":\"grid_item\",\"props\":{\"title\":\"AUTOMOBILE\",\"content\":\"\",\"image\":\"wp-content\\\/uploads\\\/2021\\\/10\\\/automotive_icona_settori.svg\",\"image_alt\":\"Lavorazione lamiere per automotive\"}},{\"type\":\"grid_item\",\"props\":{\"title\":\"\\u00c9CLAIRAGE\",\"content\":\"\",\"image\":\"wp-content\\\/uploads\\\/2021\\\/10\\\/illuminazione_icona_settori.svg\",\"image_alt\":\"illuminazione settori\"}}]}]}]}]},{\"type\":\"section\",\"props\":{\"style\":\"secondary\",\"width\":\"default\",\"vertical_align\":\"middle\",\"title_position\":\"top-left\",\"title_rotation\":\"left\",\"title_breakpoint\":\"xl\",\"image_position\":\"center-center\",\"image\":\"\",\"image_size\":\"cover\",\"media_overlay_gradient\":\"background: rgb(245,245,245); background: radial-gradient(circle, rgba(245,245,245,1) 0%, rgba(91,91,91,0.7875744047619048) 100%);\",\"preserve_color\":true},\"children\":[{\"type\":\"row\",\"props\":{\"layout\":\"1-3,2-3\"},\"children\":[{\"type\":\"column\",\"props\":{\"image_position\":\"center-center\",\"media_overlay_gradient\":\"\",\"width_medium\":\"1-3\",\"position_sticky_breakpoint\":\"m\",\"style\":\"secondary\"},\"children\":[{\"type\":\"headline\",\"props\":{\"title_element\":\"div\",\"content\":\"VOULEZ-VOUS UN DEVIS? REMPLISSEZ LE FORMULAIRE!\",\"title_style\":\"h3\"},\"modified\":\"2021-10-15T08:14:19.512Z\",\"name\":\"max info?\"}]},{\"type\":\"column\",\"props\":{\"image_position\":\"center-center\",\"media_overlay_gradient\":\"\",\"width_medium\":\"2-3\",\"vertical_align\":\"middle\",\"position_sticky_breakpoint\":\"m\",\"style\":\"default\",\"yooessentials_form\":{\"state\":true,\"after_submit_actions\":[{\"type\":\"email\",\"props\":{\"html\":true,\"attachments\":[null],\"submitted_attachments\":[null],\"recipients\":\"info@arcobalenolamiere.com\",\"from\":\"info@arcobalenolamiere.com\",\"subject\":\"Contatto sito Arcobaleno - Profilo Francese\",\"from_name\":\"Sito Arcobaleno secteur\",\"body\":\"\n\n<p>{Nome} {Cognome};<\\\/p>\\n\n\n<p>{Azienda};<\\\/p>\\n\n\n<p>{mail};<\\\/p>\\n\n\n<p>{Messaggio};<\\\/p>\\n\n\n<p>\\u221a Vi autorizzo al trattamento dei miei dati personali in accordo al regolamento EU Reg. 2016\\\/679.;<\\\/p>\"}},{\"type\":\"email\",\"props\":{\"html\":true,\"attachments\":[null],\"submitted_attachments\":[null],\"recipients\":\"marketing@rmpercomunicare.it\",\"from\":\"info@arcobalenolamiere.com\",\"subject\":\"Contatto sito Arcobaleno - Profilo Francese\",\"from_name\":\"Sito Arcobaleno secteur\",\"body\":\"\n\n<p>{Nome} {Cognome};<\\\/p>\\n\n\n<p>{Azienda};<\\\/p>\\n\n\n<p>{mail};<\\\/p>\\n\n\n<p>{Messaggio};<\\\/p>\\n\n\n<p>\\u221a Vi autorizzo al trattamento dei miei dati personali in accordo al regolamento EU Reg. 2016\\\/679.;<\\\/p>\"}},{\"type\":\"message\",\"props\":{\"content\":\"Merci de nous avoir contact\\u00e9, nous vous r\\u00e9pondrons dans les plus brefs d\\u00e9lais\"}},{\"type\":\"save-google-sheet\",\"props\":{\"account\":\"105808837563175016366\",\"columns\":[{\"field\":\"Nome\",\"title\":\"Nome\"},{\"field\":\"Cognome\",\"title\":\"Cognome\"},{\"field\":\"Azienda\",\"title\":\"Azienda\"},{\"field\":\"mail\",\"title\":\"Mail\"},{\"field\":\"Messaggio\",\"title\":\"Messaggio\"}],\"sheet_id\":\"1Piou3zr9iynmp12lHuVK1kyndmH0UriSwmlJJazXk88\",\"sheet_name\":\"FR\"}}],\"html5validation\":true,\"override_action_url\":false,\"action_method\":\"POST\"}},\"children\":[{\"type\":\"yooessentials_form_input\",\"props\":{\"show_label\":true,\"show_icon\":true,\"control_icon_align\":\"left\",\"grid_column_gap\":\"small\",\"grid_row_gap\":\"small\",\"margin\":\"default\",\"grid_columns_number\":\"1-2@m\",\"css\":\".uk-input{\\nbackground-color: white;\\ncolor: black;\\n}\",\"fullwidth\":false},\"children\":[{\"type\":\"yooessentials_form_input_text\",\"props\":{\"control_name\":\"Nome\",\"control_label\":\"Pr\\u00e9nom \",\"control_icon\":\"\",\"control_required\":true}},{\"type\":\"yooessentials_form_input_text\",\"props\":{\"control_name\":\"Cognome\",\"control_label\":\"Nom\",\"control_required\":true,\"control_icon\":\"\"}}],\"modified\":\"2022-03-01T07:41:13.646Z\",\"name\":\"01 prenom\"},{\"type\":\"yooessentials_form_input\",\"props\":{\"show_label\":true,\"show_icon\":true,\"control_icon_align\":\"left\",\"grid_column_gap\":\"small\",\"grid_row_gap\":\"small\",\"margin\":\"default\",\"grid_columns_number\":\"1-2@m\",\"css\":\".uk-input{\\nbackground-color: white;\\ncolor: black;\\n}\",\"fullwidth\":false},\"children\":[{\"type\":\"yooessentials_form_input_text\",\"props\":{\"control_name\":\"Azienda\",\"control_label\":\"Enterprise\",\"control_required\":true}},{\"type\":\"yooessentials_form_input_text\",\"props\":{\"control_name\":\"mail\",\"control_label\":\"E-Mail\",\"control_icon\":\"\",\"control_required\":true}}],\"modified\":\"2022-03-01T07:41:21.962Z\",\"name\":\"02 entrepris\"},{\"type\":\"yooessentials_form_textarea\",\"props\":{\"margin\":\"default\",\"css\":\".uk-textarea{\\nbackground-color: white;\\ncolor: black;\\n}\",\"control_name\":\"Messaggio\",\"control_required\":true,\"control_label\":\"Message\"},\"modified\":\"2022-02-28T22:18:08.788Z\",\"name\":\"03 message ok\"},{\"type\":\"yooessentials_form_checkbox\",\"props\":{\"margin\":\"default\",\"control_layout\":\"vertical\",\"control_name\":\"Privacy\",\"control_label\":\"\",\"control_required\":true},\"children\":[{\"type\":\"yooessentials_form_option\",\"props\":{\"value\":\"En utilisant cette formulaire vous acceptez le stockage et le traitement de vos donn\\u00e9es via ce site.\"}}],\"modified\":\"2022-03-01T07:41:44.363Z\",\"name\":\"05  privacy fr\"},{\"type\":\"yooessentials_form_recaptcha\",\"props\":{\"margin\":\"default\",\"control_type\":\"v2-checkbox\",\"recaptcha_version\":\"v2\",\"control_theme\":\"light\",\"control_size\":\"normal\",\"control_action\":\"yoothemepro_form_submit\",\"control_badge_position\":\"bottomright\",\"control_site_key\":\"6LcZJzQeAAAAADZYiO1BTs1hwTsXAHTfKzM9UGbv\",\"control_secret_key\":\"6LcZJzQeAAAAAJi-wUYpMhOAOahjVuexfW-7bx9t\"},\"modified\":\"2022-02-28T22:18:24.138Z\",\"name\":\"05 recaptcha ok\"},{\"type\":\"yooessentials_form_button\",\"props\":{\"grid_column_gap\":\"small\",\"grid_row_gap\":\"small\",\"margin\":\"default\",\"fullwidth\":true},\"children\":[{\"type\":\"yooessentials_form_button_item\",\"props\":{\"button_style\":\"primary\",\"icon_align\":\"left\",\"content\":\"Envoie\",\"icon\":\"teenyicons-solid--send\"}}],\"modified\":\"2022-03-01T07:42:01.763Z\",\"name\":\"06 envoie\"}],\"formid\":\"71d17acf\"}]}]}],\"version\":\"2.7.14\",\"yooessentialsVersion\":\"1.5.12\"} --><\/p>\n","protected":false},"excerpt":{"rendered":"<p>ARCOBALENO SECTEURS CLIMATISATION \u00c9LECTROM\u00c9NAGER DISTRIBUTEURS AUTOMATIQUES CHAUFFAGE FA\u00c7ADES EXT\u00c9RIEURES POUR LA CONSTRUCTION TEXTILE VENTE AU D\u00c9TAIL ARCHITECTURE \u00c9QUIPEMENTS POUR LA GRANDE DISTRIBUTION MEUBLES ET D\u00c9CORATION MACHINES ET ASCENSEURS ENGINS DE TERRASSEMENT INSTALLATIONS \u00c9LECTRIQUES A\u00c9RONAUTIQUE SECTEUR NAVAL SECTEUR ROUTIER AUTOMOBILE \u00c9CLAIRAGE VOULEZ-VOUS UN DEVIS? REMPLISSEZ LE FORMULAIRE! Envoie<\/p>\n","protected":false},"author":3,"featured_media":0,"parent":0,"menu_order":0,"comment_status":"closed","ping_status":"closed","template":"","meta":{"om_disable_all_campaigns":false,"inline_featured_image":false,"_monsterinsights_skip_tracking":false,"_monsterinsights_sitenote_active":false,"_monsterinsights_sitenote_note":"","_monsterinsights_sitenote_category":0,"footnotes":""},"class_list":["post-2610","page","type-page","status-publish","hentry"],"aioseo_notices":[],"_links":{"self":[{"href":"https:\/\/www.arcobalenolamiere.com\/fr\/wp-json\/wp\/v2\/pages\/2610","targetHints":{"allow":["GET"]}}],"collection":[{"href":"https:\/\/www.arcobalenolamiere.com\/fr\/wp-json\/wp\/v2\/pages"}],"about":[{"href":"https:\/\/www.arcobalenolamiere.com\/fr\/wp-json\/wp\/v2\/types\/page"}],"author":[{"embeddable":true,"href":"https:\/\/www.arcobalenolamiere.com\/fr\/wp-json\/wp\/v2\/users\/3"}],"replies":[{"embeddable":true,"href":"https:\/\/www.arcobalenolamiere.com\/fr\/wp-json\/wp\/v2\/comments?post=2610"}],"version-history":[{"count":46,"href":"https:\/\/www.arcobalenolamiere.com\/fr\/wp-json\/wp\/v2\/pages\/2610\/revisions"}],"predecessor-version":[{"id":4888,"href":"https:\/\/www.arcobalenolamiere.com\/fr\/wp-json\/wp\/v2\/pages\/2610\/revisions\/4888"}],"wp:attachment":[{"href":"https:\/\/www.arcobalenolamiere.com\/fr\/wp-json\/wp\/v2\/media?parent=2610"}],"curies":[{"name":"wp","href":"https:\/\/api.w.org\/{rel}","templated":true}]}}