{"id":2631,"date":"2021-11-30T22:19:02","date_gmt":"2021-11-30T22:19:02","guid":{"rendered":"https:\/\/www.rmpercomunicare.it\/costruzione_siti\/arcobaleno\/?page_id=2631"},"modified":"2021-12-14T21:35:36","modified_gmt":"2021-12-14T21:35:36","slug":"decoupe-au-laser","status":"publish","type":"page","link":"https:\/\/www.arcobalenolamiere.com\/fr\/decoupe-au-laser\/","title":{"rendered":"D\u00e9coupe au laser"},"content":{"rendered":"<h1><span class=\"uk-font-primary uk-heading-large\"> D\u00e9coupe <br \/>au laser <\/span><br \/>\u00c9vitez les temps d&rsquo;arr\u00eat gr\u00e2ce <br \/>\u00e0 notre traitement au laser<\/h1>\n<div>\n<p>Arcobaleno satisfait les besoins des entreprises qui recherchent un grand nombre de pi\u00e8ces, gr\u00e2ce \u00e0 son parc de machines de <strong>d\u00e9coupe laser, unique dans le secteur, par sa taille et sa technologie de pointe<\/strong>. L&rsquo;\u00e9quipement comprend des machines-outils avec d\u00e9coupe laser \u00e0 fibre optique et avec d\u00e9coupe laser CO2, caract\u00e9ris\u00e9es par des champs de travail diff\u00e9rents permettant de traiter toutes les pi\u00e8ces <strong>sans avoir \u00e0 faire face \u00e0 des probl\u00e8mes de forme et de dimension.<\/strong><\/p>\n<p>La <strong>grande disponibilit\u00e9<\/strong> des machines nous permet d&rsquo;\u00eatre polyvalents dans la production et de respecter les d\u00e9lais de livraison, car nous sommes en mesure de d\u00e9couper m\u00eame de grands lots en peu de temps, tout en assurant une tr\u00e8s grande pr\u00e9cision dans l&rsquo;ex\u00e9cution et une qualit\u00e9 optimale de la t\u00f4le trait\u00e9e.<\/p>\n<p>Nos \u00e9quipements technologiques sont nombreux et vari\u00e9s mais ils sont aussi constamment mis \u00e0 jour afin de suivre l&rsquo;\u00e9volution de la d\u00e9coupe laser. L\u2019entreprise, en effet, a int\u00e9gr\u00e9 les toutes derni\u00e8res innovations en termes de densit\u00e9 de faisceau et d&rsquo;\u00e9nergie de coupe au profit d&rsquo;une productivit\u00e9, d&rsquo;une vitesse et d&rsquo;une stabilit\u00e9 accrues pendant le traitement.<\/p>\n<p>La passion pour l&rsquo;innovation a toujours distingu\u00e9 Arcobaleno et c\u2019est forte de cette passion que l\u2019entreprise rel\u00e8ve, jour apr\u00e8s jour, de nouveaux d\u00e9fis, comme la d\u00e9coupe au laser de l&rsquo;aluminium qui s\u2019effectue dans l&rsquo;entreprise depuis plus de 15 ans, alors qu&rsquo;\u00e0 cette \u00e9poque c\u2019\u00e9tait une technique encore peu diffuse.<\/p>\n<\/div>\n<p><img decoding=\"async\" src=\"\/wp-content\/uploads\/2021\/10\/taglio-laser_700.jpg\" alt=\"taglio laser lamiera\"><\/p>\n<hr>\n<div>Livraisons rapides, dans le respect <br \/>des normes qualit\u00e9 du client.<\/div>\n<hr>\n<p><img decoding=\"async\" src=\"\/wp-content\/uploads\/2021\/10\/impianto-taglio-laser.jpg\" alt=\"taglio laser lamiera\"><\/p>\n<h2>Comment assurons-nous cette ponctualit\u00e9 dans le traitement laser ?<\/h2>\n<ul>\n<li>\n<div>\n<p>Une grande disponibilit\u00e9 des <strong>machines de d\u00e9coupe au laser<\/strong> ;<\/p>\n<\/div>\n<\/li>\n<li>\n<div>\n<p>L&rsquo;introduction permanente des derni\u00e8res technologies de <strong>d\u00e9coupe au <\/strong><\/p>\n<\/div>\n<\/li>\n<li>\n<div>\n<p>La disponibilit\u00e9 de machines dot\u00e9es de dispositifs d\u2019asservissement comme les <strong>tours pour le chargement<\/strong> <strong>et le d\u00e9chargement automatiques<\/strong> de la t\u00f4le, ce qui permet un traitement continu, de jour comme de nuit ;<\/p>\n<\/div>\n<\/li>\n<li>\n<div>\n<p>La gestion de la production r\u00e9alis\u00e9e \u00e0 l\u2019aide de logiciels de derni\u00e8re g\u00e9n\u00e9ration.<\/p>\n<\/div>\n<\/li>\n<\/ul>\n<ul>\n<li>\n<h3>D\u00e9coupe laser de l&rsquo;aluminium et de faibles \u00e9paisseurs : rapide gr\u00e2ce <br \/>\u00e0 la fibre optique<\/h3>\n<div>\n<p>Pour chaque type de commande, Arcobaleno dispose de l&rsquo;\u00e9quipement ad\u00e9quat. Les machines de <strong>d\u00e9coupe laser \u00e0 fibre optique<\/strong> permettent de produire \u00e0 grande vitesse d&rsquo;\u00e9normes volumes de pi\u00e8ces dans n&rsquo;importe quel mat\u00e9riau (y compris l&rsquo;aluminium) et n&rsquo;importe quelle \u00e9paisseur (m\u00eame tr\u00e8s fine).<\/p>\n<p>La rapidit\u00e9 est essentielle pour respecter les d\u00e9lais de livraison et accompagner, avec succ\u00e8s, l&rsquo;organisation de production du partenaire.<\/p>\n<\/div>\n<\/li>\n<li>\n<h3>D\u00e9coupe laser de l&rsquo;acier inoxydable : l&rsquo;excellence <br \/>de la d\u00e9coupe au laser CO2<\/h3>\n<div>\n<p>Lorsqu&rsquo;il s&rsquo;agit de traiter des mat\u00e9riaux dont le co\u00fbt est \u00e9lev\u00e9, la pr\u00e9cision de la d\u00e9coupe est essentielle afin d&rsquo;\u00e9viter un traitement ult\u00e9rieur entra\u00eenant des co\u00fbts suppl\u00e9mentaires. Arcobaleno utilise la technologie du <strong>laser<\/strong> <strong>CO2<\/strong> pour d\u00e9couper l&rsquo;acier (en particulier l&rsquo;acier inoxydable), le choix id\u00e9al pour obtenir des coupes nettes et pr\u00e9cises et, par cons\u00e9quent, r\u00e9aliser des pi\u00e8ces de qualit\u00e9 \u00e9lev\u00e9e.<\/p>\n<\/div>\n<\/li>\n<li>\n<h3>D\u00e9coupe de t\u00f4les au laser : plus de m\u00e9taux et d&rsquo;\u00e9paisseurs <\/h3>\n<div>\n<p>Arcobaleno r\u00e9pond aux besoins de nombreux secteurs car elle est \u00e9quip\u00e9e de la technologie n\u00e9cessaire pour couper les mat\u00e9riaux les plus courants dans l&rsquo;industrie manufacturi\u00e8re tels que la t\u00f4le en alliage, l&rsquo;acier au carbone, l&rsquo;acier inoxydable, l&rsquo;aluminium, le laiton et le cuivre. Les possibilit\u00e9s de d\u00e9coupe varient en fonction du type de mat\u00e9riau.<\/p>\n<p>Arcobaleno r\u00e9alise des d\u00e9coupes laser pour les \u00e9paisseurs suivantes :<\/p>\n<ul>\n<li><strong>fer jusqu&rsquo;\u00e0 25 mm<\/strong><\/li>\n<li><strong>acier inoxydable jusqu&rsquo;\u00e0 20 mm<\/strong><\/li>\n<li><strong>aluminium jusqu&rsquo;\u00e0 20 mm<\/strong><\/li>\n<li><strong>laiton jusqu&rsquo;\u00e0 8 mm<\/strong><\/li>\n<li><strong>cuivre jusqu&rsquo;\u00e0 6 mm<\/strong><\/li>\n<\/ul>\n<\/div>\n<\/li>\n<\/ul>\n<div>Vous voulez plus d&rsquo;informations?\n<\/div>\n<p>\n    <a href=\"\/fr\/contacts\/\">Contactez-nous!<\/a>\n<\/p>\n<h2><span class=\"uk-h1\">Diff\u00e9rences entre la d\u00e9coupe <br \/>au laser <br \/>\u00e0 fibre et <br \/>au laser CO2<\/span><\/h2>\n<div>\n<p>Chaque t\u00f4le a besoin de sa propre d\u00e9coupe en fonction de l&rsquo;\u00e9paisseur ou du type de mat\u00e9riau. Arcobaleno dispose des technologies appropri\u00e9es pour couper les m\u00e9taux les plus utilis\u00e9s dans l&rsquo;industrie manufacturi\u00e8re. Mais quels sont les crit\u00e8res pour choisir une technologie de d\u00e9coupe plut\u00f4t qu&rsquo;une autre ?<\/p>\n<p>Les deux lasers fonctionnent dans la gamme infrarouge mais agissent diff\u00e9remment. Le <strong>laser CO2<\/strong> utilise un m\u00e9lange gazeux de dioxyde de carbone, d&rsquo;h\u00e9lium et d&rsquo;azote charg\u00e9 \u00e9lectriquement pour g\u00e9n\u00e9rer le faisceau.<\/p>\n<p>Le <strong>laser \u00e0 fibre<\/strong> produit le faisceau au moyen de c\u00e2bles en fibre et de diodes et la conduction est plus facile. Il \u00e9met \u00e9galement une longueur d&rsquo;onde plus courte et le faisceau est plus concentr\u00e9, ce qui rend le laser tr\u00e8s incisif.<\/p>\n<h3><strong>Les avantages du Laser CO2<\/strong><\/h3>\n<ul>\n<li>Haute performance m\u00eame pour les t\u00f4les \u00e9paisses<\/li>\n<li>D\u00e9coupe nette et pr\u00e9cise : l\u00e0 o\u00f9 le m\u00e9tal est coup\u00e9, la surface est lisse<\/li>\n<li>Id\u00e9al pour la d\u00e9coupe des aciers en alliage<\/li>\n<li>Rapidit\u00e9 et pr\u00e9cision dans les d\u00e9coupes en ligne droite<\/li>\n<li>Qualit\u00e9 identique pour tous les types de mat\u00e9riaux<\/li>\n<li>Bonne stabilit\u00e9 de la source de coupe.<\/li>\n<\/ul>\n<h3><strong>Les avantages du <\/strong><strong>Laser \u00e0 fibre<\/strong><\/h3>\n<ul>\n<li>Performance \u00e9lev\u00e9e pour les t\u00f4les fines<\/li>\n<li>Id\u00e9al pour la d\u00e9coupe de l&rsquo;aluminium et des m\u00e9taux non conducteurs tels que le laiton et le cuivre<\/li>\n<li>Rapidit\u00e9 et puissance de coupe gr\u00e2ce \u00e0 une concentration d&rsquo;\u00e9nergie dans le faisceau<\/li>\n<li>Longue dur\u00e9e de vie du laser<\/li>\n<li>Consommation d&rsquo;\u00e9nergie r\u00e9duite.<\/li>\n<\/ul>\n<p><strong>Mais une d\u00e9coupe laser rapide ne suffit pas. <\/strong>C\u2019est pourquoi la soci\u00e9t\u00e9 Arcobaleno est structur\u00e9e de mani\u00e8re \u00e0 rendre l&rsquo;ensemble du cycle de production rapide et flexible, afin d\u2019apporter des r\u00e9ponses imm\u00e9diates, de la r\u00e9ception de la commande jusqu\u2019\u00e0 la livraison des pi\u00e8ces.<\/p>\n<\/div>\n<p><!--more--><br \/>\n<!-- {\"name\":\"taglio laser\",\"type\":\"layout\",\"children\":[{\"type\":\"section\",\"props\":{\"style\":\"default\",\"width\":\"\",\"vertical_align\":\"middle\",\"title_position\":\"top-left\",\"title_rotation\":\"left\",\"title_breakpoint\":\"xl\",\"image_position\":\"center-center\",\"image\":\"\",\"padding\":\"xlarge\",\"height\":\"percent\",\"text_color\":\"light\",\"attributes\":\"Alt='Taglio laser lamiere'\",\"video\":\"wp-content\\\/uploads\\\/2021\\\/10\\\/clip_taglio_laser_arcobaleno.mp4\"},\"children\":[{\"type\":\"row\",\"props\":{\"width\":\"default\"},\"children\":[{\"type\":\"column\",\"props\":{\"image_position\":\"center-center\",\"media_overlay_gradient\":\"\",\"width_medium\":\"\"},\"children\":[{\"type\":\"headline\",\"props\":{\"title_element\":\"h1\",\"content\":\"<span class=\\\"uk-font-primary uk-heading-large\\\"> D\\u00e9coupe <br \\\/>au laser <\\\/span><br \\\/>\\u00c9vitez les temps d'arr\\u00eat gr\\u00e2ce <br \\\/>\\u00e0 notre traitement au laser\",\"text_align\":\"center\",\"class\":\"\",\"title_style\":\"h1\",\"title_font_family\":\"tertiary\",\"animation\":\"slide-bottom-medium\",\"block_align\":\"center\"},\"modified\":\"2021-09-28T09:26:00.220Z\",\"name\":\"headline over video\"}]}]}]},{\"type\":\"section\",\"props\":{\"style\":\"default\",\"width\":\"default\",\"vertical_align\":\"middle\",\"title_position\":\"top-left\",\"title_rotation\":\"left\",\"title_breakpoint\":\"xl\",\"image_position\":\"center-center\"},\"children\":[{\"type\":\"row\",\"props\":{\"layout\":\"1-2,1-2\"},\"children\":[{\"type\":\"column\",\"props\":{\"image_position\":\"center-center\",\"media_overlay_gradient\":\"\",\"width_medium\":\"1-2\"},\"children\":[{\"type\":\"text\",\"props\":{\"margin\":\"default\",\"column_breakpoint\":\"m\",\"content\":\"\n\n<p>Arcobaleno satisfait les besoins des entreprises qui recherchent un grand nombre de pi\\u00e8ces, gr\\u00e2ce \\u00e0 son parc de machines de <strong>d\\u00e9coupe laser, unique dans le secteur, par sa taille et sa technologie de pointe<\\\/strong>. L'\\u00e9quipement comprend des machines-outils avec d\\u00e9coupe laser \\u00e0 fibre optique et avec d\\u00e9coupe laser CO2, caract\\u00e9ris\\u00e9es par des champs de travail diff\\u00e9rents permettant de traiter toutes les pi\\u00e8ces <strong>sans avoir \\u00e0 faire face \\u00e0 des probl\\u00e8mes de forme et de dimension.<\\\/strong><\\\/p>\\n\n\n<p>La <strong>grande disponibilit\\u00e9<\\\/strong> des machines nous permet d'\\u00eatre polyvalents dans la production et de respecter les d\\u00e9lais de livraison, car nous sommes en mesure de d\\u00e9couper m\\u00eame de grands lots en peu de temps, tout en assurant une tr\\u00e8s grande pr\\u00e9cision dans l'ex\\u00e9cution et une qualit\\u00e9 optimale de la t\\u00f4le trait\\u00e9e.<\\\/p>\\n\n\n<p>Nos \\u00e9quipements technologiques sont nombreux et vari\\u00e9s mais ils sont aussi constamment mis \\u00e0 jour afin de suivre l'\\u00e9volution de la d\\u00e9coupe laser. L\\u2019entreprise, en effet, a int\\u00e9gr\\u00e9 les toutes derni\\u00e8res innovations en termes de densit\\u00e9 de faisceau et d'\\u00e9nergie de coupe au profit d'une productivit\\u00e9, d'une vitesse et d'une stabilit\\u00e9 accrues pendant le traitement.<\\\/p>\\n\n\n<p>La passion pour l'innovation a toujours distingu\\u00e9 Arcobaleno et c\\u2019est forte de cette passion que l\\u2019entreprise rel\\u00e8ve, jour apr\\u00e8s jour, de nouveaux d\\u00e9fis, comme la d\\u00e9coupe au laser de l'aluminium qui s\\u2019effectue dans l'entreprise depuis plus de 15 ans, alors qu'\\u00e0 cette \\u00e9poque c\\u2019\\u00e9tait une technique encore peu diffuse.<\\\/p>\",\"text_align\":\"justify\"}}]},{\"type\":\"column\",\"props\":{\"image_position\":\"center-center\",\"media_overlay_gradient\":\"\",\"width_medium\":\"1-2\"},\"children\":[{\"type\":\"image\",\"props\":{\"margin\":\"default\",\"image_svg_color\":\"emphasis\",\"image\":\"wp-content\\\/uploads\\\/2021\\\/10\\\/taglio-laser_700.jpg\",\"image_alt\":\"taglio laser lamiera\",\"position\":\"relative\",\"position_z_index\":\"1\",\"image_box_shadow\":\"large\",\"text_align\":\"left\",\"text_align_breakpoint\":\"m\",\"text_align_fallback\":\"center\",\"image_height\":\"700\"}}]}]}],\"name\":\"intro\"},{\"type\":\"section\",\"props\":{\"style\":\"default\",\"width\":\"default\",\"vertical_align\":\"middle\",\"title_position\":\"top-left\",\"title_rotation\":\"left\",\"title_breakpoint\":\"xl\",\"image_position\":\"center-center\"},\"children\":[{\"type\":\"row\",\"children\":[{\"type\":\"column\",\"props\":{\"image_position\":\"center-center\",\"media_overlay_gradient\":\"\"},\"children\":[{\"type\":\"divider\",\"props\":{\"divider_element\":\"hr\"}},{\"type\":\"headline\",\"props\":{\"title_element\":\"div\",\"title_font_family\":\"primary\",\"content\":\"Livraisons rapides, dans le respect <br \\\/>des normes qualit\\u00e9 du client.\",\"class\":\"a-title\",\"text_align\":\"center\",\"title_style\":\"h2\"},\"modified\":\"2021-08-27T16:10:39.123Z\",\"name\":\"tITOLO ARCOBALENO\"},{\"type\":\"divider\",\"props\":{\"divider_element\":\"hr\"}}]}]}]},{\"type\":\"section\",\"props\":{\"style\":\"default\",\"width\":\"\",\"vertical_align\":\"middle\",\"title_position\":\"top-left\",\"title_rotation\":\"left\",\"title_breakpoint\":\"xl\",\"image_position\":\"center-center\",\"image\":\"\",\"padding\":\"none\",\"image_size\":\"cover\"},\"children\":[{\"type\":\"row\",\"children\":[{\"type\":\"column\",\"props\":{\"image_position\":\"center-center\",\"media_overlay_gradient\":\"\"},\"children\":[{\"type\":\"image\",\"props\":{\"margin\":\"default\",\"image_svg_color\":\"emphasis\",\"image\":\"wp-content\\\/uploads\\\/2021\\\/10\\\/impianto-taglio-laser.jpg\",\"image_alt\":\"taglio laser lamiera\"}}]}],\"props\":{\"width\":\"default\"}}]},{\"type\":\"section\",\"props\":{\"style\":\"default\",\"width\":\"default\",\"vertical_align\":\"middle\",\"title_position\":\"top-left\",\"title_rotation\":\"left\",\"title_breakpoint\":\"xl\",\"image_position\":\"center-center\"},\"children\":[{\"type\":\"row\",\"children\":[{\"type\":\"column\",\"props\":{\"image_position\":\"center-center\",\"media_overlay_gradient\":\"\"},\"children\":[{\"type\":\"headline\",\"props\":{\"title_element\":\"h2\",\"title_font_family\":\"primary\",\"content\":\"Comment assurons-nous cette ponctualit\\u00e9 dans le traitement laser ?\",\"class\":\"a-title\",\"text_align\":\"center\",\"title_style\":\"h1\"},\"modified\":\"2021-08-27T16:10:39.123Z\",\"name\":\"tITOLO ARCOBALENO\"},{\"type\":\"list\",\"props\":{\"show_image\":true,\"show_link\":true,\"list_element\":\"ul\",\"column_breakpoint\":\"m\",\"image_svg_color\":\"emphasis\",\"image_align\":\"left\",\"image_vertical_align\":true,\"list_marker_color\":\"secondary\",\"list_marker\":\"disc\",\"column\":\"1-2\"},\"children\":[{\"type\":\"list_item\",\"props\":{\"content\":\"\n\n<p>Une grande disponibilit\\u00e9 des <strong>machines de d\\u00e9coupe au laser<\\\/strong> ;<\\\/p>\"}},{\"type\":\"list_item\",\"props\":{\"content\":\"\n\n<p>L'introduction permanente des derni\\u00e8res technologies de <strong>d\\u00e9coupe au <\\\/strong><\\\/p>\"}},{\"type\":\"list_item\",\"props\":{\"content\":\"\n\n<p>La disponibilit\\u00e9 de machines dot\\u00e9es de dispositifs d\\u2019asservissement comme les <strong>tours pour le chargement<\\\/strong> <strong>et le d\\u00e9chargement automatiques<\\\/strong> de la t\\u00f4le, ce qui permet un traitement continu, de jour comme de nuit ;<\\\/p>\"}},{\"type\":\"list_item\",\"props\":{\"content\":\"\n\n<p>La gestion de la production r\\u00e9alis\\u00e9e \\u00e0 l\\u2019aide de logiciels de derni\\u00e8re g\\u00e9n\\u00e9ration.<\\\/p>\"}}]},{\"type\":\"grid\",\"props\":{\"show_title\":true,\"show_meta\":true,\"show_content\":true,\"show_image\":true,\"show_link\":true,\"grid_default\":\"1\",\"grid_medium\":\"3\",\"filter_style\":\"tab\",\"filter_all\":true,\"filter_position\":\"top\",\"filter_align\":\"left\",\"filter_grid_width\":\"auto\",\"filter_grid_breakpoint\":\"m\",\"title_hover_style\":\"reset\",\"title_element\":\"h3\",\"title_align\":\"top\",\"title_grid_width\":\"1-2\",\"title_grid_breakpoint\":\"m\",\"meta_style\":\"meta\",\"meta_align\":\"below-title\",\"meta_element\":\"div\",\"content_column_breakpoint\":\"m\",\"icon_width\":80,\"image_align\":\"top\",\"image_grid_width\":\"1-2\",\"image_grid_breakpoint\":\"m\",\"image_svg_color\":\"emphasis\",\"link_text\":\"Read more\",\"link_style\":\"default\",\"margin\":\"default\",\"item_animation\":false,\"panel_style\":\"card-default\",\"title_style\":\"h4\"},\"children\":[{\"type\":\"grid_item\",\"props\":{\"title\":\"D\\u00e9coupe laser de l'aluminium et de faibles \\u00e9paisseurs : rapide gr\\u00e2ce <br \\\/>\\u00e0 la fibre optique\",\"content\":\"\n\n<p>Pour chaque type de commande, Arcobaleno dispose de l'\\u00e9quipement ad\\u00e9quat. Les machines de <strong>d\\u00e9coupe laser \\u00e0 fibre optique<\\\/strong> permettent de produire \\u00e0 grande vitesse d'\\u00e9normes volumes de pi\\u00e8ces dans n'importe quel mat\\u00e9riau (y compris l'aluminium) et n'importe quelle \\u00e9paisseur (m\\u00eame tr\\u00e8s fine).<\\\/p>\\n\n\n<p>La rapidit\\u00e9 est essentielle pour respecter les d\\u00e9lais de livraison et accompagner, avec succ\\u00e8s, l'organisation de production du partenaire.<\\\/p>\"}},{\"type\":\"grid_item\",\"props\":{\"title\":\"D\\u00e9coupe laser de l'acier inoxydable : l'excellence <br \\\/>de la d\\u00e9coupe au laser CO2\",\"content\":\"\n\n<p>Lorsqu'il s'agit de traiter des mat\\u00e9riaux dont le co\\u00fbt est \\u00e9lev\\u00e9, la pr\\u00e9cision de la d\\u00e9coupe est essentielle afin d'\\u00e9viter un traitement ult\\u00e9rieur entra\\u00eenant des co\\u00fbts suppl\\u00e9mentaires. Arcobaleno utilise la technologie du <strong>laser<\\\/strong> <strong>CO2<\\\/strong> pour d\\u00e9couper l'acier (en particulier l'acier inoxydable), le choix id\\u00e9al pour obtenir des coupes nettes et pr\\u00e9cises et, par cons\\u00e9quent, r\\u00e9aliser des pi\\u00e8ces de qualit\\u00e9 \\u00e9lev\\u00e9e.<\\\/p>\"}},{\"type\":\"grid_item\",\"props\":{\"title\":\"D\\u00e9coupe de t\\u00f4les au laser : plus de m\\u00e9taux et d'\\u00e9paisseurs \",\"content\":\"\n\n<p>Arcobaleno r\\u00e9pond aux besoins de nombreux secteurs car elle est \\u00e9quip\\u00e9e de la technologie n\\u00e9cessaire pour couper les mat\\u00e9riaux les plus courants dans l'industrie manufacturi\\u00e8re tels que la t\\u00f4le en alliage, l'acier au carbone, l'acier inoxydable, l'aluminium, le laiton et le cuivre. Les possibilit\\u00e9s de d\\u00e9coupe varient en fonction du type de mat\\u00e9riau.<\\\/p>\\n\n\n<p>Arcobaleno r\\u00e9alise des d\\u00e9coupes laser pour les \\u00e9paisseurs suivantes :<\\\/p>\\n\n\n<ul>\\n\n\n<li><strong>fer jusqu'\\u00e0 25 mm<\\\/strong><\\\/li>\\n\n\n<li><strong>acier inoxydable jusqu'\\u00e0 20 mm<\\\/strong><\\\/li>\\n\n\n<li><strong>aluminium jusqu'\\u00e0 20 mm<\\\/strong><\\\/li>\\n\n\n<li><strong>laiton jusqu'\\u00e0 8 mm<\\\/strong><\\\/li>\\n\n\n<li><strong>cuivre jusqu'\\u00e0 6 mm<\\\/strong><\\\/li>\\n<\\\/ul>\"}}]}]}]}]},{\"type\":\"section\",\"props\":{\"style\":\"default\",\"width\":\"default\",\"vertical_align\":\"middle\",\"title_position\":\"top-left\",\"title_rotation\":\"left\",\"title_breakpoint\":\"xl\",\"image_position\":\"center-center\",\"image\":\"wp-content\\\/uploads\\\/2021\\\/08\\\/ICONA_METALLO.jpg\",\"image_size\":\"cover\",\"media_overlay_gradient\":\"background: rgb(245,245,245); background: radial-gradient(circle, rgba(245,245,245,1) 0%, rgba(91,91,91,0.7875744047619048) 100%);\"},\"children\":[{\"type\":\"row\",\"props\":{\"layout\":\"2-3,1-3\",\"column_gap\":\"collapse\"},\"children\":[{\"type\":\"column\",\"props\":{\"image_position\":\"center-center\",\"media_overlay_gradient\":\"\",\"width_medium\":\"2-3\"},\"children\":[{\"type\":\"headline\",\"props\":{\"title_element\":\"div\",\"content\":\"Vous voulez plus d'informations?\\n\",\"title_style\":\"h1\"},\"modified\":\"2021-10-15T08:14:19.512Z\",\"name\":\"max info?\"}]},{\"type\":\"column\",\"props\":{\"image_position\":\"center-center\",\"media_overlay_gradient\":\"\",\"width_medium\":\"1-3\",\"vertical_align\":\"middle\"},\"children\":[{\"type\":\"button\",\"props\":{\"grid_column_gap\":\"small\",\"grid_row_gap\":\"small\",\"margin\":\"default\",\"fullwidth\":true,\"button_size\":\"large\"},\"children\":[{\"type\":\"button_item\",\"props\":{\"button_style\":\"secondary\",\"icon_align\":\"left\",\"content\":\"Contactez-nous!\",\"link\":\"fr\\\/contacts\\\/\"}}],\"modified\":\"2021-10-15T08:14:07.232Z\",\"name\":\"contattaci ora\"}]}]}]},{\"type\":\"section\",\"props\":{\"style\":\"secondary\",\"width\":\"default\",\"vertical_align\":\"middle\",\"title_position\":\"top-left\",\"title_rotation\":\"left\",\"title_breakpoint\":\"xl\",\"image_position\":\"center-center\"},\"children\":[{\"type\":\"row\",\"props\":{\"layout\":\"2-5,3-5\",\"divider\":true},\"children\":[{\"type\":\"column\",\"props\":{\"image_position\":\"center-center\",\"media_overlay_gradient\":\"\",\"width_medium\":\"2-5\"},\"children\":[{\"type\":\"headline\",\"props\":{\"title_element\":\"h2\",\"title_font_family\":\"primary\",\"content\":\"<span class=\\\"uk-h1\\\">Diff\\u00e9rences entre la d\\u00e9coupe <br \\\/>au laser <br \\\/>\\u00e0 fibre et <br \\\/>au laser CO2<\\\/span>\",\"class\":\"a-title\",\"text_align\":\"left\",\"text_align_breakpoint\":\"m\",\"text_align_fallback\":\"center\",\"title_style\":\"h3\",\"css\":\"@media (max-width: 640px){\\n.el-element{\\n    font-size:1em;\\n    }\\n}\"},\"modified\":\"2021-08-27T16:10:39.123Z\",\"name\":\"tITOLO ARCOBALENO\"}]},{\"type\":\"column\",\"props\":{\"image_position\":\"center-center\",\"media_overlay_gradient\":\"\",\"width_medium\":\"3-5\"},\"children\":[{\"type\":\"text\",\"props\":{\"margin\":\"default\",\"column_breakpoint\":\"m\",\"content\":\"\n\n<p>Chaque t\\u00f4le a besoin de sa propre d\\u00e9coupe en fonction de l'\\u00e9paisseur ou du type de mat\\u00e9riau. Arcobaleno dispose des technologies appropri\\u00e9es pour couper les m\\u00e9taux les plus utilis\\u00e9s dans l'industrie manufacturi\\u00e8re. Mais quels sont les crit\\u00e8res pour choisir une technologie de d\\u00e9coupe plut\\u00f4t qu'une autre ?<\\\/p>\\n\n\n<p>Les deux lasers fonctionnent dans la gamme infrarouge mais agissent diff\\u00e9remment. Le <strong>laser CO2<\\\/strong> utilise un m\\u00e9lange gazeux de dioxyde de carbone, d'h\\u00e9lium et d'azote charg\\u00e9 \\u00e9lectriquement pour g\\u00e9n\\u00e9rer le faisceau.<\\\/p>\\n\n\n<p>Le <strong>laser \\u00e0 fibre<\\\/strong> produit le faisceau au moyen de c\\u00e2bles en fibre et de diodes et la conduction est plus facile. Il \\u00e9met \\u00e9galement une longueur d'onde plus courte et le faisceau est plus concentr\\u00e9, ce qui rend le laser tr\\u00e8s incisif.<\\\/p>\\n\n\n<h3><strong>Les avantages du Laser CO2<\\\/strong><\\\/h3>\\n\n\n<ul>\\n\n\n<li>Haute performance m\\u00eame pour les t\\u00f4les \\u00e9paisses<\\\/li>\\n\n\n<li>D\\u00e9coupe nette et pr\\u00e9cise : l\\u00e0 o\\u00f9 le m\\u00e9tal est coup\\u00e9, la surface est lisse<\\\/li>\\n\n\n<li>Id\\u00e9al pour la d\\u00e9coupe des aciers en alliage<\\\/li>\\n\n\n<li>Rapidit\\u00e9 et pr\\u00e9cision dans les d\\u00e9coupes en ligne droite<\\\/li>\\n\n\n<li>Qualit\\u00e9 identique pour tous les types de mat\\u00e9riaux<\\\/li>\\n\n\n<li>Bonne stabilit\\u00e9 de la source de coupe.<\\\/li>\\n<\\\/ul>\\n\n\n<h3><strong>Les avantages du <\\\/strong><strong>Laser \\u00e0 fibre<\\\/strong><\\\/h3>\\n\n\n<ul>\\n\n\n<li>Performance \\u00e9lev\\u00e9e pour les t\\u00f4les fines<\\\/li>\\n\n\n<li>Id\\u00e9al pour la d\\u00e9coupe de l'aluminium et des m\\u00e9taux non conducteurs tels que le laiton et le cuivre<\\\/li>\\n\n\n<li>Rapidit\\u00e9 et puissance de coupe gr\\u00e2ce \\u00e0 une concentration d'\\u00e9nergie dans le faisceau<\\\/li>\\n\n\n<li>Longue dur\\u00e9e de vie du laser<\\\/li>\\n\n\n<li>Consommation d'\\u00e9nergie r\\u00e9duite.<\\\/li>\\n<\\\/ul>\\n\n\n<p><strong>Mais une d\\u00e9coupe laser rapide ne suffit pas. <\\\/strong>C\\u2019est pourquoi la soci\\u00e9t\\u00e9 Arcobaleno est structur\\u00e9e de mani\\u00e8re \\u00e0 rendre l'ensemble du cycle de production rapide et flexible, afin d\\u2019apporter des r\\u00e9ponses imm\\u00e9diates, de la r\\u00e9ception de la commande jusqu\\u2019\\u00e0 la livraison des pi\\u00e8ces.<\\\/p>\"}}]}]}]}],\"version\":\"2.5.10\",\"yooessentialsVersion\":\"1.5.8\"} --><\/p>\n","protected":false},"excerpt":{"rendered":"<p>D\u00e9coupe au laser \u00c9vitez les temps d&rsquo;arr\u00eat gr\u00e2ce \u00e0 notre traitement au laser Arcobaleno satisfait les besoins des entreprises qui recherchent un grand nombre de pi\u00e8ces, gr\u00e2ce \u00e0 son parc de machines de d\u00e9coupe laser, unique dans le secteur, par sa taille et sa technologie de pointe. L&rsquo;\u00e9quipement comprend des machines-outils avec d\u00e9coupe laser \u00e0 [&hellip;]<\/p>\n","protected":false},"author":3,"featured_media":0,"parent":0,"menu_order":0,"comment_status":"closed","ping_status":"closed","template":"","meta":{"om_disable_all_campaigns":false,"inline_featured_image":false,"_monsterinsights_skip_tracking":false,"_monsterinsights_sitenote_active":false,"_monsterinsights_sitenote_note":"","_monsterinsights_sitenote_category":0,"footnotes":""},"class_list":["post-2631","page","type-page","status-publish","hentry"],"aioseo_notices":[],"_links":{"self":[{"href":"https:\/\/www.arcobalenolamiere.com\/fr\/wp-json\/wp\/v2\/pages\/2631","targetHints":{"allow":["GET"]}}],"collection":[{"href":"https:\/\/www.arcobalenolamiere.com\/fr\/wp-json\/wp\/v2\/pages"}],"about":[{"href":"https:\/\/www.arcobalenolamiere.com\/fr\/wp-json\/wp\/v2\/types\/page"}],"author":[{"embeddable":true,"href":"https:\/\/www.arcobalenolamiere.com\/fr\/wp-json\/wp\/v2\/users\/3"}],"replies":[{"embeddable":true,"href":"https:\/\/www.arcobalenolamiere.com\/fr\/wp-json\/wp\/v2\/comments?post=2631"}],"version-history":[{"count":23,"href":"https:\/\/www.arcobalenolamiere.com\/fr\/wp-json\/wp\/v2\/pages\/2631\/revisions"}],"predecessor-version":[{"id":3730,"href":"https:\/\/www.arcobalenolamiere.com\/fr\/wp-json\/wp\/v2\/pages\/2631\/revisions\/3730"}],"wp:attachment":[{"href":"https:\/\/www.arcobalenolamiere.com\/fr\/wp-json\/wp\/v2\/media?parent=2631"}],"curies":[{"name":"wp","href":"https:\/\/api.w.org\/{rel}","templated":true}]}}