{"id":2660,"date":"2021-11-30T22:29:11","date_gmt":"2021-11-30T22:29:11","guid":{"rendered":"https:\/\/www.rmpercomunicare.it\/costruzione_siti\/arcobaleno\/?page_id=2660"},"modified":"2021-12-14T21:29:48","modified_gmt":"2021-12-14T21:29:48","slug":"poinconnage-de-la-tole","status":"publish","type":"page","link":"https:\/\/www.arcobalenolamiere.com\/fr\/poinconnage-de-la-tole\/","title":{"rendered":"Poin\u00e7onnage de la t\u00f4le"},"content":{"rendered":"<h1><span class=\"uk-font-primary uk-heading-large\" style=\"color: white;\">Poin\u00e7onnage <br \/>de la t\u00f4le<\/span><br \/>Rapidit\u00e9 de livraison et polyvalence.<\/h1>\n<div>\n<p>La rapidit\u00e9 avec laquelle Arcobaleno est en mesure de satisfaire m\u00eame les commandes les plus volumineuses est le fruit d\u2019une organisation interne de l&rsquo;entreprise tr\u00e8s efficace, qui dispose d&rsquo;un d\u00e9partement sp\u00e9cifique pour le <strong>poin\u00e7onnage de la t\u00f4le<\/strong> soigneusement \u00e9quip\u00e9, avec un parc de machines unique dans le secteur.<\/p>\n<p>Mais la rapidit\u00e9 n&rsquo;est pas le seul avantage de ce proc\u00e9d\u00e9. La large gamme d&rsquo;outils disponibles pour chaque machine permet de r\u00e9aliser <strong>une tr\u00e8s grande vari\u00e9t\u00e9 de poin\u00e7ons<\/strong>, des plus simples aux plus complexes.<\/p>\n<p>Outre la technologie, Arcobaleno offre \u00e0 ses clients une expertise acquise au cours de 40 ans d&rsquo;activit\u00e9, en proposant <strong>l\u2019industrialisation de la pi\u00e8ce<\/strong> gr\u00e2ce \u00e0 la machine, le tout permettant de simplifier le traitement tout en respectant le projet d\u2019origine.<\/p>\n<p>Nos points forts :<\/p>\n<ul>\n<li>Organisation<\/li>\n<li>Exp\u00e9rience<\/li>\n<li>Rapidit\u00e9<\/li>\n<li>Large gamme de poin\u00e7ons<\/li>\n<li>Industrialisation de la pi\u00e8ce sur la machine.<\/li>\n<\/ul>\n<\/div>\n<p><img decoding=\"async\" src=\"\/wp-content\/uploads\/2021\/10\/lamiera.jpg\" alt=\"punzonatura lamiera\"><\/p>\n<h2><span class=\"uk-h1\">La rapidit\u00e9 dans le poin\u00e7onnage <\/span><\/h2>\n<div>\n<p>Avec un parc \u00e9quip\u00e9 de machines combin\u00e9es poin\u00e7onneuses-laser et poin\u00e7onneuses-cisaille, Arcobaleno apporte des r\u00e9ponses \u00e0 tous les types de commandes.<\/p>\n<\/div>\n<h3>Les avantages de notre machine combin\u00e9e poin\u00e7onneuse-laser<\/h3>\n<div>\n<p>Avec un parc \u00e9quip\u00e9 de machines combin\u00e9es poin\u00e7onneuses-laser et poin\u00e7onneuses-cisaille, Arcobaleno apporte des r\u00e9ponses \u00e0 tous les types de commandes.<\/p>\n<h3>Les avantages de notre machine combin\u00e9e poin\u00e7onneuse-laser<\/h3>\n<p>Les <strong>machines combin\u00e9es poin\u00e7onneuses-laser<\/strong> s\u00e9lectionn\u00e9es par Arcobaleno sont plus que de simples poin\u00e7onneuses car elles combinent les avantages de la d\u00e9coupe laser avec la pr\u00e9cision du poin\u00e7onnage automatis\u00e9. La t\u00f4le peut \u00eatre, par exemple, gaufr\u00e9e, filet\u00e9e et d\u00e9coup\u00e9e sur la m\u00eame machine : tandis que la partie int\u00e9rieure est travaill\u00e9e au poin\u00e7on, la partie ext\u00e9rieure exc\u00e9dentaire est d\u00e9coup\u00e9e au laser.<\/p>\n<p>Mais ce n\u2019est pas tout. Ces machines sont extr\u00eamement polyvalentes car elles sont \u00e9quip\u00e9es d&rsquo;un <strong>grand nombre d&rsquo;outils<\/strong> qui permettent diff\u00e9rents types de traitement tels que la d\u00e9formation, le marquage, le pliage et le filetage. L&rsquo;outillage est automatique gr\u00e2ce \u00e0 des tourelles qui fonctionnent de mani\u00e8re autonome, en fournissant directement l&rsquo;outil adapt\u00e9 et en r\u00e9duisant ainsi le temps n\u00e9cessaire \u00e0 la s\u00e9lection, \u00e0 la recherche, au r\u00e9glage et au changement. L&rsquo;automatisation du chargement, du d\u00e9chargement et de l&#8217;empilage des pi\u00e8ces facilite la flexibilit\u00e9 de la production gr\u00e2ce \u00e0 une meilleure gestion des entr\u00e9es et sorties de pi\u00e8ces et \u00e0 la r\u00e9duction des temps de manutention. <strong>La production est ainsi acc\u00e9l\u00e9r\u00e9e au profit d&rsquo;une r\u00e9ponse rapide apport\u00e9e au client.<\/strong><\/p>\n<p>Les poin\u00e7onneuses combin\u00e9es au laser qui font partie du parc machines d&rsquo;Arcobaleno :<\/p>\n<ul>\n<li>Une poin\u00e7onneuse combin\u00e9e laser avec chargement\/d\u00e9chargement automatique ;<\/li>\n<li>Deux poin\u00e7onneuses combin\u00e9es laser avec chargement\/d\u00e9chargement automatique et robot pour empiler les pi\u00e8ces trait\u00e9es.<\/li>\n<\/ul>\n<p>Toutes les machines cit\u00e9es ci-dessus sont \u00e9quip\u00e9es d&rsquo;unit\u00e9s de taraudage capables de fileter de M 2,5 \u00e0 M 8.<\/p>\n<\/div>\n<h3>Les avantages de notre machine combin\u00e9e poin\u00e7onneuse-cisaille <\/h3>\n<div>\n<p>Lorsque les pi\u00e8ces de t\u00f4le \u00e0 traiter sont de <strong>petite taille<\/strong>, Arcobaleno dispose de l&rsquo;\u00e9quipement ad\u00e9quat : la <strong>machine combin\u00e9e poin\u00e7onneuse-cisaille<\/strong>. Cette technologie se distingue elle aussi par le fait qu&rsquo;elle est la plus r\u00e9cente disponible sur le march\u00e9 et qu&rsquo;elle r\u00e9pond aux besoins de l&rsquo;industrie manufacturi\u00e8re d&rsquo;aujourd&rsquo;hui, qui exige toujours plus de polyvalence, une consommation de t\u00f4le ainsi que des temps de production r\u00e9duits.<\/p>\n<p>L\u2019utilisation d\u2019une cisaille angulaire acc\u00e9l\u00e8re le cycle de production car elle d\u00e9coupe deux c\u00f4t\u00e9s \u00e0 la fois \u00e0 angle droit. Cela r\u00e9sout \u00e9galement les complexit\u00e9s typiques de cette phase, telles que les bords irr\u00e9guliers ou une rectitude approximative. En effet, la cisaille angulaire \u00e9quarrit la pi\u00e8ce pour obtenir deux bords parfaitement droits et r\u00e9guliers.<\/p>\n<\/div>\n<h2>Poin\u00e7onnage de l&rsquo;acier, de l&rsquo;aluminium&#8230; et plus encore!<\/h2>\n<div>\n<p>Arcobaleno traite la t\u00f4le dans les m\u00e9taux les plus couramment utilis\u00e9s dans les secteurs industriels. En plus du poin\u00e7onnage de l&rsquo;acier inoxydable et de l&rsquo;acier au carbone, elle assure aussi le poin\u00e7onnage de l&rsquo;aluminium, qui est de plus en plus demand\u00e9 dans l&rsquo;industrie manufacturi\u00e8re.<\/p>\n<p>Mat\u00e9riaux concern\u00e9s par le poin\u00e7onnage :<\/p>\n<ul>\n<li>acier au carbone<\/li>\n<li>acier inoxydable<\/li>\n<li>aluminium<\/li>\n<li>t\u00f4les en alliage<\/li>\n<li>cuivre<\/li>\n<li>laiton<\/li>\n<\/ul>\n<\/div>\n<div>Vous voulez plus d&rsquo;informations?\n<\/div>\n<p>\n    <a href=\"\/fr\/contacts\/\">Contactez-nous!<\/a>\n<\/p>\n<p><!--more--><br \/>\n<!-- {\"name\":\"Punzonatura\",\"type\":\"layout\",\"children\":[{\"type\":\"section\",\"props\":{\"style\":\"default\",\"width\":\"\",\"vertical_align\":\"middle\",\"title_position\":\"top-left\",\"title_rotation\":\"left\",\"title_breakpoint\":\"xl\",\"image_position\":\"center-center\",\"header_transparent\":\"light\",\"header_transparent_noplaceholder\":true,\"padding\":\"none\",\"video\":\"wp-content\\\/uploads\\\/2021\\\/09\\\/punzonatura.mp4\",\"height\":\"percent\",\"media_overlay_gradient\":\"linear-gradient(rgba(0,0,0,1) 0%, rgba(0,0,0,0) 50%)\",\"title\":\"\"},\"children\":[{\"type\":\"row\",\"children\":[{\"type\":\"column\",\"props\":{\"image_position\":\"center-center\",\"media_overlay_gradient\":\"\"},\"children\":[{\"type\":\"headline\",\"props\":{\"title_element\":\"h1\",\"content\":\"<span class=\\\"uk-font-primary uk-heading-large\\\" style=\\\"color: white;\\\">Poin\\u00e7onnage <br \\\/>de la t\\u00f4le<\\\/span><br \\\/>Rapidit\\u00e9 de livraison et polyvalence.\",\"text_align\":\"center\",\"position_right\":\"-40\",\"class\":\"\",\"title_style\":\"h1\",\"title_font_family\":\"tertiary\",\"animation\":\"slide-bottom-medium\",\"block_align\":\"center\",\"css\":\".el-element{\\ncolor: white;\\ntext-shadow: 2px 2px 2px #000;\\n}\\n@media (max-width: 616px) { \\n.uk-heading-large {\\n    font-size: 0.86em;\\n    color: black;\\n    }\\n}\"},\"modified\":\"2021-09-28T09:26:00.220Z\",\"name\":\"headline over video\"}]}]}]},{\"type\":\"section\",\"props\":{\"style\":\"secondary\",\"width\":\"default\",\"vertical_align\":\"middle\",\"title_position\":\"top-left\",\"title_rotation\":\"left\",\"title_breakpoint\":\"xl\",\"image_position\":\"center-center\",\"padding_remove_bottom\":false},\"children\":[{\"type\":\"row\",\"props\":{\"layout\":\"1-2,1-2\"},\"children\":[{\"type\":\"column\",\"props\":{\"image_position\":\"center-center\",\"media_overlay_gradient\":\"\",\"width_medium\":\"1-2\",\"image\":\"\",\"image_size\":\"contain\"},\"children\":[{\"type\":\"text\",\"props\":{\"margin\":\"default\",\"column_breakpoint\":\"m\",\"content\":\"\n\n<p>La rapidit\\u00e9 avec laquelle Arcobaleno est en mesure de satisfaire m\\u00eame les commandes les plus volumineuses est le fruit d\\u2019une organisation interne de l'entreprise tr\\u00e8s efficace, qui dispose d'un d\\u00e9partement sp\\u00e9cifique pour le <strong>poin\\u00e7onnage de la t\\u00f4le<\\\/strong> soigneusement \\u00e9quip\\u00e9, avec un parc de machines unique dans le secteur.<\\\/p>\\n\n\n<p>Mais la rapidit\\u00e9 n'est pas le seul avantage de ce proc\\u00e9d\\u00e9. La large gamme d'outils disponibles pour chaque machine permet de r\\u00e9aliser <strong>une tr\\u00e8s grande vari\\u00e9t\\u00e9 de poin\\u00e7ons<\\\/strong>, des plus simples aux plus complexes.<\\\/p>\\n\n\n<p>Outre la technologie, Arcobaleno offre \\u00e0 ses clients une expertise acquise au cours de 40 ans d'activit\\u00e9, en proposant <strong>l\\u2019industrialisation de la pi\\u00e8ce<\\\/strong> gr\\u00e2ce \\u00e0 la machine, le tout permettant de simplifier le traitement tout en respectant le projet d\\u2019origine.<\\\/p>\\n\n\n<p>Nos points forts :<\\\/p>\\n\n\n<ul>\\n\n\n<li>Organisation<\\\/li>\\n\n\n<li>Exp\\u00e9rience<\\\/li>\\n\n\n<li>Rapidit\\u00e9<\\\/li>\\n\n\n<li>Large gamme de poin\\u00e7ons<\\\/li>\\n\n\n<li>Industrialisation de la pi\\u00e8ce sur la machine.<\\\/li>\\n<\\\/ul>\"}}]},{\"type\":\"column\",\"props\":{\"image_position\":\"center-center\",\"media_overlay_gradient\":\"\",\"width_medium\":\"1-2\"},\"children\":[{\"type\":\"image\",\"props\":{\"margin\":\"default\",\"image_svg_color\":\"emphasis\",\"image\":\"wp-content\\\/uploads\\\/2021\\\/10\\\/lamiera.jpg\",\"image_alt\":\"punzonatura lamiera\",\"position\":\"relative\",\"position_z_index\":\"1\",\"image_box_shadow\":\"large\",\"text_align\":\"left\",\"text_align_breakpoint\":\"m\",\"text_align_fallback\":\"center\"}}]}]}],\"name\":\"intro\"},{\"type\":\"section\",\"props\":{\"style\":\"default\",\"width\":\"default\",\"vertical_align\":\"middle\",\"title_position\":\"top-left\",\"title_rotation\":\"left\",\"title_breakpoint\":\"xl\",\"image_position\":\"center-center\",\"image\":\"wp-content\\\/uploads\\\/2021\\\/09\\\/punzonatura-1.jpg\",\"image_width\":\"1920\",\"padding\":\"large\",\"image_effect\":\"fixed\",\"padding_remove_top\":false,\"height\":\"percent\",\"animation\":\"fade\",\"image_size\":\"cover\",\"media_overlay\":\"rgba(0, 0, 0, 0.31)\"},\"children\":[{\"type\":\"row\",\"children\":[{\"type\":\"column\",\"props\":{\"image_position\":\"center-center\",\"media_overlay_gradient\":\"\",\"text_color\":\"light\"},\"children\":[{\"type\":\"headline\",\"props\":{\"title_element\":\"h2\",\"title_font_family\":\"secondary\",\"content\":\"<span class=\\\"uk-h1\\\">La rapidit\\u00e9 dans le poin\\u00e7onnage <\\\/span>\",\"class\":\"a-title\",\"text_align\":\"center\",\"title_style\":\"h1\",\"margin_remove_bottom\":true,\"text_align_breakpoint\":\"m\",\"text_align_fallback\":\"center\",\"css\":\".el-element{\\ntext-shadow: 2px 2px 2px #000;}\\n\\n@media (max-width: 616px) { \\n.uk-h1 {\\n    font-size: 0.85em;\\n    color: black;\\n    text-shadow: 0px 0px 0px #000;\\n    }\\n}\"}}]}],\"props\":{\"width\":\"default\"}},{\"type\":\"row\",\"children\":[{\"type\":\"column\",\"props\":{\"image_position\":\"center-center\",\"media_overlay_gradient\":\"\",\"css\":\".el-column{\\nbackground-color: rgba( 255, 255, 255, 0.9);\\npadding: 20px;\\n}\",\"width_medium\":\"\"},\"children\":[{\"type\":\"text\",\"props\":{\"margin\":\"default\",\"column_breakpoint\":\"m\",\"content\":\"\n\n<p>Avec un parc \\u00e9quip\\u00e9 de machines combin\\u00e9es poin\\u00e7onneuses-laser et poin\\u00e7onneuses-cisaille, Arcobaleno apporte des r\\u00e9ponses \\u00e0 tous les types de commandes.<\\\/p>\"}},{\"type\":\"headline\",\"props\":{\"title_element\":\"h3\",\"content\":\"Les avantages de notre machine combin\\u00e9e poin\\u00e7onneuse-laser\",\"css\":\"@media (max-width: 616px) { \\n.el-element {\\n    font-size:1.1em;\\n    color: black;\\n    }\\n}\",\"title_style\":\"h3\"}},{\"type\":\"text\",\"props\":{\"margin\":\"default\",\"column_breakpoint\":\"m\",\"content\":\"\n\n<p>Avec un parc \\u00e9quip\\u00e9 de machines combin\\u00e9es poin\\u00e7onneuses-laser et poin\\u00e7onneuses-cisaille, Arcobaleno apporte des r\\u00e9ponses \\u00e0 tous les types de commandes.<\\\/p>\\n\n\n<h3>Les avantages de notre machine combin\\u00e9e poin\\u00e7onneuse-laser<\\\/h3>\\n\n\n<p>Les <strong>machines combin\\u00e9es poin\\u00e7onneuses-laser<\\\/strong> s\\u00e9lectionn\\u00e9es par Arcobaleno sont plus que de simples poin\\u00e7onneuses car elles combinent les avantages de la d\\u00e9coupe laser avec la pr\\u00e9cision du poin\\u00e7onnage automatis\\u00e9. La t\\u00f4le peut \\u00eatre, par exemple, gaufr\\u00e9e, filet\\u00e9e et d\\u00e9coup\\u00e9e sur la m\\u00eame machine : tandis que la partie int\\u00e9rieure est travaill\\u00e9e au poin\\u00e7on, la partie ext\\u00e9rieure exc\\u00e9dentaire est d\\u00e9coup\\u00e9e au laser.<\\\/p>\\n\n\n<p>Mais ce n\\u2019est pas tout. Ces machines sont extr\\u00eamement polyvalentes car elles sont \\u00e9quip\\u00e9es d'un <strong>grand nombre d'outils<\\\/strong> qui permettent diff\\u00e9rents types de traitement tels que la d\\u00e9formation, le marquage, le pliage et le filetage. L'outillage est automatique gr\\u00e2ce \\u00e0 des tourelles qui fonctionnent de mani\\u00e8re autonome, en fournissant directement l'outil adapt\\u00e9 et en r\\u00e9duisant ainsi le temps n\\u00e9cessaire \\u00e0 la s\\u00e9lection, \\u00e0 la recherche, au r\\u00e9glage et au changement. L'automatisation du chargement, du d\\u00e9chargement et de l'empilage des pi\\u00e8ces facilite la flexibilit\\u00e9 de la production gr\\u00e2ce \\u00e0 une meilleure gestion des entr\\u00e9es et sorties de pi\\u00e8ces et \\u00e0 la r\\u00e9duction des temps de manutention. <strong>La production est ainsi acc\\u00e9l\\u00e9r\\u00e9e au profit d'une r\\u00e9ponse rapide apport\\u00e9e au client.<\\\/strong><\\\/p>\\n\n\n<p>Les poin\\u00e7onneuses combin\\u00e9es au laser qui font partie du parc machines d'Arcobaleno :<\\\/p>\\n\n\n<ul>\\n\n\n<li>Une poin\\u00e7onneuse combin\\u00e9e laser avec chargement\\\/d\\u00e9chargement automatique ;<\\\/li>\\n\n\n<li>Deux poin\\u00e7onneuses combin\\u00e9es laser avec chargement\\\/d\\u00e9chargement automatique et robot pour empiler les pi\\u00e8ces trait\\u00e9es.<\\\/li>\\n<\\\/ul>\\n\n\n<p>Toutes les machines cit\\u00e9es ci-dessus sont \\u00e9quip\\u00e9es d'unit\\u00e9s de taraudage capables de fileter de M 2,5 \\u00e0 M 8.<\\\/p>\"}},{\"type\":\"headline\",\"props\":{\"title_element\":\"h3\",\"content\":\"Les avantages de notre machine combin\\u00e9e poin\\u00e7onneuse-cisaille \",\"css\":\"@media (max-width: 616px) { \\n.el-element {\\n    font-size:1.1em;\\n    color: black;\\n    }\\n}\"}},{\"type\":\"text\",\"props\":{\"margin\":\"default\",\"column_breakpoint\":\"m\",\"content\":\"\n\n<p>Lorsque les pi\\u00e8ces de t\\u00f4le \\u00e0 traiter sont de <strong>petite taille<\\\/strong>, Arcobaleno dispose de l'\\u00e9quipement ad\\u00e9quat : la <strong>machine combin\\u00e9e poin\\u00e7onneuse-cisaille<\\\/strong>. Cette technologie se distingue elle aussi par le fait qu'elle est la plus r\\u00e9cente disponible sur le march\\u00e9 et qu'elle r\\u00e9pond aux besoins de l'industrie manufacturi\\u00e8re d'aujourd'hui, qui exige toujours plus de polyvalence, une consommation de t\\u00f4le ainsi que des temps de production r\\u00e9duits.<\\\/p>\\n\n\n<p>L\\u2019utilisation d\\u2019une cisaille angulaire acc\\u00e9l\\u00e8re le cycle de production car elle d\\u00e9coupe deux c\\u00f4t\\u00e9s \\u00e0 la fois \\u00e0 angle droit. Cela r\\u00e9sout \\u00e9galement les complexit\\u00e9s typiques de cette phase, telles que les bords irr\\u00e9guliers ou une rectitude approximative. En effet, la cisaille angulaire \\u00e9quarrit la pi\\u00e8ce pour obtenir deux bords parfaitement droits et r\\u00e9guliers.<\\\/p>\"}}]}],\"props\":{\"width\":\"small\",\"column_gap\":\"small\"}}]},{\"type\":\"section\",\"props\":{\"style\":\"default\",\"width\":\"default\",\"vertical_align\":\"middle\",\"title_position\":\"top-left\",\"title_rotation\":\"left\",\"title_breakpoint\":\"xl\",\"image_position\":\"center-center\"},\"children\":[{\"type\":\"row\",\"props\":{\"layout\":\"1-2,1-2\"},\"children\":[{\"type\":\"column\",\"props\":{\"image_position\":\"center-center\",\"media_overlay_gradient\":\"\",\"width_medium\":\"1-2\",\"style\":\"secondary\"},\"children\":[{\"type\":\"headline\",\"props\":{\"title_element\":\"h2\",\"title_font_family\":\"secondary\",\"content\":\"Poin\\u00e7onnage de l'acier, de l'aluminium... et plus encore!\",\"class\":\"a-title\",\"text_align\":\"left\",\"title_style\":\"h2\",\"margin_remove_bottom\":true,\"text_align_breakpoint\":\"m\",\"text_align_fallback\":\"center\",\"css\":\"@media (max-width: 616px) { \\n.el-element {\\n    font-size:1.9em;\\n    }\\n}\"}}]},{\"type\":\"column\",\"props\":{\"image_position\":\"center-center\",\"media_overlay_gradient\":\"\",\"width_medium\":\"1-2\"},\"children\":[{\"type\":\"text\",\"props\":{\"margin\":\"default\",\"column_breakpoint\":\"m\",\"content\":\"\n\n<p>Arcobaleno traite la t\\u00f4le dans les m\\u00e9taux les plus couramment utilis\\u00e9s dans les secteurs industriels. En plus du poin\\u00e7onnage de l'acier inoxydable et de l'acier au carbone, elle assure aussi le poin\\u00e7onnage de l'aluminium, qui est de plus en plus demand\\u00e9 dans l'industrie manufacturi\\u00e8re.<\\\/p>\\n\n\n<p>Mat\\u00e9riaux concern\\u00e9s par le poin\\u00e7onnage :<\\\/p>\\n\n\n<ul>\\n\n\n<li>acier au carbone<\\\/li>\\n\n\n<li>acier inoxydable<\\\/li>\\n\n\n<li>aluminium<\\\/li>\\n\n\n<li>t\\u00f4les en alliage<\\\/li>\\n\n\n<li>cuivre<\\\/li>\\n\n\n<li>laiton<\\\/li>\\n<\\\/ul>\"}}]}]}]},{\"type\":\"section\",\"props\":{\"style\":\"default\",\"width\":\"default\",\"vertical_align\":\"middle\",\"title_position\":\"top-left\",\"title_rotation\":\"left\",\"title_breakpoint\":\"xl\",\"image_position\":\"center-center\",\"image\":\"wp-content\\\/uploads\\\/2021\\\/08\\\/ICONA_METALLO.jpg\",\"image_size\":\"cover\",\"media_overlay_gradient\":\"background: rgb(245,245,245); background: radial-gradient(circle, rgba(245,245,245,1) 0%, rgba(91,91,91,0.7875744047619048) 100%);\"},\"children\":[{\"type\":\"row\",\"props\":{\"layout\":\"2-3,1-3\"},\"children\":[{\"type\":\"column\",\"props\":{\"image_position\":\"center-center\",\"media_overlay_gradient\":\"\",\"width_medium\":\"2-3\"},\"children\":[{\"type\":\"headline\",\"props\":{\"title_element\":\"div\",\"content\":\"Vous voulez plus d'informations?\\n\",\"title_style\":\"h1\"},\"modified\":\"2021-12-10T21:03:10.149Z\",\"name\":\"plus informations?\"}]},{\"type\":\"column\",\"props\":{\"image_position\":\"center-center\",\"media_overlay_gradient\":\"\",\"width_medium\":\"1-3\",\"vertical_align\":\"middle\"},\"children\":[{\"type\":\"button\",\"props\":{\"grid_column_gap\":\"small\",\"grid_row_gap\":\"small\",\"margin\":\"default\",\"fullwidth\":true,\"button_size\":\"large\"},\"children\":[{\"type\":\"button_item\",\"props\":{\"button_style\":\"secondary\",\"icon_align\":\"left\",\"content\":\"Contactez-nous!\",\"link\":\"fr\\\/contacts\\\/\"}}],\"modified\":\"2021-12-10T21:03:25.608Z\",\"name\":\"contactez-nous\"}]}]}]}],\"version\":\"2.5.10\",\"yooessentialsVersion\":\"1.5.8\"} --><\/p>\n","protected":false},"excerpt":{"rendered":"<p>Poin\u00e7onnage de la t\u00f4leRapidit\u00e9 de livraison et polyvalence. La rapidit\u00e9 avec laquelle Arcobaleno est en mesure de satisfaire m\u00eame les commandes les plus volumineuses est le fruit d\u2019une organisation interne de l&rsquo;entreprise tr\u00e8s efficace, qui dispose d&rsquo;un d\u00e9partement sp\u00e9cifique pour le poin\u00e7onnage de la t\u00f4le soigneusement \u00e9quip\u00e9, avec un parc de machines unique dans le [&hellip;]<\/p>\n","protected":false},"author":3,"featured_media":0,"parent":0,"menu_order":0,"comment_status":"closed","ping_status":"closed","template":"","meta":{"om_disable_all_campaigns":false,"inline_featured_image":false,"_monsterinsights_skip_tracking":false,"_monsterinsights_sitenote_active":false,"_monsterinsights_sitenote_note":"","_monsterinsights_sitenote_category":0,"footnotes":""},"class_list":["post-2660","page","type-page","status-publish","hentry"],"aioseo_notices":[],"_links":{"self":[{"href":"https:\/\/www.arcobalenolamiere.com\/fr\/wp-json\/wp\/v2\/pages\/2660","targetHints":{"allow":["GET"]}}],"collection":[{"href":"https:\/\/www.arcobalenolamiere.com\/fr\/wp-json\/wp\/v2\/pages"}],"about":[{"href":"https:\/\/www.arcobalenolamiere.com\/fr\/wp-json\/wp\/v2\/types\/page"}],"author":[{"embeddable":true,"href":"https:\/\/www.arcobalenolamiere.com\/fr\/wp-json\/wp\/v2\/users\/3"}],"replies":[{"embeddable":true,"href":"https:\/\/www.arcobalenolamiere.com\/fr\/wp-json\/wp\/v2\/comments?post=2660"}],"version-history":[{"count":25,"href":"https:\/\/www.arcobalenolamiere.com\/fr\/wp-json\/wp\/v2\/pages\/2660\/revisions"}],"predecessor-version":[{"id":3731,"href":"https:\/\/www.arcobalenolamiere.com\/fr\/wp-json\/wp\/v2\/pages\/2660\/revisions\/3731"}],"wp:attachment":[{"href":"https:\/\/www.arcobalenolamiere.com\/fr\/wp-json\/wp\/v2\/media?parent=2660"}],"curies":[{"name":"wp","href":"https:\/\/api.w.org\/{rel}","templated":true}]}}