{"id":2848,"date":"2021-12-03T11:38:13","date_gmt":"2021-12-03T11:38:13","guid":{"rendered":"https:\/\/www.rmpercomunicare.it\/costruzione_siti\/arcobaleno\/?page_id=2848"},"modified":"2021-12-14T21:26:25","modified_gmt":"2021-12-14T21:26:25","slug":"lambris","status":"publish","type":"page","link":"https:\/\/www.arcobalenolamiere.com\/fr\/lambris\/","title":{"rendered":"Lambris"},"content":{"rendered":"<h1><span class=\"uk-font-primary uk-heading-large\">Lambris <\/span><br \/>\nPliage rayonn\u00e9 sans rayures <br \/>avec syst\u00e8me en drapeau<\/h1>\n<div>\n<p>La <strong>qualit\u00e9 esth\u00e9tique<\/strong> des panneaux de t\u00f4le est une exigence fondamentale dans de nombreux secteurs industriels, en vue de la r\u00e9alisation d\u2019un produit final qui r\u00e9ponde aux exigences du march\u00e9. C\u2019est pourquoi Arcobaleno fournit des <strong>lambris<\/strong> selon un syst\u00e8me innovant de pliage en drapeau. Le r\u00e9sultat est une pi\u00e8ce pr\u00e9cise, pli\u00e9e conform\u00e9ment au projet et surtout avec des surfaces intactes puisque ce type de traitement <strong>\u00e9vite de rayer ou d&rsquo;abraser les m\u00e9taux.<\/strong><\/p>\n<p>Comment Arcobaleno r\u00e9alise-t-il le rev\u00eatement en t\u00f4le ? L&rsquo;entreprise est \u00e9quip\u00e9e de plusieurs cintreuses dot\u00e9es d&rsquo;une lame de pliage qui tourne autour de la feuille \u00e0 plier pour effectuer automatiquement des pliages positifs et n\u00e9gatifs sans rayer le mat\u00e9riau. Ce syst\u00e8me garantit une <strong>haute pr\u00e9cision<\/strong> pour tout type de pi\u00e8ce, de la plus simple \u00e0 la plus complexe.<\/p>\n<p>La technologie choisie par Arcobaleno garantit en outre une <strong>vitesse de pliage \u00e9lev\u00e9e <\/strong>(de 0 \u00e0 90 degr\u00e9s en une seconde) ainsi que la possibilit\u00e9 d&rsquo;avoir simultan\u00e9ment trois panneaux dans la machine au cours du m\u00eame cycle de pliage assurant un chargement et un d\u00e9chargement automatiques et tr\u00e8s rapides. Tout cela permet d&rsquo;optimiser les temps et d&rsquo;augmenter sensiblement la productivit\u00e9 tout en garantissant les <strong>normes qualitatives les plus \u00e9lev\u00e9es.<\/strong><\/p>\n<p>Le fait de tout miser sur l&rsquo;innovation et l&rsquo;organisation opportune des processus de fabrication nous permet de fournir <strong>des r\u00e9ponses rapides aux clients et des livraisons toujours ponctuelles.<\/strong><\/p>\n<\/div>\n<p><img decoding=\"async\" src=\"\/wp-content\/uploads\/2021\/10\/pannellatura-lamiera.jpg\" alt=\"pannellatura lamiera\"><\/p>\n<h2>T\u00f4lerie : rapidit\u00e9, pr\u00e9cision et reproductibilit\u00e9<\/h2>\n<hr>\n<div>\n<p>L&rsquo;\u00e9quipement technologique pour le pliage des panneaux a un cycle de vie court dans l&rsquo;entreprise car il est continuellement <strong>mis \u00e0 jour<\/strong>. L&rsquo;introduction constante d&rsquo;innovations dans le domaine du pliage de panneaux est l&rsquo;un des points forts d&rsquo;Arcobaleno car elle lui permet de fournir des produits de qualit\u00e9 qui correspondent parfaitement aux normes de fabrication du client.<\/p>\n<p>Avec une <strong>plage maximale de travail de 4000<\/strong>, Arcobaleno traite n&rsquo;importe quel panneau sans aucun probl\u00e8me de dimension.<\/p>\n<p>Nos machines sont \u00e9galement \u00e9quip\u00e9es d&rsquo;un dispositif de chargement et de d\u00e9chargement automatique, ce qui permet d&rsquo;obtenir une cadence de production \u00e9lev\u00e9e au profit de la ponctualit\u00e9. L&rsquo;automatisation est une garantie de la reproductibilit\u00e9 des pi\u00e8ces : toutes parfaitement conformes au projet du client.<\/p>\n<p>Equipement :<\/p>\n<p>1 cintreuse RAS MULTIBEND avec double syst\u00e8me de chargement et d\u00e9chargement automatique ;<\/p>\n<p>1 cintreuse XLT BEND semi-automatique avec une port\u00e9e maximale de 4000.<\/p>\n<\/div>\n<p><img decoding=\"async\" src=\"\/wp-content\/uploads\/2021\/10\/pannellatrice-ras.jpg\" alt=\"Pannellatrice Arcobaleno\"><\/p>\n<h2>Panneaux de t\u00f4le: \u00e9paisseurs et mat\u00e9riaux trait\u00e9s<\/h2>\n<div>\n<p>Arcobaleno plie des panneaux de t\u00f4le en alliage, en acier au carbone, en acier inoxydable, en cuivre, en laiton et en aluminium. Les <strong>\u00e9paisseurs<\/strong> trait\u00e9es sont comprises entre 0,5 mm et 2 mm.<\/p>\n<p>Les panneaux de t\u00f4le sont utilis\u00e9s dans de nombreux secteurs, de l&rsquo;industrie du b\u00e2timent (murs-rideaux ou \u00e9chafaudages, par exemple) \u00e0 l&rsquo;industrie du gros \u00e9lectrom\u00e9nager (lave-linge, lave-vaisselle, etc.), des abris aux climatiseurs, des chaudi\u00e8res aux armoires industrielles.<\/p>\n<\/div>\n<div>Vous voulez plus d&rsquo;informations?\n<\/div>\n<p>\n    <a href=\"\/fr\/contacts\/\">Contactez-nous!<\/a>\n<\/p>\n<p><!--more--><br \/>\n<!-- {\"name\":\"Lambris - Pannellatura\",\"type\":\"layout\",\"children\":[{\"type\":\"section\",\"props\":{\"style\":\"default\",\"width\":\"\",\"vertical_align\":\"middle\",\"title_position\":\"top-left\",\"title_rotation\":\"left\",\"title_breakpoint\":\"xl\",\"image_position\":\"center-center\",\"image\":\"\",\"padding\":\"large\",\"height\":\"percent\",\"text_color\":\"light\",\"attributes\":\"Alt='Pannellatura'\",\"video\":\"wp-content\\\/uploads\\\/2021\\\/10\\\/Pannellatura.mp4\"},\"children\":[{\"type\":\"row\",\"children\":[{\"type\":\"column\",\"props\":{\"image_position\":\"center-center\",\"media_overlay_gradient\":\"\",\"width_medium\":\"\"},\"children\":[{\"type\":\"headline\",\"props\":{\"title_element\":\"h1\",\"content\":\"<span class=\\\"uk-font-primary uk-heading-large\\\">Lambris <\\\/span><br \\\/>\\nPliage rayonn\\u00e9 sans rayures <br \\\/>avec syst\\u00e8me en drapeau\",\"text_align\":\"center\",\"position_right\":\"-40\",\"class\":\"\",\"title_font_family\":\"tertiary\",\"animation\":\"slide-bottom-medium\",\"block_align\":\"center\",\"css\":\".el-element{\\ntext-shadow: 2px 2px 2px #000;\\n}\\n@media (max-width: 616px) { \\n.el-element {\\n    font-size: 1.2em;\\n    text-shadow: 2px 2px 2px #000;\\n    }\\n}\"},\"modified\":\"2021-09-28T09:26:00.220Z\",\"name\":\"headline over video\"}]}]}]},{\"type\":\"section\",\"props\":{\"style\":\"default\",\"width\":\"default\",\"vertical_align\":\"middle\",\"title_position\":\"top-left\",\"title_rotation\":\"left\",\"title_breakpoint\":\"xl\",\"image_position\":\"center-center\"},\"children\":[{\"type\":\"row\",\"props\":{\"layout\":\"1-2,1-2\"},\"children\":[{\"type\":\"column\",\"props\":{\"image_position\":\"center-center\",\"media_overlay_gradient\":\"\",\"width_medium\":\"1-2\"},\"children\":[{\"type\":\"text\",\"props\":{\"margin\":\"default\",\"column_breakpoint\":\"m\",\"content\":\"\n\n<p>La <strong>qualit\\u00e9 esth\\u00e9tique<\\\/strong> des panneaux de t\\u00f4le est une exigence fondamentale dans de nombreux secteurs industriels, en vue de la r\\u00e9alisation d\\u2019un produit final qui r\\u00e9ponde aux exigences du march\\u00e9. C\\u2019est pourquoi Arcobaleno fournit des <strong>lambris<\\\/strong> selon un syst\\u00e8me innovant de pliage en drapeau. Le r\\u00e9sultat est une pi\\u00e8ce pr\\u00e9cise, pli\\u00e9e conform\\u00e9ment au projet et surtout avec des surfaces intactes puisque ce type de traitement <strong>\\u00e9vite de rayer ou d'abraser les m\\u00e9taux.<\\\/strong><\\\/p>\\n\n\n<p>Comment Arcobaleno r\\u00e9alise-t-il le rev\\u00eatement en t\\u00f4le ? L'entreprise est \\u00e9quip\\u00e9e de plusieurs cintreuses dot\\u00e9es d'une lame de pliage qui tourne autour de la feuille \\u00e0 plier pour effectuer automatiquement des pliages positifs et n\\u00e9gatifs sans rayer le mat\\u00e9riau. Ce syst\\u00e8me garantit une <strong>haute pr\\u00e9cision<\\\/strong> pour tout type de pi\\u00e8ce, de la plus simple \\u00e0 la plus complexe.<\\\/p>\\n\n\n<p>La technologie choisie par Arcobaleno garantit en outre une <strong>vitesse de pliage \\u00e9lev\\u00e9e <\\\/strong>(de 0 \\u00e0 90 degr\\u00e9s en une seconde) ainsi que la possibilit\\u00e9 d'avoir simultan\\u00e9ment trois panneaux dans la machine au cours du m\\u00eame cycle de pliage assurant un chargement et un d\\u00e9chargement automatiques et tr\\u00e8s rapides. Tout cela permet d'optimiser les temps et d'augmenter sensiblement la productivit\\u00e9 tout en garantissant les <strong>normes qualitatives les plus \\u00e9lev\\u00e9es.<\\\/strong><\\\/p>\\n\n\n<p>Le fait de tout miser sur l'innovation et l'organisation opportune des processus de fabrication nous permet de fournir <strong>des r\\u00e9ponses rapides aux clients et des livraisons toujours ponctuelles.<\\\/strong><\\\/p>\"}}]},{\"type\":\"column\",\"props\":{\"image_position\":\"center-center\",\"media_overlay_gradient\":\"\",\"width_medium\":\"1-2\"},\"children\":[{\"type\":\"image\",\"props\":{\"margin\":\"default\",\"image_svg_color\":\"emphasis\",\"image\":\"wp-content\\\/uploads\\\/2021\\\/10\\\/pannellatura-lamiera.jpg\",\"image_alt\":\"pannellatura lamiera\",\"position\":\"relative\",\"position_z_index\":\"1\",\"image_box_shadow\":\"large\",\"text_align\":\"left\",\"text_align_breakpoint\":\"m\",\"text_align_fallback\":\"center\"}}]}]}],\"name\":\"intro\"},{\"type\":\"section\",\"props\":{\"style\":\"default\",\"width\":\"default\",\"vertical_align\":\"middle\",\"title_position\":\"top-left\",\"title_rotation\":\"left\",\"title_breakpoint\":\"xl\",\"image_position\":\"center-center\"},\"children\":[{\"type\":\"row\",\"props\":{\"layout\":\"1-3,2-3\"},\"children\":[{\"type\":\"column\",\"props\":{\"image_position\":\"center-center\",\"media_overlay_gradient\":\"\",\"width_medium\":\"1-3\"},\"children\":[{\"type\":\"headline\",\"props\":{\"title_element\":\"h2\",\"title_font_family\":\"primary\",\"content\":\"T\\u00f4lerie : rapidit\\u00e9, pr\\u00e9cision et reproductibilit\\u00e9\",\"class\":\"a-title \",\"text_align\":\"left\",\"title_style\":\"h2\",\"margin_remove_bottom\":true,\"text_align_breakpoint\":\"m\",\"text_align_fallback\":\"center\"}},{\"type\":\"divider\",\"props\":{\"divider_element\":\"hr\"}}]},{\"type\":\"column\",\"props\":{\"image_position\":\"center-center\",\"media_overlay_gradient\":\"\",\"width_medium\":\"2-3\",\"style\":\"secondary\",\"preserve_color\":false},\"children\":[{\"type\":\"text\",\"props\":{\"margin\":\"default\",\"column_breakpoint\":\"m\",\"content\":\"\n\n<p>L'\\u00e9quipement technologique pour le pliage des panneaux a un cycle de vie court dans l'entreprise car il est continuellement <strong>mis \\u00e0 jour<\\\/strong>. L'introduction constante d'innovations dans le domaine du pliage de panneaux est l'un des points forts d'Arcobaleno car elle lui permet de fournir des produits de qualit\\u00e9 qui correspondent parfaitement aux normes de fabrication du client.<\\\/p>\\n\n\n<p>Avec une <strong>plage maximale de travail de 4000<\\\/strong>, Arcobaleno traite n'importe quel panneau sans aucun probl\\u00e8me de dimension.<\\\/p>\\n\n\n<p>Nos machines sont \\u00e9galement \\u00e9quip\\u00e9es d'un dispositif de chargement et de d\\u00e9chargement automatique, ce qui permet d'obtenir une cadence de production \\u00e9lev\\u00e9e au profit de la ponctualit\\u00e9. L'automatisation est une garantie de la reproductibilit\\u00e9 des pi\\u00e8ces : toutes parfaitement conformes au projet du client.<\\\/p>\\n\n\n<p>Equipement :<\\\/p>\\n\n\n<p>1 cintreuse RAS MULTIBEND avec double syst\\u00e8me de chargement et d\\u00e9chargement automatique ;<\\\/p>\\n\n\n<p>1 cintreuse XLT BEND semi-automatique avec une port\\u00e9e maximale de 4000.<\\\/p>\"}},{\"type\":\"image\",\"props\":{\"margin\":\"default\",\"image_svg_color\":\"emphasis\",\"image\":\"wp-content\\\/uploads\\\/2021\\\/10\\\/pannellatrice-ras.jpg\",\"image_alt\":\"Pannellatrice Arcobaleno\"}}]}]}]},{\"type\":\"section\",\"props\":{\"style\":\"default\",\"width\":\"default\",\"vertical_align\":\"middle\",\"title_position\":\"top-left\",\"title_rotation\":\"left\",\"title_breakpoint\":\"xl\",\"image_position\":\"center-center\",\"padding\":\"small\"},\"children\":[{\"type\":\"row\",\"children\":[{\"type\":\"column\",\"props\":{\"image_position\":\"center-center\",\"media_overlay_gradient\":\"\"},\"children\":[{\"type\":\"headline\",\"props\":{\"title_element\":\"h2\",\"content\":\"Panneaux de t\\u00f4le: \\u00e9paisseurs et mat\\u00e9riaux trait\\u00e9s\",\"text_align\":\"center\"}},{\"type\":\"text\",\"props\":{\"margin\":\"default\",\"column_breakpoint\":\"m\",\"content\":\"\n\n<p>Arcobaleno plie des panneaux de t\\u00f4le en alliage, en acier au carbone, en acier inoxydable, en cuivre, en laiton et en aluminium. Les <strong>\\u00e9paisseurs<\\\/strong> trait\\u00e9es sont comprises entre 0,5 mm et 2 mm.<\\\/p>\\n\n\n<p>Les panneaux de t\\u00f4le sont utilis\\u00e9s dans de nombreux secteurs, de l'industrie du b\\u00e2timent (murs-rideaux ou \\u00e9chafaudages, par exemple) \\u00e0 l'industrie du gros \\u00e9lectrom\\u00e9nager (lave-linge, lave-vaisselle, etc.), des abris aux climatiseurs, des chaudi\\u00e8res aux armoires industrielles.<\\\/p>\"}}]}]}]},{\"type\":\"section\",\"props\":{\"style\":\"default\",\"width\":\"default\",\"vertical_align\":\"middle\",\"title_position\":\"top-left\",\"title_rotation\":\"left\",\"title_breakpoint\":\"xl\",\"image_position\":\"center-center\",\"image\":\"wp-content\\\/uploads\\\/2021\\\/08\\\/ICONA_METALLO.jpg\",\"image_size\":\"cover\",\"media_overlay_gradient\":\"background: rgb(245,245,245); background: radial-gradient(circle, rgba(245,245,245,1) 0%, rgba(91,91,91,0.7875744047619048) 100%);\"},\"children\":[{\"type\":\"row\",\"props\":{\"layout\":\"2-3,1-3\"},\"children\":[{\"type\":\"column\",\"props\":{\"image_position\":\"center-center\",\"media_overlay_gradient\":\"\",\"width_medium\":\"2-3\"},\"children\":[{\"type\":\"headline\",\"props\":{\"title_element\":\"div\",\"content\":\"Vous voulez plus d'informations?\\n\",\"title_style\":\"h1\"},\"modified\":\"2021-12-10T21:03:10.149Z\",\"name\":\"plus informations?\"}]},{\"type\":\"column\",\"props\":{\"image_position\":\"center-center\",\"media_overlay_gradient\":\"\",\"width_medium\":\"1-3\",\"vertical_align\":\"middle\"},\"children\":[{\"type\":\"button\",\"props\":{\"grid_column_gap\":\"small\",\"grid_row_gap\":\"small\",\"margin\":\"default\",\"fullwidth\":true,\"button_size\":\"large\"},\"children\":[{\"type\":\"button_item\",\"props\":{\"button_style\":\"secondary\",\"icon_align\":\"left\",\"content\":\"Contactez-nous!\",\"link\":\"fr\\\/contacts\\\/\"}}],\"modified\":\"2021-12-10T21:03:25.608Z\",\"name\":\"contactez-nous\"}]}]}]}],\"version\":\"2.5.10\",\"yooessentialsVersion\":\"1.5.8\"} --><\/p>\n","protected":false},"excerpt":{"rendered":"<p>Lambris Pliage rayonn\u00e9 sans rayures avec syst\u00e8me en drapeau La qualit\u00e9 esth\u00e9tique des panneaux de t\u00f4le est une exigence fondamentale dans de nombreux secteurs industriels, en vue de la r\u00e9alisation d\u2019un produit final qui r\u00e9ponde aux exigences du march\u00e9. C\u2019est pourquoi Arcobaleno fournit des lambris selon un syst\u00e8me innovant de pliage en drapeau. Le r\u00e9sultat [&hellip;]<\/p>\n","protected":false},"author":3,"featured_media":0,"parent":0,"menu_order":0,"comment_status":"closed","ping_status":"closed","template":"","meta":{"om_disable_all_campaigns":false,"inline_featured_image":false,"_monsterinsights_skip_tracking":false,"_monsterinsights_sitenote_active":false,"_monsterinsights_sitenote_note":"","_monsterinsights_sitenote_category":0,"footnotes":""},"class_list":["post-2848","page","type-page","status-publish","hentry"],"aioseo_notices":[],"_links":{"self":[{"href":"https:\/\/www.arcobalenolamiere.com\/fr\/wp-json\/wp\/v2\/pages\/2848","targetHints":{"allow":["GET"]}}],"collection":[{"href":"https:\/\/www.arcobalenolamiere.com\/fr\/wp-json\/wp\/v2\/pages"}],"about":[{"href":"https:\/\/www.arcobalenolamiere.com\/fr\/wp-json\/wp\/v2\/types\/page"}],"author":[{"embeddable":true,"href":"https:\/\/www.arcobalenolamiere.com\/fr\/wp-json\/wp\/v2\/users\/3"}],"replies":[{"embeddable":true,"href":"https:\/\/www.arcobalenolamiere.com\/fr\/wp-json\/wp\/v2\/comments?post=2848"}],"version-history":[{"count":8,"href":"https:\/\/www.arcobalenolamiere.com\/fr\/wp-json\/wp\/v2\/pages\/2848\/revisions"}],"predecessor-version":[{"id":3732,"href":"https:\/\/www.arcobalenolamiere.com\/fr\/wp-json\/wp\/v2\/pages\/2848\/revisions\/3732"}],"wp:attachment":[{"href":"https:\/\/www.arcobalenolamiere.com\/fr\/wp-json\/wp\/v2\/media?parent=2848"}],"curies":[{"name":"wp","href":"https:\/\/api.w.org\/{rel}","templated":true}]}}