{"id":2853,"date":"2021-12-03T11:44:50","date_gmt":"2021-12-03T11:44:50","guid":{"rendered":"https:\/\/www.rmpercomunicare.it\/costruzione_siti\/arcobaleno\/?page_id=2853"},"modified":"2021-12-14T21:31:15","modified_gmt":"2021-12-14T21:31:15","slug":"soudage-de-la-tole","status":"publish","type":"page","link":"https:\/\/www.arcobalenolamiere.com\/fr\/soudage-de-la-tole\/","title":{"rendered":"Soudage de la t\u00f4le"},"content":{"rendered":"<div>\n<p>    <img decoding=\"async\" src=\"\/wp-content\/uploads\/2021\/10\/saldatura-lamiera.jpg\" alt=\"Soudage de la t\u00f4le\"><\/p>\n<h1><span class=\"uk-font-primary uk-heading-large\">Soudage <br \/>de la t\u00f4le<\/span><br \/>Aucune limite pour les m\u00e9taux \u00e0 souder, m\u00eame l&rsquo;aluminium<\/h1>\n<\/div>\n<div>\n<p><strong>Soudage de t\u00f4les<\/strong> sans aucune limite ! Tous les mat\u00e9riaux que nous d\u00e9coupons (acier au carbone, acier inoxydable, t\u00f4les en alliage, laiton, cuivre et aluminium) font \u00e9galement l\u2019objet de soudage dans les ateliers de notre usine pr\u00e9vus \u00e0 cet effet.<\/p>\n<p>Arcobaleno, par exemple, traite \u00e9galement les feuilles d&rsquo;aluminium, un mat\u00e9riau de plus en plus utilis\u00e9 dans l&rsquo;industrie pour sa polyvalence et sa mall\u00e9abilit\u00e9. Cependant, le <strong>soudage de l&rsquo;aluminium<\/strong> peut s&rsquo;av\u00e9rer complexe, surtout lorsqu\u2019il est de faible \u00e9paisseur. Pour obtenir une soudure propre et r\u00e9sistante, l&rsquo;exp\u00e9rience ne suffit pas, il faut \u00e9galement utiliser la bonne technologie. Arcobaleno dispose d&rsquo;un poste de soudage TIG, id\u00e9al pour <strong>souder des t\u00f4les fines<\/strong> avec pr\u00e9cision et sans d\u00e9chet de mat\u00e9riau.\u00a0<\/p>\n<\/div>\n<p><img decoding=\"async\" src=\"\/wp-content\/uploads\/2021\/10\/testata_saldatura.jpg\" alt=\"puntatura lamiera\"><\/p>\n<h2>\n<p>Des soudures nettes et pr\u00e9cises pour un r\u00e9sultat \u00e0 la fois esth\u00e9tique et de grande qualit\u00e9<\/p>\n<\/h2>\n<div>\n<p>En quoi consiste le soudage des t\u00f4les ? Le soudage est le processus d&rsquo;assemblage de deux pi\u00e8ces m\u00e9talliques, obtenu sans l&rsquo;application d&rsquo;une force ext\u00e9rieure, mais en fusionnant les bords rapproch\u00e9s des pi\u00e8ces \u00e0 assembler, avec ou sans apport de mat\u00e9riau.<\/p>\n<p>Arcobaleno est en mesure de fournir du mat\u00e9riel soud\u00e9 de qualit\u00e9 gr\u00e2ce \u00e0 l&rsquo;utilisation de<\/p>\n<ul>\n<li>postes \u00e0 souder \u00e0 fil,<\/li>\n<li>\u00eelots de soudage robotis\u00e9s,<\/li>\n<li>postes \u00e0 souder TIG,<\/li>\n<li>\u00e0 d\u00e9charge capacitive.<\/li>\n<\/ul>\n<\/div>\n<h2>Zone de soudage TIG pour la t\u00f4le<\/h2>\n<div>\n<p>L&rsquo;un des points forts d&rsquo;Arcobaleno est une zone \u00e9quip\u00e9e de <strong>postes \u00e0 souder TIG<\/strong> qui chargent la pi\u00e8ce \u00e0 l&rsquo;aide d&rsquo;un robot et la soudent avec une pr\u00e9cision et une propret\u00e9 extr\u00eames. Il n&rsquo;est pas n\u00e9cessaire de meuler la soudure apr\u00e8s le traitement. Voil\u00e0 pourquoi cette solution est la meilleure pour obtenir rapidement une soudure, m\u00eame sur les bords, de tr\u00e8s grande qualit\u00e9 esth\u00e9tique.<\/p>\n<\/div>\n<h2>Poin\u00e7onnage et soudage: tous nos choix sont dict\u00e9s par notre exp\u00e9rience<\/h2>\n<div>\n<p>Le <strong>soudage \u00e9lectrique vertical<\/strong> est une m\u00e9thode de soudage qui utilise l&rsquo;\u00e9nergie \u00e9lectrique pour assembler des pi\u00e8ces m\u00e9talliques entre elles. Il s\u2019agit de faire co\u00efncider les deux pi\u00e8ces de t\u00f4le, et l&rsquo;\u00e9lectrode, en cr\u00e9ant un arc \u00e9lectrique, est capable de faire fondre le mat\u00e9riau et de l&rsquo;assembler.<\/p>\n<p>Le <strong>soudage par points<\/strong> est la solution optimale lorsque l\u2019on souhaite souder des composants qui ne sont pas soumis \u00e0 un travail m\u00e9canique lourd ou pour lesquels il n&rsquo;est pas n\u00e9cessaire d&rsquo;avoir un joint herm\u00e9tique. Arcobaleno est en mesure de r\u00e9aliser des op\u00e9rations de soudage par point \u00e0 l&rsquo;aide de postes \u00e0 souder par point verticaux.<\/p>\n<\/div>\n<h2>\u00c9quipe de soudeurs qualifi\u00e9s et dipl\u00f4m\u00e9s<\/h2>\n<div>\n<p>Au-del\u00e0 des technologies de pointe, notre d\u00e9partement soudage emploie une \u00e9quipe de soudeurs qualifi\u00e9s et dipl\u00f4m\u00e9s. Cette certification garantit la capacit\u00e9 de souder selon les exigences de qualit\u00e9 des principales normes europ\u00e9ennes.<\/p>\n<p>Gr\u00e2ce aux comp\u00e9tences de son \u00e9quipe de soudeurs, Arcobaleno<\/p>\n<ul>\n<li>r\u00e9alise des soudures de qualit\u00e9 (m\u00eame pour l&rsquo;aluminium et pour les faibles \u00e9paisseurs) qui ne n\u00e9cessitent aucune retouche ;<\/li>\n<li>r\u00e9pond aux exigences de s\u00e9curit\u00e9 ;<\/li>\n<li>r\u00e9duit les non-conformit\u00e9s ;<\/li>\n<li>standardise le processus de soudage, en maintenant une uniformit\u00e9 de traitement sur toutes les pi\u00e8ces ;<\/li>\n<li>optimise sa productivit\u00e9.<\/li>\n<\/ul>\n<\/div>\n<div>Vous voulez plus d&rsquo;informations?\n<\/div>\n<p>\n    <a href=\"\/fr\/contacts\/\">Contactez-nous!<\/a>\n<\/p>\n<p><!--more--><br \/>\n<!-- {\"name\":\"Saldatura lamiera\",\"type\":\"layout\",\"children\":[{\"type\":\"section\",\"props\":{\"style\":\"default\",\"width\":\"\",\"vertical_align\":\"middle\",\"title_position\":\"top-left\",\"title_rotation\":\"left\",\"title_breakpoint\":\"xl\",\"image_position\":\"center-center\",\"image\":\"\",\"image_size\":\"cover\",\"padding\":\"none\",\"header_transparent\":\"dark\",\"header_transparent_noplaceholder\":true},\"children\":[{\"type\":\"row\",\"children\":[{\"type\":\"column\",\"props\":{\"image_position\":\"center-center\",\"media_overlay_gradient\":\"\",\"text_color\":\"light\"},\"children\":[{\"type\":\"slideshow\",\"props\":{\"show_title\":true,\"show_meta\":true,\"show_content\":true,\"show_link\":true,\"show_thumbnail\":true,\"slideshow_min_height\":300,\"slideshow_autoplay_pause\":true,\"nav\":\"\",\"nav_position\":\"bottom-center\",\"nav_position_margin\":\"medium\",\"nav_align\":\"center\",\"nav_breakpoint\":\"s\",\"thumbnav_width\":\"100\",\"thumbnav_height\":\"75\",\"thumbnav_svg_color\":\"emphasis\",\"slidenav\":\"default\",\"slidenav_margin\":\"medium\",\"slidenav_breakpoint\":\"s\",\"slidenav_outside_breakpoint\":\"xl\",\"overlay_position\":\"center\",\"overlay_animation\":\"parallax\",\"title_element\":\"h1\",\"meta_style\":\"meta\",\"meta_align\":\"below-title\",\"meta_element\":\"div\",\"link_text\":\"Read more\",\"link_style\":\"default\",\"margin\":\"default\",\"slideshow_ratio\":\"16:8\",\"slideshow_kenburns\":\"top-left\",\"css\":\".el-title{\\ncolor: white !important;\\ntext-shadow: 2px 2px 2px #000;\\n\\n}\",\"title_style\":\"h4\",\"text_align\":\"center\"},\"children\":[{\"type\":\"slideshow_item\",\"props\":{\"image\":\"wp-content\\\/uploads\\\/2021\\\/10\\\/saldatura-lamiera.jpg\",\"content\":\"\",\"title\":\"<span class=\\\"uk-font-primary uk-heading-large\\\">Soudage <br \\\/>de la t\\u00f4le<\\\/span><br \\\/>Aucune limite pour les m\\u00e9taux \\u00e0 souder, m\\u00eame l'aluminium\",\"image_alt\":\"Soudage de la t\\u00f4le\"}}],\"modified\":\"2021-09-28T07:49:49.866Z\",\"name\":\"Slider testata home\"}]}]}]},{\"type\":\"section\",\"props\":{\"style\":\"default\",\"width\":\"default\",\"vertical_align\":\"middle\",\"title_position\":\"top-left\",\"title_rotation\":\"left\",\"title_breakpoint\":\"xl\",\"image_position\":\"center-center\"},\"children\":[{\"type\":\"row\",\"props\":{\"layout\":\"1-2,1-2\"},\"children\":[{\"type\":\"column\",\"props\":{\"image_position\":\"center-center\",\"media_overlay_gradient\":\"\",\"width_medium\":\"1-2\"},\"children\":[{\"type\":\"text\",\"props\":{\"margin\":\"default\",\"column_breakpoint\":\"m\",\"content\":\"\n\n<p><strong>Soudage de t\\u00f4les<\\\/strong> sans aucune limite ! Tous les mat\\u00e9riaux que nous d\\u00e9coupons (acier au carbone, acier inoxydable, t\\u00f4les en alliage, laiton, cuivre et aluminium) font \\u00e9galement l\\u2019objet de soudage dans les ateliers de notre usine pr\\u00e9vus \\u00e0 cet effet.<\\\/p>\\n\n\n<p>Arcobaleno, par exemple, traite \\u00e9galement les feuilles d'aluminium, un mat\\u00e9riau de plus en plus utilis\\u00e9 dans l'industrie pour sa polyvalence et sa mall\\u00e9abilit\\u00e9. Cependant, le <strong>soudage de l'aluminium<\\\/strong> peut s'av\\u00e9rer complexe, surtout lorsqu\\u2019il est de faible \\u00e9paisseur. Pour obtenir une soudure propre et r\\u00e9sistante, l'exp\\u00e9rience ne suffit pas, il faut \\u00e9galement utiliser la bonne technologie. Arcobaleno dispose d'un poste de soudage TIG, id\\u00e9al pour <strong>souder des t\\u00f4les fines<\\\/strong> avec pr\\u00e9cision et sans d\\u00e9chet de mat\\u00e9riau.\\u00a0<\\\/p>\"}}]},{\"type\":\"column\",\"props\":{\"image_position\":\"center-center\",\"media_overlay_gradient\":\"\",\"width_medium\":\"1-2\"},\"children\":[{\"type\":\"image\",\"props\":{\"margin\":\"default\",\"image_svg_color\":\"emphasis\",\"image\":\"wp-content\\\/uploads\\\/2021\\\/10\\\/testata_saldatura.jpg\",\"image_alt\":\"puntatura lamiera\",\"position\":\"relative\",\"position_z_index\":\"1\",\"image_box_shadow\":\"large\",\"text_align\":\"left\",\"text_align_breakpoint\":\"m\",\"text_align_fallback\":\"center\"}}]}]},{\"type\":\"row\",\"props\":{\"layout\":\"1-2,1-2\"},\"children\":[{\"type\":\"column\",\"props\":{\"image_position\":\"center-center\",\"media_overlay_gradient\":\"\",\"width_medium\":\"1-2\"},\"children\":[{\"type\":\"headline\",\"props\":{\"title_element\":\"h2\",\"title_font_family\":\"primary\",\"content\":\"\n\n<p>Des soudures nettes et pr\\u00e9cises pour un r\\u00e9sultat \\u00e0 la fois esth\\u00e9tique et de grande qualit\\u00e9<\\\/p>\",\"class\":\"a-title\",\"text_align\":\"left\",\"title_style\":\"h1\",\"margin_remove_bottom\":true,\"text_align_breakpoint\":\"m\",\"text_align_fallback\":\"center\"}}]},{\"type\":\"column\",\"props\":{\"image_position\":\"center-center\",\"media_overlay_gradient\":\"\",\"width_medium\":\"1-2\",\"order_first\":\"\",\"style\":\"secondary\"},\"children\":[{\"type\":\"text\",\"props\":{\"margin\":\"default\",\"column_breakpoint\":\"m\",\"content\":\"\n\n<p>En quoi consiste le soudage des t\\u00f4les ? Le soudage est le processus d'assemblage de deux pi\\u00e8ces m\\u00e9talliques, obtenu sans l'application d'une force ext\\u00e9rieure, mais en fusionnant les bords rapproch\\u00e9s des pi\\u00e8ces \\u00e0 assembler, avec ou sans apport de mat\\u00e9riau.<\\\/p>\\n\n\n<p>Arcobaleno est en mesure de fournir du mat\\u00e9riel soud\\u00e9 de qualit\\u00e9 gr\\u00e2ce \\u00e0 l'utilisation de<\\\/p>\\n\n\n<ul>\\n\n\n<li>postes \\u00e0 souder \\u00e0 fil,<\\\/li>\\n\n\n<li>\\u00eelots de soudage robotis\\u00e9s,<\\\/li>\\n\n\n<li>postes \\u00e0 souder TIG,<\\\/li>\\n\n\n<li>\\u00e0 d\\u00e9charge capacitive.<\\\/li>\\n<\\\/ul>\"}}]}]}],\"name\":\"intro\"},{\"type\":\"section\",\"props\":{\"style\":\"secondary\",\"width\":\"default\",\"vertical_align\":\"middle\",\"title_position\":\"top-left\",\"title_rotation\":\"left\",\"title_breakpoint\":\"xl\",\"image_position\":\"center-center\"},\"children\":[{\"type\":\"row\",\"children\":[{\"type\":\"column\",\"props\":{\"image_position\":\"center-center\",\"media_overlay_gradient\":\"\",\"width_medium\":\"1-3\"},\"children\":[{\"type\":\"headline\",\"props\":{\"title_element\":\"h2\",\"title_font_family\":\"secondary\",\"content\":\"Zone de soudage TIG pour la t\\u00f4le\",\"class\":\"a-title\",\"text_align\":\"left\",\"title_style\":\"h1\",\"margin_remove_bottom\":true,\"text_align_breakpoint\":\"m\",\"text_align_fallback\":\"center\"}},{\"type\":\"text\",\"props\":{\"margin\":\"default\",\"column_breakpoint\":\"m\",\"content\":\"\n\n<p>L'un des points forts d'Arcobaleno est une zone \\u00e9quip\\u00e9e de <strong>postes \\u00e0 souder TIG<\\\/strong> qui chargent la pi\\u00e8ce \\u00e0 l'aide d'un robot et la soudent avec une pr\\u00e9cision et une propret\\u00e9 extr\\u00eames. Il n'est pas n\\u00e9cessaire de meuler la soudure apr\\u00e8s le traitement. Voil\\u00e0 pourquoi cette solution est la meilleure pour obtenir rapidement une soudure, m\\u00eame sur les bords, de tr\\u00e8s grande qualit\\u00e9 esth\\u00e9tique.<\\\/p>\"}}]},{\"type\":\"column\",\"props\":{\"image_position\":\"center-center\",\"media_overlay_gradient\":\"\",\"width_medium\":\"1-3\"},\"children\":[{\"type\":\"headline\",\"props\":{\"title_element\":\"h2\",\"title_font_family\":\"secondary\",\"content\":\"Poin\\u00e7onnage et soudage: tous nos choix sont dict\\u00e9s par notre exp\\u00e9rience\",\"class\":\"a-title\",\"text_align\":\"left\",\"title_style\":\"h1\",\"margin_remove_bottom\":true,\"text_align_breakpoint\":\"m\",\"text_align_fallback\":\"center\"}},{\"type\":\"text\",\"props\":{\"margin\":\"default\",\"column_breakpoint\":\"m\",\"content\":\"\n\n<p>Le <strong>soudage \\u00e9lectrique vertical<\\\/strong> est une m\\u00e9thode de soudage qui utilise l'\\u00e9nergie \\u00e9lectrique pour assembler des pi\\u00e8ces m\\u00e9talliques entre elles. Il s\\u2019agit de faire co\\u00efncider les deux pi\\u00e8ces de t\\u00f4le, et l'\\u00e9lectrode, en cr\\u00e9ant un arc \\u00e9lectrique, est capable de faire fondre le mat\\u00e9riau et de l'assembler.<\\\/p>\\n\n\n<p>Le <strong>soudage par points<\\\/strong> est la solution optimale lorsque l\\u2019on souhaite souder des composants qui ne sont pas soumis \\u00e0 un travail m\\u00e9canique lourd ou pour lesquels il n'est pas n\\u00e9cessaire d'avoir un joint herm\\u00e9tique. Arcobaleno est en mesure de r\\u00e9aliser des op\\u00e9rations de soudage par point \\u00e0 l'aide de postes \\u00e0 souder par point verticaux.<\\\/p>\"}}]},{\"type\":\"column\",\"props\":{\"image_position\":\"center-center\",\"media_overlay_gradient\":\"\",\"width_medium\":\"1-3\"},\"children\":[{\"type\":\"headline\",\"props\":{\"title_element\":\"h2\",\"title_font_family\":\"secondary\",\"content\":\"\\u00c9quipe de soudeurs qualifi\\u00e9s et dipl\\u00f4m\\u00e9s\",\"class\":\"a-title\",\"text_align\":\"left\",\"title_style\":\"h1\",\"margin_remove_bottom\":true,\"text_align_breakpoint\":\"m\",\"text_align_fallback\":\"center\"}},{\"type\":\"text\",\"props\":{\"margin\":\"default\",\"column_breakpoint\":\"m\",\"content\":\"\n\n<p>Au-del\\u00e0 des technologies de pointe, notre d\\u00e9partement soudage emploie une \\u00e9quipe de soudeurs qualifi\\u00e9s et dipl\\u00f4m\\u00e9s. Cette certification garantit la capacit\\u00e9 de souder selon les exigences de qualit\\u00e9 des principales normes europ\\u00e9ennes.<\\\/p>\\n\n\n<p>Gr\\u00e2ce aux comp\\u00e9tences de son \\u00e9quipe de soudeurs, Arcobaleno<\\\/p>\\n\n\n<ul>\\n\n\n<li>r\\u00e9alise des soudures de qualit\\u00e9 (m\\u00eame pour l'aluminium et pour les faibles \\u00e9paisseurs) qui ne n\\u00e9cessitent aucune retouche ;<\\\/li>\\n\n\n<li>r\\u00e9pond aux exigences de s\\u00e9curit\\u00e9 ;<\\\/li>\\n\n\n<li>r\\u00e9duit les non-conformit\\u00e9s ;<\\\/li>\\n\n\n<li>standardise le processus de soudage, en maintenant une uniformit\\u00e9 de traitement sur toutes les pi\\u00e8ces ;<\\\/li>\\n\n\n<li>optimise sa productivit\\u00e9.<\\\/li>\\n<\\\/ul>\"}}]}],\"props\":{\"layout\":\"1-3,1-3,1-3\",\"divider\":true}}],\"name\":\"certificazioni\"},{\"type\":\"section\",\"props\":{\"style\":\"default\",\"width\":\"default\",\"vertical_align\":\"middle\",\"title_position\":\"top-left\",\"title_rotation\":\"left\",\"title_breakpoint\":\"xl\",\"image_position\":\"center-center\",\"image\":\"wp-content\\\/uploads\\\/2021\\\/08\\\/ICONA_METALLO.jpg\",\"image_size\":\"cover\",\"media_overlay_gradient\":\"background: rgb(245,245,245); background: radial-gradient(circle, rgba(245,245,245,1) 0%, rgba(91,91,91,0.7875744047619048) 100%);\"},\"children\":[{\"type\":\"row\",\"props\":{\"layout\":\"2-3,1-3\"},\"children\":[{\"type\":\"column\",\"props\":{\"image_position\":\"center-center\",\"media_overlay_gradient\":\"\",\"width_medium\":\"2-3\"},\"children\":[{\"type\":\"headline\",\"props\":{\"title_element\":\"div\",\"content\":\"Vous voulez plus d'informations?\\n\",\"title_style\":\"h1\"},\"modified\":\"2021-12-10T21:03:10.149Z\",\"name\":\"plus informations?\"}]},{\"type\":\"column\",\"props\":{\"image_position\":\"center-center\",\"media_overlay_gradient\":\"\",\"width_medium\":\"1-3\",\"vertical_align\":\"middle\"},\"children\":[{\"type\":\"button\",\"props\":{\"grid_column_gap\":\"small\",\"grid_row_gap\":\"small\",\"margin\":\"default\",\"fullwidth\":true,\"button_size\":\"large\"},\"children\":[{\"type\":\"button_item\",\"props\":{\"button_style\":\"secondary\",\"icon_align\":\"left\",\"content\":\"Contactez-nous!\",\"link\":\"fr\\\/contacts\\\/\"}}],\"modified\":\"2021-12-10T21:03:25.608Z\",\"name\":\"contactez-nous\"}]}]}]}],\"version\":\"2.5.10\",\"yooessentialsVersion\":\"1.5.8\"} --><\/p>\n","protected":false},"excerpt":{"rendered":"<p>Soudage de la t\u00f4leAucune limite pour les m\u00e9taux \u00e0 souder, m\u00eame l&rsquo;aluminium Soudage de t\u00f4les sans aucune limite ! Tous les mat\u00e9riaux que nous d\u00e9coupons (acier au carbone, acier inoxydable, t\u00f4les en alliage, laiton, cuivre et aluminium) font \u00e9galement l\u2019objet de soudage dans les ateliers de notre usine pr\u00e9vus \u00e0 cet effet. Arcobaleno, par exemple, [&hellip;]<\/p>\n","protected":false},"author":3,"featured_media":0,"parent":0,"menu_order":0,"comment_status":"closed","ping_status":"closed","template":"","meta":{"om_disable_all_campaigns":false,"inline_featured_image":false,"_monsterinsights_skip_tracking":false,"_monsterinsights_sitenote_active":false,"_monsterinsights_sitenote_note":"","_monsterinsights_sitenote_category":0,"footnotes":""},"class_list":["post-2853","page","type-page","status-publish","hentry"],"aioseo_notices":[],"_links":{"self":[{"href":"https:\/\/www.arcobalenolamiere.com\/fr\/wp-json\/wp\/v2\/pages\/2853","targetHints":{"allow":["GET"]}}],"collection":[{"href":"https:\/\/www.arcobalenolamiere.com\/fr\/wp-json\/wp\/v2\/pages"}],"about":[{"href":"https:\/\/www.arcobalenolamiere.com\/fr\/wp-json\/wp\/v2\/types\/page"}],"author":[{"embeddable":true,"href":"https:\/\/www.arcobalenolamiere.com\/fr\/wp-json\/wp\/v2\/users\/3"}],"replies":[{"embeddable":true,"href":"https:\/\/www.arcobalenolamiere.com\/fr\/wp-json\/wp\/v2\/comments?post=2853"}],"version-history":[{"count":16,"href":"https:\/\/www.arcobalenolamiere.com\/fr\/wp-json\/wp\/v2\/pages\/2853\/revisions"}],"predecessor-version":[{"id":3734,"href":"https:\/\/www.arcobalenolamiere.com\/fr\/wp-json\/wp\/v2\/pages\/2853\/revisions\/3734"}],"wp:attachment":[{"href":"https:\/\/www.arcobalenolamiere.com\/fr\/wp-json\/wp\/v2\/media?parent=2853"}],"curies":[{"name":"wp","href":"https:\/\/api.w.org\/{rel}","templated":true}]}}