{"id":4479,"date":"2022-02-02T13:29:46","date_gmt":"2022-02-02T13:29:46","guid":{"rendered":"https:\/\/www.arcobalenolamiere.com\/?page_id=4479"},"modified":"2022-02-02T13:30:54","modified_gmt":"2022-02-02T13:30:54","slug":"competition-et-eco-durabilite","status":"publish","type":"page","link":"https:\/\/www.arcobalenolamiere.com\/fr\/competition-et-eco-durabilite\/","title":{"rendered":"COMP\u00c9TITION ET \u00c9CO-DURABILIT\u00c9"},"content":{"rendered":"<p>\n    <a href=\"\/fr\/au-dela-de-la-tole\/\">Retour<\/a>\n<\/p>\n<hr>\n<h1>COMP\u00c9TITION ET \u00c9CO-DURABILIT\u00c9<\/h1>\n<div>\n<p>Nous partageons l&rsquo;esprit comp\u00e9titif du sport comme \u00e9lan pour s&rsquo;am\u00e9liorer.<\/p>\n<p>C&rsquo;est pour cela qui nous avons adh\u00e9r\u00e9 au projet de communication avec enthousiasme de di V-Action Racing Team en devenant sponsor de ses deux voitures pour le premier Championnat monomarque d&rsquo;Italie BMW M2 CS.<\/p>\n<p>Pas seulement comp\u00e9tition, mais aussi \u00e9co-durabilit\u00e9.<\/p>\n<p>Nous soutenons la participation de V-Action Racing Team au premier Championnat du monde de voiture \u00e9lectrique avec Tesla Model3 Performance Dual Motor. <br \/>Un projet innovant qui introduit le th\u00e8me important du d\u00e9veloppement durable dans les comp\u00e9titions automobiles.<\/p>\n<\/div>\n<h2>BMW M2 CS Racing Cup Italy 2021 <br \/><span class=\"uk-h6\">2me place absolu du v-action racing team avec le pilote professionnel Luigi Ferrara<\/span><\/h2>\n<ul>\n<li>\n<p>        <img decoding=\"async\" src=\"\/wp-content\/uploads\/2022\/01\/MIRK1040.jpg\" alt=\"BMW M2 CS Racing Cup Italy 2021\"><\/p>\n<\/li>\n<li>\n<p>        <img decoding=\"async\" src=\"\/wp-content\/uploads\/2022\/01\/MIRK1034.jpg\" alt=\"BMW M2 CS Racing Cup Italy 2021\"><\/p>\n<\/li>\n<li>\n<p>        <img decoding=\"async\" src=\"\/wp-content\/uploads\/2022\/01\/MB1_2148.jpg\" alt=\"BMW M2 CS Racing Cup Italy 2021\"><\/p>\n<\/li>\n<li>\n<p>        <img decoding=\"async\" src=\"\/wp-content\/uploads\/2022\/01\/MB1_0120.jpg\" alt=\"BMW M2 CS Racing Cup Italy 2021\"><\/p>\n<\/li>\n<li>\n<p>        <img decoding=\"async\" src=\"\/wp-content\/uploads\/2022\/01\/MA3_2946.jpg\" alt=\"BMW M2 CS Racing Cup Italy 2021\"><\/p>\n<\/li>\n<li>\n<p>        <img decoding=\"async\" src=\"\/wp-content\/uploads\/2022\/01\/IMG_2476.jpg\" alt=\"BMW M2 CS Racing Cup Italy 2021\"><\/p>\n<\/li>\n<li>\n<p>        <img decoding=\"async\" src=\"\/wp-content\/uploads\/2022\/01\/GHEN8373.jpg\" alt=\"BMW M2 CS Racing Cup Italy 2021\"><\/p>\n<\/li>\n<li>\n<p>        <img decoding=\"async\" src=\"\/wp-content\/uploads\/2022\/01\/GH2_6297.jpg\" alt=\"BMW M2 CS Racing Cup Italy 2021\"><\/p>\n<\/li>\n<li>\n<p>        <img decoding=\"async\" src=\"\/wp-content\/uploads\/2022\/01\/AR5D4657.jpg\" alt=\"BMW M2 CS Racing Cup Italy 2021\"><\/p>\n<\/li>\n<li>\n<p>        <img decoding=\"async\" src=\"\/wp-content\/uploads\/2022\/01\/AR1D7139.jpg\" alt=\"BMW M2 CS Racing Cup Italy 2021\"><\/p>\n<\/li>\n<li>\n<p>        <img decoding=\"async\" src=\"\/wp-content\/uploads\/2022\/01\/9c72931d-a76c-473d-84dc-61fbb39bb235.jpg\" alt=\"BMW M2 CS Racing Cup Italy 2021\"><\/p>\n<\/li>\n<li>\n<p>        <img decoding=\"async\" src=\"\/wp-content\/uploads\/2022\/01\/MR59491.jpg\" alt=\"BMW M2 CS Racing Cup Italy 2021\"><\/p>\n<\/li>\n<li>\n<p>        <img decoding=\"async\" src=\"\/wp-content\/uploads\/2022\/01\/MR58996.jpg\" alt=\"BMW M2 CS Racing Cup Italy 2021\"><\/p>\n<\/li>\n<li>\n<p>        <img decoding=\"async\" src=\"\/wp-content\/uploads\/2022\/01\/MR58987.jpg\" alt=\"BMW M2 CS Racing Cup Italy 2021\"><\/p>\n<\/li>\n<li>\n<p>        <img decoding=\"async\" src=\"\/wp-content\/uploads\/2022\/01\/IGL6621.jpg\" alt=\"BMW M2 CS Racing Cup Italy 2021\"><\/p>\n<\/li>\n<li>\n<p>        <img decoding=\"async\" src=\"\/wp-content\/uploads\/2022\/01\/IGL6409.jpg\" alt=\"BMW M2 CS Racing Cup Italy 2021\"><\/p>\n<\/li>\n<li>\n<p>        <img decoding=\"async\" src=\"\/wp-content\/uploads\/2022\/01\/IGL4935.jpg\" alt=\"BMW M2 CS Racing Cup Italy 2021\"><\/p>\n<\/li>\n<li>\n<p>        <img decoding=\"async\" src=\"\/wp-content\/uploads\/2022\/01\/HRM8862.jpg\" alt=\"BMW M2 CS Racing Cup Italy 2021\"><\/p>\n<\/li>\n<li>\n<p>        <img decoding=\"async\" src=\"\/wp-content\/uploads\/2022\/01\/HRM2653.jpg\" alt=\"BMW M2 CS Racing Cup Italy 2021\"><\/p>\n<\/li>\n<li>\n<p>        <img decoding=\"async\" src=\"\/wp-content\/uploads\/2022\/01\/AU_7535.jpg\" alt=\"BMW M2 CS Racing Cup Italy 2021\"><\/p>\n<\/li>\n<li>\n<p>        <img decoding=\"async\" src=\"\/wp-content\/uploads\/2022\/01\/AU_0898.jpg\" alt=\"BMW M2 CS Racing Cup Italy 2021\"><\/p>\n<\/li>\n<li>\n<p>        <img decoding=\"async\" src=\"\/wp-content\/uploads\/2022\/01\/AU_0790.jpg\" alt=\"BMW M2 CS Racing Cup Italy 2021\"><\/p>\n<\/li>\n<li>\n<p>        <img decoding=\"async\" src=\"\/wp-content\/uploads\/2022\/01\/AU_0734.jpg\" alt=\"BMW M2 CS Racing Cup Italy 2021\"><\/p>\n<\/li>\n<\/ul>\n<hr>\n<h2>E-STC Series 2021 <\/h2>\n<ul>\n<li>\n<p>        <img decoding=\"async\" src=\"\/wp-content\/uploads\/2022\/01\/500_0335.jpg\" alt=\"\"><\/p>\n<\/li>\n<li>\n<p>        <img decoding=\"async\" src=\"\/wp-content\/uploads\/2022\/01\/500_0369.jpg\" alt=\"E-STC Series 2021 \"><\/p>\n<\/li>\n<li>\n<p>        <img decoding=\"async\" src=\"\/wp-content\/uploads\/2022\/01\/500_1705.jpg\" alt=\"E-STC Series 2021 \"><\/p>\n<\/li>\n<li>\n<p>        <img decoding=\"async\" src=\"\/wp-content\/uploads\/2022\/01\/500_1838.jpg\" alt=\"E-STC Series 2021 \"><\/p>\n<\/li>\n<li>\n<p>        <img decoding=\"async\" src=\"\/wp-content\/uploads\/2022\/01\/500_2279.jpg\" alt=\"E-STC Series 2021 \"><\/p>\n<\/li>\n<li>\n<p>        <img decoding=\"async\" src=\"\/wp-content\/uploads\/2022\/01\/500_4054.jpg\" alt=\"E-STC Series 2021 \"><\/p>\n<\/li>\n<li>\n<p>        <img decoding=\"async\" src=\"\/wp-content\/uploads\/2022\/01\/500_4100.jpg\" alt=\"E-STC Series 2021 \"><\/p>\n<\/li>\n<li>\n<p>        <img decoding=\"async\" src=\"\/wp-content\/uploads\/2022\/01\/500_4101.jpg\" alt=\"E-STC Series 2021 \"><\/p>\n<\/li>\n<li>\n<p>        <img decoding=\"async\" src=\"\/wp-content\/uploads\/2022\/01\/500_4115.jpg\" alt=\"E-STC Series 2021 \"><\/p>\n<\/li>\n<li>\n<p>        <img decoding=\"async\" src=\"\/wp-content\/uploads\/2022\/01\/500_5982.jpg\" alt=\"E-STC Series 2021 \"><\/p>\n<\/li>\n<li>\n<p>        <img decoding=\"async\" src=\"\/wp-content\/uploads\/2022\/01\/500_5988.jpg\" alt=\"E-STC Series 2021 \"><\/p>\n<\/li>\n<li>\n<p>        <img decoding=\"async\" src=\"\/wp-content\/uploads\/2022\/01\/CSZ_0540.jpg\" alt=\"E-STC Series 2021 \"><\/p>\n<\/li>\n<\/ul>\n<hr>\n<p>\n    <a href=\"\/fr\/au-dela-de-la-tole\/\">Retour<\/a>\n<\/p>\n<p><!--more--><br \/>\n<!-- {\"type\":\"layout\",\"children\":[{\"type\":\"section\",\"props\":{\"style\":\"default\",\"width\":\"default\",\"vertical_align\":\"middle\",\"title_position\":\"top-left\",\"title_rotation\":\"left\",\"title_breakpoint\":\"xl\",\"image_position\":\"center-center\"},\"children\":[{\"type\":\"row\",\"children\":[{\"type\":\"column\",\"props\":{\"position_sticky_breakpoint\":\"m\",\"image_position\":\"center-center\",\"media_overlay_gradient\":\"\"},\"children\":[{\"type\":\"button\",\"props\":{\"grid_column_gap\":\"small\",\"grid_row_gap\":\"small\",\"margin\":\"default\",\"text_align\":\"center\"},\"children\":[{\"type\":\"button_item\",\"props\":{\"button_style\":\"default\",\"icon_align\":\"left\",\"content\":\"Retour\",\"link\":\"fr\\\/au-dela-de-la-tole\\\/\"}}]},{\"type\":\"divider\",\"props\":{\"divider_element\":\"hr\"}},{\"type\":\"headline\",\"props\":{\"title_element\":\"h1\",\"content\":\"COMP\\u00c9TITION ET \\u00c9CO-DURABILIT\\u00c9\",\"title_style\":\"h1\",\"text_align\":\"center\",\"css\":\"@media (max-width: 616px) { \\n.el-element {\\n    font-size: 1.2em;\\n    color: black;\\n    }\\n}\"}}]}]},{\"type\":\"row\",\"children\":[{\"type\":\"column\",\"props\":{\"position_sticky_breakpoint\":\"m\",\"image_position\":\"center-center\",\"media_overlay_gradient\":\"\"},\"children\":[{\"type\":\"text\",\"props\":{\"margin\":\"default\",\"column_breakpoint\":\"m\",\"content\":\"\n\n<p>Nous partageons l'esprit comp\\u00e9titif du sport comme \\u00e9lan pour s'am\\u00e9liorer.<\\\/p>\\n\n\n<p>C'est pour cela qui nous avons adh\\u00e9r\\u00e9 au projet de communication avec enthousiasme de di V-Action Racing Team en devenant sponsor de ses deux voitures pour le premier Championnat monomarque d'Italie BMW M2 CS.<\\\/p>\\n\n\n<p>Pas seulement comp\\u00e9tition, mais aussi \\u00e9co-durabilit\\u00e9.<\\\/p>\\n\n\n<p>Nous soutenons la participation de V-Action Racing Team au premier Championnat du monde de voiture \\u00e9lectrique avec Tesla Model3 Performance Dual Motor. <br \\\/>Un projet innovant qui introduit le th\\u00e8me important du d\\u00e9veloppement durable dans les comp\\u00e9titions automobiles.<\\\/p>\",\"column\":\"1-2\",\"column_divider\":true}}]}]}]},{\"type\":\"section\",\"props\":{\"style\":\"default\",\"width\":\"default\",\"vertical_align\":\"middle\",\"title_position\":\"top-left\",\"title_rotation\":\"left\",\"title_breakpoint\":\"xl\",\"image_position\":\"center-center\"},\"children\":[{\"type\":\"row\",\"children\":[{\"type\":\"column\",\"props\":{\"position_sticky_breakpoint\":\"m\",\"image_position\":\"center-center\",\"media_overlay_gradient\":\"\"},\"children\":[{\"type\":\"headline\",\"props\":{\"title_element\":\"h2\",\"content\":\"BMW M2 CS Racing Cup Italy 2021 <br \\\/><span class=\\\"uk-h6\\\">2me place absolu du v-action racing team avec le pilote professionnel Luigi Ferrara<\\\/span>\",\"text_align\":\"center\",\"title_style\":\"h2\",\"title_decoration\":\"line\",\"css\":\"@media (max-width: 616px) { \\n.el-element {\\n    font-size: 1.2em;\\n    color: black;\\n    }\\n}\"}},{\"type\":\"gallery\",\"props\":{\"show_title\":true,\"show_meta\":true,\"show_content\":true,\"show_link\":true,\"show_hover_image\":true,\"grid_default\":\"1\",\"grid_medium\":\"3\",\"filter_style\":\"tab\",\"filter_all\":true,\"filter_position\":\"top\",\"filter_align\":\"left\",\"filter_grid_width\":\"auto\",\"filter_grid_breakpoint\":\"m\",\"overlay_mode\":\"cover\",\"overlay_hover\":false,\"overlay_style\":\"\",\"text_color\":\"light\",\"overlay_position\":\"center\",\"overlay_transition\":\"fade\",\"title_hover_style\":\"reset\",\"title_element\":\"h3\",\"meta_style\":\"meta\",\"meta_align\":\"below-title\",\"meta_element\":\"div\",\"link_text\":\"\",\"link_style\":\"default\",\"text_align\":\"center\",\"margin\":\"default\",\"item_animation\":true,\"lightbox\":true,\"title_display\":\"lightbox\",\"overlay_link\":true,\"image_box_shadow\":\"small\",\"image_hover_box_shadow\":\"large\"},\"children\":[{\"type\":\"gallery_item\",\"props\":{\"title\":\"\",\"image\":\"wp-content\\\/uploads\\\/2022\\\/01\\\/MIRK1040.jpg\",\"image_alt\":\"BMW M2 CS Racing Cup Italy 2021\"}},{\"type\":\"gallery_item\",\"props\":{\"title\":\"\",\"image\":\"wp-content\\\/uploads\\\/2022\\\/01\\\/MIRK1034.jpg\",\"image_alt\":\"BMW M2 CS Racing Cup Italy 2021\"}},{\"type\":\"gallery_item\",\"props\":{\"title\":\"\",\"image\":\"wp-content\\\/uploads\\\/2022\\\/01\\\/MB1_2148.jpg\",\"image_alt\":\"BMW M2 CS Racing Cup Italy 2021\"}},{\"type\":\"gallery_item\",\"props\":{\"title\":\"\",\"image\":\"wp-content\\\/uploads\\\/2022\\\/01\\\/MB1_0120.jpg\",\"image_alt\":\"BMW M2 CS Racing Cup Italy 2021\"}},{\"type\":\"gallery_item\",\"props\":{\"title\":\"\",\"image\":\"wp-content\\\/uploads\\\/2022\\\/01\\\/MA3_2946.jpg\",\"image_alt\":\"BMW M2 CS Racing Cup Italy 2021\"}},{\"type\":\"gallery_item\",\"props\":{\"title\":\"\",\"image\":\"wp-content\\\/uploads\\\/2022\\\/01\\\/IMG_2476.jpg\",\"image_alt\":\"BMW M2 CS Racing Cup Italy 2021\"}},{\"type\":\"gallery_item\",\"props\":{\"title\":\"\",\"image\":\"wp-content\\\/uploads\\\/2022\\\/01\\\/GHEN8373.jpg\",\"image_alt\":\"BMW M2 CS Racing Cup Italy 2021\"}},{\"type\":\"gallery_item\",\"props\":{\"title\":\"\",\"image\":\"wp-content\\\/uploads\\\/2022\\\/01\\\/GH2_6297.jpg\",\"image_alt\":\"BMW M2 CS Racing Cup Italy 2021\"}},{\"type\":\"gallery_item\",\"props\":{\"title\":\"\",\"image\":\"wp-content\\\/uploads\\\/2022\\\/01\\\/AR5D4657.jpg\",\"image_alt\":\"BMW M2 CS Racing Cup Italy 2021\"}},{\"type\":\"gallery_item\",\"props\":{\"title\":\"\",\"image\":\"wp-content\\\/uploads\\\/2022\\\/01\\\/AR1D7139.jpg\",\"image_alt\":\"BMW M2 CS Racing Cup Italy 2021\"}},{\"type\":\"gallery_item\",\"props\":{\"title\":\"\",\"image\":\"wp-content\\\/uploads\\\/2022\\\/01\\\/9c72931d-a76c-473d-84dc-61fbb39bb235.jpg\",\"image_alt\":\"BMW M2 CS Racing Cup Italy 2021\"}},{\"type\":\"gallery_item\",\"props\":{\"title\":\"\",\"image\":\"wp-content\\\/uploads\\\/2022\\\/01\\\/MR59491.jpg\",\"image_alt\":\"BMW M2 CS Racing Cup Italy 2021\"}},{\"type\":\"gallery_item\",\"props\":{\"title\":\"\",\"image\":\"wp-content\\\/uploads\\\/2022\\\/01\\\/MR58996.jpg\",\"image_alt\":\"BMW M2 CS Racing Cup Italy 2021\"}},{\"type\":\"gallery_item\",\"props\":{\"title\":\"\",\"image\":\"wp-content\\\/uploads\\\/2022\\\/01\\\/MR58987.jpg\",\"image_alt\":\"BMW M2 CS Racing Cup Italy 2021\"}},{\"type\":\"gallery_item\",\"props\":{\"title\":\"\",\"image\":\"wp-content\\\/uploads\\\/2022\\\/01\\\/IGL6621.jpg\",\"image_alt\":\"BMW M2 CS Racing Cup Italy 2021\"}},{\"type\":\"gallery_item\",\"props\":{\"title\":\"\",\"image\":\"wp-content\\\/uploads\\\/2022\\\/01\\\/IGL6409.jpg\",\"image_alt\":\"BMW M2 CS Racing Cup Italy 2021\"}},{\"type\":\"gallery_item\",\"props\":{\"title\":\"\",\"image\":\"wp-content\\\/uploads\\\/2022\\\/01\\\/IGL4935.jpg\",\"image_alt\":\"BMW M2 CS Racing Cup Italy 2021\"}},{\"type\":\"gallery_item\",\"props\":{\"title\":\"\",\"image\":\"wp-content\\\/uploads\\\/2022\\\/01\\\/HRM8862.jpg\",\"image_alt\":\"BMW M2 CS Racing Cup Italy 2021\"}},{\"type\":\"gallery_item\",\"props\":{\"title\":\"\",\"image\":\"wp-content\\\/uploads\\\/2022\\\/01\\\/HRM2653.jpg\",\"image_alt\":\"BMW M2 CS Racing Cup Italy 2021\"}},{\"type\":\"gallery_item\",\"props\":{\"title\":\"\",\"image\":\"wp-content\\\/uploads\\\/2022\\\/01\\\/AU_7535.jpg\",\"image_alt\":\"BMW M2 CS Racing Cup Italy 2021\"}},{\"type\":\"gallery_item\",\"props\":{\"title\":\"\",\"image\":\"wp-content\\\/uploads\\\/2022\\\/01\\\/AU_0898.jpg\",\"image_alt\":\"BMW M2 CS Racing Cup Italy 2021\"}},{\"type\":\"gallery_item\",\"props\":{\"title\":\"\",\"image\":\"wp-content\\\/uploads\\\/2022\\\/01\\\/AU_0790.jpg\",\"image_alt\":\"BMW M2 CS Racing Cup Italy 2021\"}},{\"type\":\"gallery_item\",\"props\":{\"title\":\"\",\"image\":\"wp-content\\\/uploads\\\/2022\\\/01\\\/AU_0734.jpg\",\"image_alt\":\"BMW M2 CS Racing Cup Italy 2021\"}}]}]}]},{\"type\":\"row\",\"children\":[{\"type\":\"column\",\"props\":{\"position_sticky_breakpoint\":\"m\",\"image_position\":\"center-center\",\"media_overlay_gradient\":\"\"},\"children\":[{\"type\":\"divider\",\"props\":{\"divider_element\":\"hr\"}}]}]},{\"type\":\"row\",\"children\":[{\"type\":\"column\",\"props\":{\"position_sticky_breakpoint\":\"m\",\"image_position\":\"center-center\",\"media_overlay_gradient\":\"\"},\"children\":[{\"type\":\"headline\",\"props\":{\"title_element\":\"h2\",\"content\":\"E-STC Series 2021 \",\"text_align\":\"center\",\"title_style\":\"h2\",\"title_decoration\":\"line\",\"css\":\"@media (max-width: 616px) { \\n.el-element {\\n    font-size: 1.2em;\\n    color: black;\\n    }\\n}\"}},{\"type\":\"gallery\",\"props\":{\"show_title\":true,\"show_meta\":true,\"show_content\":true,\"show_link\":true,\"show_hover_image\":true,\"grid_default\":\"1\",\"grid_medium\":\"3\",\"filter_style\":\"tab\",\"filter_all\":true,\"filter_position\":\"top\",\"filter_align\":\"left\",\"filter_grid_width\":\"auto\",\"filter_grid_breakpoint\":\"m\",\"overlay_mode\":\"cover\",\"overlay_hover\":false,\"overlay_style\":\"\",\"text_color\":\"light\",\"overlay_position\":\"center\",\"overlay_transition\":\"fade\",\"title_hover_style\":\"reset\",\"title_element\":\"h3\",\"meta_style\":\"meta\",\"meta_align\":\"below-title\",\"meta_element\":\"div\",\"link_text\":\"\",\"link_style\":\"default\",\"text_align\":\"center\",\"margin\":\"default\",\"item_animation\":true,\"lightbox\":true,\"title_display\":\"lightbox\",\"overlay_link\":true,\"image_box_shadow\":\"small\",\"image_hover_box_shadow\":\"large\"},\"children\":[{\"type\":\"gallery_item\",\"props\":{\"title\":\"\",\"image\":\"wp-content\\\/uploads\\\/2022\\\/01\\\/500_0335.jpg\"}},{\"type\":\"gallery_item\",\"props\":{\"title\":\"\",\"image\":\"wp-content\\\/uploads\\\/2022\\\/01\\\/500_0369.jpg\",\"image_alt\":\"E-STC Series 2021 \"}},{\"type\":\"gallery_item\",\"props\":{\"title\":\"\",\"image\":\"wp-content\\\/uploads\\\/2022\\\/01\\\/500_1705.jpg\",\"image_alt\":\"E-STC Series 2021 \"}},{\"type\":\"gallery_item\",\"props\":{\"title\":\"\",\"image\":\"wp-content\\\/uploads\\\/2022\\\/01\\\/500_1838.jpg\",\"image_alt\":\"E-STC Series 2021 \"}},{\"type\":\"gallery_item\",\"props\":{\"title\":\"\",\"image\":\"wp-content\\\/uploads\\\/2022\\\/01\\\/500_2279.jpg\",\"image_alt\":\"E-STC Series 2021 \"}},{\"type\":\"gallery_item\",\"props\":{\"title\":\"\",\"image\":\"wp-content\\\/uploads\\\/2022\\\/01\\\/500_4054.jpg\",\"image_alt\":\"E-STC Series 2021 \"}},{\"type\":\"gallery_item\",\"props\":{\"title\":\"\",\"image\":\"wp-content\\\/uploads\\\/2022\\\/01\\\/500_4100.jpg\",\"image_alt\":\"E-STC Series 2021 \"}},{\"type\":\"gallery_item\",\"props\":{\"title\":\"\",\"image\":\"wp-content\\\/uploads\\\/2022\\\/01\\\/500_4101.jpg\",\"image_alt\":\"E-STC Series 2021 \"}},{\"type\":\"gallery_item\",\"props\":{\"title\":\"\",\"image\":\"wp-content\\\/uploads\\\/2022\\\/01\\\/500_4115.jpg\",\"image_alt\":\"E-STC Series 2021 \"}},{\"type\":\"gallery_item\",\"props\":{\"title\":\"\",\"image\":\"wp-content\\\/uploads\\\/2022\\\/01\\\/500_5982.jpg\",\"image_alt\":\"E-STC Series 2021 \"}},{\"type\":\"gallery_item\",\"props\":{\"title\":\"\",\"image\":\"wp-content\\\/uploads\\\/2022\\\/01\\\/500_5988.jpg\",\"image_alt\":\"E-STC Series 2021 \"}},{\"type\":\"gallery_item\",\"props\":{\"title\":\"\",\"image\":\"wp-content\\\/uploads\\\/2022\\\/01\\\/CSZ_0540.jpg\",\"image_alt\":\"E-STC Series 2021 \"}}]},{\"type\":\"divider\",\"props\":{\"divider_element\":\"hr\"}},{\"type\":\"button\",\"props\":{\"grid_column_gap\":\"small\",\"grid_row_gap\":\"small\",\"margin\":\"default\",\"text_align\":\"center\"},\"children\":[{\"type\":\"button_item\",\"props\":{\"button_style\":\"default\",\"icon_align\":\"left\",\"content\":\"Retour\",\"link\":\"fr\\\/au-dela-de-la-tole\\\/\"}}]}]}]}]}],\"version\":\"2.7.14\",\"yooessentialsVersion\":\"1.5.9\"} --><\/p>\n","protected":false},"excerpt":{"rendered":"<p>Retour COMP\u00c9TITION ET \u00c9CO-DURABILIT\u00c9 Nous partageons l&rsquo;esprit comp\u00e9titif du sport comme \u00e9lan pour s&rsquo;am\u00e9liorer. C&rsquo;est pour cela qui nous avons adh\u00e9r\u00e9 au projet de communication avec enthousiasme de di V-Action Racing Team en devenant sponsor de ses deux voitures pour le premier Championnat monomarque d&rsquo;Italie BMW M2 CS. Pas seulement comp\u00e9tition, mais aussi \u00e9co-durabilit\u00e9. Nous [&hellip;]<\/p>\n","protected":false},"author":3,"featured_media":0,"parent":0,"menu_order":0,"comment_status":"closed","ping_status":"closed","template":"","meta":{"om_disable_all_campaigns":false,"inline_featured_image":false,"_monsterinsights_skip_tracking":false,"_monsterinsights_sitenote_active":false,"_monsterinsights_sitenote_note":"","_monsterinsights_sitenote_category":0,"footnotes":""},"class_list":["post-4479","page","type-page","status-publish","hentry"],"aioseo_notices":[],"_links":{"self":[{"href":"https:\/\/www.arcobalenolamiere.com\/fr\/wp-json\/wp\/v2\/pages\/4479","targetHints":{"allow":["GET"]}}],"collection":[{"href":"https:\/\/www.arcobalenolamiere.com\/fr\/wp-json\/wp\/v2\/pages"}],"about":[{"href":"https:\/\/www.arcobalenolamiere.com\/fr\/wp-json\/wp\/v2\/types\/page"}],"author":[{"embeddable":true,"href":"https:\/\/www.arcobalenolamiere.com\/fr\/wp-json\/wp\/v2\/users\/3"}],"replies":[{"embeddable":true,"href":"https:\/\/www.arcobalenolamiere.com\/fr\/wp-json\/wp\/v2\/comments?post=4479"}],"version-history":[{"count":7,"href":"https:\/\/www.arcobalenolamiere.com\/fr\/wp-json\/wp\/v2\/pages\/4479\/revisions"}],"predecessor-version":[{"id":4487,"href":"https:\/\/www.arcobalenolamiere.com\/fr\/wp-json\/wp\/v2\/pages\/4479\/revisions\/4487"}],"wp:attachment":[{"href":"https:\/\/www.arcobalenolamiere.com\/fr\/wp-json\/wp\/v2\/media?parent=4479"}],"curies":[{"name":"wp","href":"https:\/\/api.w.org\/{rel}","templated":true}]}}