{"id":4488,"date":"2022-02-02T13:32:04","date_gmt":"2022-02-02T13:32:04","guid":{"rendered":"https:\/\/www.arcobalenolamiere.com\/?page_id=4488"},"modified":"2022-02-02T13:34:19","modified_gmt":"2022-02-02T13:34:19","slug":"proches-de-ceux-qui-aident-les-familles-de-notre-territoire","status":"publish","type":"page","link":"https:\/\/www.arcobalenolamiere.com\/fr\/proches-de-ceux-qui-aident-les-familles-de-notre-territoire\/","title":{"rendered":"PROCHES DE CEUX QUI AIDENT LES FAMILLES DE NOTRE TERRITOIRE"},"content":{"rendered":"<p>\n    <a href=\"\/fr\/au-dela-de-la-tole\/\">retour<\/a>\n<\/p>\n<hr>\n<h1>PROCHES DE CEUX QUI AIDENT LES FAMILLES DE NOTRE TERRITOIRE<\/h1>\n<div>\n<p>Nous soutenons la r\u00e9alit\u00e9 dans laquelle nous travaillons, convaincus que nous pouvons jouer un r\u00f4le important dans notre territoire gr\u00e2ce \u00e0 la solidarit\u00e9.<\/p>\n<p>C&rsquo;est pour cela que depuis quelques ann\u00e9es nous soutenons <a href=\"http:\/\/www.cooperativabucaneve.it\/\"><strong>Bucaneve Onlus<\/strong><\/a>, une coop\u00e9rative sociale qui organise services \u00e9ducatifs et de sant\u00e9 en soutien \u00e0 la fragilit\u00e9 et aux handicap.<\/p>\n<p>Depuis toujours les valeurs familiales guident notre entreprise. Depuis toujours nous croyons en la valeur de la famille.<\/p>\n<\/div>\n<p><img decoding=\"async\" src=\"\/wp-content\/uploads\/2022\/01\/bucaneve.jpg\" alt=\"solidariet\u00e0\"><\/p>\n<hr>\n<p>\n    <a href=\"\/fr\/au-dela-de-la-tole\/\">retour<\/a>\n<\/p>\n<p><!--more--><br \/>\n<!-- {\"type\":\"layout\",\"children\":[{\"type\":\"section\",\"props\":{\"style\":\"default\",\"width\":\"default\",\"vertical_align\":\"middle\",\"title_position\":\"top-left\",\"title_rotation\":\"left\",\"title_breakpoint\":\"xl\",\"image_position\":\"center-center\"},\"children\":[{\"type\":\"row\",\"children\":[{\"type\":\"column\",\"props\":{\"position_sticky_breakpoint\":\"m\",\"image_position\":\"center-center\",\"media_overlay_gradient\":\"\"},\"children\":[{\"type\":\"button\",\"props\":{\"grid_column_gap\":\"small\",\"grid_row_gap\":\"small\",\"margin\":\"default\",\"text_align\":\"center\"},\"children\":[{\"type\":\"button_item\",\"props\":{\"button_style\":\"default\",\"icon_align\":\"left\",\"content\":\"retour\",\"link\":\"fr\\\/au-dela-de-la-tole\\\/\"}}]},{\"type\":\"divider\",\"props\":{\"divider_element\":\"hr\"}},{\"type\":\"headline\",\"props\":{\"title_element\":\"h1\",\"content\":\"PROCHES DE CEUX QUI AIDENT LES FAMILLES DE NOTRE TERRITOIRE\",\"text_align\":\"center\"}}]}]},{\"type\":\"row\",\"props\":{\"layout\":\"2-3,1-3\",\"width\":\"xlarge\"},\"children\":[{\"type\":\"column\",\"props\":{\"position_sticky_breakpoint\":\"m\",\"image_position\":\"center-center\",\"media_overlay_gradient\":\"\",\"width_medium\":\"2-3\"},\"children\":[{\"type\":\"text\",\"props\":{\"margin\":\"default\",\"column_breakpoint\":\"m\",\"content\":\"\n\n<p>Nous soutenons la r\\u00e9alit\\u00e9 dans laquelle nous travaillons, convaincus que nous pouvons jouer un r\\u00f4le important dans notre territoire gr\\u00e2ce \\u00e0 la solidarit\\u00e9.<\\\/p>\\n\n\n<p>C'est pour cela que depuis quelques ann\\u00e9es nous soutenons <a href=\\\"http:\\\/\\\/www.cooperativabucaneve.it\\\/\\\"><strong>Bucaneve Onlus<\\\/strong><\\\/a>, une coop\\u00e9rative sociale qui organise services \\u00e9ducatifs et de sant\\u00e9 en soutien \\u00e0 la fragilit\\u00e9 et aux handicap.<\\\/p>\\n\n\n<p>Depuis toujours les valeurs familiales guident notre entreprise. Depuis toujours nous croyons en la valeur de la famille.<\\\/p>\"}}]},{\"type\":\"column\",\"props\":{\"position_sticky_breakpoint\":\"m\",\"image_position\":\"center-center\",\"media_overlay_gradient\":\"\",\"width_medium\":\"1-3\"},\"children\":[{\"type\":\"image\",\"props\":{\"margin\":\"default\",\"image_svg_color\":\"emphasis\",\"image\":\"wp-content\\\/uploads\\\/2022\\\/01\\\/bucaneve.jpg\",\"image_alt\":\"solidariet\\u00e0\"}}]}]},{\"type\":\"row\",\"children\":[{\"type\":\"column\",\"props\":{\"position_sticky_breakpoint\":\"m\",\"image_position\":\"center-center\",\"media_overlay_gradient\":\"\"},\"children\":[{\"type\":\"divider\",\"props\":{\"divider_element\":\"hr\"}},{\"type\":\"button\",\"props\":{\"grid_column_gap\":\"small\",\"grid_row_gap\":\"small\",\"margin\":\"default\",\"text_align\":\"center\"},\"children\":[{\"type\":\"button_item\",\"props\":{\"button_style\":\"default\",\"icon_align\":\"left\",\"content\":\"retour\",\"link\":\"fr\\\/au-dela-de-la-tole\\\/\"}}]}]}]}]}],\"version\":\"2.7.14\",\"yooessentialsVersion\":\"1.5.9\"} --><\/p>\n","protected":false},"excerpt":{"rendered":"<p>retour PROCHES DE CEUX QUI AIDENT LES FAMILLES DE NOTRE TERRITOIRE Nous soutenons la r\u00e9alit\u00e9 dans laquelle nous travaillons, convaincus que nous pouvons jouer un r\u00f4le important dans notre territoire gr\u00e2ce \u00e0 la solidarit\u00e9. C&rsquo;est pour cela que depuis quelques ann\u00e9es nous soutenons Bucaneve Onlus, une coop\u00e9rative sociale qui organise services \u00e9ducatifs et de sant\u00e9 [&hellip;]<\/p>\n","protected":false},"author":3,"featured_media":0,"parent":0,"menu_order":0,"comment_status":"closed","ping_status":"closed","template":"","meta":{"om_disable_all_campaigns":false,"inline_featured_image":false,"_monsterinsights_skip_tracking":false,"_monsterinsights_sitenote_active":false,"_monsterinsights_sitenote_note":"","_monsterinsights_sitenote_category":0,"footnotes":""},"class_list":["post-4488","page","type-page","status-publish","hentry"],"aioseo_notices":[],"_links":{"self":[{"href":"https:\/\/www.arcobalenolamiere.com\/fr\/wp-json\/wp\/v2\/pages\/4488","targetHints":{"allow":["GET"]}}],"collection":[{"href":"https:\/\/www.arcobalenolamiere.com\/fr\/wp-json\/wp\/v2\/pages"}],"about":[{"href":"https:\/\/www.arcobalenolamiere.com\/fr\/wp-json\/wp\/v2\/types\/page"}],"author":[{"embeddable":true,"href":"https:\/\/www.arcobalenolamiere.com\/fr\/wp-json\/wp\/v2\/users\/3"}],"replies":[{"embeddable":true,"href":"https:\/\/www.arcobalenolamiere.com\/fr\/wp-json\/wp\/v2\/comments?post=4488"}],"version-history":[{"count":3,"href":"https:\/\/www.arcobalenolamiere.com\/fr\/wp-json\/wp\/v2\/pages\/4488\/revisions"}],"predecessor-version":[{"id":4492,"href":"https:\/\/www.arcobalenolamiere.com\/fr\/wp-json\/wp\/v2\/pages\/4488\/revisions\/4492"}],"wp:attachment":[{"href":"https:\/\/www.arcobalenolamiere.com\/fr\/wp-json\/wp\/v2\/media?parent=4488"}],"curies":[{"name":"wp","href":"https:\/\/api.w.org\/{rel}","templated":true}]}}